{"id":87456,"date":"2026-03-19T23:07:39","date_gmt":"2026-03-19T23:07:39","guid":{"rendered":"https:\/\/soydeaqui.ddns.net\/pachuca\/index.php\/producto\/gateway-bluetooth-para-el-internet-de-las-cosas-3\/"},"modified":"2026-03-19T23:07:40","modified_gmt":"2026-03-19T23:07:40","slug":"gateway-bluetooth-para-el-internet-de-las-cosas-3","status":"publish","type":"product","link":"https:\/\/soydeaqui.ddns.net\/pachuca\/index.php\/producto\/gateway-bluetooth-para-el-internet-de-las-cosas-3\/","title":{"rendered":"Gateway BLUETOOTH Para el Internet de Las Cosas."},"content":{"rendered":"<div style='width: 100%; max-width: 1200px; margin: 0 auto; font-family: sans-serif; line-height: 1.6; color: inherit; background-color: transparent;'>\n<div style='display: flex; flex-wrap: wrap; gap: 30px; margin-bottom: 30px;'>\n<div style='flex: 1 1 300px; min-width: 280px;'>\n<h3 style='font-size: 22px; border-bottom: 2px solid currentColor; padding-bottom: 5px; margin-top: 0; color: inherit; opacity: 0.8;'>\u00bfPara qu\u00e9 es el Gateway MKGW1GATEWAY y c\u00f3mo funciona?<\/h3>\n<p style='font-size: 16px; color: inherit; margin-bottom: 20px;'> <a style='color: #0070c0; text-decoration: none;' href='https:\/\/youtu.be\/c6YhEWI5MaY'>Ver video<\/a> <\/p>\n<p style='font-size: 15px; color: inherit; margin-bottom: 15px;'> Gateway MKGW1 BLE es un dispositivo de vanguardia que permite detectar se\u00f1ales inal\u00e1mbricas de dispositivos Bluetooth. Gracias a su capacidad para escanear hasta 300 dispositivos Bluetooth por segundo&comma; es una soluci\u00f3n eficiente y vers\u00e1til para una amplia variedad de aplicaciones IoT. <\/p>\n<p style='font-size: 15px; color: inherit; margin-bottom: 15px;'> La puerta de enlace tambi\u00e9n cuenta con LED para mostrar los estados de funcionamiento&comma; y admite protocolos de transmisi\u00f3n de Internet como MQTT (TCP \/ SSL) y HTTP \/ HTTPS. Adem\u00e1s&comma; su firmware se puede actualizar f\u00e1cilmente a trav\u00e9s de OTA y USB. <\/p>\n<p style='font-size: 15px; color: inherit; margin-bottom: 15px;'> Con en Gateway MKGW1 BLE&comma; los usuarios pueden acceder a datos de iBeacon&comma; Eddystone&comma; sensores BLE (humedad y temperatura&comma; aceler\u00f3metro) y otros dispositivos Bluetooth. Estos datos se pueden cargar en un servidor o plataforma IoT en la nube para su an\u00e1lisis y visualizaci\u00f3n. <\/p>\n<p style='font-size: 15px; color: inherit; margin-bottom: 15px;'> Entre las principales caracter\u00edsticas se incluyen el est\u00e1ndar Bluetooth BLE 5.0&comma; tres opciones de fuente de alimentaci\u00f3n (PoE de 48V&comma; corriente continua de 9V y micro USB de 5V)&comma; soporte para protocolos MQTT (TCP \/ SSL) y HTTP \/ HTTPS&comma; conectividad Ethernet y WiFi&comma; y una interfaz de usuario web para modificar los par\u00e1metros del Gateway. <\/p>\n<p style='font-size: 15px; color: inherit; margin-bottom: 15px;'> Con una velocidad m\u00e1xima de datos WiFi de 150 Mbps&comma; el Gateway MKGW1 BLE es una soluci\u00f3n confiable y eficiente para cualquier entorno IoT. <\/p>\n<p style='font-size: 14px; color: inherit; margin-bottom: 20px;'> <strong>Nota:<\/strong> Revisar la ficha t\u00e9cnica y manuales en el \u00e1rea de descarga del producto <\/p>\n<\/p><\/div>\n<\/p><\/div>\n<p> <!-- Video section --> <\/p>\n<div style='position: relative; padding-bottom: 56.25%; height: 0; overflow: hidden; margin-bottom: 30px;'>   <\/div>\n<hr style='border: 0; border-top: 1px solid rgba(150&comma; 150&comma; 150&comma; 0.3); margin: 30px 0;'> <\/div>\n","protected":false},"excerpt":{"rendered":"<p>Gateway BLUETOOTH Para el Internet de Las Cosas.<\/p>\n","protected":false},"featured_media":87455,"comment_status":"open","ping_status":"closed","template":"","meta":[],"product_brand":[],"product_cat":[2024],"product_tag":[840,1479,2025],"class_list":{"0":"post-87456","1":"product","2":"type-product","3":"status-publish","4":"has-post-thumbnail","6":"product_cat-routers-inalambricos","7":"product_tag-mokosmart","8":"product_tag-redes-wifi","9":"product_tag-routers-inalambricos","11":"first","12":"outofstock","13":"sale","14":"shipping-taxable","15":"purchasable","16":"product-type-simple"},"_links":{"self":[{"href":"https:\/\/soydeaqui.ddns.net\/pachuca\/index.php\/wp-json\/wp\/v2\/product\/87456","targetHints":{"allow":["GET"]}}],"collection":[{"href":"https:\/\/soydeaqui.ddns.net\/pachuca\/index.php\/wp-json\/wp\/v2\/product"}],"about":[{"href":"https:\/\/soydeaqui.ddns.net\/pachuca\/index.php\/wp-json\/wp\/v2\/types\/product"}],"replies":[{"embeddable":true,"href":"https:\/\/soydeaqui.ddns.net\/pachuca\/index.php\/wp-json\/wp\/v2\/comments?post=87456"}],"wp:featuredmedia":[{"embeddable":true,"href":"https:\/\/soydeaqui.ddns.net\/pachuca\/index.php\/wp-json\/wp\/v2\/media\/87455"}],"wp:attachment":[{"href":"https:\/\/soydeaqui.ddns.net\/pachuca\/index.php\/wp-json\/wp\/v2\/media?parent=87456"}],"wp:term":[{"taxonomy":"product_brand","embeddable":true,"href":"https:\/\/soydeaqui.ddns.net\/pachuca\/index.php\/wp-json\/wp\/v2\/product_brand?post=87456"},{"taxonomy":"product_cat","embeddable":true,"href":"https:\/\/soydeaqui.ddns.net\/pachuca\/index.php\/wp-json\/wp\/v2\/product_cat?post=87456"},{"taxonomy":"product_tag","embeddable":true,"href":"https:\/\/soydeaqui.ddns.net\/pachuca\/index.php\/wp-json\/wp\/v2\/product_tag?post=87456"}],"curies":[{"name":"wp","href":"https:\/\/api.w.org\/{rel}","templated":true}]}}