{"id":8742,"date":"2026-03-18T07:13:16","date_gmt":"2026-03-18T07:13:16","guid":{"rendered":"https:\/\/soydeaqui.ddns.net\/pachuca\/index.php\/producto\/adaptador-atornillable-para-faceplate-para-canaleta-t70\/"},"modified":"2026-03-18T07:13:17","modified_gmt":"2026-03-18T07:13:17","slug":"adaptador-atornillable-para-faceplate-para-canaleta-t70","status":"publish","type":"product","link":"https:\/\/soydeaqui.ddns.net\/pachuca\/index.php\/producto\/adaptador-atornillable-para-faceplate-para-canaleta-t70\/","title":{"rendered":"Adaptador Atornillable para Faceplate para Canaleta T70"},"content":{"rendered":"<div style='width: 100%; max-width: 1200px; margin: 0 auto; font-family: sans-serif; line-height: 1.6; color: inherit; background-color: transparent;'>\n<div style='display: flex; flex-direction: column; align-items: center; text-align: center; margin-bottom: 30px;'> <img style='width: 100%; max-width: 300px; height: auto; border: 1px solid rgba(150&comma;150&comma;150&comma;0.3); border-radius: 8px;' src='https:\/\/ftp3.syscom.mx\/usuarios\/fotos\/SCL2\/0X\/214870-217843-panduit-logo-tm-negro-fondo_trans30-01_(002)_(1).png' alt=''> <\/p>\n<h1 style='font-size: 28px; margin: 20px 0 10px 0; color: inherit; opacity: 0.8; font-weight: 500; line-height: 1.2;'>Adaptador Atornillable para Faceplate para Canaleta T70<\/h1>\n<h3 style='font-size: 20px; margin: 0; color: inherit; opacity: 0.7; font-weight: 500; line-height: 1.2;'>T70SDB-X<\/h3>\n<\/p><\/div>\n<div style='margin-bottom: 30px;'>\n<p style='font-size: 15px; margin: 0 0 20px 0; color: inherit; opacity: 0.8; text-align: center;'>El soporte de placa frontal atornillable permite instalar placas frontales atornillables al conducto portacables T-70.<\/p>\n<\/p><\/div>\n<div style='margin-bottom: 30px;'>\n<h2 style='font-size: 22px; margin: 0 0 20px 0; color: inherit; opacity: 0.8; font-weight: 500; border-bottom: 2px solid rgba(150&comma;150&comma;150&comma;0.3); padding-bottom: 8px;'>Especificaciones<\/h2>\n<div style='display: flex; flex-wrap: wrap; gap: 20px;'>\n<div style='flex: 1 1 250px; border: 1px solid rgba(150&comma; 150&comma; 150&comma; 0.4); border-radius: 8px; overflow: hidden; display: flex; flex-direction: column;'>\n<div style='padding: 15px; border-bottom: 1px solid rgba(150&comma; 150&comma; 150&comma; 0.2); font-weight: bold; font-size: 16px; color: inherit; background-color: rgba(239&comma;239&comma;239&comma;0.3);'>Caracter\u00edsticas Generales<\/div>\n<div style='padding: 15px; color: inherit;'>\n<ul style='padding-left: 20px; margin: 0; font-size: 14px; list-style-type: disc;'>\n<li style='margin-bottom: 8px;'><strong>Tipo de producto:<\/strong> Placa frontal<\/li>\n<li style='margin-bottom: 8px;'><strong>Color:<\/strong> Gris internacional<\/li>\n<li style='margin-bottom: 8px;'><strong>Tipo de empalme:<\/strong> Soporte<\/li>\n<li style='margin-bottom: 8px;'><strong>Para usar con:<\/strong> Conducto portacables T-70<\/li>\n<li style='margin-bottom: 8px;'><strong>Tipo de conducto portacables:<\/strong> Baja tensi\u00f3n<\/li>\n<li style='margin-bottom: 8px;'><strong>Material:<\/strong> PVC<\/li>\n<\/ul><\/div>\n<\/p><\/div>\n<div style='flex: 1 1 250px; border: 1px solid rgba(150&comma; 150&comma; 150&comma; 0.4); border-radius: 8px; overflow: hidden; display: flex; flex-direction: column;'>\n<div style='padding: 15px; border-bottom: 1px solid rgba(150&comma; 150&comma; 150&comma; 0.2); font-weight: bold; font-size: 16px; color: inherit; background-color: rgba(239&comma;239&comma;239&comma;0.3);'>Dimensiones<\/div>\n<div style='padding: 15px; color: inherit;'>\n<ul style='padding-left: 20px; margin: 0; font-size: 14px; list-style-type: disc;'>\n<li style='margin-bottom: 8px;'><strong>M\u00e9todo de montaje:<\/strong> Atornillado<\/li>\n<li style='margin-bottom: 8px;'><strong>Altura total (in):<\/strong> 2.75<\/li>\n<li style='margin-bottom: 8px;'><strong>Altura total (mm):<\/strong> 69.8<\/li>\n<li style='margin-bottom: 8px;'><strong>Longitud total (ft):<\/strong> 0.33<\/li>\n<li style='margin-bottom: 8px;'><strong>Longitud total (m):<\/strong> 8.382<\/li>\n<li style='margin-bottom: 8px;'><strong>Anchura total (in):<\/strong> 4<\/li>\n<li style='margin-bottom: 8px;'><strong>Anchura total (mm):<\/strong> 101.6<\/li>\n<\/ul><\/div>\n<\/p><\/div>\n<div style='flex: 1 1 250px; border: 1px solid rgba(150&comma; 150&comma; 150&comma; 0.4); border-radius: 8px; overflow: hidden; display: flex; flex-direction: column;'>\n<div style='padding: 15px; border-bottom: 1px solid rgba(150&comma; 150&comma; 150&comma; 0.2); font-weight: bold; font-size: 16px; color: inherit; background-color: rgba(239&comma;239&comma;239&comma;0.3);'>Certificaciones y Aplicaci\u00f3n<\/div>\n<div style='padding: 15px; color: inherit;'>\n<ul style='padding-left: 20px; margin: 0; font-size: 14px; list-style-type: disc;'>\n<li style='margin-bottom: 8px;'><strong>Submarca:<\/strong> Pan-Way\u2122<\/li>\n<li style='margin-bottom: 8px;'><strong>Cumple las normas:<\/strong> Cumple con CE&comma; listado UL5A&comma; listado UL 95425&comma; listado UL E116129<\/li>\n<li style='margin-bottom: 8px;'><strong>Aplicaci\u00f3n:<\/strong> Brinda soluciones para el enrutamiento de cableado el\u00e9ctrico&comma; de baja tensi\u00f3n o de fibra \u00f3ptica en las paredes perimetrales. T-70 incluye la caja de compensaci\u00f3n de Workstation Outlet Center\u2122&comma; que proporciona una soluci\u00f3n de compensaci\u00f3n para maximizar la<\/li>\n<li style='margin-bottom: 8px;'><strong>Caracts. pza.:<\/strong> Soporte para placa frontal est\u00e1ndar.<\/li>\n<\/ul><\/div>\n<\/p><\/div>\n<\/p><\/div>\n<\/p><\/div>\n<\/p><\/div>\n","protected":false},"excerpt":{"rendered":"<p>Adaptador Atornillable para Faceplate para Canaleta T70<\/p>\n","protected":false},"featured_media":8741,"comment_status":"open","ping_status":"closed","template":"","meta":[],"product_brand":[],"product_cat":[581],"product_tag":[582,572,445],"class_list":{"0":"post-8742","1":"product","2":"type-product","3":"status-publish","4":"has-post-thumbnail","6":"product_cat-canaletas","7":"product_tag-canaletas","8":"product_tag-canalizacion","9":"product_tag-panduit","11":"first","12":"outofstock","13":"sale","14":"shipping-taxable","15":"purchasable","16":"product-type-simple"},"_links":{"self":[{"href":"https:\/\/soydeaqui.ddns.net\/pachuca\/index.php\/wp-json\/wp\/v2\/product\/8742","targetHints":{"allow":["GET"]}}],"collection":[{"href":"https:\/\/soydeaqui.ddns.net\/pachuca\/index.php\/wp-json\/wp\/v2\/product"}],"about":[{"href":"https:\/\/soydeaqui.ddns.net\/pachuca\/index.php\/wp-json\/wp\/v2\/types\/product"}],"replies":[{"embeddable":true,"href":"https:\/\/soydeaqui.ddns.net\/pachuca\/index.php\/wp-json\/wp\/v2\/comments?post=8742"}],"wp:featuredmedia":[{"embeddable":true,"href":"https:\/\/soydeaqui.ddns.net\/pachuca\/index.php\/wp-json\/wp\/v2\/media\/8741"}],"wp:attachment":[{"href":"https:\/\/soydeaqui.ddns.net\/pachuca\/index.php\/wp-json\/wp\/v2\/media?parent=8742"}],"wp:term":[{"taxonomy":"product_brand","embeddable":true,"href":"https:\/\/soydeaqui.ddns.net\/pachuca\/index.php\/wp-json\/wp\/v2\/product_brand?post=8742"},{"taxonomy":"product_cat","embeddable":true,"href":"https:\/\/soydeaqui.ddns.net\/pachuca\/index.php\/wp-json\/wp\/v2\/product_cat?post=8742"},{"taxonomy":"product_tag","embeddable":true,"href":"https:\/\/soydeaqui.ddns.net\/pachuca\/index.php\/wp-json\/wp\/v2\/product_tag?post=8742"}],"curies":[{"name":"wp","href":"https:\/\/api.w.org\/{rel}","templated":true}]}}