{"id":87362,"date":"2026-03-19T23:03:18","date_gmt":"2026-03-19T23:03:18","guid":{"rendered":"https:\/\/soydeaqui.ddns.net\/pachuca\/index.php\/producto\/ont-gpon-optixstar-bridge-1-puerto-ge-conector-sc-apc\/"},"modified":"2026-03-19T23:03:18","modified_gmt":"2026-03-19T23:03:18","slug":"ont-gpon-optixstar-bridge-1-puerto-ge-conector-sc-apc","status":"publish","type":"product","link":"https:\/\/soydeaqui.ddns.net\/pachuca\/index.php\/producto\/ont-gpon-optixstar-bridge-1-puerto-ge-conector-sc-apc\/","title":{"rendered":"ONT GPON OptiXstar Bridge, 1 puerto GE, conector SC\/APC"},"content":{"rendered":"<div style='width: 100%; max-width: 1200px; margin: 0 auto; font-family: sans-serif; line-height: 1.6; color: inherit; background-color: transparent;'>\n<div style='display: flex; flex-wrap: wrap; gap: 30px; margin-bottom: 30px;'>\n<div style='flex: 1 1 300px; min-width: 280px;'> <img style='width: 100%; height: auto; border: 1px solid rgba(150&comma;150&comma;150&comma;0.3); border-radius: 8px;' src='https:\/\/ftp3.syscom.mx\/usuarios\/orobles\/Huawei\/Huawei-horizontal-logo_2018.jpg' alt='Logo Huawei'> <\/div>\n<div style='flex: 1 1 300px; min-width: 280px;'>\n<h3 style='font-size: 22px; border-bottom: 2px solid currentColor; padding-bottom: 5px; margin-top: 0; color: inherit; opacity: 0.8;'>Descripci\u00f3n<\/h3>\n<p style='font-size: 15px; color: inherit;'>La ONT Huawei EG8010Hv6 es un equipo GPON de tipo bridge utilizado en la soluci\u00f3n de acceso totalmente \u00f3ptico de Huawei. Implementa acceso de banda ultraancha a trav\u00e9s de la tecnolog\u00eda GPON. Proporciona 1 puerto GE. La capacidad de reenv\u00edo de alto rendimiento garantiza la experiencia de servicio de los servicios de datos y video HD&comma; y brinda a los usuarios soluciones de terminal ideales y capacidades de soporte de servicio orientadas al futuro.<\/p>\n<\/p><\/div>\n<\/p><\/div>\n<div style='display: flex; flex-wrap: wrap; gap: 20px; margin-bottom: 30px;'>\n<div style='flex: 1 1 250px; border: 1px solid rgba(150&comma; 150&comma; 150&comma; 0.4); border-radius: 8px; overflow: hidden; display: flex; flex-direction: column;'>\n<div style='padding: 15px; border-bottom: 1px solid rgba(150&comma; 150&comma; 150&comma; 0.2); font-weight: bold; font-size: 18px; color: inherit;'>Caracter\u00edsticas<\/div>\n<div style='padding: 15px; color: inherit;'>\n<ul style='padding-left: 20px; margin: 0; font-size: 14px; list-style-type: disc; color: inherit;'>\n<li style='margin-bottom: 5px;'>Dimensiones (H x W X D): 26 x 69 x 83 mm<\/li>\n<li style='margin-bottom: 5px;'>Consumo standby: 2.06 W<\/li>\n<li style='margin-bottom: 5px;'>Consumo m\u00e1ximo: 2.5 W<\/li>\n<li style='margin-bottom: 5px;'>Peso: 72 g<\/li>\n<li style='margin-bottom: 5px;'>Temperatura de operaci\u00f3n: 0\u00b0C a 40\u00b0C<\/li>\n<li style='margin-bottom: 5px;'>Adaptador de corriente: 100-240 Vac 50\/60 Hz<\/li>\n<li style='margin-bottom: 5px;'>Entrada del equipo: 11-14Vdc&comma; 1A<\/li>\n<li style='margin-bottom: 5px;'>Entrada \u00f3ptica: SC\/APC clase B+<\/li>\n<li style='margin-bottom: 5px;'>1 puerto Gigabit Ethernet<\/li>\n<\/ul><\/div>\n<\/p><\/div>\n<div style='flex: 1 1 250px; border: 1px solid rgba(150&comma; 150&comma; 150&comma; 0.4); border-radius: 8px; overflow: hidden; display: flex; flex-direction: column;'>\n<div style='padding: 15px; border-bottom: 1px solid rgba(150&comma; 150&comma; 150&comma; 0.2); font-weight: bold; font-size: 18px; color: inherit;'>Credenciales<\/div>\n<div style='padding: 15px; color: inherit;'>\n<ul style='padding-left: 20px; margin: 0; font-size: 14px; list-style-type: disc; color: inherit;'>\n<li style='margin-bottom: 5px;'>Usuario: Epadmin<\/li>\n<li style='margin-bottom: 5px;'>Contrase\u00f1a: (Se puede encontrar en la etiqueta en la parte inferior de la ONU)<\/li>\n<\/ul><\/div>\n<\/p><\/div>\n<div style='flex: 1 1 250px; border: 1px solid rgba(150&comma; 150&comma; 150&comma; 0.4); border-radius: 8px; overflow: hidden; display: flex; flex-direction: column;'>\n<div style='padding: 15px; border-bottom: 1px solid rgba(150&comma; 150&comma; 150&comma; 0.2); font-weight: bold; font-size: 18px; color: inherit;'>Notas<\/div>\n<div style='padding: 15px; color: inherit;'>\n<ul style='padding-left: 20px; margin: 0; font-size: 14px; list-style-type: disc; color: inherit;'>\n<li style='margin-bottom: 5px;'>Compatible solo con OLTs Huawei GPON<\/li>\n<\/ul><\/div>\n<\/p><\/div>\n<\/p><\/div>\n<\/p><\/div>\n","protected":false},"excerpt":{"rendered":"<p>ONT GPON OptiXstar Bridge, 1 puerto GE, conector SC\/APC<\/p>\n","protected":false},"featured_media":87361,"comment_status":"open","ping_status":"closed","template":"","meta":[],"product_brand":[],"product_cat":[2010],"product_tag":[718,2012,2011],"class_list":{"0":"post-87362","1":"product","2":"type-product","3":"status-publish","4":"has-post-thumbnail","6":"product_cat-onus-onts","7":"product_tag-huawei","8":"product_tag-onus-onts","9":"product_tag-redes-ftth-pon","11":"first","12":"outofstock","13":"sale","14":"shipping-taxable","15":"purchasable","16":"product-type-simple"},"_links":{"self":[{"href":"https:\/\/soydeaqui.ddns.net\/pachuca\/index.php\/wp-json\/wp\/v2\/product\/87362","targetHints":{"allow":["GET"]}}],"collection":[{"href":"https:\/\/soydeaqui.ddns.net\/pachuca\/index.php\/wp-json\/wp\/v2\/product"}],"about":[{"href":"https:\/\/soydeaqui.ddns.net\/pachuca\/index.php\/wp-json\/wp\/v2\/types\/product"}],"replies":[{"embeddable":true,"href":"https:\/\/soydeaqui.ddns.net\/pachuca\/index.php\/wp-json\/wp\/v2\/comments?post=87362"}],"wp:featuredmedia":[{"embeddable":true,"href":"https:\/\/soydeaqui.ddns.net\/pachuca\/index.php\/wp-json\/wp\/v2\/media\/87361"}],"wp:attachment":[{"href":"https:\/\/soydeaqui.ddns.net\/pachuca\/index.php\/wp-json\/wp\/v2\/media?parent=87362"}],"wp:term":[{"taxonomy":"product_brand","embeddable":true,"href":"https:\/\/soydeaqui.ddns.net\/pachuca\/index.php\/wp-json\/wp\/v2\/product_brand?post=87362"},{"taxonomy":"product_cat","embeddable":true,"href":"https:\/\/soydeaqui.ddns.net\/pachuca\/index.php\/wp-json\/wp\/v2\/product_cat?post=87362"},{"taxonomy":"product_tag","embeddable":true,"href":"https:\/\/soydeaqui.ddns.net\/pachuca\/index.php\/wp-json\/wp\/v2\/product_tag?post=87362"}],"curies":[{"name":"wp","href":"https:\/\/api.w.org\/{rel}","templated":true}]}}