{"id":87342,"date":"2026-03-19T23:02:24","date_gmt":"2026-03-19T23:02:24","guid":{"rendered":"https:\/\/soydeaqui.ddns.net\/pachuca\/index.php\/producto\/lora-controlador-de-nodo-industrial-para-interior-compatible-con-lorawan-clase-c-carcasa-ip30-hasta-10-km\/"},"modified":"2026-03-19T23:02:31","modified_gmt":"2026-03-19T23:02:31","slug":"lora-controlador-de-nodo-industrial-para-interior-compatible-con-lorawan-clase-c-carcasa-ip30-hasta-10-km","status":"publish","type":"product","link":"https:\/\/soydeaqui.ddns.net\/pachuca\/index.php\/producto\/lora-controlador-de-nodo-industrial-para-interior-compatible-con-lorawan-clase-c-carcasa-ip30-hasta-10-km\/","title":{"rendered":"(LoRa) Controlador de nodo Industrial para Interior, Compatible con LoRaWAN Clase C, Carcasa IP30, Hasta 10 km."},"content":{"rendered":"<div style='width: 100%; max-width: 1200px; margin: 0 auto; font-family: sans-serif; line-height: 1.6; color: inherit; background-color: transparent;'> <!-- Secci\u00f3n de iconos --> <\/p>\n<div style='display: flex; flex-wrap: wrap; gap: 15px; justify-content: center; margin-bottom: 30px;'> <img style='width: auto; max-width: 60px; height: auto; border: 1px solid rgba(150&comma;150&comma;150&comma;0.3); border-radius: 8px;' src='https:\/\/www.planet.com.tw\/storage\/icons\/0icon_RS232_RS485.png' alt='RS232 RS485'> <img style='width: auto; max-width: 60px; height: auto; border: 1px solid rgba(150&comma;150&comma;150&comma;0.3); border-radius: 8px;' src='https:\/\/www.planet.com.tw\/storage\/icons\/7icon_Modbus-TCP.png' alt='ModbusTCP'> <img style='width: auto; max-width: 60px; height: auto; border: 1px solid rgba(150&comma;150&comma;150&comma;0.3); border-radius: 8px;' src='https:\/\/www.planet.com.tw\/storage\/icons\/8icon_di_do.png' alt='TRAVESURA'> <img style='width: auto; max-width: 60px; height: auto; border: 1px solid rgba(150&comma;150&comma;150&comma;0.3); border-radius: 8px;' src='https:\/\/www.planet.com.tw\/storage\/icons\/2icon_IP-Code_30.png' alt='IP 30'> <img style='width: auto; max-width: 60px; height: auto; border: 1px solid rgba(150&comma;150&comma;150&comma;0.3); border-radius: 8px;' src='https:\/\/www.planet.com.tw\/storage\/icons\/8icon_-40-degree-~75-degree.png' alt='75\u00b0C~-40\u00b0C'> <\/div>\n<p> <!-- Secci\u00f3n de descripci\u00f3n --> <\/p>\n<div style='margin-bottom: 30px;'>\n<p style='font-size: 16px; margin-bottom: 15px; color: inherit;'> PLANET LN1152 es un controlador de nodo LoRa para interiores que se utiliza para la adquisici\u00f3n de datos de m\u00faltiples sensores. <\/p>\n<p style='font-size: 16px; margin-bottom: 15px; color: inherit;'> Contiene diferentes interfaces de E\/S que incluyen entradas anal\u00f3gicas&comma; entradas digitales&comma; salidas de rel\u00e9 y puertos serie para simplificar la implementaci\u00f3n y el reemplazo de las redes LoRaWAN. <\/p>\n<p style='font-size: 16px; margin-bottom: 15px; color: inherit;'> Adem\u00e1s&comma; el LN1152 puede desencadenar m\u00faltiples condiciones y acciones sin una red. <\/p>\n<p style='font-size: 16px; margin-bottom: 15px; color: inherit;'> Con su dise\u00f1o industrial y carcasa de metal IP30&comma; el LN1152 se usa ampliamente en aplicaciones de interior como industrias inteligentes&comma; automatizaci\u00f3n de edificios&comma; etc. <\/p>\n<\/p><\/div>\n<p> <!-- Secci\u00f3n de imagen del producto --> <\/p>\n<div style='display: flex; justify-content: center; margin-bottom: 30px;'> <img style='width: 100%; max-width: 600px; height: auto; border: 1px solid rgba(150&comma;150&comma;150&comma;0.3); border-radius: 8px;' src='https:\/\/www.planet.com.tw\/storage\/products\/49515\/edm_LN1152.jpg' alt=''> <\/div>\n<\/p><\/div>\n","protected":false},"excerpt":{"rendered":"<p>(LoRa) Controlador de nodo Industrial para Interior, Compatible con LoRaWAN Clase C, Carcasa IP30, Hasta 10 km.<\/p>\n","protected":false},"featured_media":87341,"comment_status":"open","ping_status":"closed","template":"","meta":[],"product_brand":[],"product_cat":[1984],"product_tag":[1985,664,2033],"class_list":{"0":"post-87342","1":"product","2":"type-product","3":"status-publish","4":"has-post-thumbnail","6":"product_cat-industrial","7":"product_tag-industrial","8":"product_tag-networking","9":"product_tag-planet","11":"first","12":"outofstock","13":"sale","14":"shipping-taxable","15":"purchasable","16":"product-type-simple"},"_links":{"self":[{"href":"https:\/\/soydeaqui.ddns.net\/pachuca\/index.php\/wp-json\/wp\/v2\/product\/87342","targetHints":{"allow":["GET"]}}],"collection":[{"href":"https:\/\/soydeaqui.ddns.net\/pachuca\/index.php\/wp-json\/wp\/v2\/product"}],"about":[{"href":"https:\/\/soydeaqui.ddns.net\/pachuca\/index.php\/wp-json\/wp\/v2\/types\/product"}],"replies":[{"embeddable":true,"href":"https:\/\/soydeaqui.ddns.net\/pachuca\/index.php\/wp-json\/wp\/v2\/comments?post=87342"}],"wp:featuredmedia":[{"embeddable":true,"href":"https:\/\/soydeaqui.ddns.net\/pachuca\/index.php\/wp-json\/wp\/v2\/media\/87341"}],"wp:attachment":[{"href":"https:\/\/soydeaqui.ddns.net\/pachuca\/index.php\/wp-json\/wp\/v2\/media?parent=87342"}],"wp:term":[{"taxonomy":"product_brand","embeddable":true,"href":"https:\/\/soydeaqui.ddns.net\/pachuca\/index.php\/wp-json\/wp\/v2\/product_brand?post=87342"},{"taxonomy":"product_cat","embeddable":true,"href":"https:\/\/soydeaqui.ddns.net\/pachuca\/index.php\/wp-json\/wp\/v2\/product_cat?post=87342"},{"taxonomy":"product_tag","embeddable":true,"href":"https:\/\/soydeaqui.ddns.net\/pachuca\/index.php\/wp-json\/wp\/v2\/product_tag?post=87342"}],"curies":[{"name":"wp","href":"https:\/\/api.w.org\/{rel}","templated":true}]}}