{"id":87339,"date":"2026-03-19T23:02:16","date_gmt":"2026-03-19T23:02:16","guid":{"rendered":"https:\/\/soydeaqui.ddns.net\/pachuca\/index.php\/producto\/lora-controlador-de-nodo-ip67-para-exterior-industrial-compatible-con-lorawan-con-celda-solar-y-bateria-integrada\/"},"modified":"2026-03-19T23:02:21","modified_gmt":"2026-03-19T23:02:21","slug":"lora-controlador-de-nodo-ip67-para-exterior-industrial-compatible-con-lorawan-con-celda-solar-y-bateria-integrada","status":"publish","type":"product","link":"https:\/\/soydeaqui.ddns.net\/pachuca\/index.php\/producto\/lora-controlador-de-nodo-ip67-para-exterior-industrial-compatible-con-lorawan-con-celda-solar-y-bateria-integrada\/","title":{"rendered":"(LoRa) Controlador de nodo  IP67 para exterior Industrial, Compatible con LoRaWAN, Con Celda Solar y  Bater\u00eda Integrada"},"content":{"rendered":"<div style='width: 100%; max-width: 1200px; margin: 0 auto; font-family: sans-serif; line-height: 1.6; color: inherit; background-color: transparent;'> <!-- Secci\u00f3n de im\u00e1genes --> <\/p>\n<div style='display: flex; flex-wrap: wrap; gap: 15px; justify-content: center; margin-bottom: 30px;'> <img style='width: 60px; height: auto; border: 1px solid rgba(150&comma;150&comma;150&comma;0.3); border-radius: 8px;' src='https:\/\/www.planet.com.tw\/storage\/icons\/0icon_RS232_RS485.png' alt='RS232 RS485'> <img style='width: 60px; height: auto; border: 1px solid rgba(150&comma;150&comma;150&comma;0.3); border-radius: 8px;' src='https:\/\/www.planet.com.tw\/storage\/icons\/7icon_Modbus-TCP.png' alt='ModbusTCP'> <img style='width: 60px; height: auto; border: 1px solid rgba(150&comma;150&comma;150&comma;0.3); border-radius: 8px;' src='https:\/\/www.planet.com.tw\/storage\/icons\/658\/Waterproof-Dustproof-IP67.png' alt='Impermeable a prueba de polvo IP67'> <img style='width: 60px; height: auto; border: 1px solid rgba(150&comma;150&comma;150&comma;0.3); border-radius: 8px;' src='https:\/\/www.planet.com.tw\/storage\/icons\/3icon_M12-A-coded.png' alt='M12 con codificaci\u00f3n A'> <img style='width: 60px; height: auto; border: 1px solid rgba(150&comma;150&comma;150&comma;0.3); border-radius: 8px;' src='https:\/\/www.planet.com.tw\/storage\/icons\/-20degree_60degree.png' alt='60\u00b0C~-20\u00b0C'> <\/div>\n<p> <!-- Descripci\u00f3n principal --> <\/p>\n<div style='margin-bottom: 30px; font-size: 15px; color: inherit;'>\n<p>PLANET LN501 es un controlador de nodo LoRa para exteriores que se utiliza para la adquisici\u00f3n de datos de m\u00faltiples sensores.<\/p>\n<p>Contiene diferentes interfaces de E\/S&comma; como entradas anal\u00f3gicas&comma; entradas digitales&comma; salidas digitales&comma; puertos serie&comma; etc. para simplificar la implementaci\u00f3n y el reemplazo de las redes LoRaWAN.<\/p>\n<p>El LN501 se puede configurar f\u00e1cil y r\u00e1pidamente mediante NFC o puerto USB con cable.<\/p>\n<p>Para aplicaciones al exterior&comma; proporciona energ\u00eda solar o bater\u00eda integrada y est\u00e1 equipado con una carcasa con clasificaci\u00f3n IP67 y conectores M12 para protegerse del agua y el polvo en entornos hostiles.<\/p>\n<\/p><\/div>\n<p> <!-- Imagen principal --> <\/p>\n<div style='margin-bottom: 30px;'> <img style='width: 100%; height: auto; border: 1px solid rgba(150&comma;150&comma;150&comma;0.3); border-radius: 8px;' src='https:\/\/www.planet.com.tw\/storage\/products\/49514\/edm_LN5011.jpg' alt=''> <\/div>\n<\/p><\/div>\n","protected":false},"excerpt":{"rendered":"<p>(LoRa) Controlador de nodo  IP67 para exterior Industrial, Compatible con LoRaWAN, Con Celda Solar y  Bater\u00eda Integrada<\/p>\n","protected":false},"featured_media":87338,"comment_status":"open","ping_status":"closed","template":"","meta":[],"product_brand":[],"product_cat":[1984],"product_tag":[1985,664,2033],"class_list":{"0":"post-87339","1":"product","2":"type-product","3":"status-publish","4":"has-post-thumbnail","6":"product_cat-industrial","7":"product_tag-industrial","8":"product_tag-networking","9":"product_tag-planet","11":"first","12":"outofstock","13":"sale","14":"shipping-taxable","15":"purchasable","16":"product-type-simple"},"_links":{"self":[{"href":"https:\/\/soydeaqui.ddns.net\/pachuca\/index.php\/wp-json\/wp\/v2\/product\/87339","targetHints":{"allow":["GET"]}}],"collection":[{"href":"https:\/\/soydeaqui.ddns.net\/pachuca\/index.php\/wp-json\/wp\/v2\/product"}],"about":[{"href":"https:\/\/soydeaqui.ddns.net\/pachuca\/index.php\/wp-json\/wp\/v2\/types\/product"}],"replies":[{"embeddable":true,"href":"https:\/\/soydeaqui.ddns.net\/pachuca\/index.php\/wp-json\/wp\/v2\/comments?post=87339"}],"wp:featuredmedia":[{"embeddable":true,"href":"https:\/\/soydeaqui.ddns.net\/pachuca\/index.php\/wp-json\/wp\/v2\/media\/87338"}],"wp:attachment":[{"href":"https:\/\/soydeaqui.ddns.net\/pachuca\/index.php\/wp-json\/wp\/v2\/media?parent=87339"}],"wp:term":[{"taxonomy":"product_brand","embeddable":true,"href":"https:\/\/soydeaqui.ddns.net\/pachuca\/index.php\/wp-json\/wp\/v2\/product_brand?post=87339"},{"taxonomy":"product_cat","embeddable":true,"href":"https:\/\/soydeaqui.ddns.net\/pachuca\/index.php\/wp-json\/wp\/v2\/product_cat?post=87339"},{"taxonomy":"product_tag","embeddable":true,"href":"https:\/\/soydeaqui.ddns.net\/pachuca\/index.php\/wp-json\/wp\/v2\/product_tag?post=87339"}],"curies":[{"name":"wp","href":"https:\/\/api.w.org\/{rel}","templated":true}]}}