{"id":87334,"date":"2026-03-19T23:02:04","date_gmt":"2026-03-19T23:02:04","guid":{"rendered":"https:\/\/soydeaqui.ddns.net\/pachuca\/index.php\/producto\/cierre-de-empalme-para-24-fusiones-de-fibra-ptica-interior-exterior-con-16-acopladores-sc-apc-y-splitter-1x16-sc-apc-incluido-ip65-2\/"},"modified":"2026-03-19T23:02:13","modified_gmt":"2026-03-19T23:02:13","slug":"cierre-de-empalme-para-24-fusiones-de-fibra-ptica-interior-exterior-con-16-acopladores-sc-apc-y-splitter-1x16-sc-apc-incluido-ip65-2","status":"publish","type":"product","link":"https:\/\/soydeaqui.ddns.net\/pachuca\/index.php\/producto\/cierre-de-empalme-para-24-fusiones-de-fibra-ptica-interior-exterior-con-16-acopladores-sc-apc-y-splitter-1x16-sc-apc-incluido-ip65-2\/","title":{"rendered":"Cierre de Empalme para 24 Fusiones de Fibra ?ptica, Interior\/Exterior, con 16 Acopladores SC\/APC y Splitter 1&#215;16 SC\/APC Incluido, IP65"},"content":{"rendered":"<div style='width: 100%; max-width: 1200px; margin: 0 auto; font-family: sans-serif; line-height: 1.6; color: inherit; background-color: transparent;'> <!-- Imagen logo --> <\/p>\n<div style='width: 100%; margin: 20px 0; text-align: center;'> <img style='width: 100%; max-width: 432px; height: auto; border: 1px solid rgba(150&comma;150&comma;150&comma;0.3); border-radius: 8px;' src='https:\/\/ftp3.syscom.mx\/usuarios\/orobles\/LinkedPro\/linkedpro_logo.png' alt='Logo LinkedPro'> <\/div>\n<p> <!-- Descripci\u00f3n principal --> <\/p>\n<div style='width: 100%; margin-bottom: 30px;'>\n<p style='font-size: 15px; color: inherit; margin: 0 0 15px;'> La caja de empalme NAP <strong>LP-FAT16<\/strong> se utiliza como punto de terminaci\u00f3n para que el cable de fibra troncal o de distribuci\u00f3n se conecte con el cable drop en una red FTTx. Generalmente se utilizan para albergar splitters de segundo nivel y cuentan con acopladores para un acceso r\u00e1pido y sencillo&comma; proporciona una protecci\u00f3n y gesti\u00f3n s\u00f3lidas para la construcci\u00f3n de la red FTTx. <\/p>\n<\/p><\/div>\n<p> <!-- Especificaciones --> <\/p>\n<div style='display: flex; flex-wrap: wrap; gap: 20px; margin-bottom: 30px;'>\n<div style='flex: 1 1 250px; border: 1px solid rgba(150&comma; 150&comma; 150&comma; 0.4); border-radius: 8px; overflow: hidden; display: flex; flex-direction: column;'>\n<div style='padding: 15px; border-bottom: 1px solid rgba(150&comma; 150&comma; 150&comma; 0.2); font-weight: bold; font-size: 18px; color: inherit;'>Especificaciones<\/div>\n<div style='padding: 15px; color: inherit;'>\n<ul style='padding-left: 20px; margin: 0; font-size: 14px; list-style-type: disc;'>\n<li style='margin-bottom: 5px;'><strong>Tama\u00f1o:<\/strong> 300 x 245 x 100 mm<\/li>\n<li style='margin-bottom: 5px;'><strong>Splitter:<\/strong> 1&#215;16 con conectores SC\/APC (incluido)<\/li>\n<li style='margin-bottom: 5px;'><strong>Acopladores:<\/strong> 16 SC\/APC simplex monomodo<\/li>\n<li style='margin-bottom: 5px;'><strong>Entradas para cable:<\/strong> 2 para cable \u00d8 6-12mm<\/li>\n<li style='margin-bottom: 5px;'><strong>Puertos para fibra drop:<\/strong> 16<\/li>\n<li style='margin-bottom: 5px;'><strong>Grado de protecci\u00f3n:<\/strong> IP65<\/li>\n<li style='margin-bottom: 5px;'><strong>Material:<\/strong> ABS + PC<\/li>\n<li style='margin-bottom: 5px;'><strong>Temperatura de operaci\u00f3n:<\/strong> -40\u00b0C~+85\u00b0C<\/li>\n<li style='margin-bottom: 5px;'><strong>Instalaci\u00f3n:<\/strong> En poste&comma; pared o a\u00e9rea<\/li>\n<li style='margin-bottom: 5px;'><strong>Aplicaci\u00f3n:<\/strong> Interior o Exterior<\/li>\n<li style='margin-bottom: 5px;'><strong>Peso:<\/strong> 1.56 Kg<\/li>\n<li style='margin-bottom: 5px;'><strong>Herrajes:<\/strong> Para instalaci\u00f3n a\u00e9rea incluidos<\/li>\n<\/ul><\/div>\n<\/p><\/div>\n<\/p><\/div>\n<p> <!-- Notas --> <\/p>\n<div style='width: 100%; margin-bottom: 30px;'>\n<p style='font-size: 14px; color: inherit; margin: 0;'><strong>Nota:<\/strong> Puerto para realizar sangrado de fibra ya instalado en la caja NAP<\/p>\n<\/p><\/div>\n<p> <!-- Separador --> <\/p>\n<hr style='border: 0; border-top: 1px solid rgba(150&comma; 150&comma; 150&comma; 0.3); margin: 30px 0;'> <\/div>\n","protected":false},"excerpt":{"rendered":"<p>Cierre de Empalme para 24 Fusiones de Fibra ?ptica, Interior\/Exterior, con 16 Acopladores SC\/APC y Splitter 1&#215;16 SC\/APC Incluido, IP65<\/p>\n","protected":false},"featured_media":87333,"comment_status":"open","ping_status":"closed","template":"","meta":[],"product_brand":[],"product_cat":[621],"product_tag":[622,611,435],"class_list":{"0":"post-87334","1":"product","2":"type-product","3":"status-publish","4":"has-post-thumbnail","6":"product_cat-distribuidores-de-fibra-optica","7":"product_tag-distribuidores-de-fibra-optica","8":"product_tag-fibra-optica","9":"product_tag-linkedpro-by-epcom","11":"first","12":"instock","13":"sale","14":"shipping-taxable","15":"purchasable","16":"product-type-simple"},"_links":{"self":[{"href":"https:\/\/soydeaqui.ddns.net\/pachuca\/index.php\/wp-json\/wp\/v2\/product\/87334","targetHints":{"allow":["GET"]}}],"collection":[{"href":"https:\/\/soydeaqui.ddns.net\/pachuca\/index.php\/wp-json\/wp\/v2\/product"}],"about":[{"href":"https:\/\/soydeaqui.ddns.net\/pachuca\/index.php\/wp-json\/wp\/v2\/types\/product"}],"replies":[{"embeddable":true,"href":"https:\/\/soydeaqui.ddns.net\/pachuca\/index.php\/wp-json\/wp\/v2\/comments?post=87334"}],"wp:featuredmedia":[{"embeddable":true,"href":"https:\/\/soydeaqui.ddns.net\/pachuca\/index.php\/wp-json\/wp\/v2\/media\/87333"}],"wp:attachment":[{"href":"https:\/\/soydeaqui.ddns.net\/pachuca\/index.php\/wp-json\/wp\/v2\/media?parent=87334"}],"wp:term":[{"taxonomy":"product_brand","embeddable":true,"href":"https:\/\/soydeaqui.ddns.net\/pachuca\/index.php\/wp-json\/wp\/v2\/product_brand?post=87334"},{"taxonomy":"product_cat","embeddable":true,"href":"https:\/\/soydeaqui.ddns.net\/pachuca\/index.php\/wp-json\/wp\/v2\/product_cat?post=87334"},{"taxonomy":"product_tag","embeddable":true,"href":"https:\/\/soydeaqui.ddns.net\/pachuca\/index.php\/wp-json\/wp\/v2\/product_tag?post=87334"}],"curies":[{"name":"wp","href":"https:\/\/api.w.org\/{rel}","templated":true}]}}