{"id":87329,"date":"2026-03-19T23:01:49","date_gmt":"2026-03-19T23:01:49","guid":{"rendered":"https:\/\/soydeaqui.ddns.net\/pachuca\/index.php\/producto\/lora-gateway-industrial-lorawan-con-5-puertos-10-100-1000t-banda-de-902-a-928-mhz-con-2-entradas-y-salidas-digitales\/"},"modified":"2026-03-19T23:01:59","modified_gmt":"2026-03-19T23:01:59","slug":"lora-gateway-industrial-lorawan-con-5-puertos-10-100-1000t-banda-de-902-a-928-mhz-con-2-entradas-y-salidas-digitales","status":"publish","type":"product","link":"https:\/\/soydeaqui.ddns.net\/pachuca\/index.php\/producto\/lora-gateway-industrial-lorawan-con-5-puertos-10-100-1000t-banda-de-902-a-928-mhz-con-2-entradas-y-salidas-digitales\/","title":{"rendered":"(LoRa) Gateway Industrial LoRaWAN con 5 puertos 10\/100\/1000T, Banda de 902 a 928 MHz,  Con 2 Entradas y Salidas Digitales"},"content":{"rendered":"<div style='width: 100%; max-width: 1200px; margin: 0 auto; font-family: sans-serif; line-height: 1.6; color: inherit; background-color: transparent;'>\n<div style='display: flex; flex-wrap: wrap; gap: 30px; margin-bottom: 30px;'>\n<div style='flex: 1 1 300px; min-width: 280px;'>\n<div style='display: flex; flex-wrap: wrap; gap: 15px; margin-bottom: 20px;'> <img style='width: auto; height: 32px; border: 1px solid rgba(150&comma;150&comma;150&comma;0.3); border-radius: 8px;' src='https:\/\/www.planet.com.tw\/storage\/icons\/7icon_Modbus-TCP.png' alt='ModbusTCP'> <img style='width: auto; height: 32px; border: 1px solid rgba(150&comma;150&comma;150&comma;0.3); border-radius: 8px;' src='https:\/\/www.planet.com.tw\/storage\/icons\/694\/LoRa.png' alt='lora'> <img style='width: auto; height: 32px; border: 1px solid rgba(150&comma;150&comma;150&comma;0.3); border-radius: 8px;' src='https:\/\/www.planet.com.tw\/storage\/icons\/633\/Cyber-Security.png' alt='La seguridad cibern\u00e9tica'> <img style='width: auto; height: 32px; border: 1px solid rgba(150&comma;150&comma;150&comma;0.3); border-radius: 8px;' src='https:\/\/www.planet.com.tw\/storage\/icons\/3icon_Dual-WAN.png' alt='WAN doble'> <img style='width: auto; height: 32px; border: 1px solid rgba(150&comma;150&comma;150&comma;0.3); border-radius: 8px;' src='https:\/\/www.planet.com.tw\/storage\/icons\/4icon_vpns.png' alt='vpn'> <img style='width: auto; height: 32px; border: 1px solid rgba(150&comma;150&comma;150&comma;0.3); border-radius: 8px;' src='https:\/\/www.planet.com.tw\/storage\/icons\/8icon_-40-degree-~75-degree.png' alt='75\u00b0C~-40\u00b0C'> <\/div>\n<p style='font-size: 15px; margin: 0 0 15px 0; color: inherit;'> PLANET LCG-300 es una puerta de enlace LoRaWAN de grado industrial con conectividad confiable para implementaciones de IoT. Con el soporte del protocolo LoRaWAN&comma; ayuda a conectar la red inal\u00e1mbrica LoRa a una red IP. LoRa wireless permite que los sensores transmitan datos en rangos extremadamente largos con bajo consumo de energ\u00eda. El LCG-300 es totalmente compatible con el protocolo LoRaWAN y admite la conexi\u00f3n con hasta 300 nodos finales. Tambi\u00e9n proporciona bandas de frecuencia LoRaWAN est\u00e1ndar preconfiguradas para diferentes pa\u00edses. PLANET LCG-300 es la mejor opci\u00f3n para ayudarlo a promover la implementaci\u00f3n de la red AIoT. <\/p>\n<\/p><\/div>\n<\/p><\/div>\n<div style='display: flex; flex-wrap: wrap; gap: 30px; margin-bottom: 30px;'>\n<div style='flex: 1 1 300px; min-width: 280px;'> <img style='width: 100%; height: auto; border: 1px solid rgba(150&comma;150&comma;150&comma;0.3); border-radius: 8px;' src='https:\/\/www.planet.com.tw\/storage\/products\/49512\/edm_LCG-300.jpg' alt=''> <\/div>\n<\/p><\/div>\n<\/p><\/div>\n","protected":false},"excerpt":{"rendered":"<p>(LoRa) Gateway Industrial LoRaWAN con 5 puertos 10\/100\/1000T, Banda de 902 a 928 MHz,  Con 2 Entradas y Salidas Digitales<\/p>\n","protected":false},"featured_media":87328,"comment_status":"open","ping_status":"closed","template":"","meta":[],"product_brand":[],"product_cat":[1984],"product_tag":[1985,664,2033],"class_list":{"0":"post-87329","1":"product","2":"type-product","3":"status-publish","4":"has-post-thumbnail","6":"product_cat-industrial","7":"product_tag-industrial","8":"product_tag-networking","9":"product_tag-planet","11":"first","12":"outofstock","13":"sale","14":"shipping-taxable","15":"purchasable","16":"product-type-simple"},"_links":{"self":[{"href":"https:\/\/soydeaqui.ddns.net\/pachuca\/index.php\/wp-json\/wp\/v2\/product\/87329","targetHints":{"allow":["GET"]}}],"collection":[{"href":"https:\/\/soydeaqui.ddns.net\/pachuca\/index.php\/wp-json\/wp\/v2\/product"}],"about":[{"href":"https:\/\/soydeaqui.ddns.net\/pachuca\/index.php\/wp-json\/wp\/v2\/types\/product"}],"replies":[{"embeddable":true,"href":"https:\/\/soydeaqui.ddns.net\/pachuca\/index.php\/wp-json\/wp\/v2\/comments?post=87329"}],"wp:featuredmedia":[{"embeddable":true,"href":"https:\/\/soydeaqui.ddns.net\/pachuca\/index.php\/wp-json\/wp\/v2\/media\/87328"}],"wp:attachment":[{"href":"https:\/\/soydeaqui.ddns.net\/pachuca\/index.php\/wp-json\/wp\/v2\/media?parent=87329"}],"wp:term":[{"taxonomy":"product_brand","embeddable":true,"href":"https:\/\/soydeaqui.ddns.net\/pachuca\/index.php\/wp-json\/wp\/v2\/product_brand?post=87329"},{"taxonomy":"product_cat","embeddable":true,"href":"https:\/\/soydeaqui.ddns.net\/pachuca\/index.php\/wp-json\/wp\/v2\/product_cat?post=87329"},{"taxonomy":"product_tag","embeddable":true,"href":"https:\/\/soydeaqui.ddns.net\/pachuca\/index.php\/wp-json\/wp\/v2\/product_tag?post=87329"}],"curies":[{"name":"wp","href":"https:\/\/api.w.org\/{rel}","templated":true}]}}