{"id":87296,"date":"2026-03-19T23:00:20","date_gmt":"2026-03-19T23:00:20","guid":{"rendered":"https:\/\/soydeaqui.ddns.net\/pachuca\/index.php\/producto\/telefono-ip-android-11-16-lineas-sip-con-16-cuentas-pantalla-tactil-7-puertos-gigabit-wi-fi-bluetooth-poe-codec-opus-ipv4-ipv6-con-gestion-en-la-nube-gdms\/"},"modified":"2026-03-19T23:00:37","modified_gmt":"2026-03-19T23:00:37","slug":"telefono-ip-android-11-16-lineas-sip-con-16-cuentas-pantalla-tactil-7-puertos-gigabit-wi-fi-bluetooth-poe-codec-opus-ipv4-ipv6-con-gestion-en-la-nube-gdms","status":"publish","type":"product","link":"https:\/\/soydeaqui.ddns.net\/pachuca\/index.php\/producto\/telefono-ip-android-11-16-lineas-sip-con-16-cuentas-pantalla-tactil-7-puertos-gigabit-wi-fi-bluetooth-poe-codec-opus-ipv4-ipv6-con-gestion-en-la-nube-gdms\/","title":{"rendered":"Tel\u00e9fono IP Android 11, 16 l\u00edneas SIP con 16 cuentas, pantalla t\u00e1ctil  7&#8243;, puertos Gigabit, Wi-Fi, Bluetooth, PoE, codec Opus, IPV4\/IPV6 con gesti\u00f3n en la nube GDMS"},"content":{"rendered":"<div style='width: 100%; max-width: 1200px; margin: 0 auto; font-family: sans-serif; line-height: 1.6; color: inherit; background-color: transparent;'>\n<div style='display: flex; flex-wrap: wrap; gap: 30px; margin-bottom: 30px;'>\n<div style='flex: 1 1 300px; min-width: 280px;'> <img style='width: 100%; height: auto; border: 1px solid rgba(150&comma;150&comma;150&comma;0.3); border-radius: 8px;' src='https:\/\/ftp3.syscom.mx\/usuarios\/fotos\/GXV3450\/217489-captura_de_pantalla_2023-03-30_a_la(s)_15.52.00.png' alt='Captura de pantalla del GXV3470'> <\/div>\n<div style='flex: 1 1 300px; min-width: 280px;'>\n<h3 style='font-size: 22px; border-bottom: 2px solid currentColor; padding-bottom: 5px; margin-top: 0; color: inherit; opacity: 0.8;'>Videotelefono IP con S.O Android 11<\/h3>\n<p style='font-size: 15px; color: inherit;'>El GXV3470 es un poderoso videotel\u00e9fono de escritorio para empresas&comma; que ofrece una soluci\u00f3n integral de comunicaciones. Este videotel\u00e9fono IP brinda una experiencia eficaz gracias a su pantalla t\u00e1ctil capacitiva de 7 pulgadas con una resoluci\u00f3n de 1280 x 800 pixeles&comma; c\u00e1mara inclinable de megap\u00edxeles avanzados&comma; micr\u00f3fonos duales y soporte para videoconferencia HD. El GXV3470 incorpora dos puertos Gigabit con PoE\/ PoE+&comma; Wi-Fi 6 y soporte Bluetooth 5.0 integrados. Tambi\u00e9n ejecuta Android 11 y ofrece acceso instant\u00e1neo a cientos de miles de aplicaciones para Android. Gracias a la combinaci\u00f3n de un novedoso videotel\u00e9fono IP&comma; una soluci\u00f3n avanzada de videoconferencia y la funcionalidad de una tableta Android&comma; el GXV3470 ofrece a las empresas de todo el mundo una soluci\u00f3n eficaz de comunicaci\u00f3n de escritorio y productividad.<\/p>\n<ul style='padding-left: 20px; font-size: 15px; color: inherit;'>\n<li style='margin-bottom: 5px;'>16 l\u00edneas con hasta 16 cuentas SIP<\/li>\n<li style='margin-bottom: 5px;'>C\u00e1mara CMOS de 2 megap\u00edxeles incorporada para videollamadas con obturador de privacidad<\/li>\n<li style='margin-bottom: 5px;'>Funciona con el sistema operativo Android 11<\/li>\n<li style='margin-bottom: 5px;'>Bluetooth 5.0 incorporado para sincronizar con dispositivos m\u00f3viles y conectar auriculares Bluetooth<\/li>\n<li style='margin-bottom: 5px;'>Puertos de red de 10\/100\/1000 Mbps con detecci\u00f3n autom\u00e1tica y doble conmutaci\u00f3n<\/li>\n<li style='margin-bottom: 5px;'>Wi-Fi 6 de doble banda integrado (2&comma;4 GHz y 5 GHz)<\/li>\n<li style='margin-bottom: 5px;'>PoE\/PoE+ integrado para conexiones de alimentaci\u00f3n y red<\/li>\n<li style='margin-bottom: 5px;'>Altavoz HD de micr\u00f3fono dual con protecci\u00f3n contra el ruido 2.0&comma; cancelaci\u00f3n de eco avanzada y excelente rendimiento de doble conversaci\u00f3n<\/li>\n<li style='margin-bottom: 5px;'>Procesador ARMCortex-A55 de cuatro n\u00facleos a 2&comma;0 GHz con 2 GB de RAM y 16 GB eMMC Flash<\/li>\n<li style='margin-bottom: 5px;'>7\u2019\u2019 (800&#215;1280) pantalla t\u00e1ctil capacitiva de 5 puntos IPS LCD<\/li>\n<li style='margin-bottom: 5px;'>Los perif\u00e9ricos incluyen salida HDMI&comma; USB&comma; auricular RJ9 con EHS<\/li>\n<li style='margin-bottom: 5px;'>Audioconferencia de 10 v\u00edas y capacidad de videoconferencia HD de 720p a 30 fps de 3 v\u00edas<\/li>\n<\/ul><\/div>\n<\/p><\/div>\n<hr style='border: 0; border-top: 1px solid rgba(150&comma; 150&comma; 150&comma; 0.3); margin: 30px 0;'>\n<div style='display: flex; flex-wrap: wrap; gap: 20px; margin-bottom: 30px;'>\n<div style='flex: 1 1 250px; border: 1px solid rgba(150&comma; 150&comma; 150&comma; 0.4); border-radius: 8px; overflow: hidden; display: flex; flex-direction: column;'>\n<div style='padding: 15px; border-bottom: 1px solid rgba(150&comma; 150&comma; 150&comma; 0.2); font-weight: bold; font-size: 18px; color: inherit;'>Caracter\u00edsticas principales:<\/div>\n<div style='padding: 15px; color: inherit;'>\n<ul style='padding-left: 20px; margin: 0; font-size: 14px; list-style-type: disc;'>\n<li style='margin-bottom: 5px;'>16 l\u00edneas SIP<\/li>\n<li style='margin-bottom: 5px;'>6 cuentas SIP<\/li>\n<li style='margin-bottom: 5px;'>PoE<\/li>\n<li style='margin-bottom: 5px;'>Compatibilidad con GDMS<\/li>\n<li style='margin-bottom: 5px;'>Pantalla t\u00e1ctil 7&#8242;<\/li>\n<li style='margin-bottom: 5px;'>Android 11<\/li>\n<li style='margin-bottom: 5px;'>Bluetooth<\/li>\n<li style='margin-bottom: 5px;'>Wi-Fi 802.11 a\/b\/g\/n\/ac de doble banda integrado (2.4GHz y 5GHz)<\/li>\n<li style='margin-bottom: 5px;'>Soporte para G.729A\/B&comma; G.711\u00b5\/a-law&comma; G.726&comma; G.722 (banda ancha)&comma; G.723&comma; iLBC&comma; OPUS&comma; DTMF en banda y fuera de banda (in audio&comma; RFC2833&comma; SIP INFO)&comma; VAD&comma; AEC&comma; CNG&comma; PLC&comma; AGC<\/li>\n<li style='margin-bottom: 5px;'>Dos puertos Gigabit Ethernet conmutados de 10\/100\/1000 Mbps<\/li>\n<li style='margin-bottom: 5px;'>Los perif\u00e9ricos incluyen USB 3.0&comma; USB 2.0&comma; conector para aud\u00edfonos RJ9 con EHS<\/li>\n<\/ul><\/div>\n<\/p><\/div>\n<div style='flex: 1 1 250px; border: 1px solid rgba(150&comma; 150&comma; 150&comma; 0.4); border-radius: 8px; overflow: hidden; display: flex; flex-direction: column;'>\n<div style='padding: 15px; border-bottom: 1px solid rgba(150&comma; 150&comma; 150&comma; 0.2); font-weight: bold; font-size: 18px; color: inherit;'>Contenido del paquete:<\/div>\n<div style='padding: 15px; color: inherit;'>\n<ul style='padding-left: 20px; margin: 0; font-size: 14px; list-style-type: disc;'>\n<li style='margin-bottom: 5px;'>Tel\u00e9fono GXV3470<\/li>\n<li style='margin-bottom: 5px;'>Auricular con cord\u00f3n<\/li>\n<li style='margin-bottom: 5px;'>Fuente de alimentaci\u00f3n<\/li>\n<li style='margin-bottom: 5px;'>Base<\/li>\n<li style='margin-bottom: 5px;'>Cable de red<\/li>\n<li style='margin-bottom: 5px;'>Pa\u00f1o para limpiar<\/li>\n<li style='margin-bottom: 5px;'>Gu\u00eda de Instalaci\u00f3n R\u00e1pida<\/li>\n<\/ul><\/div>\n<\/p><\/div>\n<div style='flex: 1 1 250px; border: 1px solid rgba(150&comma; 150&comma; 150&comma; 0.4); border-radius: 8px; overflow: hidden; display: flex; flex-direction: column;'>\n<div style='padding: 15px; border-bottom: 1px solid rgba(150&comma; 150&comma; 150&comma; 0.2); font-weight: bold; font-size: 18px; color: inherit;'>Caracter\u00edsticas F\u00edsicas y El\u00e9ctricas:<\/div>\n<div style='padding: 15px; color: inherit;'>\n<ul style='padding-left: 20px; margin: 0; font-size: 14px; list-style-type: disc;'>\n<li style='margin-bottom: 5px;'>Adaptador de corriente universal incluido: Entrada: 100-240VAC&comma; 50-60Hz; Salida: 12VDC&comma; 1.5A (18W). PoE* 802.3af&comma; Clase 3 integrado&comma; PoE+ 802.3at&comma; Clase 4 integrado<\/li>\n<li style='margin-bottom: 5px;'>*Debe usar PSU o PoE+ para encender el tel\u00e9fono cuando se usen dispositivos USB<\/li>\n<li style='margin-bottom: 5px;'>Operaci\u00f3n: 0 \u00b0C a 40 \u00b0C Almacenamiento: -10 \u00b0C a 60 \u00b0C Humedad: 10% a 90% sin condensaci\u00f3n<\/li>\n<\/ul><\/div>\n<\/p><\/div>\n<\/p><\/div>\n<\/p><\/div>\n","protected":false},"excerpt":{"rendered":"<p>Tel\u00e9fono IP Android 11, 16 l\u00edneas SIP con 16 cuentas, pantalla t\u00e1ctil  7&#8243;, puertos Gigabit, Wi-Fi, Bluetooth, PoE, codec Opus, IPV4\/IPV6 con gesti\u00f3n en la nube GDMS<\/p>\n","protected":false},"featured_media":87295,"comment_status":"open","ping_status":"closed","template":"","meta":[],"product_brand":[],"product_cat":[2003],"product_tag":[909,2005,2004],"class_list":{"0":"post-87296","1":"product","2":"type-product","3":"status-publish","4":"has-post-thumbnail","6":"product_cat-telefonos-ip","7":"product_tag-grandstream","8":"product_tag-telefonos-ip","9":"product_tag-voip-telefonia-ip-videoconferencia","11":"first","12":"instock","13":"sale","14":"shipping-taxable","15":"purchasable","16":"product-type-simple"},"_links":{"self":[{"href":"https:\/\/soydeaqui.ddns.net\/pachuca\/index.php\/wp-json\/wp\/v2\/product\/87296","targetHints":{"allow":["GET"]}}],"collection":[{"href":"https:\/\/soydeaqui.ddns.net\/pachuca\/index.php\/wp-json\/wp\/v2\/product"}],"about":[{"href":"https:\/\/soydeaqui.ddns.net\/pachuca\/index.php\/wp-json\/wp\/v2\/types\/product"}],"replies":[{"embeddable":true,"href":"https:\/\/soydeaqui.ddns.net\/pachuca\/index.php\/wp-json\/wp\/v2\/comments?post=87296"}],"wp:featuredmedia":[{"embeddable":true,"href":"https:\/\/soydeaqui.ddns.net\/pachuca\/index.php\/wp-json\/wp\/v2\/media\/87295"}],"wp:attachment":[{"href":"https:\/\/soydeaqui.ddns.net\/pachuca\/index.php\/wp-json\/wp\/v2\/media?parent=87296"}],"wp:term":[{"taxonomy":"product_brand","embeddable":true,"href":"https:\/\/soydeaqui.ddns.net\/pachuca\/index.php\/wp-json\/wp\/v2\/product_brand?post=87296"},{"taxonomy":"product_cat","embeddable":true,"href":"https:\/\/soydeaqui.ddns.net\/pachuca\/index.php\/wp-json\/wp\/v2\/product_cat?post=87296"},{"taxonomy":"product_tag","embeddable":true,"href":"https:\/\/soydeaqui.ddns.net\/pachuca\/index.php\/wp-json\/wp\/v2\/product_tag?post=87296"}],"curies":[{"name":"wp","href":"https:\/\/api.w.org\/{rel}","templated":true}]}}