{"id":87257,"date":"2026-03-19T22:58:39","date_gmt":"2026-03-19T22:58:39","guid":{"rendered":"https:\/\/soydeaqui.ddns.net\/pachuca\/index.php\/producto\/router-gigabit-vpn-balanceador-de-cargas-30000-sesiones-nat-6-puertos-10-100-1000-mbps-wan-lan-compatible-con-gwn-cloud\/"},"modified":"2026-03-19T22:58:57","modified_gmt":"2026-03-19T22:58:57","slug":"router-gigabit-vpn-balanceador-de-cargas-30000-sesiones-nat-6-puertos-10-100-1000-mbps-wan-lan-compatible-con-gwn-cloud","status":"publish","type":"product","link":"https:\/\/soydeaqui.ddns.net\/pachuca\/index.php\/producto\/router-gigabit-vpn-balanceador-de-cargas-30000-sesiones-nat-6-puertos-10-100-1000-mbps-wan-lan-compatible-con-gwn-cloud\/","title":{"rendered":"Router Gigabit VPN \/ Balanceador de cargas \/ 30,000 sesiones NAT \/  6 puertos 10\/100\/1000 Mbps (WAN\/LAN) \/ Compatible con GWN Cloud."},"content":{"rendered":"<div style='width: 100%; max-width: 1200px; margin: 0 auto; font-family: sans-serif; line-height: 1.6; color: inherit; background-color: transparent;'>\n<div style='display: flex; flex-wrap: wrap; gap: 30px; margin-bottom: 30px;'>\n<div style='flex: 1 1 300px; min-width: 280px;'> <img style='width: 100%; height: auto; border: 1px solid rgba(150&comma;150&comma;150&comma;0.3); border-radius: 8px;' src='https:\/\/ftp3.syscom.mx\/usuarios\/fotos\/GWN7001\/217534-img_5134-removebg-preview.png' alt='Router Gigabit VPN Grandstream GWN7001'> <\/div>\n<div style='flex: 1 1 300px; min-width: 280px;'>\n<h3 style='font-size: 22px; border-bottom: 2px solid currentColor; padding-bottom: 5px; margin-top: 0; color: inherit; opacity: 0.8;'>Router Gigabit con balanceo de cargas (multi-wan)<\/h3>\n<ul style='padding-left: 20px; font-size: 15px; color: inherit;'>\n<li style='margin-bottom: 5px;'>Todos los puertos son compatibles con WAN\/LAN configurable<\/li>\n<li style='margin-bottom: 5px;'>El soporte de VPN incorporado permite un f\u00e1cil acceso a las redes corporativas para empleados remotos<\/li>\n<li style='margin-bottom: 5px;'>M\u00faltiples puertos WAN con equilibrio de carga y switching por error para maximizar la confiabilidad de la conexi\u00f3n<\/li>\n<li style='margin-bottom: 5px;'>Variadas funciones de firewall que incluyen DDNS&comma; reenv\u00edo de puertos&comma; DMZ&comma; UPnP&comma; Anti-Dos&comma; normas de tr\u00e1fico&comma; NAT y ALG<\/li>\n<li style='margin-bottom: 5px;'>Permite monitoreo de aplicaciones\/protocolos y estad\u00edsticas de tr\u00e1fico con Inspecci\u00f3n profunda de paquetes (DPI)<\/li>\n<li style='margin-bottom: 5px;'>QoS avanzado para garantizar el rendimiento en tiempo real de las aplicaciones de baja latencia<\/li>\n<li style='margin-bottom: 5px;'>Permite el filtrado de aplicaciones&comma; URL&comma; DNS y contenido web para bloquear el acceso de contenidos no seguros<\/li>\n<li style='margin-bottom: 5px;'>El controlador integrado puede administrarse a s\u00ed mismo y hasta 150 puntos de acceso GWN. Administra de manera ilimitada y gratuita routers&comma; puntos de acceso y switches Grandstream<\/li>\n<li style='margin-bottom: 5px;'>Administracion via nube gratis desde GWN CLOUD<\/li>\n<\/ul><\/div>\n<\/p><\/div>\n<div style='display: flex; flex-wrap: wrap; gap: 20px; margin-bottom: 30px;'>\n<div style='flex: 1 1 250px; border: 1px solid rgba(150&comma; 150&comma; 150&comma; 0.4); border-radius: 8px; overflow: hidden; display: flex; flex-direction: column;'>\n<div style='padding: 15px; border-bottom: 1px solid rgba(150&comma; 150&comma; 150&comma; 0.2); font-weight: bold; font-size: 18px; color: inherit;'>Especificaciones Generales<\/div>\n<div style='padding: 15px; color: inherit;'>\n<ul style='padding-left: 20px; margin: 0; font-size: 14px; list-style-type: disc;'>\n<li style='margin-bottom: 5px;'><strong>CPU:<\/strong> Doble ARM Cortex A53 1GHz<\/li>\n<li style='margin-bottom: 5px;'><strong>Sesiones de memoria y NAT:<\/strong> 256 MB de RAM&comma; 256 MB de Flash&comma; 30&comma;000 sesiones NAT<\/li>\n<li style='margin-bottom: 5px;'><strong>NAT Throughput:<\/strong> 2.2Gbps<\/li>\n<li style='margin-bottom: 5px;'><strong>IPsec VPN Throughput:<\/strong> 530Mbps<\/li>\n<li style='margin-bottom: 5px;'><strong>Puertos auxiliares:<\/strong> 1 puerto USB 2.0&comma; 1 orificio de reinicio<\/li>\n<li style='margin-bottom: 5px;'><strong>Instalaci\u00f3n:<\/strong> Montaje en escritorio y pared<\/li>\n<li style='margin-bottom: 5px;'><strong>LEDs:<\/strong> 8 LED de un solo color para el seguimiento del dispositivo y la indicaci\u00f3n de estado<\/li>\n<li style='margin-bottom: 5px;'><strong>Tipo de conexi\u00f3n:<\/strong> DHCP&comma; IP est\u00e1tica&comma; PPPoE&comma; PPTP&comma; L2TP<\/li>\n<li style='margin-bottom: 5px;'><strong>Protocolos de red:<\/strong> IPv4&comma; IPv6&comma; IEEE802.1Q&comma; IEEE 802.1p&comma; IEEE802.1x&comma; IEEE802.3&comma; IEEE 802.3u&comma; IEEE 802.3x&comma; IEEE802.3ab<\/li>\n<\/ul><\/div>\n<\/p><\/div>\n<div style='flex: 1 1 250px; border: 1px solid rgba(150&comma; 150&comma; 150&comma; 0.4); border-radius: 8px; overflow: hidden; display: flex; flex-direction: column;'>\n<div style='padding: 15px; border-bottom: 1px solid rgba(150&comma; 150&comma; 150&comma; 0.2); font-weight: bold; font-size: 18px; color: inherit;'>QoS<\/div>\n<div style='padding: 15px; color: inherit;'>\n<ul style='padding-left: 20px; margin: 0; font-size: 14px; list-style-type: disc;'>\n<li style='margin-bottom: 5px;'>VLAN&comma; TOS<\/li>\n<li style='margin-bottom: 5px;'>Admite m\u00faltiples clases de tr\u00e1fico&comma; filtra por puerto&comma; direcci\u00f3n IP&comma; DSCP y vigilancia<\/li>\n<li style='margin-bottom: 5px;'>Calidad de servicio de la aplicaci\u00f3n<\/li>\n<li style='margin-bottom: 5px;'>Priorizaci\u00f3n de VoIP<\/li>\n<\/ul><\/div>\n<\/p><\/div>\n<div style='flex: 1 1 250px; border: 1px solid rgba(150&comma; 150&comma; 150&comma; 0.4); border-radius: 8px; overflow: hidden; display: flex; flex-direction: column;'>\n<div style='padding: 15px; border-bottom: 1px solid rgba(150&comma; 150&comma; 150&comma; 0.2); font-weight: bold; font-size: 18px; color: inherit;'>Firewall<\/div>\n<div style='padding: 15px; color: inherit;'>\n<ul style='padding-left: 20px; margin: 0; font-size: 14px; list-style-type: disc;'>\n<li style='margin-bottom: 5px;'>DDNS&comma; Reenv\u00edo de puertos&comma; DMZ&comma; UPnP&comma; Anti-DoS&comma; reglas de tr\u00e1fico&comma; NAT&comma; ALG<\/li>\n<\/ul><\/div>\n<\/p><\/div>\n<div style='flex: 1 1 250px; border: 1px solid rgba(150&comma; 150&comma; 150&comma; 0.4); border-radius: 8px; overflow: hidden; display: flex; flex-direction: column;'>\n<div style='padding: 15px; border-bottom: 1px solid rgba(150&comma; 150&comma; 150&comma; 0.2); font-weight: bold; font-size: 18px; color: inherit;'>Seguridad<\/div>\n<div style='padding: 15px; color: inherit;'>\n<ul style='padding-left: 20px; margin: 0; font-size: 14px; list-style-type: disc;'>\n<li style='margin-bottom: 5px;'>Supervisi\u00f3n de aplicaciones\/protocolos y estad\u00edsticas de tr\u00e1fico<\/li>\n<li style='margin-bottom: 5px;'>Filtrado de contenido: Soporta Filtrado de Contenido de Aplicaci\u00f3n\/URL\/DNS\/Web \u2022 B\u00fasqueda segura<\/li>\n<\/ul><\/div>\n<\/p><\/div>\n<div style='flex: 1 1 250px; border: 1px solid rgba(150&comma; 150&comma; 150&comma; 0.4); border-radius: 8px; overflow: hidden; display: flex; flex-direction: column;'>\n<div style='padding: 15px; border-bottom: 1px solid rgba(150&comma; 150&comma; 150&comma; 0.2); font-weight: bold; font-size: 18px; color: inherit;'>VPN<\/div>\n<div style='padding: 15px; color: inherit;'>\n<ul style='padding-left: 20px; margin: 0; font-size: 14px; list-style-type: disc;'>\n<li style='margin-bottom: 5px;'>Servidor SSL VPN \/ Cliente a sitio<\/li>\n<li style='margin-bottom: 5px;'>IPsec VPN Cliente a sitio \/ Sitio a sitio<\/li>\n<li style='margin-bottom: 5px;'>Servidor VPN PPTP \/ Cliente a sitio<\/li>\n<li style='margin-bottom: 5px;'>Cliente a sitio L2TP<\/li>\n<li style='margin-bottom: 5px;'>Cifrado IPSec: DES&comma; 3DES&comma; AES<\/li>\n<li style='margin-bottom: 5px;'>Autenticaci\u00f3n IPSec: MD5&comma; SHA-1&comma; SHA2-256<\/li>\n<li style='margin-bottom: 5px;'>Intercambio de clave IPSec: modo principal\/agresivo&comma; clave precompartida&comma; grupos DH 1\/2\/5\/14<\/li>\n<li style='margin-bottom: 5px;'>Protocolos IPSec: ESP<\/li>\n<li style='margin-bottom: 5px;'>NAT transversal de IPSec<\/li>\n<li style='margin-bottom: 5px;'>Cifrado VPN SSL: AES&comma; DES<\/li>\n<li style='margin-bottom: 5px;'>Autenticaci\u00f3n SSL: MD5&comma; SHA-1&comma; SHA2-256&comma; SHA2-384&comma; SHA2-512<\/li>\n<li style='margin-bottom: 5px;'>Certificado SSL VPN: RSA<\/li>\n<li style='margin-bottom: 5px;'>Cifrado PPTP: MPPE de 40 bits&comma; 128 bits&comma; IPSec<\/li>\n<li style='margin-bottom: 5px;'>Autenticaci\u00f3n PPTP\/L2TP: MS-CHAPv1\/2<\/li>\n<li style='margin-bottom: 5px;'><strong>M\u00e1ximo de t\u00faneles VPN simult\u00e1neos:<\/strong> Hasta 50 T\u00faneles<\/li>\n<\/ul><\/div>\n<\/p><\/div>\n<div style='flex: 1 1 250px; border: 1px solid rgba(150&comma; 150&comma; 150&comma; 0.4); border-radius: 8px; overflow: hidden; display: flex; flex-direction: column;'>\n<div style='padding: 15px; border-bottom: 1px solid rgba(150&comma; 150&comma; 150&comma; 0.2); font-weight: bold; font-size: 18px; color: inherit;'>Administraci\u00f3n de redes<\/div>\n<div style='padding: 15px; color: inherit;'>\n<ul style='padding-left: 20px; margin: 0; font-size: 14px; list-style-type: disc;'>\n<li style='margin-bottom: 5px;'>Controlador integrado GWN7001 puede administrarse a s\u00ed mismo y hasta 100 puntos de acceso GWN<\/li>\n<li style='margin-bottom: 5px;'>GWN.Cloud es la plataforma de administraci\u00f3n en la nube gratuita para routers y puntos de acceso GWN<\/li>\n<\/ul><\/div>\n<\/p><\/div>\n<\/p><\/div>\n<hr style='border: 0; border-top: 1px solid rgba(150&comma; 150&comma; 150&comma; 0.3); margin: 30px 0;'> <\/div>\n","protected":false},"excerpt":{"rendered":"<p>Router Gigabit VPN \/ Balanceador de cargas \/ 30,000 sesiones NAT \/  6 puertos 10\/100\/1000 Mbps (WAN\/LAN) \/ Compatible con GWN Cloud.<\/p>\n","protected":false},"featured_media":87256,"comment_status":"open","ping_status":"closed","template":"","meta":[],"product_brand":[],"product_cat":[2036,2035,2034],"product_tag":[2039,2038,909,664,2037],"class_list":{"0":"post-87257","1":"product","2":"type-product","3":"status-publish","4":"has-post-thumbnail","6":"product_cat-balanceadores","7":"product_cat-firewalls","8":"product_cat-routers","9":"product_tag-balanceadores","10":"product_tag-firewalls","11":"product_tag-grandstream","12":"product_tag-networking","13":"product_tag-routers","15":"first","16":"instock","17":"sale","18":"shipping-taxable","19":"purchasable","20":"product-type-simple"},"_links":{"self":[{"href":"https:\/\/soydeaqui.ddns.net\/pachuca\/index.php\/wp-json\/wp\/v2\/product\/87257","targetHints":{"allow":["GET"]}}],"collection":[{"href":"https:\/\/soydeaqui.ddns.net\/pachuca\/index.php\/wp-json\/wp\/v2\/product"}],"about":[{"href":"https:\/\/soydeaqui.ddns.net\/pachuca\/index.php\/wp-json\/wp\/v2\/types\/product"}],"replies":[{"embeddable":true,"href":"https:\/\/soydeaqui.ddns.net\/pachuca\/index.php\/wp-json\/wp\/v2\/comments?post=87257"}],"wp:featuredmedia":[{"embeddable":true,"href":"https:\/\/soydeaqui.ddns.net\/pachuca\/index.php\/wp-json\/wp\/v2\/media\/87256"}],"wp:attachment":[{"href":"https:\/\/soydeaqui.ddns.net\/pachuca\/index.php\/wp-json\/wp\/v2\/media?parent=87257"}],"wp:term":[{"taxonomy":"product_brand","embeddable":true,"href":"https:\/\/soydeaqui.ddns.net\/pachuca\/index.php\/wp-json\/wp\/v2\/product_brand?post=87257"},{"taxonomy":"product_cat","embeddable":true,"href":"https:\/\/soydeaqui.ddns.net\/pachuca\/index.php\/wp-json\/wp\/v2\/product_cat?post=87257"},{"taxonomy":"product_tag","embeddable":true,"href":"https:\/\/soydeaqui.ddns.net\/pachuca\/index.php\/wp-json\/wp\/v2\/product_tag?post=87257"}],"curies":[{"name":"wp","href":"https:\/\/api.w.org\/{rel}","templated":true}]}}