{"id":87195,"date":"2026-03-19T22:55:53","date_gmt":"2026-03-19T22:55:53","guid":{"rendered":"https:\/\/soydeaqui.ddns.net\/pachuca\/index.php\/producto\/switch-gigabit-poe-administrable-8-puertos-10-100-1000-mbps-4-de-ellos-poe-802-3af-at-hasta-60w-administracion-nube-gratuita-presupuesto-de-60w\/"},"modified":"2026-03-19T22:56:03","modified_gmt":"2026-03-19T22:56:03","slug":"switch-gigabit-poe-administrable-8-puertos-10-100-1000-mbps-4-de-ellos-poe-802-3af-at-hasta-60w-administracion-nube-gratuita-presupuesto-de-60w","status":"publish","type":"product","link":"https:\/\/soydeaqui.ddns.net\/pachuca\/index.php\/producto\/switch-gigabit-poe-administrable-8-puertos-10-100-1000-mbps-4-de-ellos-poe-802-3af-at-hasta-60w-administracion-nube-gratuita-presupuesto-de-60w\/","title":{"rendered":"Switch Gigabit PoE+ Administrable \/ 8 puertos 10\/100\/1000 Mbps (4 de ellos PoE+ 802.3af\/at) \/ Hasta 60W \/ Administraci\u00f3n nube gratuita \/ Presupuesto de 60W"},"content":{"rendered":"<div style='width: 100%; max-width: 1200px; margin: 0 auto; font-family: sans-serif; line-height: 1.6; color: inherit; background-color: transparent;'> <!-- Imagen principal y descripci\u00f3n --> <\/p>\n<div style='display: flex; flex-wrap: wrap; gap: 30px; margin-bottom: 30px;'>\n<div style='flex: 1 1 300px; min-width: 280px;'> <img style='width: 100%; height: auto; border: 1px solid rgba(150&comma;150&comma;150&comma;0.3); border-radius: 8px;' src='https:\/\/ftp3.syscom.mx\/usuarios\/fotos\/S8POE\/218269-s8.jpg' alt='Switch Gigabit PoE+ S8POE'> <\/div>\n<div style='flex: 1 1 300px; min-width: 280px;'>\n<h3 style='font-size: 22px; border-bottom: 2px solid currentColor; padding-bottom: 5px; margin-top: 0; color: inherit; opacity: 0.8;'>S8-PoE<\/h3>\n<p style='font-size: 15px; color: inherit; text-align: justify;'>Alta Labs crea una tecnolog\u00eda de red revolucionaria impulsada por dise\u00f1os de software y hardware propietarios. El Switch S8-PoE es un conmutador compacto con 8 puertos Gigabit&comma; solo 4 puertos son PoE+&comma; son administrables&comma; haciendo m\u00e1s robusta nuestra red.<\/p>\n<p style='font-size: 15px; color: inherit; text-align: justify;'>La administraci\u00f3n es sencilla&comma; mediante la plataforma en la nube&comma; una nube gratuita sin restricciones.<\/p>\n<\/p><\/div>\n<\/p><\/div>\n<p> <!-- Secci\u00f3n PoE --> <\/p>\n<div style='display: flex; flex-wrap: wrap; gap: 30px; margin-bottom: 30px;'>\n<div style='flex: 1 1 300px; min-width: 280px;'>\n<h3 style='font-size: 22px; border-bottom: 2px solid currentColor; padding-bottom: 5px; margin-top: 0; color: inherit; opacity: 0.8;'>Power Over Ethernet<\/h3>\n<p style='font-size: 15px; color: inherit; text-align: justify;'>Los switches Alta Labs cuentan con conectividad PoE+ con una cantidad de puertos capaces de proporcionar hasta 30W de potencia por puerto.<\/p>\n<p style='font-size: 15px; color: inherit; text-align: justify;'>Los switches admiten el est\u00e1ndar PoE+ 802.3at y son compatibles con el est\u00e1ndar PoE 802.3af.<\/p>\n<p style='font-size: 15px; color: inherit; text-align: justify;'>El S8\u2013PoE ofrece cuatro puertos PoE+ con un presupuesto PoE de 60W. Alimente sus puntos de acceso Alta Labs y otros dispositivos que admitan los est\u00e1ndares 802.3at o 802.3af.<\/p>\n<\/p><\/div>\n<div style='flex: 1 1 300px; min-width: 280px;'> <img style='width: 100%; height: auto; border: 1px solid rgba(150&comma;150&comma;150&comma;0.3); border-radius: 8px;' src='https:\/\/ftp3.syscom.mx\/usuarios\/fotos\/S8POE\/218269-s81_copia.png' alt='Conectividad PoE'> <\/div>\n<\/p><\/div>\n<p> <!-- Configuraci\u00f3n --> <\/p>\n<div style='display: flex; flex-wrap: wrap; gap: 30px; margin-bottom: 30px;'>\n<div style='flex: 1 1 300px; min-width: 280px;'> <img style='width: 100%; height: auto; border: 1px solid rgba(150&comma;150&comma;150&comma;0.3); border-radius: 8px;' src='https:\/\/ftp3.syscom.mx\/usuarios\/fotos\/S8POE\/218269-s82_copia.png' alt='Configuraci\u00f3n S8POE'> <\/div>\n<div style='flex: 1 1 300px; min-width: 280px;'>\n<h3 style='font-size: 22px; border-bottom: 2px solid currentColor; padding-bottom: 5px; margin-top: 0; color: inherit; opacity: 0.8;'>Configuraci\u00f3n Sencilla&comma; mediante Bluetooth o el cloud (Internet necesario)<\/h3>\n<p style='font-size: 15px; color: inherit; text-align: justify;'>Los conmutadores incluyen funcionalidad de Bluetooth que permite una configuraci\u00f3n r\u00e1pida y sencilla mediante la aplicaci\u00f3n m\u00f3vil.<\/p>\n<p style='font-size: 15px; color: inherit; text-align: justify;'>Tambi\u00e9n podemos realizar la configuraci\u00f3n mediante el portal&comma; para este punto&comma; es necesario contar con conexi\u00f3n a internet en el sitio que instalaremos el switch.<\/p>\n<\/p><\/div>\n<\/p><\/div>\n<p> <!-- Configuraciones Espec\u00edficas --> <\/p>\n<div style='display: flex; flex-wrap: wrap; gap: 30px; margin-bottom: 30px;'>\n<div style='flex: 1 1 300px; min-width: 280px;'>\n<h3 style='font-size: 22px; border-bottom: 2px solid currentColor; padding-bottom: 5px; margin-top: 0; color: inherit; opacity: 0.8;'>Admite Configuraciones Espec\u00edficas<\/h3>\n<p style='font-size: 15px; color: inherit; text-align: justify;'>Es puede separar la red mediante la configuraci\u00f3n de VLAN&#8217;s&comma; implementar control de tr\u00e1fico para un mejor rendimiento de la red&comma; protecci\u00f3n de loop&comma; admite Voice VLAN y bloqueo de direcciones MAC.<\/p>\n<\/p><\/div>\n<div style='flex: 1 1 300px; min-width: 280px;'> <img style='width: 100%; height: auto; border: 1px solid rgba(150&comma;150&comma;150&comma;0.3); border-radius: 8px;' src='https:\/\/ftp3.syscom.mx\/usuarios\/fotos\/S8POE\/218269-s84.png' alt='Configuraciones Espec\u00edficas S8POE'> <\/div>\n<\/p><\/div>\n<p> <!-- Aplicaci\u00f3n M\u00f3vil --> <\/p>\n<div style='display: flex; flex-wrap: wrap; gap: 30px; margin-bottom: 30px;'>\n<div style='flex: 1 1 300px; min-width: 280px;'> <img style='width: 100%; height: auto; border: 1px solid rgba(150&comma;150&comma;150&comma;0.3); border-radius: 8px;' src='https:\/\/ftp3.syscom.mx\/usuarios\/fotos\/S8POE\/218269-s83_copia.png' alt='Aplicaci\u00f3n M\u00f3vil Alta Networks'> <\/div>\n<div style='flex: 1 1 300px; min-width: 280px;'>\n<h3 style='font-size: 22px; border-bottom: 2px solid currentColor; padding-bottom: 5px; margin-top: 0; color: inherit; opacity: 0.8;'>Aplicaci\u00f3n M\u00f3vil<\/h3>\n<p style='font-size: 15px; color: inherit; text-align: justify;'>Monitorea y administra tus redes desde la comodidad de tu dispositivo m\u00f3vil con la aplicaci\u00f3n Alta Networks. Reg\u00edstrate para obtener una cuenta de Alta Labs usando solo tu nombre&comma; correo electr\u00f3nico y contrase\u00f1a o inicia sesi\u00f3n con tu cuenta de Google o Apple.<\/p>\n<\/p><\/div>\n<\/p><\/div>\n<p> <!-- Especificaciones --> <\/p>\n<div style='margin-bottom: 30px;'>\n<h3 style='font-size: 22px; border-bottom: 2px solid currentColor; padding-bottom: 5px; margin-top: 0; color: inherit; opacity: 0.8;'>Especificaciones<\/h3>\n<div style='display: flex; flex-wrap: wrap; gap: 20px; margin-top: 20px;'>\n<div style='flex: 1 1 250px; border: 1px solid rgba(150&comma; 150&comma; 150&comma; 0.4); border-radius: 8px; overflow: hidden; display: flex; flex-direction: column;'>\n<div style='padding: 15px; border-bottom: 1px solid rgba(150&comma; 150&comma; 150&comma; 0.2); font-weight: bold; font-size: 18px; color: inherit;'>Caracter\u00edsticas F\u00edsicas<\/div>\n<div style='padding: 15px; color: inherit;'>\n<ul style='padding-left: 20px; margin: 0; font-size: 14px; list-style-type: disc;'>\n<li style='margin-bottom: 5px;'><strong>Dimensiones:<\/strong> 180 x 91 x 25.7 mm<\/li>\n<li style='margin-bottom: 5px;'><strong>Bot\u00f3n Reset:<\/strong> S\u00ed<\/li>\n<li style='margin-bottom: 5px;'><strong>Temperatura de operaci\u00f3n:<\/strong> -5 a 50 \u00baC<\/li>\n<li style='margin-bottom: 5px;'><strong>Humedad de operaci\u00f3n:<\/strong> 10 a 90% sin condensaci\u00f3n<\/li>\n<\/ul><\/div>\n<\/p><\/div>\n<div style='flex: 1 1 250px; border: 1px solid rgba(150&comma; 150&comma; 150&comma; 0.4); border-radius: 8px; overflow: hidden; display: flex; flex-direction: column;'>\n<div style='padding: 15px; border-bottom: 1px solid rgba(150&comma; 150&comma; 150&comma; 0.2); font-weight: bold; font-size: 18px; color: inherit;'>Especificaciones T\u00e9cnicas<\/div>\n<div style='padding: 15px; color: inherit;'>\n<ul style='padding-left: 20px; margin: 0; font-size: 14px; list-style-type: disc;'>\n<li style='margin-bottom: 5px;'><strong>Puertos:<\/strong> 8 Puertos LAN 10\/100\/1000 Mbps (4 Puertos PoE af\/at)<\/li>\n<li style='margin-bottom: 5px;'><strong>Presupuesto PoE:<\/strong> 60W<\/li>\n<li style='margin-bottom: 5px;'><strong>Consumo m\u00e1x:<\/strong> 68W Entregando PoE en los 4 puertos \/ 8W sin PoE<\/li>\n<li style='margin-bottom: 5px;'><strong>Alimentaci\u00f3n:<\/strong> 100 a 240 Vca&comma; 50\/60 Hz<\/li>\n<\/ul><\/div>\n<\/p><\/div>\n<div style='flex: 1 1 250px; border: 1px solid rgba(150&comma; 150&comma; 150&comma; 0.4); border-radius: 8px; overflow: hidden; display: flex; flex-direction: column;'>\n<div style='padding: 15px; border-bottom: 1px solid rgba(150&comma; 150&comma; 150&comma; 0.2); font-weight: bold; font-size: 18px; color: inherit;'>Rendimiento<\/div>\n<div style='padding: 15px; color: inherit;'>\n<ul style='padding-left: 20px; margin: 0; font-size: 14px; list-style-type: disc;'>\n<li style='margin-bottom: 5px;'><strong>Capacidad de conmutaci\u00f3n:<\/strong> 16 Gbps<\/li>\n<li style='margin-bottom: 5px;'><strong>Procesamiento sin Bloqueo:<\/strong> 8 Gbps<\/li>\n<li style='margin-bottom: 5px;'><strong>Tasa de reenv\u00edo:<\/strong> 11.9 Gbps<\/li>\n<li style='margin-bottom: 5px;'><strong>Tabla MAC:<\/strong> 8 K<\/li>\n<li style='margin-bottom: 5px;'><strong>B\u00fafer:<\/strong> 4.1 Mbit<\/li>\n<\/ul><\/div>\n<\/p><\/div>\n<div style='flex: 1 1 250px; border: 1px solid rgba(150&comma; 150&comma; 150&comma; 0.4); border-radius: 8px; overflow: hidden; display: flex; flex-direction: column;'>\n<div style='padding: 15px; border-bottom: 1px solid rgba(150&comma; 150&comma; 150&comma; 0.2); font-weight: bold; font-size: 18px; color: inherit;'>Caracter\u00edsticas de Red<\/div>\n<div style='padding: 15px; color: inherit;'>\n<ul style='padding-left: 20px; margin: 0; font-size: 14px; list-style-type: disc;'>\n<li style='margin-bottom: 5px;'><strong>VLAN:<\/strong> S\u00ed<\/li>\n<li style='margin-bottom: 5px;'><strong>IGMP:<\/strong> S\u00ed<\/li>\n<li style='margin-bottom: 5px;'><strong>Voice VLAN:<\/strong> S\u00ed<\/li>\n<li style='margin-bottom: 5px;'><strong>Control de tr\u00e1fico:<\/strong> S\u00ed<\/li>\n<li style='margin-bottom: 5px;'><strong>Protecci\u00f3n de loop:<\/strong> S\u00ed<\/li>\n<li style='margin-bottom: 5px;'><strong>Bloqueo de direcciones MAC:<\/strong> S\u00ed<\/li>\n<\/ul><\/div>\n<\/p><\/div>\n<div style='flex: 1 1 250px; border: 1px solid rgba(150&comma; 150&comma; 150&comma; 0.4); border-radius: 8px; overflow: hidden; display: flex; flex-direction: column;'>\n<div style='padding: 15px; border-bottom: 1px solid rgba(150&comma; 150&comma; 150&comma; 0.2); font-weight: bold; font-size: 18px; color: inherit;'>Gesti\u00f3n y Garant\u00eda<\/div>\n<div style='padding: 15px; color: inherit;'>\n<ul style='padding-left: 20px; margin: 0; font-size: 14px; list-style-type: disc;'>\n<li style='margin-bottom: 5px;'><strong>Gesti\u00f3n web:<\/strong> Mediante la nube (gratuita)<\/li>\n<li style='margin-bottom: 5px;'><strong>Gesti\u00f3n centralizada:<\/strong> Mediante la Nube: <a href='https:\/\/manage.alta.inc' style='color: inherit; text-decoration: underline;' target='_blank'>P\u00e1gina Alta Labs<\/a><\/li>\n<li style='margin-bottom: 5px;'><strong>Garant\u00eda:<\/strong> 3 a\u00f1os<\/li>\n<\/ul><\/div>\n<\/p><\/div>\n<div style='flex: 1 1 250px; border: 1px solid rgba(150&comma; 150&comma; 150&comma; 0.4); border-radius: 8px; overflow: hidden; display: flex; flex-direction: column;'>\n<div style='padding: 15px; border-bottom: 1px solid rgba(150&comma; 150&comma; 150&comma; 0.2); font-weight: bold; font-size: 18px; color: inherit;'>Contenido del Paquete<\/div>\n<div style='padding: 15px; color: inherit;'>\n<ul style='padding-left: 20px; margin: 0; font-size: 14px; list-style-type: disc;'>\n<li style='margin-bottom: 5px;'>S8-PoE<\/li>\n<li style='margin-bottom: 5px;'>Fuente de alimentaci\u00f3n<\/li>\n<li style='margin-bottom: 5px;'>Soporte para Montaje<\/li>\n<\/ul><\/div>\n<\/p><\/div>\n<div style='flex: 1 1 250px; border: 1px solid rgba(150&comma; 150&comma; 150&comma; 0.4); border-radius: 8px; overflow: hidden; display: flex; flex-direction: column;'>\n<div style='padding: 15px; border-bottom: 1px solid rgba(150&comma; 150&comma; 150&comma; 0.2); font-weight: bold; font-size: 18px; color: inherit;'>Certificaciones<\/div>\n<div style='padding: 15px; color: inherit;'>\n<ul style='padding-left: 20px; margin: 0; font-size: 14px; list-style-type: disc;'>\n<li style='margin-bottom: 5px;'>CE<\/li>\n<li style='margin-bottom: 5px;'>FCC<\/li>\n<li style='margin-bottom: 5px;'>RoHS<\/li>\n<li style='margin-bottom: 5px;'>IC<\/li>\n<\/ul><\/div>\n<\/p><\/div>\n<\/p><\/div>\n<\/p><\/div>\n<p> <!-- Separador final --> <\/p>\n<hr style='border: 0; border-top: 1px solid rgba(150&comma; 150&comma; 150&comma; 0.3); margin: 30px 0;'> <\/div>\n","protected":false},"excerpt":{"rendered":"<p>Switch Gigabit PoE+ Administrable \/ 8 puertos 10\/100\/1000 Mbps (4 de ellos PoE+ 802.3af\/at) \/ Hasta 60W \/ Administraci\u00f3n nube gratuita \/ Presupuesto de 60W<\/p>\n","protected":false},"featured_media":87194,"comment_status":"open","ping_status":"closed","template":"","meta":[],"product_brand":[],"product_cat":[1986],"product_tag":[2148,664,1987],"class_list":{"0":"post-87195","1":"product","2":"type-product","3":"status-publish","4":"has-post-thumbnail","6":"product_cat-switches-poe","7":"product_tag-alta-labs","8":"product_tag-networking","9":"product_tag-switches-poe","11":"first","12":"instock","13":"sale","14":"shipping-taxable","15":"purchasable","16":"product-type-simple"},"_links":{"self":[{"href":"https:\/\/soydeaqui.ddns.net\/pachuca\/index.php\/wp-json\/wp\/v2\/product\/87195","targetHints":{"allow":["GET"]}}],"collection":[{"href":"https:\/\/soydeaqui.ddns.net\/pachuca\/index.php\/wp-json\/wp\/v2\/product"}],"about":[{"href":"https:\/\/soydeaqui.ddns.net\/pachuca\/index.php\/wp-json\/wp\/v2\/types\/product"}],"replies":[{"embeddable":true,"href":"https:\/\/soydeaqui.ddns.net\/pachuca\/index.php\/wp-json\/wp\/v2\/comments?post=87195"}],"wp:featuredmedia":[{"embeddable":true,"href":"https:\/\/soydeaqui.ddns.net\/pachuca\/index.php\/wp-json\/wp\/v2\/media\/87194"}],"wp:attachment":[{"href":"https:\/\/soydeaqui.ddns.net\/pachuca\/index.php\/wp-json\/wp\/v2\/media?parent=87195"}],"wp:term":[{"taxonomy":"product_brand","embeddable":true,"href":"https:\/\/soydeaqui.ddns.net\/pachuca\/index.php\/wp-json\/wp\/v2\/product_brand?post=87195"},{"taxonomy":"product_cat","embeddable":true,"href":"https:\/\/soydeaqui.ddns.net\/pachuca\/index.php\/wp-json\/wp\/v2\/product_cat?post=87195"},{"taxonomy":"product_tag","embeddable":true,"href":"https:\/\/soydeaqui.ddns.net\/pachuca\/index.php\/wp-json\/wp\/v2\/product_tag?post=87195"}],"curies":[{"name":"wp","href":"https:\/\/api.w.org\/{rel}","templated":true}]}}