{"id":87188,"date":"2026-03-19T22:55:38","date_gmt":"2026-03-19T22:55:38","guid":{"rendered":"https:\/\/soydeaqui.ddns.net\/pachuca\/index.php\/producto\/mezclador-amplificador-2-canales-30w-1-zona-baja-y-alta-impedancia-2-entradas-de-microfono-entrada-auxiliar\/"},"modified":"2026-03-19T22:55:46","modified_gmt":"2026-03-19T22:55:46","slug":"mezclador-amplificador-2-canales-30w-1-zona-baja-y-alta-impedancia-2-entradas-de-microfono-entrada-auxiliar","status":"publish","type":"product","link":"https:\/\/soydeaqui.ddns.net\/pachuca\/index.php\/producto\/mezclador-amplificador-2-canales-30w-1-zona-baja-y-alta-impedancia-2-entradas-de-microfono-entrada-auxiliar\/","title":{"rendered":"Mezclador Amplificador | 2 Canales &#8211; 30w | 1 Zona | Baja y Alta Impedancia | 2 Entradas de Micr\u00f3fono | Entrada auxiliar"},"content":{"rendered":"<div style='width: 100%; max-width: 1200px; margin: 0 auto; font-family: sans-serif; line-height: 1.6; color: inherit; background-color: transparent;'> <!-- Logos --> <\/p>\n<div style='display: flex; flex-wrap: wrap; gap: 10px; justify-content: center; margin-bottom: 30px;'> <img style='width: 40%; max-width: 300px; height: auto; border: 1px solid rgba(150&comma;150&comma;150&comma;0.3); border-radius: 8px;' src='https:\/\/ftp3.syscom.mx\/usuarios\/luis.vargas\/YAMAHA\/Yamaha_logo.png' alt='Logo Yamaha'> <img style='width: 100%; max-width: 1200px; height: auto; border: 1px solid rgba(150&comma;150&comma;150&comma;0.3); border-radius: 8px;' src='https:\/\/ftp3.syscom.mx\/usuarios\/luis.vargas\/YAMAHA\/Linea.PNG' alt='L\u00ednea Yamaha'> <\/div>\n<p> <!-- Imagen header --> <img style='width: 100%; height: auto; border: 1px solid rgba(150&comma;150&comma;150&comma;0.3); border-radius: 8px; margin-bottom: 30px;' src='https:\/\/ftp3.syscom.mx\/usuarios\/luis.vargas\/YAMAHA\/MPASeries\/MASerie.png' alt='Serie MA\/PA'> <!-- Secci\u00f3n intro --> <\/p>\n<div style='display: flex; flex-wrap: wrap; gap: 30px; margin-bottom: 30px;'>\n<div style='flex: 1 1 300px; min-width: 280px;'>\n<h3 style='font-size: 22px; border-bottom: 2px solid currentColor; padding-bottom: 5px; margin-top: 0; color: inherit; opacity: 0.8;'>Tecnolog\u00eda Inteligente<\/h3>\n<p style='font-size: 15px; color: inherit;'>Con una configuraci\u00f3n r\u00e1pida y sencilla y un funcionamiento intuitivo&comma; los amplificadores de potencia compactos de las series MA y PA hacen que sea m\u00e1s f\u00e1cil que nunca darle vida a su espacio comercial.<\/p>\n<\/p><\/div>\n<div style='flex: 1 1 300px; min-width: 280px;'>\n<p style='font-size: 15px; color: inherit;'>El MA2030a es una soluci\u00f3n de audio ideal para tiendas minoristas&comma; restaurantes&comma; aulas o instalaciones p\u00fablicas como hospitales.<\/p>\n<\/p><\/div>\n<\/p><\/div>\n<p> <!-- Secci\u00f3n potencia --> <\/p>\n<div style='display: flex; flex-wrap: wrap; gap: 30px; margin-bottom: 30px;'>\n<div style='flex: 1 1 300px; min-width: 280px;'>\n<h3 style='font-size: 22px; border-bottom: 2px solid currentColor; padding-bottom: 5px; margin-top: 0; color: inherit; opacity: 0.8;'>Potencia para Cualquier Sistema<\/h3>\n<p style='font-size: 15px; color: inherit;'>La serie MA\/PA admite directamente sistemas de altavoces de baja impedancia y alta impedancia sin la necesidad de otro hardware que pueda ocupar un valioso espacio de instalaci\u00f3n y aumentar los costos.<\/p>\n<p style='font-size: 15px; color: inherit;'>Cuando se utiliza para accionar un sistema de altavoces de baja impedancia de 3 \u03a9 o superior el amplificador MA2030a suministra hasta 30 W por canal.<\/p>\n<p style='font-size: 15px; color: inherit;'>Mientras que con una salida de l\u00ednea de alta impedancia de 70V o 100V es un solo canal de hasta 60W.<\/p>\n<\/p><\/div>\n<div style='flex: 1 1 300px; min-width: 280px;'> <img style='width: 100%; height: auto; border: 1px solid rgba(150&comma;150&comma;150&comma;0.3); border-radius: 8px;' src='https:\/\/ftp3.syscom.mx\/usuarios\/cesar.garcia\/Yamaha\/Amplificadores\/MA2120\/web1.png' alt='Amplificador MA2030A'> <\/div>\n<\/p><\/div>\n<p> <!-- Imagen secci\u00f3n 3 --> <img style='width: 100%; height: auto; border: 1px solid rgba(150&comma;150&comma;150&comma;0.3); border-radius: 8px; margin-bottom: 30px;' src='https:\/\/ftp3.syscom.mx\/usuarios\/cesar.garcia\/Yamaha\/Amplificadores\/MA2030a\/web3.png' alt='Conectividad MA2030A'> <!-- Secci\u00f3n conectividad --> <\/p>\n<div style='display: flex; flex-wrap: wrap; gap: 30px; margin-bottom: 30px;'>\n<div style='flex: 1 1 300px; min-width: 280px;'> <img style='width: 100%; height: auto; border: 1px solid rgba(150&comma;150&comma;150&comma;0.3); border-radius: 8px;' src='https:\/\/ftp3.syscom.mx\/usuarios\/cesar.garcia\/Yamaha\/Amplificadores\/MA2030a\/web4.png' alt='Panel frontal MA2030A'> <\/div>\n<div style='flex: 1 1 300px; min-width: 280px;'>\n<h3 style='font-size: 22px; border-bottom: 2px solid currentColor; padding-bottom: 5px; margin-top: 0; color: inherit; opacity: 0.8;'>Conectividad<\/h3>\n<p style='font-size: 15px; color: inherit;'>Los amplificadores de potencial consola MA2030a ofrece conectividad flexible en una gama amplia de usos.<\/p>\n<p style='font-size: 15px; color: inherit;'>Viene equipado con dos entradas de micr\u00f3fono (conector combinado XLR y Euroblock) y tres entradas est\u00e9reo (pin RCA). El conector combinado XLR en el panel frontal hace que la configuraci\u00f3n para los eventos de conversaci\u00f3n sea r\u00e1pida y f\u00e1cil.<\/p>\n<\/p><\/div>\n<\/p><\/div>\n<p> <!-- Especificaciones --> <\/p>\n<div style='display: flex; flex-wrap: wrap; gap: 20px; margin-bottom: 30px;'>\n<div style='flex: 1 1 250px; border: 1px solid rgba(150&comma; 150&comma; 150&comma; 0.4); border-radius: 8px; overflow: hidden; display: flex; flex-direction: column;'>\n<div style='padding: 15px; border-bottom: 1px solid rgba(150&comma; 150&comma; 150&comma; 0.2); font-weight: bold; font-size: 18px; color: inherit;'>Especificaciones Generales<\/div>\n<div style='padding: 15px; color: inherit;'>\n<ul style='padding-left: 20px; margin: 0; font-size: 14px; list-style-type: disc;'>\n<li style='margin-bottom: 5px;'>Amplificaci\u00f3n Clase D<\/li>\n<li style='margin-bottom: 5px;'>Potencia de Salida en Baja o Alta Impedancia<\/li>\n<li style='margin-bottom: 5px;'>Baja impedancia:\n<ul style='margin: 5px 0 5px 20px;'>\n<li style='margin-bottom: 5px;'>30W x 2 @4\u03a9<\/li>\n<li style='margin-bottom: 5px;'>30W x 2 @3\u03a9 \/ 8\u03a9<\/li>\n<\/ul>\n<\/li>\n<li style='margin-bottom: 5px;'>Alta impedancia:\n<ul style='margin: 5px 0 5px 20px;'>\n<li style='margin-bottom: 5px;'>60W x 1 @70V \/ 100V<\/li>\n<\/ul>\n<\/li>\n<li style='margin-bottom: 5px;'>1 entrada de Mic Combo (XLR\/Jack) Balanceada<\/li>\n<li style='margin-bottom: 5px;'>1 entrada de Mic Euroblock Balanceada<\/li>\n<li style='margin-bottom: 5px;'>3 entradas Est\u00e9reo (1 &#8211; 3.5mm \/\/ 2 &#8211; RCA) Desbalanceadas<\/li>\n<li style='margin-bottom: 5px;'>Alimentaci\u00f3n: 100V&comma; 120V&comma; 230V &#8211; 240V&comma; 50Hz \/ 60Hz<\/li>\n<li style='margin-bottom: 5px;'>Peso: 1.8kg<\/li>\n<li style='margin-bottom: 5px;'>Dimensiones: W: 215mm&comma; H:54mm&comma; D: 288mm<\/li>\n<\/ul><\/div>\n<\/p><\/div>\n<div style='flex: 1 1 250px; border: 1px solid rgba(150&comma; 150&comma; 150&comma; 0.4); border-radius: 8px; overflow: hidden; display: flex; flex-direction: column;'>\n<div style='padding: 15px; border-bottom: 1px solid rgba(150&comma; 150&comma; 150&comma; 0.2); font-weight: bold; font-size: 18px; color: inherit;'>Caracter\u00edsticas Adicionales<\/div>\n<div style='padding: 15px; color: inherit;'>\n<ul style='padding-left: 20px; margin: 0; font-size: 14px; list-style-type: disc;'>\n<li style='margin-bottom: 5px;'>Ecualizador de fuente est\u00e9reo con funci\u00f3n de potenciador (serie MA)<\/li>\n<li style='margin-bottom: 5px;'>Entradas de est\u00e9reo y micr\u00f3fono (serie MA)<\/li>\n<li style='margin-bottom: 5px;'>Funciones DSP (Priority Ducker y Feedback Supressor)<\/li>\n<li style='margin-bottom: 5px;'>Dise\u00f1o compacto que ahorra espacio<\/li>\n<li style='margin-bottom: 5px;'>Ecualizador para un rendimiento \u00f3ptimo con los altavoces de la serie Yamaha VXC\/VXS integrados<\/li>\n<li style='margin-bottom: 5px;'>Compatible con 1 DCP para control de volumen remoto DCP1V4S<\/li>\n<li style='margin-bottom: 5px;'>Cantidad de zonas: 1 Zona<\/li>\n<\/ul>\n<p style='font-size: 14px; margin-top: 15px; color: inherit;'>*Todos los modelos son dise\u00f1os de enfriamiento natural que requieren suficiente espacio circundante para el flujo de aire.<\/p>\n<\/p><\/div>\n<\/p><\/div>\n<\/p><\/div>\n<p> <!-- Videos --> <\/p>\n<div style='display: flex; flex-wrap: wrap; gap: 30px; margin-bottom: 30px;'>\n<div style='flex: 1 1 300px; min-width: 280px;'>\n<div style='position: relative; padding-bottom: 56.25%; height: 0; overflow: hidden; margin-bottom: 30px;'>   <\/div>\n<\/p><\/div>\n<div style='flex: 1 1 300px; min-width: 280px;'>\n<div style='position: relative; padding-bottom: 56.25%; height: 0; overflow: hidden; margin-bottom: 30px;'>   <\/div>\n<\/p><\/div>\n<div style='flex: 1 1 300px; min-width: 280px;'>\n<div style='position: relative; padding-bottom: 56.25%; height: 0; overflow: hidden; margin-bottom: 30px;'>   <\/div>\n<\/p><\/div>\n<\/p><\/div>\n<\/p><\/div>\n","protected":false},"excerpt":{"rendered":"<p>Mezclador Amplificador | 2 Canales &#8211; 30w | 1 Zona | Baja y Alta Impedancia | 2 Entradas de Micr\u00f3fono | Entrada auxiliar<\/p>\n","protected":false},"featured_media":87187,"comment_status":"open","ping_status":"closed","template":"","meta":[],"product_brand":[],"product_cat":[51],"product_tag":[53,52,2128],"class_list":{"0":"post-87188","1":"product","2":"type-product","3":"status-publish","4":"has-post-thumbnail","6":"product_cat-amplificadores-70-100v","7":"product_tag-amplificadores-70-100v","8":"product_tag-audio-residencial-comercial","9":"product_tag-yamaha","11":"first","12":"instock","13":"sale","14":"shipping-taxable","15":"purchasable","16":"product-type-simple"},"_links":{"self":[{"href":"https:\/\/soydeaqui.ddns.net\/pachuca\/index.php\/wp-json\/wp\/v2\/product\/87188","targetHints":{"allow":["GET"]}}],"collection":[{"href":"https:\/\/soydeaqui.ddns.net\/pachuca\/index.php\/wp-json\/wp\/v2\/product"}],"about":[{"href":"https:\/\/soydeaqui.ddns.net\/pachuca\/index.php\/wp-json\/wp\/v2\/types\/product"}],"replies":[{"embeddable":true,"href":"https:\/\/soydeaqui.ddns.net\/pachuca\/index.php\/wp-json\/wp\/v2\/comments?post=87188"}],"wp:featuredmedia":[{"embeddable":true,"href":"https:\/\/soydeaqui.ddns.net\/pachuca\/index.php\/wp-json\/wp\/v2\/media\/87187"}],"wp:attachment":[{"href":"https:\/\/soydeaqui.ddns.net\/pachuca\/index.php\/wp-json\/wp\/v2\/media?parent=87188"}],"wp:term":[{"taxonomy":"product_brand","embeddable":true,"href":"https:\/\/soydeaqui.ddns.net\/pachuca\/index.php\/wp-json\/wp\/v2\/product_brand?post=87188"},{"taxonomy":"product_cat","embeddable":true,"href":"https:\/\/soydeaqui.ddns.net\/pachuca\/index.php\/wp-json\/wp\/v2\/product_cat?post=87188"},{"taxonomy":"product_tag","embeddable":true,"href":"https:\/\/soydeaqui.ddns.net\/pachuca\/index.php\/wp-json\/wp\/v2\/product_tag?post=87188"}],"curies":[{"name":"wp","href":"https:\/\/api.w.org\/{rel}","templated":true}]}}