{"id":87180,"date":"2026-03-19T22:55:15","date_gmt":"2026-03-19T22:55:15","guid":{"rendered":"https:\/\/soydeaqui.ddns.net\/pachuca\/index.php\/producto\/barra-de-videoconferencia-camara-4k-uhd-4-microfonos-conexion-usb-wifi-bluetooth-ideal-para-salas-pequenas\/"},"modified":"2026-03-19T22:55:33","modified_gmt":"2026-03-19T22:55:33","slug":"barra-de-videoconferencia-camara-4k-uhd-4-microfonos-conexion-usb-wifi-bluetooth-ideal-para-salas-pequenas","status":"publish","type":"product","link":"https:\/\/soydeaqui.ddns.net\/pachuca\/index.php\/producto\/barra-de-videoconferencia-camara-4k-uhd-4-microfonos-conexion-usb-wifi-bluetooth-ideal-para-salas-pequenas\/","title":{"rendered":"Barra de Videoconferencia | C\u00e1mara 4K UHD | 4 Micr\u00f3fonos | Conexi\u00f3n USB | Wifi | Bluetooth | Ideal para Salas Peque\u00f1as"},"content":{"rendered":"<div style='width: 100%; max-width: 1200px; margin: 0 auto; font-family: sans-serif; line-height: 1.6; color: inherit; background-color: transparent;'> <!-- Im\u00e1genes iniciales --> <\/p>\n<div style='width: 100%; margin-bottom: 30px;'> <img style='width: 100%; height: auto; border: 1px solid rgba(150&comma;150&comma;150&comma;0.3); border-radius: 8px; margin-bottom: 15px;' src='http:\/\/ftp3.syscom.mx\/usuarios\/cesar.garcia\/Bose\/Videobarras\/VBS\/Banner%20.png' alt=''> <img style='width: 100%; height: auto; border: 1px solid rgba(150&comma;150&comma;150&comma;0.3); border-radius: 8px; margin-bottom: 15px;' src='http:\/\/ftp3.syscom.mx\/usuarios\/cesar.garcia\/Bose\/Videobarras\/VBS\/Bannerdesc.png' alt=''> <\/div>\n<p> <!-- T\u00edtulo principal --> <\/p>\n<div style='text-align: center; margin: 30px 0;'> <span style='color: inherit; font-family: Oswald&comma; 'Lucida Grande'&comma; sans-serif; font-size: 2em; letter-spacing: 4px; opacity: 0.8; display: inline-block; padding-bottom: 10px; border-bottom: 2px solid currentColor;'>CONFIGURACI\u00d3N SENCILLA&comma; EXPERIENCIA N\u00cdTIDA<\/span> <\/div>\n<p> <!-- Secci\u00f3n de descripci\u00f3n 1 --> <\/p>\n<div style='display: flex; flex-wrap: wrap; gap: 30px; margin-bottom: 40px;'>\n<div style='flex: 1 1 300px; min-width: 280px;'>\n<p style='font-size: 15px; margin-bottom: 15px; color: inherit; opacity: 0.9;'>La Bose Videobar VB-S es un dispositivo USB todo en uno para videoconferencias compacto&comma; f\u00e1cil de instalar&comma; que ofrece capacidades de audio y video de primer nivel en entornos de reuni\u00f3n de hasta 3 \u00d7 3 metros (10 \u00d7 10 pies).<\/p>\n<p style='font-size: 15px; margin-bottom: 15px; color: inherit; opacity: 0.9;'>Con cuatro micr\u00f3fonos con direccionamiento de haz&comma; una c\u00e1mara Ultra HD 4K y el sonido caracter\u00edstico de Bose&comma; la VB-S ofrece una experiencia de reuni\u00f3n tan clara que puede captar el ambiente de la sala desde el otro lado del mundo.<\/p>\n<\/p><\/div>\n<div style='flex: 1 1 400px; min-width: 300px;'> <img style='width: 100%; height: auto; border: 1px solid rgba(150&comma;150&comma;150&comma;0.3); border-radius: 8px;' src='https:\/\/ftp3.syscom.mx\/usuarios\/cesar.garcia\/Bose\/Videobarras\/VBS\/imagengrupovbs.jpeg' alt=''> <\/div>\n<\/p><\/div>\n<p> <!-- T\u00edtulo secci\u00f3n micr\u00f3fonos --> <\/p>\n<div style='text-align: center; margin: 40px 0;'> <span style='color: inherit; font-family: Oswald&comma; 'Lucida Grande'&comma; sans-serif; font-size: 28px; letter-spacing: 4px; opacity: 0.8; display: inline-block; padding-bottom: 10px; border-bottom: 2px solid currentColor;'>SONIDO DE ACUERDO A LA SITUACI\u00d3N<\/span> <\/div>\n<p> <!-- Secci\u00f3n de micr\u00f3fonos --> <\/p>\n<div style='display: flex; flex-wrap: wrap; gap: 30px; margin-bottom: 40px;'>\n<div style='flex: 1 1 400px; min-width: 300px;'> <img style='width: 100%; height: auto; border: 1px solid rgba(150&comma;150&comma;150&comma;0.3); border-radius: 8px;' src='https:\/\/ftp3.syscom.mx\/usuarios\/cesar.garcia\/Bose\/Videobarras\/VBS\/imagenindvbs.jpeg' alt=''> <\/div>\n<div style='flex: 1 1 300px; min-width: 280px;'>\n<p style='font-size: 15px; margin-bottom: 15px; color: inherit; opacity: 0.9;'>Los cuatro micr\u00f3fonos con direccionamiento de haz hacen que la conversaci\u00f3n sea m\u00e1s natural al centrarse activamente en las voces; las zonas de exclusi\u00f3n ayudan a rechazar el sonido no deseado; y el ecualizador autom\u00e1tico ofrece un audio optimizado a todos los participantes.<\/p>\n<p style='font-size: 15px; margin-bottom: 15px; color: inherit; opacity: 0.9;'><strong>Modo grupal:<\/strong> Mantiene a la vista a todos los participantes de la sala y permite a los participantes en ubicaciones remotas ver y entender mejor la conversaci\u00f3n&comma; la pizarra&comma; el rotafolio u otros objetos de la sala.<\/p>\n<p style='font-size: 15px; margin-bottom: 15px; color: inherit; opacity: 0.9;'><strong>Modo individual:<\/strong> Enmarca y sigue de forma din\u00e1mica al presentador; es ideal para profesores&comma; contextos de capacitaci\u00f3n y mucho m\u00e1s.<\/p>\n<\/p><\/div>\n<\/p><\/div>\n<p> <!-- Im\u00e1genes banners --> <\/p>\n<div style='width: 100%; margin-bottom: 30px;'> <img style='width: 100%; height: auto; border: 1px solid rgba(150&comma;150&comma;150&comma;0.3); border-radius: 8px; margin-bottom: 15px;' src='https:\/\/ftp3.syscom.mx\/usuarios\/cesar.garcia\/Bose\/Videobarras\/VBS\/Bannercomp.png' alt=''> <img style='width: 100%; height: auto; border: 1px solid rgba(150&comma;150&comma;150&comma;0.3); border-radius: 8px; margin-bottom: 15px;' src='https:\/\/ftp3.syscom.mx\/usuarios\/cesar.garcia\/Bose\/Videobarras\/VBS\/Banner2.png' alt=''> <\/div>\n<p> <!-- Secci\u00f3n de especificaciones --> <\/p>\n<div style='display: flex; flex-wrap: wrap; gap: 30px; margin-bottom: 40px;'>\n<div style='flex: 1 1 300px; min-width: 280px;'>\n<div style='border: 1px solid rgba(150&comma; 150&comma; 150&comma; 0.4); border-radius: 8px; overflow: hidden; margin-bottom: 20px;'>\n<div style='padding: 15px; border-bottom: 1px solid rgba(150&comma; 150&comma; 150&comma; 0.2); font-weight: bold; font-size: 18px; color: inherit;'>Arreglo de altavoces<\/div>\n<div style='padding: 15px; color: inherit;'>\n<ul style='padding-left: 20px; margin: 0; font-size: 14px; list-style-type: disc;'>\n<li style='margin-bottom: 5px;'>Configuraci\u00f3n: Altavoces Mono&comma; Carcasa Reflectora<\/li>\n<li style='margin-bottom: 5px;'>Potencia del amplificador: 15 W por canal<\/li>\n<li style='margin-bottom: 5px;'>Respuesta de frecuencia (-10dB): 90 &#8211; 20&comma;000Hz<\/li>\n<li style='margin-bottom: 5px;'>SPL m\u00e1ximo a 1m: 86dB<\/li>\n<\/ul><\/div>\n<\/p><\/div>\n<div style='border: 1px solid rgba(150&comma; 150&comma; 150&comma; 0.4); border-radius: 8px; overflow: hidden; margin-bottom: 20px;'>\n<div style='padding: 15px; border-bottom: 1px solid rgba(150&comma; 150&comma; 150&comma; 0.2); font-weight: bold; font-size: 18px; color: inherit;'>Arreglo de micr\u00f3fonos<\/div>\n<div style='padding: 15px; color: inherit;'>\n<ul style='padding-left: 20px; margin: 0; font-size: 14px; list-style-type: disc;'>\n<li style='margin-bottom: 5px;'>Configuraci\u00f3n: 4 micr\u00f3fonos<\/li>\n<li style='margin-bottom: 5px;'>Respuesta de frecuencia (+-3dB): 20 &#8211; 15&comma;000Hz<\/li>\n<li style='margin-bottom: 5px;'>Rango de captaci\u00f3n: 4m<\/li>\n<li style='margin-bottom: 5px;'>Tecnolog\u00eda: Formaci\u00f3n de haz din\u00e1mico est\u00e1tico o adaptable&comma; tres zonas de exclusi\u00f3n&comma; cancelaci\u00f3n del eco ac\u00fastico (AEC) est\u00e9reo&comma; cancelaci\u00f3n de ruido digital.<\/li>\n<\/ul><\/div>\n<\/p><\/div>\n<div style='border: 1px solid rgba(150&comma; 150&comma; 150&comma; 0.4); border-radius: 8px; overflow: hidden; margin-bottom: 20px;'>\n<div style='padding: 15px; border-bottom: 1px solid rgba(150&comma; 150&comma; 150&comma; 0.2); font-weight: bold; font-size: 18px; color: inherit;'>Conexiones<\/div>\n<div style='padding: 15px; color: inherit;'>\n<ul style='padding-left: 20px; margin: 0; font-size: 14px; list-style-type: disc;'>\n<li style='margin-bottom: 5px;'>USB Type-C\u00ae para computadora host (USB 3.0 UAC&comma; UVC&comma; HID)<\/li>\n<li style='margin-bottom: 5px;'>Wi-Fi 802.11ac (inal\u00e1mbrica)<\/li>\n<li style='margin-bottom: 5px;'>Bluetooth<\/li>\n<li style='margin-bottom: 5px;'>Alimentaci\u00f3n: Fuente de alimentaci\u00f3n externa con cable de alimentaci\u00f3n localizado (incluido)<\/li>\n<\/ul><\/div>\n<\/p><\/div>\n<\/p><\/div>\n<div style='flex: 1 1 300px; min-width: 280px;'>\n<div style='border: 1px solid rgba(150&comma; 150&comma; 150&comma; 0.4); border-radius: 8px; overflow: hidden; margin-bottom: 20px;'>\n<div style='padding: 15px; border-bottom: 1px solid rgba(150&comma; 150&comma; 150&comma; 0.2); font-weight: bold; font-size: 18px; color: inherit;'>C\u00e1mara y Video<\/div>\n<div style='padding: 15px; color: inherit;'>\n<ul style='padding-left: 20px; margin: 0; font-size: 14px; list-style-type: disc;'>\n<li style='margin-bottom: 5px;'>Campo de Visi\u00f3n (FOV): 123\u00b0 diagonal \u00d7 115\u00b0 horizontal \u00d7 81\u00b0 vertical<\/li>\n<li style='margin-bottom: 5px;'>Sensor de imagen: 8 MP<\/li>\n<li style='margin-bottom: 5px;'>Distancia focal: 0.5 m<\/li>\n<li style='margin-bottom: 5px;'>Lente: Zoom digital hasta de 5x&comma; cubierta de privacidad integrada para la c\u00e1mara<\/li>\n<li style='margin-bottom: 5px;'>Posicionamiento: Dos modos de encuadre autom\u00e1tico (Grupal o Individual) o paneo&comma; inclinaci\u00f3n y zoom (PTZ) manuales con tres preajustes configurables (Inicio&comma; 1&comma; 2)<\/li>\n<li style='margin-bottom: 5px;'>Procesamiento: Balance de blancos autom\u00e1tico&comma; brillo autom\u00e1tico&comma; reducci\u00f3n de ruido digital<\/li>\n<li style='margin-bottom: 5px;'>Resoluci\u00f3n de video admitidas: UHD 2160p (4K)&comma; 1080p&comma; 720p&comma; 960 \u00d7 480&comma; 848 \u00d7 480&comma; 640 \u00d7 480&comma; 640 \u00d7 360&comma; 432 \u00d7 240 (30 fps)<\/li>\n<li style='margin-bottom: 5px;'>H.264&comma; M-JPEG<\/li>\n<\/ul><\/div>\n<\/p><\/div>\n<div style='border: 1px solid rgba(150&comma; 150&comma; 150&comma; 0.4); border-radius: 8px; overflow: hidden; margin-bottom: 20px;'>\n<div style='padding: 15px; border-bottom: 1px solid rgba(150&comma; 150&comma; 150&comma; 0.2); font-weight: bold; font-size: 18px; color: inherit;'>Software de Configuraci\u00f3n<\/div>\n<div style='padding: 15px; color: inherit;'>\n<ul style='padding-left: 20px; margin: 0; font-size: 14px; list-style-type: disc;'>\n<li style='margin-bottom: 5px;'>Software Bose Work Configuration<\/li>\n<li style='margin-bottom: 5px;'>Software Bose work Management<\/li>\n<li style='margin-bottom: 5px;'>App Bose work<\/li>\n<\/ul><\/div>\n<\/p><\/div>\n<div style='border: 1px solid rgba(150&comma; 150&comma; 150&comma; 0.4); border-radius: 8px; overflow: hidden; margin-bottom: 20px;'>\n<div style='padding: 15px; font-weight: bold; font-size: 18px; color: inherit;'>Accesorios<\/div>\n<div style='padding: 15px; color: inherit;'>\n<ul style='padding-left: 20px; margin: 0; font-size: 14px; list-style-type: disc;'>\n<li style='margin-bottom: 5px;'>Soporte de mesa y pared incluido<\/li>\n<\/ul><\/div>\n<\/p><\/div>\n<\/p><\/div>\n<\/p><\/div>\n<p> <!-- T\u00edtulo secci\u00f3n videos --> <\/p>\n<div style='text-align: center; margin: 40px 0;'> <span style='color: inherit; font-family: Oswald&comma; 'Lucida Grande'&comma; sans-serif; font-size: 28px; letter-spacing: 4px; opacity: 0.8; display: inline-block; padding-bottom: 10px; border-bottom: 2px solid currentColor;'>VIDEOS<\/span> <\/div>\n<p> <!-- Secci\u00f3n de video --> <\/p>\n<div style='margin-bottom: 40px;'>\n<div style='position: relative; padding-bottom: 56.25%; height: 0; overflow: hidden; margin-bottom: 30px;'>   <\/div>\n<\/p><\/div>\n<p> <!-- Separador final --> <\/p>\n<hr style='border: 0; border-top: 1px solid rgba(150&comma; 150&comma; 150&comma; 0.3); margin: 30px 0;'> <\/div>\n","protected":false},"excerpt":{"rendered":"<p>Barra de Videoconferencia | C\u00e1mara 4K UHD | 4 Micr\u00f3fonos | Conexi\u00f3n USB | Wifi | Bluetooth | Ideal para Salas Peque\u00f1as<\/p>\n","protected":false},"featured_media":87179,"comment_status":"open","ping_status":"closed","template":"","meta":[],"product_brand":[],"product_cat":[2048],"product_tag":[2049,2177,2004],"class_list":{"0":"post-87180","1":"product","2":"type-product","3":"status-publish","4":"has-post-thumbnail","6":"product_cat-audio-video-conferencia","7":"product_tag-audio-video-conferencia","8":"product_tag-bose-professional","9":"product_tag-voip-telefonia-ip-videoconferencia","11":"first","12":"outofstock","13":"sale","14":"shipping-taxable","15":"purchasable","16":"product-type-simple"},"_links":{"self":[{"href":"https:\/\/soydeaqui.ddns.net\/pachuca\/index.php\/wp-json\/wp\/v2\/product\/87180","targetHints":{"allow":["GET"]}}],"collection":[{"href":"https:\/\/soydeaqui.ddns.net\/pachuca\/index.php\/wp-json\/wp\/v2\/product"}],"about":[{"href":"https:\/\/soydeaqui.ddns.net\/pachuca\/index.php\/wp-json\/wp\/v2\/types\/product"}],"replies":[{"embeddable":true,"href":"https:\/\/soydeaqui.ddns.net\/pachuca\/index.php\/wp-json\/wp\/v2\/comments?post=87180"}],"wp:featuredmedia":[{"embeddable":true,"href":"https:\/\/soydeaqui.ddns.net\/pachuca\/index.php\/wp-json\/wp\/v2\/media\/87179"}],"wp:attachment":[{"href":"https:\/\/soydeaqui.ddns.net\/pachuca\/index.php\/wp-json\/wp\/v2\/media?parent=87180"}],"wp:term":[{"taxonomy":"product_brand","embeddable":true,"href":"https:\/\/soydeaqui.ddns.net\/pachuca\/index.php\/wp-json\/wp\/v2\/product_brand?post=87180"},{"taxonomy":"product_cat","embeddable":true,"href":"https:\/\/soydeaqui.ddns.net\/pachuca\/index.php\/wp-json\/wp\/v2\/product_cat?post=87180"},{"taxonomy":"product_tag","embeddable":true,"href":"https:\/\/soydeaqui.ddns.net\/pachuca\/index.php\/wp-json\/wp\/v2\/product_tag?post=87180"}],"curies":[{"name":"wp","href":"https:\/\/api.w.org\/{rel}","templated":true}]}}