{"id":87167,"date":"2026-03-19T22:54:42","date_gmt":"2026-03-19T22:54:42","guid":{"rendered":"https:\/\/soydeaqui.ddns.net\/pachuca\/index.php\/producto\/router-lte-profesional-4-puertos-ethernet-rs232-rs485-wifi-802-11b-g-n-interface-amigable-bandas-b1-b2-b3-b4-b5-b7-b8-b28-2\/"},"modified":"2026-03-19T22:54:54","modified_gmt":"2026-03-19T22:54:54","slug":"router-lte-profesional-4-puertos-ethernet-rs232-rs485-wifi-802-11b-g-n-interface-amigable-bandas-b1-b2-b3-b4-b5-b7-b8-b28-2","status":"publish","type":"product","link":"https:\/\/soydeaqui.ddns.net\/pachuca\/index.php\/producto\/router-lte-profesional-4-puertos-ethernet-rs232-rs485-wifi-802-11b-g-n-interface-amigable-bandas-b1-b2-b3-b4-b5-b7-b8-b28-2\/","title":{"rendered":"Router LTE Profesional, 4 Puertos Ethernet, RS232, RS485, WiFi 802.11b\/g\/n, Interface Amigable, Bandas B1, B2, B3, B4, B5, B7, B8, B28"},"content":{"rendered":"<div style='width: 100%; max-width: 1200px; margin: 0 auto; font-family: sans-serif; line-height: 1.6; color: inherit; background-color: transparent;'>\n<div style='width: 100%; margin-bottom: 30px;'><\/div>\n<div style='width: 100%; margin-bottom: 30px;'>\n<h3 style='font-size: 24px; text-align: center; color: inherit; margin: 0 0 20px 0;'>Router Industrial LTE 4G<\/h3>\n<p style='font-size: 16px; margin: 0 70px 20px 70px; color: inherit;'>RUT956 es un router industrial LTE Cat 4 altamente confiable que ofrece un alto rendimiento y capacidades de ubicaci\u00f3n GNSS.<\/p>\n<p style='font-size: 16px; margin: 0 70px 20px 70px; color: inherit;'>Las interfaces Ethernet&comma; Digital y Analog I\/O&comma; RS232&comma; RS485&comma; GNSS (GPS)&comma; permiten una incre\u00edble variedad de escenarios de aplicaciones industriales.<\/p>\n<p style='font-size: 16px; margin: 0 70px 20px 70px; color: inherit;'>Est\u00e1 equipado con redundancia de conectividad a trav\u00e9s de la conmutaci\u00f3n por error de doble SIM.<\/p>\n<p style='font-size: 16px; margin: 0 70px 0 70px; color: inherit;'>Viene con RutOS&comma; que est\u00e1 repleto de funciones de software avanzadas&comma; como Modbus&comma; SNMP&comma; TR-069&comma; NTRIP&comma; MQTT y m\u00faltiples servicios VPN.<\/p>\n<\/p><\/div>\n<h2 style='font-size: 26px; color: inherit; margin: 30px 0 20px 0; border-bottom: 2px solid currentColor; padding-bottom: 5px; opacity: 0.8;'>Caracter\u00edsticas<\/h2>\n<div style='display: flex; flex-wrap: wrap; gap: 30px; margin-bottom: 30px;'>\n<div style='flex: 1 1 300px; min-width: 280px;'>\n<div style='border: 1px solid rgba(150&comma; 150&comma; 150&comma; 0.4); border-radius: 8px; overflow: hidden;'>\n<div style='background-color: #3598db; padding: 15px; font-weight: bold; color: white;'>Generales<\/div>\n<ul style='padding: 15px 20px; font-size: 15px; color: inherit; list-style-type: disc; margin: 0;'>\n<li style='margin-bottom: 8px;'>Administraci\u00f3n Remota por RMS<\/li>\n<li style='margin-bottom: 8px;'>Construcci\u00f3n robusta en carcasa de aluminio\/plastico con opci\u00f3n de montaje en riel DIN.<\/li>\n<li style='margin-bottom: 8px;'>Gran rango de operaci\u00f3n en ambientes extremos.<\/li>\n<li style='margin-bottom: 8px;'>Tama\u00f1o compacto.<\/li>\n<\/ul><\/div>\n<\/p><\/div>\n<div style='flex: 1 1 300px; min-width: 280px;'>\n<div style='border: 1px solid rgba(150&comma; 150&comma; 150&comma; 0.4); border-radius: 8px; overflow: hidden;'>\n<div style='background-color: #3598db; padding: 15px; font-weight: bold; color: white;'>Conectividad<\/div>\n<ul style='padding: 15px 20px; font-size: 15px; color: inherit; list-style-type: disc; margin: 0;'>\n<li style='margin-bottom: 8px;'>4G (LTE) Cat 4 &#8211; hasta 150 Mbps&comma; 2 SIM (Mini SIM &#8211; 2FF) Failover<\/li>\n<li style='margin-bottom: 8px;'>WiFi 2.4 GHz (b\/g\/n) &#8211; Access Point (AP) &#8211; Station (STA)&comma; 2 RP-SMA<\/li>\n<li style='margin-bottom: 8px;'>Ethernet 4 puertos RJ45&comma; 10\/100 Mbps (1 WAN&comma; 3 LAN)<\/li>\n<\/ul>\n<div style='padding: 15px 20px; margin-top: 15px; border-top: 1px solid rgba(150&comma; 150&comma; 150&comma; 0.3);'>\n<div style='font-weight: bold; color: inherit; margin-bottom: 10px;'>Hardware<\/div>\n<ul style='padding-left: 20px; font-size: 15px; color: inherit; list-style-type: disc; margin: 0;'>\n<li style='margin-bottom: 8px;'>CPU: 550 MHz<\/li>\n<li style='margin-bottom: 8px;'>RAM: 128 MB<\/li>\n<\/ul><\/div>\n<\/p><\/div>\n<\/p><\/div>\n<div style='flex: 1 1 300px; min-width: 280px;'>\n<div style='border: 1px solid rgba(150&comma; 150&comma; 150&comma; 0.4); border-radius: 8px; overflow: hidden;'>\n<div style='background-color: #3598db; padding: 15px; font-weight: bold; color: white;'>Electricas y Fisicas<\/div>\n<ul style='padding: 15px 20px; font-size: 15px; color: inherit; list-style-type: disc; margin: 0;'>\n<li style='margin-bottom: 8px;'>Alimentaci\u00f3n: 9 &#8211; 30 Vcc<\/li>\n<li style='margin-bottom: 8px;'>Consumo: 7 W<\/li>\n<li style='margin-bottom: 8px;'>Peso: 280 g<\/li>\n<li style='margin-bottom: 8px;'>Dimensiones: 110x50x100 mm (An x Al x Pr)<\/li>\n<li style='margin-bottom: 8px;'>Temperatura de Operaci\u00f3n: -40 a 75\u00ba C<\/li>\n<li style='margin-bottom: 8px;'>Protecci\u00f3n: IP30<\/li>\n<\/ul><\/div>\n<\/p><\/div>\n<\/p><\/div>\n<div style='margin: 40px 0;'>\n<h3 style='font-size: 22px; color: inherit; margin: 0 0 20px 0; opacity: 0.8;'>Remote Management System RMS<\/h3>\n<div style='display: flex; flex-wrap: wrap; gap: 30px;'>\n<div style='flex: 1 1 400px; min-width: 300px;'>\n<div style='position: relative; padding-bottom: 56.25%; height: 0; overflow: hidden; border: 1px solid rgba(150&comma;150&comma;150&comma;0.3); border-radius: 8px;'>   <\/div>\n<\/p><\/div>\n<div style='flex: 1 1 400px; min-width: 300px;'>\n<div style='position: relative; padding-bottom: 56.25%; height: 0; overflow: hidden; border: 1px solid rgba(150&comma;150&comma;150&comma;0.3); border-radius: 8px;'>   <\/div>\n<\/p><\/div>\n<\/p><\/div>\n<\/p><\/div>\n<\/p><\/div>\n","protected":false},"excerpt":{"rendered":"<p>Router LTE Profesional, 4 Puertos Ethernet, RS232, RS485, WiFi 802.11b\/g\/n, Interface Amigable, Bandas B1, B2, B3, B4, B5, B7, B8, B28<\/p>\n","protected":false},"featured_media":87166,"comment_status":"open","ping_status":"closed","template":"","meta":[],"product_brand":[],"product_cat":[1984],"product_tag":[1985,664,1430],"class_list":{"0":"post-87167","1":"product","2":"type-product","3":"status-publish","4":"has-post-thumbnail","6":"product_cat-industrial","7":"product_tag-industrial","8":"product_tag-networking","9":"product_tag-teltonika","11":"first","12":"instock","13":"sale","14":"shipping-taxable","15":"purchasable","16":"product-type-simple"},"_links":{"self":[{"href":"https:\/\/soydeaqui.ddns.net\/pachuca\/index.php\/wp-json\/wp\/v2\/product\/87167","targetHints":{"allow":["GET"]}}],"collection":[{"href":"https:\/\/soydeaqui.ddns.net\/pachuca\/index.php\/wp-json\/wp\/v2\/product"}],"about":[{"href":"https:\/\/soydeaqui.ddns.net\/pachuca\/index.php\/wp-json\/wp\/v2\/types\/product"}],"replies":[{"embeddable":true,"href":"https:\/\/soydeaqui.ddns.net\/pachuca\/index.php\/wp-json\/wp\/v2\/comments?post=87167"}],"wp:featuredmedia":[{"embeddable":true,"href":"https:\/\/soydeaqui.ddns.net\/pachuca\/index.php\/wp-json\/wp\/v2\/media\/87166"}],"wp:attachment":[{"href":"https:\/\/soydeaqui.ddns.net\/pachuca\/index.php\/wp-json\/wp\/v2\/media?parent=87167"}],"wp:term":[{"taxonomy":"product_brand","embeddable":true,"href":"https:\/\/soydeaqui.ddns.net\/pachuca\/index.php\/wp-json\/wp\/v2\/product_brand?post=87167"},{"taxonomy":"product_cat","embeddable":true,"href":"https:\/\/soydeaqui.ddns.net\/pachuca\/index.php\/wp-json\/wp\/v2\/product_cat?post=87167"},{"taxonomy":"product_tag","embeddable":true,"href":"https:\/\/soydeaqui.ddns.net\/pachuca\/index.php\/wp-json\/wp\/v2\/product_tag?post=87167"}],"curies":[{"name":"wp","href":"https:\/\/api.w.org\/{rel}","templated":true}]}}