{"id":87142,"date":"2026-03-19T22:53:31","date_gmt":"2026-03-19T22:53:31","guid":{"rendered":"https:\/\/soydeaqui.ddns.net\/pachuca\/index.php\/producto\/rb5009uprsout-8-puertos-poe-in-out-1-sfp-solo-routeros-v7-para-exterior\/"},"modified":"2026-03-19T22:53:50","modified_gmt":"2026-03-19T22:53:50","slug":"rb5009uprsout-8-puertos-poe-in-out-1-sfp-solo-routeros-v7-para-exterior","status":"publish","type":"product","link":"https:\/\/soydeaqui.ddns.net\/pachuca\/index.php\/producto\/rb5009uprsout-8-puertos-poe-in-out-1-sfp-solo-routeros-v7-para-exterior\/","title":{"rendered":"RB5009UPr+S+OUT 8 puertos PoE in\/out, 1 SFP+, Solo RouterOS v7 para Exterior"},"content":{"rendered":"<div style='width: 100%; max-width: 1200px; margin: 0 auto; font-family: sans-serif; line-height: 1.6; color: inherit;'> <!-- Secci\u00f3n de caracter\u00edsticas --> <\/p>\n<div style='display: flex; flex-wrap: wrap; gap: 30px; margin-bottom: 30px;'>\n<div style='flex: 1 1 300px; min-width: 280px;'>\n<h3 style='font-size: 22px; border-bottom: 2px solid currentColor; padding-bottom: 5px; margin-top: 0; color: inherit; opacity: 0.8;'>Caracter\u00edsticas principales<\/h3>\n<ul style='padding-left: 20px; font-size: 15px; color: inherit;'>\n<li style='margin-bottom: 5px;'>F\u00e1cil de implementar<\/li>\n<li style='margin-bottom: 5px;'>Funciona bien en CUALQUIER clima<\/li>\n<li style='margin-bottom: 5px;'>Proporciona una amplia redundancia de energ\u00eda<\/li>\n<li style='margin-bottom: 5px;'>Se puede conectar a trav\u00e9s de las interfaces de red m\u00e1s comunes<\/li>\n<li style='margin-bottom: 5px;'>Tiene una CPU lo suficientemente fuerte como para aprovechar al m\u00e1ximo las m\u00e1s potentes<\/li>\n<li style='margin-bottom: 5px;'>Software de red en el mundo &#8211; RouterOS v7<\/li>\n<li style='margin-bottom: 5px;'>No cuesta una fortuna<\/li>\n<\/ul><\/div>\n<\/p><\/div>\n<p> <!-- Secci\u00f3n de descripci\u00f3n --> <\/p>\n<div style='display: flex; flex-wrap: wrap; gap: 30px; margin-bottom: 30px;'>\n<div style='flex: 1 1 300px; min-width: 280px;'>\n<p style='font-size: 15px; color: inherit;'>La adici\u00f3n de una carcasa impermeable con clasificaci\u00f3n IP66 a la serie RB5009 nos permiti\u00f3 cumplir con todos los requisitos. El RB5009UPr+S+OUT es una soluci\u00f3n compacta y rentable que revolucionar\u00e1 las configuraciones de su torre de red. Est\u00e1 obteniendo uno de los dispositivos de red al aire libre m\u00e1s potentes al mejor precio del mercado.<\/p>\n<\/p><\/div>\n<\/p><\/div>\n<p> <!-- Secci\u00f3n de detalles t\u00e9cnicos --> <\/p>\n<div style='display: flex; flex-wrap: wrap; gap: 30px; margin-bottom: 30px;'>\n<div style='flex: 1 1 300px; min-width: 280px;'>\n<p style='font-size: 15px; color: inherit;'>Al igual que la versi\u00f3n interior&comma; este RB5009 tiene 7 puertos Gigabit Ethernet&comma; un puerto 2.5 Gigabit Ethernet&comma; una jaula 10G SFP+ y un puerto USB3 de tama\u00f1o completo.<\/p>\n<\/p><\/div>\n<\/p><\/div>\n<p> <!-- Secci\u00f3n de redundancia de potencia --> <\/p>\n<div style='display: flex; flex-wrap: wrap; gap: 30px; margin-bottom: 30px;'>\n<div style='flex: 1 1 300px; min-width: 280px;'>\n<h3 style='font-size: 20px; border-bottom: 2px solid currentColor; padding-bottom: 5px; margin-top: 0; color: inherit; opacity: 0.8;'>Redundancia de energ\u00eda<\/h3>\n<p style='font-size: 15px; color: inherit;'>Cuando decimos &#8216;redundancia de potencia de gran extensi\u00f3n&#8217;&comma; realmente lo decimos en serio: la unidad ofrece 9 formas posibles de alimentaci\u00f3n. Hay un conector de alimentaci\u00f3n de 2 pines en la parte delantera&comma; as\u00ed como entrada y salida PoE en los ocho puertos Ethernet. La placa puede usar cualquiera de estas fuentes para alimentarse&comma; eligiendo la que tenga el voltaje m\u00e1s alto cuando hay varias fuentes disponibles. El RB5009 tarda hasta 21 W en alimentarse. Si est\u00e1 utilizando PoE-in&comma; la placa permanecer\u00e1 encendida incluso si 8 de sus 9 fuentes de energ\u00eda se apaguen repentinamente. \u00a1Redundancia sin precedentes!<\/p>\n<\/p><\/div>\n<\/p><\/div>\n<p> <!-- Secci\u00f3n de alimentaci\u00f3n --> <\/p>\n<div style='display: flex; flex-wrap: wrap; gap: 30px; margin-bottom: 30px;'>\n<div style='flex: 1 1 300px; min-width: 280px;'>\n<h3 style='font-size: 20px; border-bottom: 2px solid currentColor; padding-bottom: 5px; margin-top: 0; color: inherit; opacity: 0.8;'>Alimentaci\u00f3n<\/h3>\n<p style='font-size: 15px; color: inherit;'>Todas las opciones de alimentaci\u00f3n admiten un amplio rango de voltaje de 24 a 57 V. Sin embargo&comma; no se pueden mezclar los voltajes.<\/p>\n<p style='font-size: 15px; color: inherit;'>Cada puerto de salida PoE puede suministrar hasta 25 W de potencia. Todos los puertos combinados est\u00e1n limitados a 130 W&comma; lo que deber\u00eda ser suficiente para la mayor\u00eda de las configuraciones. Puede especificar la m\u00e1xima potencia disponible de sus fuentes de energ\u00eda manualmente&comma; si es necesario. Si est\u00e1 utilizando la salida PoE para alimentar otros dispositivos&comma; tiene que proporcionar energ\u00eda a trav\u00e9s del conector de 2 pines para alimentarlos.<\/p>\n<p style='font-size: 15px; color: inherit;'>Este producto tambi\u00e9n cuenta con una salida PoE de un solo voltaje: puede ser compatible con 802.3at\/af O con una salida PoE de bajo voltaje. Eso est\u00e1 determinado por el voltaje en el conector de 2 pines&comma; ya que no se realiza ninguna conversi\u00f3n de voltaje en esta placa.<\/p>\n<\/p><\/div>\n<\/p><\/div>\n<p> <!-- Secci\u00f3n de rendimiento --> <\/p>\n<div style='display: flex; flex-wrap: wrap; gap: 30px; margin-bottom: 30px;'>\n<div style='flex: 1 1 300px; min-width: 280px;'>\n<h3 style='font-size: 20px; border-bottom: 2px solid currentColor; padding-bottom: 5px; margin-top: 0; color: inherit; opacity: 0.8;'>Rendimiento<\/h3>\n<p style='font-size: 15px; color: inherit;'>Este enrutador puede hacerlo todo: terminaci\u00f3n PPPoE&comma; DHCP a los clientes&comma; cola local&comma; MPLS Push\/Pop\/Swap y reenv\u00edo MPLS&comma; terminaci\u00f3n VPLS\/VXLAN&comma; puente de hardware&comma; \u00a1y mucho m\u00e1s!<\/p>\n<\/p><\/div>\n<\/p><\/div>\n<p> <!-- Secci\u00f3n de especificaciones --> <\/p>\n<div style='display: flex; flex-wrap: wrap; gap: 20px; margin-bottom: 30px;'>\n<div style='flex: 1 1 250px; border: 1px solid rgba(150&comma; 150&comma; 150&comma; 0.4); border-radius: 8px; overflow: hidden; display: flex; flex-direction: column;'>\n<div style='padding: 15px; border-bottom: 1px solid rgba(150&comma; 150&comma; 150&comma; 0.2); font-weight: bold; font-size: 18px; color: inherit;'>Especificaciones<\/div>\n<div style='padding: 15px; color: inherit;'>\n<ul style='padding-left: 20px; margin: 0; font-size: 14px; list-style-type: disc;'>\n<li style='margin-bottom: 5px;'><strong>C\u00f3digo de producto:<\/strong> RB5009UPr+S+OUT<\/li>\n<li style='margin-bottom: 5px;'><strong>Arquitectura:<\/strong> ARM 64 bits<\/li>\n<li style='margin-bottom: 5px;'><strong>CPU:<\/strong> 88F7040<\/li>\n<li style='margin-bottom: 5px;'><strong>N\u00facleos de CPU:<\/strong> 4<\/li>\n<li style='margin-bottom: 5px;'><strong>Frecuencia CPU:<\/strong> 350-1400 (auto) MHz<\/li>\n<li style='margin-bottom: 5px;'><strong>Chip de cambio:<\/strong> 88E6393<\/li>\n<li style='margin-bottom: 5px;'><strong>Licencia RouterOS:<\/strong> 5<\/li>\n<li style='margin-bottom: 10px;'><strong>Sistema operativo:<\/strong> RouterOS v7<\/li>\n<li style='margin-bottom: 5px;'><strong>Memoria RAM:<\/strong> 1 GB<\/li>\n<li style='margin-bottom: 5px;'><strong>Almacenamiento:<\/strong> 1 GB<\/li>\n<li style='margin-bottom: 5px;'><strong>Tipo de almacenamiento:<\/strong> NAND<\/li>\n<li style='margin-bottom: 5px;'><strong>MTBF:<\/strong> Aproximadamente 200.000 horas a 25C<\/li>\n<li style='margin-bottom: 5px;'><strong>Temperatura operativa:<\/strong> -40 \u00b0C a 70 \u00b0C<\/li>\n<li style='margin-bottom: 5px;'><strong>Aceleraci\u00f3n IPsec:<\/strong> S\u00ed<\/li>\n<\/ul><\/div>\n<\/p><\/div>\n<div style='flex: 1 1 250px; border: 1px solid rgba(150&comma; 150&comma; 150&comma; 0.4); border-radius: 8px; overflow: hidden; display: flex; flex-direction: column;'>\n<div style='padding: 15px; border-bottom: 1px solid rgba(150&comma; 150&comma; 150&comma; 0.2); font-weight: bold; font-size: 18px; color: inherit;'>Alimentaci\u00f3n<\/div>\n<div style='padding: 15px; color: inherit;'>\n<ul style='padding-left: 20px; margin: 0; font-size: 14px; list-style-type: disc;'>\n<li style='margin-bottom: 5px;'><strong>Entradas CC:<\/strong> 2 (PoE-IN&comma; terminal 2 pines)<\/li>\n<li style='margin-bottom: 5px;'><strong>Voltaje entrada:<\/strong> 24-57 V<\/li>\n<li style='margin-bottom: 5px;'><strong>Consumo m\u00e1ximo:<\/strong> 150 W<\/li>\n<li style='margin-bottom: 5px;'><strong>Consumo sin accesorios:<\/strong> 15 W<\/li>\n<li style='margin-bottom: 5px;'><strong>Refrigeraci\u00f3n:<\/strong> Pasivo<\/li>\n<li style='margin-bottom: 5px;'><strong>PoE en:<\/strong> 802.3af\/at<\/li>\n<li style='margin-bottom: 5px;'><strong>Voltaje PoE en:<\/strong> 24-57 V<\/li>\n<\/ul><\/div>\n<\/p><\/div>\n<div style='flex: 1 1 250px; border: 1px solid rgba(150&comma; 150&comma; 150&comma; 0.4); border-radius: 8px; overflow: hidden; display: flex; flex-direction: column;'>\n<div style='padding: 15px; border-bottom: 1px solid rgba(150&comma; 150&comma; 150&comma; 0.2); font-weight: bold; font-size: 18px; color: inherit;'>Salida PoE<\/div>\n<div style='padding: 15px; color: inherit;'>\n<ul style='padding-left: 20px; margin: 0; font-size: 14px; list-style-type: disc;'>\n<li style='margin-bottom: 5px;'><strong>Puertos salida PoE:<\/strong> Ether1-Ether8<\/li>\n<li style='margin-bottom: 5px;'><strong>Est\u00e1ndar PoE:<\/strong> 802.3af\/at<\/li>\n<li style='margin-bottom: 5px;'><strong>Salida m\u00e1x. por puerto (18-30 V):<\/strong> 620 mA<\/li>\n<li style='margin-bottom: 5px;'><strong>Salida m\u00e1x. por puerto (30-57 V):<\/strong> 420 mA<\/li>\n<li style='margin-bottom: 5px;'><strong>Total m\u00e1x. salida:<\/strong> 2.59 A<\/li>\n<li style='margin-bottom: 5px;'><strong>Corriente salida total:<\/strong> 2.28 A<\/li>\n<li style='margin-bottom: 5px;'><strong>Potencia salida total:<\/strong> 120 W<\/li>\n<\/ul><\/div>\n<\/p><\/div>\n<div style='flex: 1 1 250px; border: 1px solid rgba(150&comma; 150&comma; 150&comma; 0.4); border-radius: 8px; overflow: hidden; display: flex; flex-direction: column;'>\n<div style='padding: 15px; border-bottom: 1px solid rgba(150&comma; 150&comma; 150&comma; 0.2); font-weight: bold; font-size: 18px; color: inherit;'>Ethernet<\/div>\n<div style='padding: 15px; color: inherit;'>\n<ul style='padding-left: 20px; margin: 0; font-size: 14px; list-style-type: disc;'>\n<li style='margin-bottom: 5px;'><strong>Puertos Ethernet 10\/100\/1000:<\/strong> 7<\/li>\n<li style='margin-bottom: 5px;'><strong>Puertos Ethernet 1G con PoE-in:<\/strong> 7<\/li>\n<li style='margin-bottom: 5px;'><strong>Puertos Ethernet 2.5G:<\/strong> 1<\/li>\n<li style='margin-bottom: 5px;'><strong>Puertos Ethernet 2.5G con salida PoE:<\/strong> 1<\/li>\n<\/ul><\/div>\n<\/p><\/div>\n<div style='flex: 1 1 250px; border: 1px solid rgba(150&comma; 150&comma; 150&comma; 0.4); border-radius: 8px; overflow: hidden; display: flex; flex-direction: column;'>\n<div style='padding: 15px; border-bottom: 1px solid rgba(150&comma; 150&comma; 150&comma; 0.2); font-weight: bold; font-size: 18px; color: inherit;'>Fibra<\/div>\n<div style='padding: 15px; color: inherit;'>\n<ul style='padding-left: 20px; margin: 0; font-size: 14px; list-style-type: disc;'>\n<li style='margin-bottom: 5px;'><strong>Puertos SFP+:<\/strong> 1<\/li>\n<\/ul><\/div>\n<\/p><\/div>\n<div style='flex: 1 1 250px; border: 1px solid rgba(150&comma; 150&comma; 150&comma; 0.4); border-radius: 8px; overflow: hidden; display: flex; flex-direction: column;'>\n<div style='padding: 15px; border-bottom: 1px solid rgba(150&comma; 150&comma; 150&comma; 0.2); font-weight: bold; font-size: 18px; color: inherit;'>Perif\u00e9ricos<\/div>\n<div style='padding: 15px; color: inherit;'>\n<ul style='padding-left: 20px; margin: 0; font-size: 14px; list-style-type: disc;'>\n<li style='margin-bottom: 5px;'><strong>Puertos USB:<\/strong> 1<\/li>\n<li style='margin-bottom: 5px;'><strong>Restablecimiento USB:<\/strong> S\u00ed<\/li>\n<li style='margin-bottom: 5px;'><strong>Tipo USB:<\/strong> USB 3.0 tipo A<\/li>\n<li style='margin-bottom: 5px;'><strong>Corriente USB:<\/strong> 1.5 A<\/li>\n<\/ul><\/div>\n<\/p><\/div>\n<div style='flex: 1 1 250px; border: 1px solid rgba(150&comma; 150&comma; 150&comma; 0.4); border-radius: 8px; overflow: hidden; display: flex; flex-direction: column;'>\n<div style='padding: 15px; border-bottom: 1px solid rgba(150&comma; 150&comma; 150&comma; 0.2); font-weight: bold; font-size: 18px; color: inherit;'>Monitores<\/div>\n<div style='padding: 15px; color: inherit;'>\n<ul style='padding-left: 20px; margin: 0; font-size: 14px; list-style-type: disc;'>\n<li style='margin-bottom: 5px;'><strong>Monitor CPU:<\/strong> S\u00ed<\/li>\n<li style='margin-bottom: 5px;'><strong>Monitor corriente:<\/strong> S\u00ed<\/li>\n<li style='margin-bottom: 5px;'><strong>Monitor PCB:<\/strong> S\u00ed<\/li>\n<li style='margin-bottom: 5px;'><strong>Monitor voltaje:<\/strong> S\u00ed<\/li>\n<\/ul><\/div>\n<\/p><\/div>\n<div style='flex: 1 1 250px; border: 1px solid rgba(150&comma; 150&comma; 150&comma; 0.4); border-radius: 8px; overflow: hidden; display: flex; flex-direction: column;'>\n<div style='padding: 15px; border-bottom: 1px solid rgba(150&comma; 150&comma; 150&comma; 0.2); font-weight: bold; font-size: 18px; color: inherit;'>Certificaciones<\/div>\n<div style='padding: 15px; color: inherit;'>\n<ul style='padding-left: 20px; margin: 0; font-size: 14px; list-style-type: disc;'>\n<li style='margin-bottom: 5px;'><strong>Certificaciones:<\/strong> CE&comma; EAC&comma; ROHS<\/li>\n<li style='margin-bottom: 5px;'><strong>Clasificaci\u00f3n IP:<\/strong> 66<\/li>\n<\/ul><\/div>\n<\/p><\/div>\n<\/p><\/div>\n<p> <!-- Secci\u00f3n de piezas incluidas --> <\/p>\n<div style='display: flex; flex-wrap: wrap; gap: 20px; margin-bottom: 30px;'>\n<div style='flex: 1 1 300px; min-width: 280px;'>\n<h3 style='font-size: 20px; border-bottom: 2px solid currentColor; padding-bottom: 5px; margin-top: 0; color: inherit; opacity: 0.8;'>Piezas incluidas<\/h3>\n<div style='display: grid; grid-template-columns: repeat(auto-fill&comma; minmax(130px&comma; 1fr)); gap: 15px; padding-top: 15px;'>\n<div style='text-align: center;'> <img style='width: 100%; height: auto; border: 1px solid rgba(150&comma;150&comma;150&comma;0.3); border-radius: 8px;' src='https:\/\/i.mt.lv\/cdn\/rb_images\/part1021582186477s.jpg' alt='Abrazadera de manguera'> <\/p>\n<p style='font-size: 13px; margin-top: 5px; color: inherit;'>Abrazadera de manguera<\/p>\n<\/p><\/div>\n<div style='text-align: center;'> <img style='width: 100%; height: auto; border: 1px solid rgba(150&comma;150&comma;150&comma;0.3); border-radius: 8px;' src='https:\/\/i.mt.lv\/cdn\/rb_images\/part721600762945s.jpg' alt='Juego de sujeci\u00f3n K-41'> <\/p>\n<p style='font-size: 13px; margin-top: 5px; color: inherit;'>Juego de sujeci\u00f3n K-41<\/p>\n<\/p><\/div>\n<div style='text-align: center;'> <img style='width: 100%; height: auto; border: 1px solid rgba(150&comma;150&comma;150&comma;0.3); border-radius: 8px;' src='https:\/\/i.mt.lv\/cdn\/rb_images\/part1661689594976s.jpg' alt='Juego de sujeci\u00f3n K-85'> <\/p>\n<p style='font-size: 13px; margin-top: 5px; color: inherit;'>Juego de sujeci\u00f3n K-85<\/p>\n<\/p><\/div>\n<\/p><\/div>\n<\/p><\/div>\n<\/p><\/div>\n<p> <!-- Secci\u00f3n de informaci\u00f3n adicional --> <\/p>\n<div style='display: flex; flex-wrap: wrap; gap: 30px; margin-bottom: 30px;'>\n<div style='flex: 1 1 300px; min-width: 280px;'>\n<p style='font-size: 15px; color: inherit;'><em>El dispositivo tiene un sistema operativo preinstalado y con licencia. No es necesaria una compra por separado y el producto est\u00e1 listo para usar. El dispositivo incluye actualizaciones de software gratuitas durante la vida \u00fatil del producto o un m\u00ednimo de 5 a\u00f1os a partir de la fecha de compra.<\/em><\/p>\n<\/p><\/div>\n<\/p><\/div>\n<p> <!-- Separador final --> <\/p>\n<hr style='border: 0; border-top: 1px solid rgba(150&comma; 150&comma; 150&comma; 0.3); margin: 30px 0;'> <\/div>\n","protected":false},"excerpt":{"rendered":"<p>RB5009UPr+S+OUT 8 puertos PoE in\/out, 1 SFP+, Solo RouterOS v7 para Exterior<\/p>\n","protected":false},"featured_media":87141,"comment_status":"open","ping_status":"closed","template":"","meta":[],"product_brand":[],"product_cat":[2036,2035,2034],"product_tag":[2039,2038,643,664,2037],"class_list":{"0":"post-87142","1":"product","2":"type-product","3":"status-publish","4":"has-post-thumbnail","6":"product_cat-balanceadores","7":"product_cat-firewalls","8":"product_cat-routers","9":"product_tag-balanceadores","10":"product_tag-firewalls","11":"product_tag-mikrotik","12":"product_tag-networking","13":"product_tag-routers","15":"first","16":"instock","17":"sale","18":"shipping-taxable","19":"purchasable","20":"product-type-simple"},"_links":{"self":[{"href":"https:\/\/soydeaqui.ddns.net\/pachuca\/index.php\/wp-json\/wp\/v2\/product\/87142","targetHints":{"allow":["GET"]}}],"collection":[{"href":"https:\/\/soydeaqui.ddns.net\/pachuca\/index.php\/wp-json\/wp\/v2\/product"}],"about":[{"href":"https:\/\/soydeaqui.ddns.net\/pachuca\/index.php\/wp-json\/wp\/v2\/types\/product"}],"replies":[{"embeddable":true,"href":"https:\/\/soydeaqui.ddns.net\/pachuca\/index.php\/wp-json\/wp\/v2\/comments?post=87142"}],"wp:featuredmedia":[{"embeddable":true,"href":"https:\/\/soydeaqui.ddns.net\/pachuca\/index.php\/wp-json\/wp\/v2\/media\/87141"}],"wp:attachment":[{"href":"https:\/\/soydeaqui.ddns.net\/pachuca\/index.php\/wp-json\/wp\/v2\/media?parent=87142"}],"wp:term":[{"taxonomy":"product_brand","embeddable":true,"href":"https:\/\/soydeaqui.ddns.net\/pachuca\/index.php\/wp-json\/wp\/v2\/product_brand?post=87142"},{"taxonomy":"product_cat","embeddable":true,"href":"https:\/\/soydeaqui.ddns.net\/pachuca\/index.php\/wp-json\/wp\/v2\/product_cat?post=87142"},{"taxonomy":"product_tag","embeddable":true,"href":"https:\/\/soydeaqui.ddns.net\/pachuca\/index.php\/wp-json\/wp\/v2\/product_tag?post=87142"}],"curies":[{"name":"wp","href":"https:\/\/api.w.org\/{rel}","templated":true}]}}