{"id":87081,"date":"2026-03-19T22:50:42","date_gmt":"2026-03-19T22:50:42","guid":{"rendered":"https:\/\/soydeaqui.ddns.net\/pachuca\/index.php\/producto\/servidor-nas-de-2-bahias-servicio-nube-gratis-p2p-administracion-remota-y-respaldo-programado\/"},"modified":"2026-03-19T22:50:55","modified_gmt":"2026-03-19T22:50:55","slug":"servidor-nas-de-2-bahias-servicio-nube-gratis-p2p-administracion-remota-y-respaldo-programado","status":"publish","type":"product","link":"https:\/\/soydeaqui.ddns.net\/pachuca\/index.php\/producto\/servidor-nas-de-2-bahias-servicio-nube-gratis-p2p-administracion-remota-y-respaldo-programado\/","title":{"rendered":"Servidor NAS de 2 Bah\u00edas \/ Servicio Nube Gratis (P2P) \/ Administraci\u00f3n Remota y Respaldo Programado"},"content":{"rendered":"<div style='width: 100%; max-width: 1200px; margin: 0 auto; font-family: sans-serif; line-height: 1.6; color: inherit; background-color: transparent;'> <a href='https:\/\/ftp3.syscom.mx\/usuarios\/nortega\/synology\/PROCEDIMIENTO%20DE%20GARANTIAS.pdf'> <img style='width: 100%; height: auto; border: 1px solid rgba(150&comma;150&comma;150&comma;0.3); border-radius: 8px;' src='https:\/\/ftp3.syscom.mx\/usuarios\/nortega\/synology\/imagenes\/cintillo%20garantia.jpg' alt=''> <\/a> <\/p>\n<p>Synology DS224PLUS es una soluci\u00f3n de almacenamiento conectado en red compacta dise\u00f1ada para optimizar la administraci\u00f3n de datos y contenidos multimedia. Ofrece uso compartido de datos&comma; transmisi\u00f3n de v\u00eddeo e indexaci\u00f3n de fotos de forma fluida&comma; as\u00ed como completas opciones de recuperaci\u00f3n y protecci\u00f3n de datos.<\/p>\n<h3 style='font-size: 22px; border-bottom: 2px solid currentColor; padding-bottom: 5px; margin-top: 0; color: inherit; opacity: 0.8;'>Acelere las aplicaciones exigentes<\/h3>\n<p>Una CPU m\u00e1s potente acelera las aplicaciones que hacen un uso inform\u00e1tico intensivo. El nuevo procesador de 2 n\u00facleos mejora la indexaci\u00f3n de fotos&comma; los tiempos de respuesta de la base de datos y la eficiencia de respuesta PHP web. Clasifique f\u00e1cilmente sus recuerdos fotogr\u00e1ficos&comma; administre archivos de forma fluida entre ordenadores y dispositivos m\u00f3viles&comma; y disfrute de aplicaciones web ultrarr\u00e1pidas.<\/p>\n<div style='display: flex; flex-wrap: wrap; gap: 30px; margin-bottom: 30px;'>\n<div style='flex: 1 1 300px; min-width: 280px;'>\n<h3 style='font-size: 22px; border-bottom: 2px solid currentColor; padding-bottom: 5px; margin-top: 0; color: inherit; opacity: 0.8;'>Procesador<\/h3>\n<ul style='padding-left: 20px; font-size: 15px; color: inherit;'>\n<li style='margin-bottom: 5px;'><strong>Modelo:<\/strong> Intel Celeron J4125<\/li>\n<li style='margin-bottom: 5px;'><strong>Arquitectura:<\/strong> 64-bit<\/li>\n<li style='margin-bottom: 5px;'><strong>Frecuencia:<\/strong> Quad Core 2.7 GHz<\/li>\n<li style='margin-bottom: 5px;'><strong>Memoria RAM:<\/strong> 2 GB DDR4 (hasta 6GB)<\/li>\n<\/ul><\/div>\n<div style='flex: 1 1 300px; min-width: 280px;'>\n<h3 style='font-size: 22px; border-bottom: 2px solid currentColor; padding-bottom: 5px; margin-top: 0; color: inherit; opacity: 0.8;'>Caracter\u00edsticas F\u00edsicas y El\u00e9ctricas<\/h3>\n<ul style='padding-left: 20px; font-size: 15px; color: inherit;'>\n<li style='margin-bottom: 5px;'><strong>Alimentaci\u00f3n:<\/strong> 100 a 240VCA (Incluye fuente de alimentaci\u00f3n)<\/li>\n<li style='margin-bottom: 5px;'><strong>Temperatura de operaci\u00f3n:<\/strong> 5 a 35 \u00b0C<\/li>\n<li style='margin-bottom: 5px;'><strong>Dimensiones:<\/strong> 165 x 108 x 232.2 mm<\/li>\n<li style='margin-bottom: 5px;'><strong>Peso:<\/strong> 1.30 Kg<\/li>\n<\/ul><\/div>\n<div style='flex: 1 1 300px; min-width: 280px;'>\n<h3 style='font-size: 22px; border-bottom: 2px solid currentColor; padding-bottom: 5px; margin-top: 0; color: inherit; opacity: 0.8;'>Almacenamiento<\/h3>\n<ul style='padding-left: 20px; font-size: 15px; color: inherit;'>\n<li style='margin-bottom: 5px;'><strong>Discos:<\/strong> 2 Bah\u00edas para Discos Duros<\/li>\n<li style='margin-bottom: 5px;'><strong>Compatibilidad:<\/strong> HDD\/SSD de 3.5&#8242; (Opcional) y 2.5&#8242; SATA III y SATA II<\/li>\n<li style='margin-bottom: 5px;'><strong>Capacidad:<\/strong> Soporta discos duros de hasta 18TB<\/li>\n<\/ul><\/div>\n<\/p><\/div>\n<div style='display: flex; flex-wrap: wrap; gap: 30px; margin-bottom: 30px;'>\n<div style='flex: 1 1 300px; min-width: 280px;'>\n<h3 style='font-size: 22px; border-bottom: 2px solid currentColor; padding-bottom: 5px; margin-top: 0; color: inherit; opacity: 0.8;'>Puertos de conexi\u00f3n<\/h3>\n<ul style='padding-left: 20px; font-size: 15px; color: inherit;'>\n<li style='margin-bottom: 5px;'>2 Puertos RJ45 Gigabit<\/li>\n<li style='margin-bottom: 5px;'>2 Puertos USB 3.2<\/li>\n<\/ul><\/div>\n<div style='flex: 1 1 300px; min-width: 280px;'>\n<h3 style='font-size: 22px; border-bottom: 2px solid currentColor; padding-bottom: 5px; margin-top: 0; color: inherit; opacity: 0.8;'>Software<\/h3>\n<p style='font-size: 15px; color: inherit;'>Synology DiskStation Manager (DSM) es un elegante sistema operativo basado en navegador&comma; lo que hace que Synology NAS sea muy f\u00e1cil de utilizar.<\/p>\n<\/p><\/div>\n<div style='flex: 1 1 300px; min-width: 280px;'>\n<h3 style='font-size: 22px; border-bottom: 2px solid currentColor; padding-bottom: 5px; margin-top: 0; color: inherit; opacity: 0.8;'>RAID Compatible<\/h3>\n<ul style='padding-left: 20px; font-size: 15px; color: inherit;'>\n<li style='margin-bottom: 5px;'>Synology Hybrid RAID<\/li>\n<li style='margin-bottom: 5px;'>JBOD<\/li>\n<li style='margin-bottom: 5px;'>RAID 0<\/li>\n<li style='margin-bottom: 5px;'>RAID 1<\/li>\n<\/ul><\/div>\n<\/p><\/div>\n<div style='text-align: center; margin: 30px 0;'>\n<p style='font-size: 14px; font-weight: bold; color: inherit;'>2 a\u00f1os de Garant\u00eda<\/p>\n<p style='font-size: 12px; font-weight: bold; color: inherit;'>*No incluye discos duros<\/p>\n<\/p><\/div>\n<p> <a href='https:\/\/www.synology.com\/es-mx\/compatibility?search_by=products&#038;model=DS120j&#038;category=hdds_no_ssd_trim&#038;p=1&#038;change_log_p=1' target='_blank' rel='noopener'> <img style='width: 100%; height: auto; border: 1px solid rgba(150&comma;150&comma;150&comma;0.3); border-radius: 8px;' src='http:\/\/ftp3.syscom.mx\/usuarios\/nortega\/synology\/compatibilidad.jpg' alt=''> <\/a> <\/p>\n<div style='margin: 30px 0; padding: 20px; background-color: #616d71; color: inherit; border-radius: 8px;'>\n<div style='display: flex; flex-wrap: wrap; gap: 20px; align-items: center;'>\n<div style='flex: 1 1 300px;'>\n<h3 style='font-size: 22px; color: inherit;'>Surveillance Station<\/h3>\n<p style='font-size: 15px; color: inherit;'>Proteja su empresa&comma; su hogar y otros entornos con el sistema Surveillance Station&comma; que es confiable e intuitivo&comma; adem\u00e1s ofrece herramientas inteligentes de supervisi\u00f3n y gesti\u00f3n de v\u00eddeo para proteger sus valiosos activos.<\/p>\n<p style='margin-top: 15px; text-align: right;'> <a style='color: inherit; text-decoration: underline;' href='https:\/\/www.synology.com\/es-mx\/compatibility\/camera' target='_blank' rel='noopener'>Verifique compatibilidad con c\u00e1maras IP<\/a> <\/p>\n<\/p><\/div>\n<div style='flex: 1 1 300px;'> <img style='width: 100%; height: auto; border: 1px solid rgba(150&comma;150&comma;150&comma;0.3); border-radius: 8px;' src='https:\/\/ftp3.syscom.mx\/usuarios\/nortega\/synology\/imagenes\/imagenes%20generales\/ss.png' alt=''> <\/div>\n<\/p><\/div>\n<\/p><\/div>\n<div style='margin: 30px 0; display: flex; flex-wrap: wrap; gap: 30px; align-items: center;'>\n<div style='flex: 1 1 300px;'> <img style='width: 100%; height: auto; border: 1px solid rgba(150&comma;150&comma;150&comma;0.3); border-radius: 8px;' src='https:\/\/ftp3.syscom.mx\/usuarios\/nortega\/synology\/imagenes\/imagenes%20generales\/moviles.png' alt=''> <\/div>\n<div style='flex: 1 1 300px;'>\n<h3 style='font-size: 22px; border-bottom: 2px solid currentColor; padding-bottom: 5px; margin-top: 0; color: inherit; opacity: 0.8;'>Integraci\u00f3n perfecta con sus dispositivos m\u00f3viles<\/h3>\n<p style='font-size: 15px; color: inherit;'>Las aplicaciones m\u00f3viles de Synology est\u00e1n dise\u00f1adas para permitir un acceso r\u00e1pido y seguro a sus datos desde cualquier ubicaci\u00f3n.<\/p>\n<div style='display: flex; gap: 10px; margin-top: 15px;'> <img style='width: auto; height: 62px; border: 1px solid rgba(150&comma;150&comma;150&comma;0.3); border-radius: 8px;' src='https:\/\/ftp3.syscom.mx\/usuarios\/nortega\/synology\/imagenes\/imagenes%20generales\/ds_audio.png' alt='DS Audio'> <img style='width: auto; height: 62px; border: 1px solid rgba(150&comma;150&comma;150&comma;0.3); border-radius: 8px;' src='https:\/\/ftp3.syscom.mx\/usuarios\/nortega\/synology\/imagenes\/imagenes%20generales\/ds_photo.png' alt='DS Photo'> <img style='width: auto; height: 62px; border: 1px solid rgba(150&comma;150&comma;150&comma;0.3); border-radius: 8px;' src='https:\/\/ftp3.syscom.mx\/usuarios\/nortega\/synology\/imagenes\/imagenes%20generales\/ds_video.png' alt='DS Video'> <\/div>\n<\/p><\/div>\n<\/p><\/div>\n<div style='margin: 30px 0; padding: 20px; background-color: #616d71; color: inherit; border-radius: 8px;'>\n<div style='display: flex; flex-wrap: wrap; gap: 20px; align-items: center;'>\n<div style='flex: 1 1 300px;'>\n<h3 style='font-size: 22px; color: inherit;'>Soluci\u00f3n de copia de seguridad centralizada para sus dispositivos digitales<\/h3>\n<p style='font-size: 15px; color: inherit;'>La soluci\u00f3n de copia de seguridad completa de m\u00faltiples versiones de Synology protege sus activos digitales en ordenadores (Windows\/Mac) y tel\u00e9fonos m\u00f3viles (Android\/iOS) contra ataques maliciosos&comma; incluidas las crecientes amenazas de ransomware basadas en cifrado.<\/p>\n<\/p><\/div>\n<div style='flex: 1 1 300px;'> <img style='width: 100%; height: auto; border: 1px solid rgba(150&comma;150&comma;150&comma;0.3); border-radius: 8px;' src='https:\/\/ftp3.syscom.mx\/usuarios\/nortega\/synology\/imagenes\/imagenes%20generales\/computers.jpg' alt=''> <\/div>\n<\/p><\/div>\n<\/p><\/div>\n<div style='text-align: center; margin: 30px 0;'>\n<h2 style='font-size: 20px; color: inherit; opacity: 0.8;'><small>Con tecnolog\u00eda de Synology DiskStation Manager<\/small><\/h2>\n<\/p><\/div>\n<div style='display: flex; flex-wrap: wrap; gap: 20px; margin-bottom: 30px;'>\n<div style='flex: 1 1 250px; border: 1px solid rgba(150&comma; 150&comma; 150&comma; 0.4); border-radius: 8px; overflow: hidden; display: flex; flex-direction: column;'>\n<div style='padding: 15px; border-bottom: 1px solid rgba(150&comma; 150&comma; 150&comma; 0.2); font-weight: bold; font-size: 18px; color: inherit;'>Administraci\u00f3n\/Servidor de archivos<\/div>\n<div style='padding: 15px; color: inherit;'>\n<p style='font-size: 14px; margin: 0;'>Administraci\u00f3n de archivos y servicios compartidos integrados y potentes.<\/p>\n<\/p><\/div>\n<\/p><\/div>\n<div style='flex: 1 1 250px; border: 1px solid rgba(150&comma; 150&comma; 150&comma; 0.4); border-radius: 8px; overflow: hidden; display: flex; flex-direction: column;'>\n<div style='padding: 15px; border-bottom: 1px solid rgba(150&comma; 150&comma; 150&comma; 0.2); font-weight: bold; font-size: 18px; color: inherit;'>Multimedia<\/div>\n<div style='padding: 15px; color: inherit;'>\n<p style='font-size: 14px; margin: 0;'>Soluci\u00f3n multimedia completa para la administraci\u00f3n&comma; transmisi\u00f3n y reproducci\u00f3n.<\/p>\n<\/p><\/div>\n<\/p><\/div>\n<div style='flex: 1 1 250px; border: 1px solid rgba(150&comma; 150&comma; 150&comma; 0.4); border-radius: 8px; overflow: hidden; display: flex; flex-direction: column;'>\n<div style='padding: 15px; border-bottom: 1px solid rgba(150&comma; 150&comma; 150&comma; 0.2); font-weight: bold; font-size: 18px; color: inherit;'>Hyper Backup<\/div>\n<div style='padding: 15px; color: inherit;'>\n<p style='font-size: 14px; margin: 0;'>Almacene varias versiones de respaldo mediante una copia de seguridad de datos incrementales a nivel de bloque y la eliminaci\u00f3n de duplicados entre versiones.<\/p>\n<\/p><\/div>\n<\/p><\/div>\n<div style='flex: 1 1 250px; border: 1px solid rgba(150&comma; 150&comma; 150&comma; 0.4); border-radius: 8px; overflow: hidden; display: flex; flex-direction: column;'>\n<div style='padding: 15px; border-bottom: 1px solid rgba(150&comma; 150&comma; 150&comma; 0.2); font-weight: bold; font-size: 18px; color: inherit;'>Interfaz de usuario de DSM<\/div>\n<div style='padding: 15px; color: inherit;'>\n<p style='font-size: 14px; margin: 0;'>Sistema operativo galardonado que cuenta con una interfaz de usuario intuitiva y funciones potentes.<\/p>\n<\/p><\/div>\n<\/p><\/div>\n<div style='flex: 1 1 250px; border: 1px solid rgba(150&comma; 150&comma; 150&comma; 0.4); border-radius: 8px; overflow: hidden; display: flex; flex-direction: column;'>\n<div style='padding: 15px; border-bottom: 1px solid rgba(150&comma; 150&comma; 150&comma; 0.2); font-weight: bold; font-size: 18px; color: inherit;'>Seguridad<\/div>\n<div style='padding: 15px; color: inherit;'>\n<p style='font-size: 14px; margin: 0;'>Proteja sus datos mediante completas herramientas de seguridad integradas para defender sus dispositivos frente a amenazas constantes.<\/p>\n<\/p><\/div>\n<\/p><\/div>\n<div style='flex: 1 1 250px; border: 1px solid rgba(150&comma; 150&comma; 150&comma; 0.4); border-radius: 8px; overflow: hidden; display: flex; flex-direction: column;'>\n<div style='padding: 15px; border-bottom: 1px solid rgba(150&comma; 150&comma; 150&comma; 0.2); font-weight: bold; font-size: 18px; color: inherit;'>Servidor todo en uno<\/div>\n<div style='padding: 15px; color: inherit;'>\n<p style='font-size: 14px; margin: 0;'>Ahorre inversiones adicionales mediante la integraci\u00f3n de varios servicios de red&comma; de internet o correo electr\u00f3nico y aplicaciones de administraci\u00f3n de su NAS.<\/p>\n<\/p><\/div>\n<\/p><\/div>\n<\/p><\/div>\n<hr style='border: 0; border-top: 1px solid rgba(150&comma; 150&comma; 150&comma; 0.3); margin: 30px 0;'> <\/div>\n","protected":false},"excerpt":{"rendered":"<p>Servidor NAS de 2 Bah\u00edas \/ Servicio Nube Gratis (P2P) \/ Administraci\u00f3n Remota y Respaldo Programado<\/p>\n","protected":false},"featured_media":87080,"comment_status":"open","ping_status":"closed","template":"","meta":[],"product_brand":[],"product_cat":[2067],"product_tag":[1974,2068,1976],"class_list":{"0":"post-87081","1":"product","2":"type-product","3":"status-publish","4":"has-post-thumbnail","6":"product_cat-servidores-nas","7":"product_tag-almacenamiento","8":"product_tag-servidores-nas","9":"product_tag-synology","11":"first","12":"outofstock","13":"sale","14":"shipping-taxable","15":"purchasable","16":"product-type-simple"},"_links":{"self":[{"href":"https:\/\/soydeaqui.ddns.net\/pachuca\/index.php\/wp-json\/wp\/v2\/product\/87081","targetHints":{"allow":["GET"]}}],"collection":[{"href":"https:\/\/soydeaqui.ddns.net\/pachuca\/index.php\/wp-json\/wp\/v2\/product"}],"about":[{"href":"https:\/\/soydeaqui.ddns.net\/pachuca\/index.php\/wp-json\/wp\/v2\/types\/product"}],"replies":[{"embeddable":true,"href":"https:\/\/soydeaqui.ddns.net\/pachuca\/index.php\/wp-json\/wp\/v2\/comments?post=87081"}],"wp:featuredmedia":[{"embeddable":true,"href":"https:\/\/soydeaqui.ddns.net\/pachuca\/index.php\/wp-json\/wp\/v2\/media\/87080"}],"wp:attachment":[{"href":"https:\/\/soydeaqui.ddns.net\/pachuca\/index.php\/wp-json\/wp\/v2\/media?parent=87081"}],"wp:term":[{"taxonomy":"product_brand","embeddable":true,"href":"https:\/\/soydeaqui.ddns.net\/pachuca\/index.php\/wp-json\/wp\/v2\/product_brand?post=87081"},{"taxonomy":"product_cat","embeddable":true,"href":"https:\/\/soydeaqui.ddns.net\/pachuca\/index.php\/wp-json\/wp\/v2\/product_cat?post=87081"},{"taxonomy":"product_tag","embeddable":true,"href":"https:\/\/soydeaqui.ddns.net\/pachuca\/index.php\/wp-json\/wp\/v2\/product_tag?post=87081"}],"curies":[{"name":"wp","href":"https:\/\/api.w.org\/{rel}","templated":true}]}}