{"id":87073,"date":"2026-03-19T22:50:20","date_gmt":"2026-03-19T22:50:20","guid":{"rendered":"https:\/\/soydeaqui.ddns.net\/pachuca\/index.php\/producto\/memoria-usb-de-64-gb-version-2-0-metalica-compatible-con-windows-mac-y-linux\/"},"modified":"2026-03-19T22:50:22","modified_gmt":"2026-03-19T22:50:22","slug":"memoria-usb-de-64-gb-version-2-0-metalica-compatible-con-windows-mac-y-linux","status":"publish","type":"product","link":"https:\/\/soydeaqui.ddns.net\/pachuca\/index.php\/producto\/memoria-usb-de-64-gb-version-2-0-metalica-compatible-con-windows-mac-y-linux\/","title":{"rendered":"Memoria USB de 64 GB \/ Versi\u00f3n 2.0 \/ Metalica \/ Compatible con Windows, Mac y Linux"},"content":{"rendered":"<div style='width: 100%; max-width: 1200px; margin: 0 auto; font-family: sans-serif; line-height: 1.6; color: inherit; background-color: transparent;'> <!-- Banner --> <\/p>\n<div style='width: 100%; text-align: center; margin: 30px 0;'> <img style='width: 100%; height: auto; border: 1px solid rgba(150&comma;150&comma;150&comma;0.3); border-radius: 8px; max-width: 600px;' src='https:\/\/ftp3.syscom.mx\/usuarios\/gmagos\/HIK\/storage\/Vaners\/hiksemi.png' alt='HIKSEMI Banner'> <\/div>\n<p> <!-- Informaci\u00f3n --> <\/p>\n<div style='display: flex; flex-direction: column; align-items: center; margin-bottom: 30px;'>\n<div style='width: 100%; text-align: center; margin-bottom: 20px;'>\n<h1 style='font-size: 28px; color: inherit; opacity: 0.8; margin: 0;'>Especificaciones<\/h1>\n<\/p><\/div>\n<div style='display: flex; flex-wrap: wrap; gap: 20px; justify-content: center;'>\n<div style='flex: 1 1 300px; min-width: 250px; border: 1px solid rgba(150&comma; 150&comma; 150&comma; 0.4); border-radius: 8px; overflow: hidden;'>\n<div style='padding: 15px; background-color: rgba(0&comma; 123&comma; 255&comma; 0.8); color: white; font-weight: bold; font-size: 18px;'>Caracter\u00edsticas Principales:<\/div>\n<ul style='padding: 15px; margin: 0; font-size: 15px; list-style-type: disc; color: inherit;'>\n<li style='margin-bottom: 5px;'>Interfaz: USB 2.0 Tipo A<\/li>\n<li style='margin-bottom: 5px;'>Capacidad: 64 GB<\/li>\n<li style='margin-bottom: 5px;'>M\u00e1xima Velocidad de Lectura: 20 MB\/s<\/li>\n<li style='margin-bottom: 5px;'>M\u00e1xima Velocidad de Escritura: 10 MB\/s<\/li>\n<li style='margin-bottom: 5px;'>Material: Metal<\/li>\n<li style='margin-bottom: 5px;'>Dimensiones: 38 mm x 12 mm x 4.5 mm<\/li>\n<li style='margin-bottom: 5px;'>Peso: 5.2g<\/li>\n<li style='margin-bottom: 5px;'>Compatible con Android&comma; Windows&comma; Linux y MacOS<\/li>\n<\/ul><\/div>\n<\/p><\/div>\n<\/p><\/div>\n<p> <!-- Videos --> <\/p>\n<div style='display: flex; flex-wrap: wrap; gap: 30px; margin-bottom: 30px;'>\n<div style='flex: 1 1 400px; min-width: 300px;'>\n<h3 style='font-size: 20px; text-align: center; margin: 0 0 15px 0; color: inherit; opacity: 0.8;'><strong>\u00bfQui\u00e9n es HIKSEMI?<\/strong><\/h3>\n<div style='position: relative; padding-bottom: 56.25%; height: 0; overflow: hidden;'>   <\/div>\n<\/p><\/div>\n<div style='flex: 1 1 400px; min-width: 300px;'>\n<h3 style='font-size: 20px; text-align: center; margin: 0 0 15px 0; color: inherit; opacity: 0.8;'><strong>Unidades de Estado S\u00f3lido<\/strong><\/h3>\n<div style='position: relative; padding-bottom: 56.25%; height: 0; overflow: hidden;'>   <\/div>\n<\/p><\/div>\n<\/p><\/div>\n<p> <!-- Imagen 1 con overlay --> <\/p>\n<div style='position: relative; width: 100%; max-width: 1200px; margin: 0 auto 30px; overflow: hidden; border-radius: 8px;'> <img style='width: 100%; height: auto; border: 1px solid rgba(150&comma;150&comma;150&comma;0.3); display: block;' src='https:\/\/ftp3.syscom.mx\/usuarios\/gmagos\/HIK\/storage\/Pagina%20WEB\/USB%20Cla\/USB.jpg' alt='Imagen de Fondo'> <\/p>\n<div style='position: absolute; top: 0; left: 0; width: 100%; height: 100%; display: flex; align-items: center; justify-content: center; flex-direction: column; padding: 40px; box-sizing: border-box;'>\n<h1 style='font-size: 35px; color: white; text-align: center; margin: 0 0 15px 0;'><strong>Peque\u00f1o en Tama\u00f1o&comma; Grande en Almacenamiento<\/strong><\/h1>\n<h2 style='font-size: 20px; color: white; text-align: center; margin: 0;'><span style='font-family: verdana&comma; geneva&comma; sans-serif;'>Capacidad de Almacenamiento de hasta 128 GB&comma; Suficiente Espacio para Todas sus Necesidades<\/span><\/h2>\n<\/p><\/div>\n<\/p><\/div>\n<p> <!-- Informaci\u00f3n 1 --> <\/p>\n<div style='display: flex; flex-wrap: wrap; gap: 30px; margin-bottom: 30px;'>\n<div style='flex: 1 1 300px; min-width: 250px; text-align: center;'> <img style='width: 100%; height: auto; border: 1px solid rgba(150&comma;150&comma;150&comma;0.3); border-radius: 8px; max-width: 400px;' src='https:\/\/ftp3.syscom.mx\/usuarios\/gmagos\/HIK\/storage\/Pagina%20WEB\/USB%20Cla\/USB%201.jpg' alt='Velocidad de transferencia r\u00e1pida'> <\/div>\n<div style='flex: 2 1 400px; min-width: 300px;'>\n<h2 style='font-size: 24px; color: inherit; opacity: 0.8; margin: 0 0 15px 0;'>Velocidad de transferencia r\u00e1pida<\/h2>\n<p style='font-size: 15px; margin: 0; color: inherit;'>Con tasas de lectura de hasta 80 MB\/s y tasas de escritura de hasta 25 MB\/s&comma; nuestras memorias USB est\u00e1n dise\u00f1adas para ofrecerte un rendimiento \u00f3ptimo en todo momento. Ya sea para transferir videos en alta definici\u00f3n&comma; im\u00e1genes de alta resoluci\u00f3n o archivos de trabajo pesados&comma; nuestras memorias USB aseguran una experiencia fluida y sin interrupciones.<\/p>\n<\/p><\/div>\n<\/p><\/div>\n<p> <!-- Informaci\u00f3n 2 --> <\/p>\n<div style='display: flex; flex-wrap: wrap; gap: 30px; margin-bottom: 30px; flex-direction: row-reverse;'>\n<div style='flex: 1 1 300px; min-width: 250px; text-align: center;'> <img style='width: 100%; height: auto; border: 1px solid rgba(150&comma;150&comma;150&comma;0.3); border-radius: 8px; max-width: 400px;' src='https:\/\/ftp3.syscom.mx\/usuarios\/gmagos\/HIK\/storage\/Pagina%20WEB\/USB%20Cla\/USB%202.png' alt='Compatibilidad Universal'> <\/div>\n<div style='flex: 2 1 400px; min-width: 300px;'>\n<h2 style='font-size: 24px; color: inherit; opacity: 0.8; margin: 0 0 15px 0;'>Compatibilidad Universal<\/h2>\n<p style='font-size: 15px; margin: 0; color: inherit;'>Son compatibles con una amplia variedad de dispositivos&comma; desde computadoras y laptops hasta tel\u00e9fonos inteligentes y tabletas. No importa qu\u00e9 dispositivo uses&comma; nuestras memorias te proporcionar\u00e1n una soluci\u00f3n de almacenamiento confiable y f\u00e1cil de usar.<\/p>\n<\/p><\/div>\n<\/p><\/div>\n<p> <!-- Imagen 2 con overlay --> <\/p>\n<div style='position: relative; width: 100%; max-width: 1200px; margin: 0 auto 30px; overflow: hidden; border-radius: 8px;'> <img style='width: 100%; height: auto; border: 1px solid rgba(150&comma;150&comma;150&comma;0.3); display: block;' src='https:\/\/ftp3.syscom.mx\/usuarios\/gmagos\/HIK\/storage\/Pagina%20WEB\/USB%20Cla\/USB%203.jpg' alt='Imagen de Fondo'> <\/p>\n<div style='position: absolute; top: 50%; left: 50%; transform: translate(-50%&comma; -50%); width: 100%; padding: 40px; box-sizing: border-box; text-align: center;'>\n<h1 style='font-size: 28px; color: white; text-align: center; margin: 0 0 10px 0;'><strong>Confiables y Seguras<\/strong><\/h1>\n<h2 style='font-size: 22px; color: white; text-align: center; margin: 0 0 10px 0;'><span style='font-family: verdana&comma; geneva&comma; sans-serif;'>HIKSEMI ofrece un dise\u00f1o compacto y port\u00e1til con una<\/span><\/h2>\n<h3 style='font-size: 22px; color: white; text-align: center; margin: 0 0 10px 0;'><span style='font-family: verdana&comma; geneva&comma; sans-serif;'>capacidad de almacenamiento de hasta 128 GB. Con una<\/span><\/h3>\n<h4 style='font-size: 22px; color: white; text-align: center; margin: 0 0 10px 0;'><span style='font-family: verdana&comma; geneva&comma; sans-serif;'>velocidad de transferencia eficiente&comma; confiabilidad y compatibilidad<\/span><\/h4>\n<h5 style='font-size: 22px; color: white; text-align: center; margin: 0;'><span style='font-family: verdana&comma; geneva&comma; sans-serif;'>universal&comma; estas memorias son la elecci\u00f3n ideal para tener todos tus<\/span><\/h5>\n<h5 style='font-size: 22px; color: white; text-align: center; margin: 0;'><span style='font-family: verdana&comma; geneva&comma; sans-serif;'>datos importantes a tu alcance en cualquier momento y lugar.<\/span><\/h5>\n<\/p><\/div>\n<\/p><\/div>\n<p> <!-- Banner final --> <\/p>\n<div style='width: 100%; text-align: center; margin: 30px 0;'> <img style='width: 100%; height: auto; border: 1px solid rgba(150&comma;150&comma;150&comma;0.3); border-radius: 8px; max-width: 600px;' src='https:\/\/ftp3.syscom.mx\/usuarios\/gmagos\/HIK\/storage\/Vaners\/HIKSEMI-banner1.jpg' alt='Banner Final'> <\/div>\n<\/p><\/div>\n","protected":false},"excerpt":{"rendered":"<p>Memoria USB de 64 GB \/ Versi\u00f3n 2.0 \/ Metalica \/ Compatible con Windows, Mac y Linux<\/p>\n","protected":false},"featured_media":87072,"comment_status":"open","ping_status":"closed","template":"","meta":[],"product_brand":[],"product_cat":[2054],"product_tag":[93,2055,2129],"class_list":{"0":"post-87073","1":"product","2":"type-product","3":"status-publish","4":"has-post-thumbnail","6":"product_cat-accesorios-equipo-de-computo","7":"product_tag-accesorios","8":"product_tag-equipo-de-computo","9":"product_tag-hiksemi-by-hikvision","11":"first","12":"instock","13":"sale","14":"shipping-taxable","15":"purchasable","16":"product-type-simple"},"_links":{"self":[{"href":"https:\/\/soydeaqui.ddns.net\/pachuca\/index.php\/wp-json\/wp\/v2\/product\/87073","targetHints":{"allow":["GET"]}}],"collection":[{"href":"https:\/\/soydeaqui.ddns.net\/pachuca\/index.php\/wp-json\/wp\/v2\/product"}],"about":[{"href":"https:\/\/soydeaqui.ddns.net\/pachuca\/index.php\/wp-json\/wp\/v2\/types\/product"}],"replies":[{"embeddable":true,"href":"https:\/\/soydeaqui.ddns.net\/pachuca\/index.php\/wp-json\/wp\/v2\/comments?post=87073"}],"wp:featuredmedia":[{"embeddable":true,"href":"https:\/\/soydeaqui.ddns.net\/pachuca\/index.php\/wp-json\/wp\/v2\/media\/87072"}],"wp:attachment":[{"href":"https:\/\/soydeaqui.ddns.net\/pachuca\/index.php\/wp-json\/wp\/v2\/media?parent=87073"}],"wp:term":[{"taxonomy":"product_brand","embeddable":true,"href":"https:\/\/soydeaqui.ddns.net\/pachuca\/index.php\/wp-json\/wp\/v2\/product_brand?post=87073"},{"taxonomy":"product_cat","embeddable":true,"href":"https:\/\/soydeaqui.ddns.net\/pachuca\/index.php\/wp-json\/wp\/v2\/product_cat?post=87073"},{"taxonomy":"product_tag","embeddable":true,"href":"https:\/\/soydeaqui.ddns.net\/pachuca\/index.php\/wp-json\/wp\/v2\/product_tag?post=87073"}],"curies":[{"name":"wp","href":"https:\/\/api.w.org\/{rel}","templated":true}]}}