{"id":87068,"date":"2026-03-19T22:50:04","date_gmt":"2026-03-19T22:50:04","guid":{"rendered":"https:\/\/soydeaqui.ddns.net\/pachuca\/index.php\/producto\/punto-de-acceso-super-wifi-6-y-ptmp-para-exterior-hasta-250-m-de-cobertura-doble-banda-simultanea-574-mbps-en-2-4-ghz-y-1-2-gbps-en-5ghz-256-usuarios-concurrentes-por-banda-administracion-en-nu\/"},"modified":"2026-03-19T22:50:15","modified_gmt":"2026-03-19T22:50:15","slug":"punto-de-acceso-super-wifi-6-y-ptmp-para-exterior-hasta-250-m-de-cobertura-doble-banda-simultanea-574-mbps-en-2-4-ghz-y-1-2-gbps-en-5ghz-256-usuarios-concurrentes-por-banda-administracion-en-nu","status":"publish","type":"product","link":"https:\/\/soydeaqui.ddns.net\/pachuca\/index.php\/producto\/punto-de-acceso-super-wifi-6-y-ptmp-para-exterior-hasta-250-m-de-cobertura-doble-banda-simultanea-574-mbps-en-2-4-ghz-y-1-2-gbps-en-5ghz-256-usuarios-concurrentes-por-banda-administracion-en-nu\/","title":{"rendered":"Punto de Acceso S\u00faper WiFi 6 y PTMP para Exterior, Hasta 250 m de Cobertura, Doble Banda Simultanea, 574 Mbps en 2.4 GHz y 1.2 Gbps en 5GHz, 256 Usuarios Concurrentes  por Banda,  Administraci\u00f3n en Nube Gratis con INSIGHTS"},"content":{"rendered":"<div style='width: 100%; max-width: 1200px; margin: 0 auto; font-family: sans-serif; line-height: 1.6; color: inherit; background-color: transparent;'>\n<div style='display: flex; flex-direction: column; align-items: center; margin-bottom: 30px;'> <img style='width: 300px; height: auto; border: 1px solid rgba(150&comma;150&comma;150&comma;0.3); border-radius: 8px;' src='https:\/\/ftp3.syscom.mx\/usuarios\/hortega\/Altai\/Altai.png' alt='Logo Altai'> <\/div>\n<div style='margin-bottom: 30px;'> <img style='width: 100%; height: auto; border: 1px solid rgba(150&comma;150&comma;150&comma;0.3); border-radius: 8px;' src='https:\/\/www.altaitechnologies.com\/wp-content\/uploads\/2024\/08\/Insights_Banner.png' alt='Banner Insights'> <\/div>\n<div style='margin-bottom: 30px; text-align: center;'> <a style='color: #f29d12; text-decoration: none; font-weight: bold; font-size: 18px; background-color: #34495e; padding: 10px 20px; border-radius: 4px;' title='ACCESO INSIGHTS' href='https:\/\/forum.insights.altaitechnologies.com\/login' target='_blank' rel='noopener'>Crea AQUI tu cuenta INSIGHTS<\/a> <\/div>\n<hr style='border: 0; border-top: 1px solid rgba(150&comma;150&comma;150&comma;0.3); margin: 30px 0;'>\n<div style='margin-bottom: 30px;'>\n<p style='font-size: 14px; margin-bottom: 15px;'>El Punto de Acceso Altai CX600 cuenta con la tecnolog\u00eda Wi-Fi 6 (802.11ax)&comma; est\u00e1 dise\u00f1ado espec\u00edficamente para brindar conectividad altamente confiable y consistente a usuarios m\u00f3viles y dispositivos IoT&comma; Con la tecnolog\u00eda Wi FI 6 para mejorar la velocidad y la eficiencia multiusuario&comma;1024 QAM de modulaci\u00f3n&comma; BSS coloring y Target Wake Time&comma; ayudando a optimizar el rendimiento del CX600. Tambien trabaja en doble banda simultanea en 2.4 y 5 GHz. Ofrece velocidades de datos m\u00e1ximas de hasta 1&comma;2 Gbps en 5 GHz y 574 Mbps en 2&comma;4 GHz&comma; proporcionando conectividad hasta 256 clientes asociados por radio. La carcasa a prueba de agua y polvo con clasificaci\u00f3n IP67 resiste entornos hostiles.<\/p>\n<\/p><\/div>\n<div style='display: grid; grid-template-columns: repeat(auto-fill&comma; minmax(280px&comma; 1fr)); gap: 20px; margin-bottom: 30px;'>\n<div style='border: 1px solid rgba(150&comma; 150&comma; 150&comma; 0.4); border-radius: 8px; overflow: hidden;'>\n<div style='padding: 15px; border-bottom: 1px solid rgba(150&comma; 150&comma; 150&comma; 0.2); font-weight: bold; font-size: 16px; color: inherit; background-color: rgba(200&comma;200&comma;200&comma;0.1);'>Conectividad<\/div>\n<div style='padding: 15px; color: inherit;'>\n<ul style='padding-left: 20px; margin: 0; font-size: 14px; list-style-type: disc;'>\n<li style='margin-bottom: 5px;'><strong>Est\u00e1ndares WiFi:<\/strong> 802.11 a\/b\/g\/n\/ac\/ax<\/li>\n<li style='margin-bottom: 5px;'><strong>Concurrentes:<\/strong> 512 dispositivos<\/li>\n<\/ul><\/div>\n<\/p><\/div>\n<div style='border: 1px solid rgba(150&comma; 150&comma; 150&comma; 0.4); border-radius: 8px; overflow: hidden;'>\n<div style='padding: 15px; border-bottom: 1px solid rgba(150&comma; 150&comma; 150&comma; 0.2); font-weight: bold; font-size: 16px; color: inherit; background-color: rgba(200&comma;200&comma;200&comma;0.1);'>Velocidad<\/div>\n<div style='padding: 15px; color: inherit;'>\n<ul style='padding-left: 20px; margin: 0; font-size: 14px; list-style-type: disc;'>\n<li style='margin-bottom: 5px;'><strong>2.4 GHz:<\/strong> Hasta 574 Mbps<\/li>\n<li style='margin-bottom: 5px;'><strong>5 GHz:<\/strong> Hasta 1.2 Gbps<\/li>\n<\/ul><\/div>\n<\/p><\/div>\n<div style='border: 1px solid rgba(150&comma; 150&comma; 150&comma; 0.4); border-radius: 8px; overflow: hidden;'>\n<div style='padding: 15px; border-bottom: 1px solid rgba(150&comma; 150&comma; 150&comma; 0.2); font-weight: bold; font-size: 16px; color: inherit; background-color: rgba(200&comma;200&comma;200&comma;0.1);'>Radio<\/div>\n<div style='padding: 15px; color: inherit;'>\n<ul style='padding-left: 20px; margin: 0; font-size: 14px; list-style-type: disc;'>\n<li style='margin-bottom: 5px;'><strong>Modo:<\/strong> Access Point \/ Omnidireccional<\/li>\n<li style='margin-bottom: 5px;'><strong>Potencia:<\/strong> 22 dBm Max.TX Power<\/li>\n<\/ul><\/div>\n<\/p><\/div>\n<div style='border: 1px solid rgba(150&comma; 150&comma; 150&comma; 0.4); border-radius: 8px; overflow: hidden;'>\n<div style='padding: 15px; border-bottom: 1px solid rgba(150&comma; 150&comma; 150&comma; 0.2); font-weight: bold; font-size: 16px; color: inherit; background-color: rgba(200&comma;200&comma;200&comma;0.1);'>Gesti\u00f3n<\/div>\n<div style='padding: 15px; color: inherit;'>\n<ul style='padding-left: 20px; margin: 0; font-size: 14px; list-style-type: disc;'>\n<li style='margin-bottom: 5px;'><strong>Plataforma:<\/strong> AltaiCare Cloud<\/li>\n<li style='margin-bottom: 5px;'><strong>Soporte:<\/strong> Altai Care \/ On-Premise<\/li>\n<\/ul><\/div>\n<\/p><\/div>\n<\/p><\/div>\n<hr style='border: 0; border-top: 1px solid rgba(150&comma;150&comma;150&comma;0.3); margin: 30px 0;'>\n<div style='margin-bottom: 30px;'>\n<h3 style='font-size: 22px; border-bottom: 2px solid currentColor; padding-bottom: 5px; margin-top: 0; color: inherit; opacity: 0.8;'>Caracter\u00edsticas Principales<\/h3>\n<ul style='padding-left: 20px; font-size: 15px; color: inherit;'>\n<li style='margin-bottom: 5px;'>Modo de operaci\u00f3n en radio de 2.4 y 5 GHz: AP \/ CPE \/ bridge \/ repetidor.<\/li>\n<li style='margin-bottom: 5px;'>Velocidad 574 Mbps en 2.4 GHz y 1.2 Gbps en 5.1 \u2013 5.8 GHz.<\/li>\n<li style='margin-bottom: 5px;'>Hasta 512 dispositivos en total sumando ambas bandas.<\/li>\n<li style='margin-bottom: 5px;'>Distancia para laptop\/smartphone en 2.4 GHz hasta 250 m con l\u00ednea de vista plena.<\/li>\n<li style='margin-bottom: 5px;'>Distancia para laptop\/smartphone en 5 GHz hasta 250 m con l\u00ednea de vista plena.<\/li>\n<li style='margin-bottom: 5px;'>Tecnolog\u00eda MIMO 2X2 en 2.4 y 5 GHz.<\/li>\n<li style='margin-bottom: 5px;'>Soporta gesti\u00f3n y monitoreo a trav\u00e9s de plataforma AltaiCare Cloud en la nube de internet.<\/li>\n<li style='margin-bottom: 5px;'>Fast Roaming 802.11r.<\/li>\n<li style='margin-bottom: 5px;'>Band steering para balancear los usuarios en 2.4 y 5 GHz.<\/li>\n<\/ul><\/div>\n<div style='margin-bottom: 30px;'>\n<h3 style='font-size: 22px; border-bottom: 2px solid currentColor; padding-bottom: 5px; margin-top: 0; color: inherit; opacity: 0.8;'>Caracter\u00edsticas F\u00edsicas y El\u00e9ctricas<\/h3>\n<ul style='padding-left: 20px; font-size: 15px; color: inherit;'>\n<li style='margin-bottom: 5px;'>1 Puerto de 2.5 Gigabit.<\/li>\n<li style='margin-bottom: 5px;'>2 antenas de 5 dBi de 2.4 GHz.<\/li>\n<li style='margin-bottom: 5px;'>2 antenas de 5 dBi de 5 GHz.<\/li>\n<li style='margin-bottom: 5px;'>Soporta PoE pasivo de 54 Vdc (No incluye).<\/li>\n<li style='margin-bottom: 5px;'>Soporta PoE estandarizado 802.3af\/at (No incluye).<\/li>\n<li style='margin-bottom: 5px;'>PoE recomendado: <strong>POE-165<\/strong>.<\/li>\n<li style='margin-bottom: 5px;'>Montaje en pared o mastil.<\/li>\n<li style='margin-bottom: 5px;'>Dimensiones: 19&#215;12.4&#215;4.7 cm.<\/li>\n<li style='margin-bottom: 5px;'>Peso: 0.7 kg.<\/li>\n<li style='margin-bottom: 5px;'>Soporta temperatura de -20 a 60\u00b0C.<\/li>\n<li style='margin-bottom: 5px;'>Carcasa con clasificaci\u00f3n IP67.<\/li>\n<li style='margin-bottom: 5px;'>Consume hasta 12 W.<\/li>\n<\/ul><\/div>\n<div style='margin-bottom: 30px;'>\n<h3 style='font-size: 22px; border-bottom: 2px solid currentColor; padding-bottom: 5px; margin-top: 0; color: inherit; opacity: 0.8;'>Contenido del Paquete<\/h3>\n<ul style='padding-left: 20px; font-size: 15px; color: inherit;'>\n<li style='margin-bottom: 5px;'>Punto de acceso CX600.<\/li>\n<li style='margin-bottom: 5px;'>Accesorios de montaje.<\/li>\n<li style='margin-bottom: 5px;'>2 antenas de 5 dBi en 2.4 GHz omnidirecionales.<\/li>\n<li style='margin-bottom: 5px;'>2 antenas de 5 dBi en 5 GHz omnidireccionales.<\/li>\n<\/ul><\/div>\n<hr style='border: 0; border-top: 1px solid rgba(150&comma;150&comma;150&comma;0.3); margin: 30px 0;'>\n<div style='margin-bottom: 30px;'>\n<div style='display: flex; flex-wrap: wrap; gap: 30px;'>\n<div style='flex: 1 1 300px; min-width: 280px;'>\n<div style='margin-bottom: 30px;'>\n<div style='position: relative; padding-bottom: 56.25%; height: 0; overflow: hidden;'>   <\/div>\n<\/p><\/div>\n<\/p><\/div>\n<div style='flex: 1 1 300px; min-width: 280px;'>\n<div style='margin-bottom: 30px;'>\n<div style='position: relative; padding-bottom: 56.25%; height: 0; overflow: hidden;'>   <\/div>\n<\/p><\/div>\n<\/p><\/div>\n<\/p><\/div>\n<\/p><\/div>\n<div style='margin-bottom: 30px;'>\n<div style='display: flex; flex-wrap: wrap; gap: 30px;'>\n<div style='flex: 1 1 300px; min-width: 280px;'>\n<div style='margin-bottom: 30px;'>\n<div style='position: relative; padding-bottom: 56.25%; height: 0; overflow: hidden;'>   <\/div>\n<\/p><\/div>\n<\/p><\/div>\n<div style='flex: 1 1 300px; min-width: 280px;'>\n<div style='margin-bottom: 30px;'>\n<div style='position: relative; padding-bottom: 56.25%; height: 0; overflow: hidden;'>   <\/div>\n<\/p><\/div>\n<\/p><\/div>\n<div style='flex: 1 1 300px; min-width: 280px;'>\n<div style='margin-bottom: 30px;'>\n<div style='position: relative; padding-bottom: 56.25%; height: 0; overflow: hidden;'>   <\/div>\n<\/p><\/div>\n<\/p><\/div>\n<\/p><\/div>\n<\/p><\/div>\n<div style='margin-bottom: 30px; text-align: center;'> <em style='font-size: 13px; color: #b8312f; display: block; padding: 10px; background-color: rgba(184&comma;49&comma;47&comma;0.1); border-left: 3px solid #b8312f;'> La m\u00e1xima distancia en cobertura&comma; capacidad de dispositivos m\u00f3viles WiFi&comma; velocidades de conexi\u00f3n&comma; etc. depender\u00e1 particularmente de cada sitio de instalaci\u00f3n&comma; l\u00ednea de vista plena 100%&comma; niveles de ruido e interferencia&comma; tipo de dispositivos WiFi&comma; alineaci\u00f3n y altura de las antenas. <\/em> <\/div>\n<\/p><\/div>\n","protected":false},"excerpt":{"rendered":"<p>Punto de Acceso S\u00faper WiFi 6 y PTMP para Exterior, Hasta 250 m de Cobertura, Doble Banda Simultanea, 574 Mbps en 2.4 GHz y 1.2 Gbps en 5GHz, 256 Usuarios Concurrentes  por Banda,  Administraci\u00f3n en Nube Gratis con INSIGHTS<\/p>\n","protected":false},"featured_media":87067,"comment_status":"open","ping_status":"closed","template":"","meta":[],"product_brand":[],"product_cat":[1794],"product_tag":[1950,1795,1479],"class_list":{"0":"post-87068","1":"product","2":"type-product","3":"status-publish","4":"has-post-thumbnail","6":"product_cat-puntos-de-acceso","7":"product_tag-altai-technologies","8":"product_tag-puntos-de-acceso","9":"product_tag-redes-wifi","11":"first","12":"outofstock","13":"sale","14":"shipping-taxable","15":"purchasable","16":"product-type-simple"},"_links":{"self":[{"href":"https:\/\/soydeaqui.ddns.net\/pachuca\/index.php\/wp-json\/wp\/v2\/product\/87068","targetHints":{"allow":["GET"]}}],"collection":[{"href":"https:\/\/soydeaqui.ddns.net\/pachuca\/index.php\/wp-json\/wp\/v2\/product"}],"about":[{"href":"https:\/\/soydeaqui.ddns.net\/pachuca\/index.php\/wp-json\/wp\/v2\/types\/product"}],"replies":[{"embeddable":true,"href":"https:\/\/soydeaqui.ddns.net\/pachuca\/index.php\/wp-json\/wp\/v2\/comments?post=87068"}],"wp:featuredmedia":[{"embeddable":true,"href":"https:\/\/soydeaqui.ddns.net\/pachuca\/index.php\/wp-json\/wp\/v2\/media\/87067"}],"wp:attachment":[{"href":"https:\/\/soydeaqui.ddns.net\/pachuca\/index.php\/wp-json\/wp\/v2\/media?parent=87068"}],"wp:term":[{"taxonomy":"product_brand","embeddable":true,"href":"https:\/\/soydeaqui.ddns.net\/pachuca\/index.php\/wp-json\/wp\/v2\/product_brand?post=87068"},{"taxonomy":"product_cat","embeddable":true,"href":"https:\/\/soydeaqui.ddns.net\/pachuca\/index.php\/wp-json\/wp\/v2\/product_cat?post=87068"},{"taxonomy":"product_tag","embeddable":true,"href":"https:\/\/soydeaqui.ddns.net\/pachuca\/index.php\/wp-json\/wp\/v2\/product_tag?post=87068"}],"curies":[{"name":"wp","href":"https:\/\/api.w.org\/{rel}","templated":true}]}}