{"id":87038,"date":"2026-03-19T22:48:46","date_gmt":"2026-03-19T22:48:46","guid":{"rendered":"https:\/\/soydeaqui.ddns.net\/pachuca\/index.php\/producto\/adaptador-twistport-para-radios-mimosa-c5x-b5x-y-c6x\/"},"modified":"2026-03-19T22:48:53","modified_gmt":"2026-03-19T22:48:53","slug":"adaptador-twistport-para-radios-mimosa-c5x-b5x-y-c6x","status":"publish","type":"product","link":"https:\/\/soydeaqui.ddns.net\/pachuca\/index.php\/producto\/adaptador-twistport-para-radios-mimosa-c5x-b5x-y-c6x\/","title":{"rendered":"Adaptador TwistPort para radios Mimosa C5x, B5X y C6X"},"content":{"rendered":"<div style='width: 100%; max-width: 1200px; margin: 0 auto; font-family: sans-serif; line-height: 1.6; color: inherit; background-color: transparent;'> <!-- Secci\u00f3n de descripci\u00f3n --> <\/p>\n<div style='margin-bottom: 30px;'>\n<h2 style='font-size: 28px; color: inherit; opacity: 0.8; margin-top: 0; margin-bottom: 20px;'>\u00bfQu\u00e9 es el adaptador TwistPort\u2122?<\/h2>\n<p style='font-size: 15px; margin-bottom: 15px;'>Adaptador TwistPort TPA-C5x adapta las radios Mimosa C5x&comma; B5X y C6X al conector de gu\u00eda de ondas TwistPort\u2122 patentado por RF Elements. La integraci\u00f3n de la radio es suave y f\u00e1cil. Hacer que las radios Mimosa C5x&comma; B5x y C6X sean compatibles con TwistPort\u2122 permite usar la radio con cualquier antena TwistPort\u2122 que se haya fabricado y permite un rendimiento superior&comma; inmunidad al ruido y escalabilidad de la red.<\/p>\n<p> <!-- Video 1 --> <\/p>\n<div style='position: relative; padding-bottom: 56.25%; height: 0; overflow: hidden; margin: 20px 0;'>   <\/div>\n<\/p><\/div>\n<p> <!-- Secci\u00f3n de doble inclinaci\u00f3n --> <\/p>\n<div style='margin-bottom: 30px;'>\n<h2 style='font-size: 28px; color: inherit; opacity: 0.8; margin-top: 0; margin-bottom: 20px;'>Doble inclinaci\u00f3n o H + V<\/h2>\n<p style='font-size: 15px; margin-bottom: 15px;'>TPA-AMU-V2 permite elegir entre la configuraci\u00f3n de polarizaci\u00f3n Dual Slant o la configuraci\u00f3n de polarizaci\u00f3n H + V.<\/p>\n<p> <!-- Video 2 --> <\/p>\n<div style='position: relative; padding-bottom: 56.25%; height: 0; overflow: hidden; margin: 20px 0;'>   <\/div>\n<\/p><\/div>\n<p> <!-- Secci\u00f3n de rendimiento --> <\/p>\n<div style='margin-bottom: 30px;'>\n<h2 style='font-size: 28px; color: inherit; opacity: 0.8; margin-top: 0; margin-bottom: 20px;'>Rendimiento l\u00edder en el mercado<\/h2>\n<p style='font-size: 15px; margin-bottom: 15px;'>Los adaptadores TwistPort\u2122 cubren un espectro de banda ultra ancha de 5180-6400 MHz y funcionan con excelente eficiencia con VSWR muy bien administrado en todo el espectro.<\/p>\n<p> <!-- Video 3 --> <\/p>\n<div style='position: relative; padding-bottom: 56.25%; height: 0; overflow: hidden; margin: 20px 0;'>   <\/div>\n<\/p><\/div>\n<p> <!-- Separador final --> <\/p>\n<hr style='border: 0; border-top: 1px solid rgba(150&comma; 150&comma; 150&comma; 0.3); margin: 30px 0;'> <\/div>\n","protected":false},"excerpt":{"rendered":"<p>Adaptador TwistPort para radios Mimosa C5x, B5X y C6X<\/p>\n","protected":false},"featured_media":87037,"comment_status":"open","ping_status":"closed","template":"","meta":[],"product_brand":[],"product_cat":[1998],"product_tag":[1999,1980,1988],"class_list":{"0":"post-87038","1":"product","2":"type-product","3":"status-publish","4":"has-post-thumbnail","6":"product_cat-5-y-6-ghz","7":"product_tag-5-y-6-ghz","8":"product_tag-enlaces-ptp-y-ptmp","9":"product_tag-rf-elements","11":"first","12":"instock","13":"sale","14":"shipping-taxable","15":"purchasable","16":"product-type-simple"},"_links":{"self":[{"href":"https:\/\/soydeaqui.ddns.net\/pachuca\/index.php\/wp-json\/wp\/v2\/product\/87038","targetHints":{"allow":["GET"]}}],"collection":[{"href":"https:\/\/soydeaqui.ddns.net\/pachuca\/index.php\/wp-json\/wp\/v2\/product"}],"about":[{"href":"https:\/\/soydeaqui.ddns.net\/pachuca\/index.php\/wp-json\/wp\/v2\/types\/product"}],"replies":[{"embeddable":true,"href":"https:\/\/soydeaqui.ddns.net\/pachuca\/index.php\/wp-json\/wp\/v2\/comments?post=87038"}],"wp:featuredmedia":[{"embeddable":true,"href":"https:\/\/soydeaqui.ddns.net\/pachuca\/index.php\/wp-json\/wp\/v2\/media\/87037"}],"wp:attachment":[{"href":"https:\/\/soydeaqui.ddns.net\/pachuca\/index.php\/wp-json\/wp\/v2\/media?parent=87038"}],"wp:term":[{"taxonomy":"product_brand","embeddable":true,"href":"https:\/\/soydeaqui.ddns.net\/pachuca\/index.php\/wp-json\/wp\/v2\/product_brand?post=87038"},{"taxonomy":"product_cat","embeddable":true,"href":"https:\/\/soydeaqui.ddns.net\/pachuca\/index.php\/wp-json\/wp\/v2\/product_cat?post=87038"},{"taxonomy":"product_tag","embeddable":true,"href":"https:\/\/soydeaqui.ddns.net\/pachuca\/index.php\/wp-json\/wp\/v2\/product_tag?post=87038"}],"curies":[{"name":"wp","href":"https:\/\/api.w.org\/{rel}","templated":true}]}}