{"id":87031,"date":"2026-03-19T22:48:31","date_gmt":"2026-03-19T22:48:31","guid":{"rendered":"https:\/\/soydeaqui.ddns.net\/pachuca\/index.php\/producto\/xlr-conector-de-cable-hembra-carcasa-niquelada-contactos-plateados\/"},"modified":"2026-03-19T22:48:32","modified_gmt":"2026-03-19T22:48:32","slug":"xlr-conector-de-cable-hembra-carcasa-niquelada-contactos-plateados","status":"publish","type":"product","link":"https:\/\/soydeaqui.ddns.net\/pachuca\/index.php\/producto\/xlr-conector-de-cable-hembra-carcasa-niquelada-contactos-plateados\/","title":{"rendered":"XLR conector de cable hembra, carcasa niquelada, contactos plateados"},"content":{"rendered":"<div style='width: 100%; max-width: 1200px; margin: 0 auto; font-family: sans-serif; line-height: 1.6; color: inherit; background-color: transparent;'> <!-- Imagen 1 --> <\/p>\n<div style='width: 100%; margin-bottom: 30px;'> <img style='width: 40%; height: auto; border: 1px solid rgba(150&comma;150&comma;150&comma;0.3); border-radius: 8px; margin-left: 30%;' src='https:\/\/ftp3.syscom.mx\/usuarios\/luis.vargas\/SEETRONIC\/seetronic.jpg' alt=''> <\/div>\n<hr style='border: 0; border-top: 1px solid rgba(150&comma;150&comma;150&comma;0.3); margin: 30px 0;'> <!-- Caracter\u00edsticas --> <\/p>\n<div style='margin-bottom: 30px;'>\n<h3 style='font-size: 22px; border-bottom: 2px solid currentColor; padding-bottom: 5px; margin-top: 0; color: inherit; opacity: 0.8; text-align: center;'>Caracter\u00edsticas<\/h3>\n<div style='display: flex; flex-wrap: wrap; gap: 30px; margin-top: 20px;'> <!-- Columna 1 --> <\/p>\n<div style='flex: 1 1 300px; min-width: 280px;'>\n<ul style='padding-left: 20px; font-size: 15px; color: inherit;'>\n<li style='margin-bottom: 5px;'><strong>Tipo de conexi\u00f3n:<\/strong> XLR<\/li>\n<li style='margin-bottom: 5px;'><strong>Tipo de conector:<\/strong> Hembra<\/li>\n<li style='margin-bottom: 5px;'><strong>Carcasa:<\/strong> Niquelada<\/li>\n<li style='margin-bottom: 5px;'><strong>Cableado:<\/strong> Contactos chapados en plata<\/li>\n<\/ul><\/div>\n<p> <!-- Columna 2 --> <\/p>\n<div style='flex: 1 1 300px; min-width: 280px;'>\n<ul style='padding-left: 20px; font-size: 15px; color: inherit;'>\n<li style='margin-bottom: 5px;'>Dise\u00f1o de apariencia completamente nuevo&comma; operaci\u00f3n m\u00e1s suave.<\/li>\n<li style='margin-bottom: 5px;'>La carcasa de metal adopta un dise\u00f1o de rosca externa que es conveniente para un bloqueo r\u00e1pido con la funda y reducir el tiempo de montaje.<\/li>\n<li style='margin-bottom: 5px;'>Se proporcionan dos abrazaderas para diferentes di\u00e1metros de cable; abrazadera negra de 3.5-6 mm; abrazadera blanca de 6-8 mm.<\/li>\n<\/ul><\/div>\n<p> <!-- Columna 3 --> <\/p>\n<div style='flex: 1 1 300px; min-width: 280px;'>\n<ul style='padding-left: 20px; font-size: 15px; color: inherit;'>\n<li style='margin-bottom: 5px;'>Dise\u00f1o sin anillo que es m\u00e1s compacto.<\/li>\n<li style='margin-bottom: 5px;'>Fundas de colores disponibles para codificaci\u00f3n e identificaci\u00f3n.<\/li>\n<li style='margin-bottom: 5px;'>La funda est\u00e1 equipada con una funda de sellado de poliuretano para evitar en gran medida que el cable se vea afectado por la presi\u00f3n de flexi\u00f3n.<\/li>\n<\/ul><\/div>\n<\/p><\/div>\n<\/p><\/div>\n<p> <!-- Imagen 2 --> <\/p>\n<div style='width: 100%; margin-bottom: 30px;'> <img style='width: 50%; height: auto; border: 1px solid rgba(150&comma;150&comma;150&comma;0.3); border-radius: 8px; margin-left: 25%;' src='https:\/\/ftp3.syscom.mx\/usuarios\/luis.vargas\/SEETRONIC\/SCSF3\/SCSF3.jpg' alt=''> <\/div>\n<\/p><\/div>\n","protected":false},"excerpt":{"rendered":"<p>XLR conector de cable hembra, carcasa niquelada, contactos plateados<\/p>\n","protected":false},"featured_media":87030,"comment_status":"open","ping_status":"closed","template":"","meta":[],"product_brand":[],"product_cat":[2168],"product_tag":[52,616,2169],"class_list":{"0":"post-87031","1":"product","2":"type-product","3":"status-publish","4":"has-post-thumbnail","6":"product_cat-conectores-audio-residencial-comercial","7":"product_tag-audio-residencial-comercial","8":"product_tag-conectores","9":"product_tag-seetronic","11":"first","12":"outofstock","13":"sale","14":"shipping-taxable","15":"purchasable","16":"product-type-simple"},"_links":{"self":[{"href":"https:\/\/soydeaqui.ddns.net\/pachuca\/index.php\/wp-json\/wp\/v2\/product\/87031","targetHints":{"allow":["GET"]}}],"collection":[{"href":"https:\/\/soydeaqui.ddns.net\/pachuca\/index.php\/wp-json\/wp\/v2\/product"}],"about":[{"href":"https:\/\/soydeaqui.ddns.net\/pachuca\/index.php\/wp-json\/wp\/v2\/types\/product"}],"replies":[{"embeddable":true,"href":"https:\/\/soydeaqui.ddns.net\/pachuca\/index.php\/wp-json\/wp\/v2\/comments?post=87031"}],"wp:featuredmedia":[{"embeddable":true,"href":"https:\/\/soydeaqui.ddns.net\/pachuca\/index.php\/wp-json\/wp\/v2\/media\/87030"}],"wp:attachment":[{"href":"https:\/\/soydeaqui.ddns.net\/pachuca\/index.php\/wp-json\/wp\/v2\/media?parent=87031"}],"wp:term":[{"taxonomy":"product_brand","embeddable":true,"href":"https:\/\/soydeaqui.ddns.net\/pachuca\/index.php\/wp-json\/wp\/v2\/product_brand?post=87031"},{"taxonomy":"product_cat","embeddable":true,"href":"https:\/\/soydeaqui.ddns.net\/pachuca\/index.php\/wp-json\/wp\/v2\/product_cat?post=87031"},{"taxonomy":"product_tag","embeddable":true,"href":"https:\/\/soydeaqui.ddns.net\/pachuca\/index.php\/wp-json\/wp\/v2\/product_tag?post=87031"}],"curies":[{"name":"wp","href":"https:\/\/api.w.org\/{rel}","templated":true}]}}