{"id":87013,"date":"2026-03-19T22:47:48","date_gmt":"2026-03-19T22:47:48","guid":{"rendered":"https:\/\/soydeaqui.ddns.net\/pachuca\/index.php\/producto\/conector-macho-rca-carcasa-enchapada-en-negro-contacto-enchapado-en-oro-cable-od-3-5-6-5mm\/"},"modified":"2026-03-19T22:47:57","modified_gmt":"2026-03-19T22:47:57","slug":"conector-macho-rca-carcasa-enchapada-en-negro-contacto-enchapado-en-oro-cable-od-3-5-6-5mm","status":"publish","type":"product","link":"https:\/\/soydeaqui.ddns.net\/pachuca\/index.php\/producto\/conector-macho-rca-carcasa-enchapada-en-negro-contacto-enchapado-en-oro-cable-od-3-5-6-5mm\/","title":{"rendered":"Conector Macho RCA | Carcasa Enchapada en Negro | Contacto Enchapado en Oro | Cable OD 3.5-6.5mm"},"content":{"rendered":"<div style='width: 100%; max-width: 1200px; margin: 0 auto; font-family: sans-serif; line-height: 1.6; color: inherit; background-color: transparent;'> <!-- Imagen del producto --> <\/p>\n<div style='width: 100%; margin-bottom: 30px;'> <img style='width: 100%; height: auto; border: 1px solid rgba(150&comma;150&comma;150&comma;0.3); border-radius: 8px;' src='https:\/\/ftp3.syscom.mx\/usuarios\/luis.vargas\/SEETRONIC\/seetronic_1.jpg' alt='Conector Macho RCA MT380'> <\/div>\n<p> <!-- Caracter\u00edsticas principales --> <\/p>\n<div style='display: flex; flex-wrap: wrap; gap: 30px; margin-bottom: 30px;'>\n<div style='flex: 1 1 300px; min-width: 280px;'>\n<h3 style='font-size: 22px; border-bottom: 2px solid currentColor; padding-bottom: 5px; margin-top: 0; color: inherit; opacity: 0.8;'>Caracter\u00edsticas principales<\/h3>\n<ul style='padding-left: 20px; font-size: 15px; color: inherit;'>\n<li style='margin-bottom: 5px;'>Conector RCA profesional para audio y video<\/li>\n<li style='margin-bottom: 5px;'>Carcasa chapada en negro para durabilidad<\/li>\n<li style='margin-bottom: 5px;'>Contacto chapado en oro para mejor conductividad<\/li>\n<li style='margin-bottom: 5px;'>Compatible con cables de 3.5-6.5 mm de di\u00e1metro<\/li>\n<li style='margin-bottom: 5px;'>Hasta 2000 ciclos de vida \u00fatil<\/li>\n<\/ul><\/div>\n<\/p><\/div>\n<p> <!-- Especificaciones t\u00e9cnicas --> <\/p>\n<div style='display: flex; flex-wrap: wrap; gap: 20px; margin-bottom: 30px;'>\n<div style='flex: 1 1 250px; border: 1px solid rgba(150&comma; 150&comma; 150&comma; 0.4); border-radius: 8px; overflow: hidden; display: flex; flex-direction: column;'>\n<div style='padding: 15px; border-bottom: 1px solid rgba(150&comma; 150&comma; 150&comma; 0.2); font-weight: bold; font-size: 18px; color: inherit;'>Especificaciones T\u00e9cnicas<\/div>\n<div style='padding: 15px; color: inherit;'>\n<ul style='padding-left: 20px; margin: 0; font-size: 14px; list-style-type: disc;'>\n<li style='margin-bottom: 5px;'><strong>Tipo:<\/strong> Conector Macho RCA<\/li>\n<li style='margin-bottom: 5px;'><strong>Material carcasa:<\/strong> Metal chapado en negro<\/li>\n<li style='margin-bottom: 5px;'><strong>Contacto:<\/strong> Chapado en oro<\/li>\n<li style='margin-bottom: 5px;'><strong>Rango de cable compatible:<\/strong> 3.5-6.5 mm di\u00e1metro<\/li>\n<li style='margin-bottom: 5px;'><strong>Ciclos de vida:<\/strong> 2000 ciclos<\/li>\n<\/ul><\/div>\n<\/p><\/div>\n<\/p><\/div>\n<p> <!-- Aplicaciones --> <\/p>\n<div style='display: flex; flex-wrap: wrap; gap: 30px; margin-bottom: 30px;'>\n<div style='flex: 1 1 300px; min-width: 280px;'>\n<h3 style='font-size: 22px; border-bottom: 2px solid currentColor; padding-bottom: 5px; margin-top: 0; color: inherit; opacity: 0.8;'>Aplicaciones<\/h3>\n<ul style='padding-left: 20px; font-size: 15px; color: inherit;'>\n<li style='margin-bottom: 5px;'>Transmisi\u00f3n de se\u00f1ales de audio digital<\/li>\n<li style='margin-bottom: 5px;'>Transmisi\u00f3n de se\u00f1ales de v\u00eddeo anal\u00f3gicas<\/li>\n<li style='margin-bottom: 5px;'>Sistemas profesionales de audio y video<\/li>\n<li style='margin-bottom: 5px;'>Equipos de producci\u00f3n multimedia<\/li>\n<\/ul><\/div>\n<\/p><\/div>\n<p> <!-- Separador --> <\/p>\n<hr style='border: 0; border-top: 1px solid rgba(150&comma; 150&comma; 150&comma; 0.3); margin: 30px 0;'> <\/div>\n","protected":false},"excerpt":{"rendered":"<p>Conector Macho RCA | Carcasa Enchapada en Negro | Contacto Enchapado en Oro | Cable OD 3.5-6.5mm<\/p>\n","protected":false},"featured_media":87012,"comment_status":"open","ping_status":"closed","template":"","meta":[],"product_brand":[],"product_cat":[2168],"product_tag":[52,616,2169],"class_list":{"0":"post-87013","1":"product","2":"type-product","3":"status-publish","4":"has-post-thumbnail","6":"product_cat-conectores-audio-residencial-comercial","7":"product_tag-audio-residencial-comercial","8":"product_tag-conectores","9":"product_tag-seetronic","11":"first","12":"instock","13":"sale","14":"shipping-taxable","15":"purchasable","16":"product-type-simple"},"_links":{"self":[{"href":"https:\/\/soydeaqui.ddns.net\/pachuca\/index.php\/wp-json\/wp\/v2\/product\/87013","targetHints":{"allow":["GET"]}}],"collection":[{"href":"https:\/\/soydeaqui.ddns.net\/pachuca\/index.php\/wp-json\/wp\/v2\/product"}],"about":[{"href":"https:\/\/soydeaqui.ddns.net\/pachuca\/index.php\/wp-json\/wp\/v2\/types\/product"}],"replies":[{"embeddable":true,"href":"https:\/\/soydeaqui.ddns.net\/pachuca\/index.php\/wp-json\/wp\/v2\/comments?post=87013"}],"wp:featuredmedia":[{"embeddable":true,"href":"https:\/\/soydeaqui.ddns.net\/pachuca\/index.php\/wp-json\/wp\/v2\/media\/87012"}],"wp:attachment":[{"href":"https:\/\/soydeaqui.ddns.net\/pachuca\/index.php\/wp-json\/wp\/v2\/media?parent=87013"}],"wp:term":[{"taxonomy":"product_brand","embeddable":true,"href":"https:\/\/soydeaqui.ddns.net\/pachuca\/index.php\/wp-json\/wp\/v2\/product_brand?post=87013"},{"taxonomy":"product_cat","embeddable":true,"href":"https:\/\/soydeaqui.ddns.net\/pachuca\/index.php\/wp-json\/wp\/v2\/product_cat?post=87013"},{"taxonomy":"product_tag","embeddable":true,"href":"https:\/\/soydeaqui.ddns.net\/pachuca\/index.php\/wp-json\/wp\/v2\/product_tag?post=87013"}],"curies":[{"name":"wp","href":"https:\/\/api.w.org\/{rel}","templated":true}]}}