{"id":86947,"date":"2026-03-19T22:45:04","date_gmt":"2026-03-19T22:45:04","guid":{"rendered":"https:\/\/soydeaqui.ddns.net\/pachuca\/index.php\/producto\/paquete-2-piezas-home-router-inalambrico-mesh-wi-fi-6-4x4-doble-banda-1-puerto-wan-gigabit-y-4-puertos-lan-gigabit\/"},"modified":"2026-03-19T22:45:06","modified_gmt":"2026-03-19T22:45:06","slug":"paquete-2-piezas-home-router-inalambrico-mesh-wi-fi-6-4x4-doble-banda-1-puerto-wan-gigabit-y-4-puertos-lan-gigabit","status":"publish","type":"product","link":"https:\/\/soydeaqui.ddns.net\/pachuca\/index.php\/producto\/paquete-2-piezas-home-router-inalambrico-mesh-wi-fi-6-4x4-doble-banda-1-puerto-wan-gigabit-y-4-puertos-lan-gigabit\/","title":{"rendered":"Paquete 2 piezas Home Router inal\u00e1mbrico MESH WI-FI 6 4&#215;4 doble banda 1 puerto WAN Gigabit y 4 puertos LAN Gigabit"},"content":{"rendered":"<div style='width: 100%; max-width: 1200px; margin: 0 auto; font-family: sans-serif; line-height: 1.6; color: inherit; background-color: transparent;'>\n<div style='display: flex; flex-direction: column; gap: 30px;'>\n<div style='flex: 1;'> <img style='width: 100%; height: auto; border: 1px solid rgba(150&comma;150&comma;150&comma;0.3); border-radius: 8px;' src='https:\/\/ftp3.syscom.mx\/usuarios\/fotos\/RGRAP2260(G)\/203964-output.png' alt=''> <\/p>\n<p style='text-align: justify; font-size: 15px; color: inherit;'>\n<p style='text-align: justify; font-size: 15px; color: inherit;'><strong>Router HOME WISP modelo:<\/strong> RG-M32<\/p>\n<p style='text-align: justify; font-size: 15px; color: inherit;'>Un Mesh con mayor capacidad de cobertura total. Soportado por chipset de grado empresarial 4&#215;4. Roaming fluido&comma; soluciones de Wi-Fi para cubrir todo el espacio&comma; sorpr\u00e9ndase con la Red Reyee Mesh. Disfrute de mayor estabilidad durante cargas pesadas.<\/p>\n<p style='text-align: justify; font-size: 15px; color: inherit;'>\n<\/p><\/div>\n<\/p><\/div>\n<div style='display: flex; flex-wrap: wrap; gap: 30px; margin-top: 30px;'>\n<div style='flex: 1 1 300px; min-width: 280px;'> <img style='width: 100%; height: auto; border: 1px solid rgba(150&comma;150&comma;150&comma;0.3); border-radius: 8px;' src='https:\/\/ftp3.syscom.mx\/usuarios\/fotos\/RGM32(2PACK)\/218668-rg-m-32-2-pack.jpeg' alt=''> <\/div>\n<div style='flex: 2 1 600px; min-width: 280px;'>\n<h3 style='font-size: 22px; border-bottom: 2px solid currentColor; padding-bottom: 5px; margin-top: 0; color: inherit; opacity: 0.8;'>Caracter\u00edsticas Generales<\/h3>\n<ul style='padding-left: 20px; font-size: 15px; color: inherit;'>\n<li style='margin-bottom: 5px;'><strong>Est\u00e1ndar:<\/strong> 802.11ax (Wi-Fi 6). Soporta conexi\u00f3n de dispositivos de est\u00e1ndares anteriores.<\/li>\n<li style='margin-bottom: 5px;'><strong>Bandas de operaci\u00f3n:<\/strong> 2.4 GHz (4&#215;4) y 5 GHz (4&#215;4)<\/li>\n<li style='margin-bottom: 5px;'><strong>Modos de operaci\u00f3n:<\/strong> Router&comma; Access Point o repetidor universal.<\/li>\n<li style='margin-bottom: 5px;'><strong>Configuraci\u00f3n a trav\u00e9s de:<\/strong> interfaz web (red local)&comma; aplicaci\u00f3n m\u00f3vil (remoto o en red local)&comma; plataforma cloud (remoto).<\/li>\n<li style='margin-bottom: 5px;'><strong>Puertos:<\/strong> 1 puerto 10\/100\/1000 WAN&comma; 3 puertos 10\/100\/1000 LAN para conectar otros dispositivos a la red de forma cableada.<\/li>\n<li style='margin-bottom: 5px;'><strong>Garant\u00eda:<\/strong> 3 a\u00f1os<\/li>\n<\/ul>\n<p style='margin: 20px 0; font-size: 15px; color: inherit;'>\n<\/p><\/div>\n<\/p><\/div>\n<div style='display: flex; flex-wrap: wrap; gap: 20px; margin-top: 30px;'>\n<div style='flex: 1 1 250px; border: 1px solid rgba(150&comma; 150&comma; 150&comma; 0.4); border-radius: 8px; overflow: hidden; display: flex; flex-direction: column;'>\n<div style='padding: 15px; border-bottom: 1px solid rgba(150&comma; 150&comma; 150&comma; 0.2); font-weight: bold; font-size: 18px; color: inherit;'>Desempe\u00f1o Inal\u00e1mbrico<\/div>\n<div style='padding: 15px; color: inherit;'>\n<ul style='padding-left: 20px; margin: 0; font-size: 14px; list-style-type: disc;'>\n<li style='margin-bottom: 5px;'>Omnidireccional<\/li>\n<li style='margin-bottom: 5px;'>Hasta 192 usuarios concurrentes.<\/li>\n<li style='margin-bottom: 5px;'>Soporta 6 SSIDs<\/li>\n<li style='margin-bottom: 5px;'><strong>Ancho de banda:<\/strong> 2.4 GHz 800 Mbps \/ 5 GHz 2402 Mbps<\/li>\n<li style='margin-bottom: 5px;'><strong>Ganancia de las Antenas:<\/strong> 4 Antenas doble Banda de 2.4 GHz 4 dBi; 5 GHz 4 dBi<\/li>\n<li style='margin-bottom: 5px;'><strong>Potencia de transmisi\u00f3n:<\/strong> 2.4 GHz 20 dBm (100 mW) \/ 5 GHz 27 dBm (501 mW)<\/li>\n<\/ul>\n<p style='margin: 15px 0; font-size: 14px; color: inherit;'>\n<h5 style='font-size: 16px; color: inherit; opacity: 0.8; margin-top: 0;'><strong>Documentos y Software<\/strong><\/h5>\n<ul style='padding-left: 20px; margin: 0; font-size: 14px; list-style-type: disc;'>\n<li style='margin-bottom: 5px;'><a href='https:\/\/reyee.ruijie.com\/es-latam\/resources\/preview\/rg-ew300-pro' target='_blank' rel='noopener' style='color: inherit; text-decoration: underline;'>Hoja de especificaciones<\/a><\/li>\n<li style='margin-bottom: 5px;'><a href='https:\/\/reyee.ruijie.com\/en-global\/resources\/preview\/ruijie-reyee-mesh-routers-web-based-configuration-guide' target='_blank' rel='noopener' style='color: inherit; text-decoration: underline;'>Manual de Instalaci\u00f3n<\/a><\/li>\n<li style='margin-bottom: 5px;'><a href='https:\/\/reyee.ruijie.com\/es-latam\/resources\/products?activeName=software' target='_blank' rel='noopener' style='color: inherit; text-decoration: underline;'>Descargar Firmware<\/a><\/li>\n<\/ul><\/div>\n<\/p><\/div>\n<div style='flex: 1 1 250px; border: 1px solid rgba(150&comma; 150&comma; 150&comma; 0.4); border-radius: 8px; overflow: hidden; display: flex; flex-direction: column;'>\n<div style='padding: 15px; border-bottom: 1px solid rgba(150&comma; 150&comma; 150&comma; 0.2); font-weight: bold; font-size: 18px; color: inherit;'>Caracter\u00edsticas F\u00edsicas y El\u00e9ctricas<\/div>\n<div style='padding: 15px; color: inherit;'>\n<ul style='padding-left: 20px; margin: 0; font-size: 14px; list-style-type: disc;'>\n<li style='margin-bottom: 5px;'><strong>Alimentaci\u00f3n:<\/strong> DC 12 Vcc (2.0 A)&comma; consumo M\u00e1x 30 Watts.<\/li>\n<li style='margin-bottom: 5px;'><strong>Dimensiones:<\/strong> 119 mm x 119 mm x 200 mm.<\/li>\n<li style='margin-bottom: 5px;'><strong>Peso:<\/strong> 0.66 kg.<\/li>\n<li style='margin-bottom: 5px;'><strong>Temperatura en Operaci\u00f3n:<\/strong> -10\u00b0C a +45\u00b0C<\/li>\n<li style='margin-bottom: 5px;'><strong>Grado de protecci\u00f3n:<\/strong> IP41<\/li>\n<\/ul><\/div>\n<\/p><\/div>\n<div style='flex: 1 1 250px; border: 1px solid rgba(150&comma; 150&comma; 150&comma; 0.4); border-radius: 8px; overflow: hidden; display: flex; flex-direction: column;'>\n<div style='padding: 15px; border-bottom: 1px solid rgba(150&comma; 150&comma; 150&comma; 0.2); font-weight: bold; font-size: 18px; color: inherit;'>Contenido del Paquete<\/div>\n<div style='padding: 15px; color: inherit;'>\n<ul style='padding-left: 20px; margin: 0; font-size: 14px; list-style-type: disc;'>\n<li style='margin-bottom: 5px;'>1 x Punto de acceso RG-M32.<\/li>\n<li style='margin-bottom: 5px;'>Eliminador DC 12 Vcc (2.0 A)<\/li>\n<li style='margin-bottom: 5px;'>Cable de Red<\/li>\n<li style='margin-bottom: 5px;'>Gu\u00eda r\u00e1pida de instalaci\u00f3n.<\/li>\n<\/ul>\n<p style='margin: 15px 0; font-size: 14px; color: inherit;'>\n<h5 style='font-size: 16px; color: inherit; opacity: 0.8; margin-top: 0;'><strong>Accesorios Sugeridos (Venta por separado)<\/strong><\/h5>\n<ul style='padding-left: 20px; margin: 0; font-size: 14px; list-style-type: disc;'>\n<li style='margin-bottom: 5px;'>Eliminador DC de Repuesto: <a href='https:\/\/www.syscom.mx\/principal\/searchcont?route=PSD1202D-EPCOM-POWERLINE-77584&#038;autodetect=fuente_de_poder' target='_blank' rel='noopener' style='color: inherit; text-decoration: underline;'>PSD1202D<\/a><\/li>\n<\/ul><\/div>\n<\/p><\/div>\n<\/p><\/div>\n<hr style='border: 0; border-top: 1px solid rgba(150&comma; 150&comma; 150&comma; 0.3); margin: 30px 0;'>\n<div style='display: flex; flex-wrap: wrap; gap: 20px; margin-top: 30px;'>\n<div style='flex: 1 1 250px; border: 1px solid rgba(150&comma; 150&comma; 150&comma; 0.4); border-radius: 8px; overflow: hidden; display: flex; flex-direction: column;'>\n<div style='padding: 15px; border-bottom: 1px solid rgba(150&comma; 150&comma; 150&comma; 0.2); font-weight: bold; font-size: 18px; color: inherit;'>Caracter\u00edsticas Destacadas<\/div>\n<div style='padding: 15px; color: inherit;'>\n<ul style='padding-left: 20px; margin: 0; font-size: 14px; list-style-type: disc;'>\n<li style='margin-bottom: 5px;'>Se\u00f1al m\u00e1s fuerte con 4 antenas de 4 dBi.<\/li>\n<li style='margin-bottom: 5px;'>Gesti\u00f3n gratuita en la nube de por vida.<\/li>\n<li style='margin-bottom: 5px;'>Hogar Inteligente 4&#215;4<\/li>\n<li style='margin-bottom: 5px;'>Modo de Operaci\u00f3n Mesh<\/li>\n<\/ul><\/div>\n<\/p><\/div>\n<div style='flex: 1 1 250px; border: 1px solid rgba(150&comma; 150&comma; 150&comma; 0.4); border-radius: 8px; overflow: hidden; display: flex; flex-direction: column;'>\n<div style='padding: 15px; border-bottom: 1px solid rgba(150&comma; 150&comma; 150&comma; 0.2); font-weight: bold; font-size: 18px; color: inherit;'>Especificaciones T\u00e9cnicas<\/div>\n<div style='padding: 15px; color: inherit;'>\n<ul style='padding-left: 20px; margin: 0; font-size: 14px; list-style-type: disc;'>\n<li style='margin-bottom: 5px;'>Control parental.<\/li>\n<li style='margin-bottom: 5px;'>IPTV VLAN.<\/li>\n<li style='margin-bottom: 5px;'>Firewall (Funciones B\u00e1sicas).<\/li>\n<\/ul><\/div>\n<\/p><\/div>\n<div style='flex: 1 1 250px; border: 1px solid rgba(150&comma; 150&comma; 150&comma; 0.4); border-radius: 8px; overflow: hidden; display: flex; flex-direction: column;'>\n<div style='padding: 15px; border-bottom: 1px solid rgba(150&comma; 150&comma; 150&comma; 0.2); font-weight: bold; font-size: 18px; color: inherit;'>Rendimiento Excepcional<\/div>\n<div style='padding: 15px; color: inherit;'>\n<ul style='padding-left: 20px; margin: 0; font-size: 14px; list-style-type: disc;'>\n<li style='margin-bottom: 5px;'>Hasta 30 metros de Cobertura.<\/li>\n<li style='margin-bottom: 5px;'>Hasta 192 Usuarios.<\/li>\n<li style='margin-bottom: 5px;'>Hasta 6 SSIDs.<\/li>\n<\/ul><\/div>\n<\/p><\/div>\n<\/p><\/div>\n<div style='display: flex; flex-wrap: wrap; gap: 20px; margin-top: 30px;'>\n<div style='flex: 1 1 250px; border: 1px solid rgba(150&comma; 150&comma; 150&comma; 0.4); border-radius: 8px; overflow: hidden; display: flex; flex-direction: column;'>\n<div style='padding: 15px; border-bottom: 1px solid rgba(150&comma; 150&comma; 150&comma; 0.2); font-weight: bold; font-size: 18px; color: inherit;'>Gesti\u00f3n y Soporte Avanzados<\/div>\n<div style='padding: 15px; color: inherit;'>\n<ul style='padding-left: 20px; margin: 0; font-size: 14px; list-style-type: disc;'>\n<li style='margin-bottom: 5px;'>Interfaz Local.<\/li>\n<li style='margin-bottom: 5px;'>Gesti\u00f3n Remota Ruijie Cloud.<\/li>\n<li style='margin-bottom: 5px;'>Gesti\u00f3n Remota Ruijie APP.<\/li>\n<\/ul><\/div>\n<\/p><\/div>\n<div style='flex: 1 1 250px; border: 1px solid rgba(150&comma; 150&comma; 150&comma; 0.4); border-radius: 8px; overflow: hidden; display: flex; flex-direction: column;'>\n<div style='padding: 15px; border-bottom: 1px solid rgba(150&comma; 150&comma; 150&comma; 0.2); font-weight: bold; font-size: 18px; color: inherit;'>Fiabilidad y Garant\u00eda<\/div>\n<div style='padding: 15px; color: inherit;'>\n<ul style='padding-left: 20px; margin: 0; font-size: 14px; list-style-type: disc;'>\n<li style='margin-bottom: 5px;'>Incluye 3 a\u00f1os de Garant\u00eda.<\/li>\n<\/ul><\/div>\n<\/p><\/div>\n<\/p><\/div>\n<div style='margin-top: 30px;'> <img style='width: 100%; height: auto; border: 1px solid rgba(150&comma;150&comma;150&comma;0.3); border-radius: 8px;' src='https:\/\/ftp3.syscom.mx\/usuarios\/fotos\/RGM32(2PACK)\/218668-2024-05-07_09_22_50-rg-m32_3200m_wi-fi_6_dual-band_gigabit_mesh_router_-_ruijie_reyee.jpg' alt=''> <\/div>\n<div style='margin-top: 30px;'> <img style='width: 100%; height: auto; border: 1px solid rgba(150&comma;150&comma;150&comma;0.3); border-radius: 8px;' src='https:\/\/ftp3.syscom.mx\/usuarios\/fotos\/RGM32(2PACK)\/218668-2024-05-07_09_24_10-rg-m32_3200m_wi-fi_6_dual-band_gigabit_mesh_router_-_ruijie_reyee.jpg' alt=''> <\/div>\n<div style='margin-top: 30px;'> <img style='width: 100%; height: auto; border: 1px solid rgba(150&comma;150&comma;150&comma;0.3); border-radius: 8px;' src='https:\/\/ftp3.syscom.mx\/usuarios\/fotos\/RGM32(2PACK)\/218668-2024-05-07_09_23_54-rg-m32_3200m_wi-fi_6_dual-band_gigabit_mesh_router_-_ruijie_reyee.jpg' alt=''> <\/div>\n<div style='margin-top: 30px;'> <img style='width: 100%; height: auto; border: 1px solid rgba(150&comma;150&comma;150&comma;0.3); border-radius: 8px;' src='https:\/\/ftp3.syscom.mx\/usuarios\/fotos\/RGM32(2PACK)\/218668-2024-05-07_09_23_19-rg-m32_3200m_wi-fi_6_dual-band_gigabit_mesh_router_-_ruijie_reyee.jpg' alt=''> <\/div>\n<div style='margin-top: 30px;'> <img style='width: 100%; height: auto; border: 1px solid rgba(150&comma;150&comma;150&comma;0.3); border-radius: 8px;' src='https:\/\/ftp3.syscom.mx\/usuarios\/fotos\/RGEW300PRO\/211697-tabla_comparativa_ew_series.jpg' alt=''> <\/div>\n<div style='margin-top: 30px;'> <img style='width: 100%; height: auto; border: 1px solid rgba(150&comma;150&comma;150&comma;0.3); border-radius: 8px;' src='https:\/\/ftp3.syscom.mx\/usuarios\/fotos\/RGEW300PRO\/211697-2024-04-08_10_30_21-rg-ew300_pro_300mbps_wireless_smart_router_-_ruijie_reyee.png' alt=''> <\/div>\n<\/p><\/div>\n","protected":false},"excerpt":{"rendered":"<p>Paquete 2 piezas Home Router inal\u00e1mbrico MESH WI-FI 6 4&#215;4 doble banda 1 puerto WAN Gigabit y 4 puertos LAN Gigabit<\/p>\n","protected":false},"featured_media":86946,"comment_status":"open","ping_status":"closed","template":"","meta":[],"product_brand":[],"product_cat":[2024],"product_tag":[1479,2025,2123],"class_list":{"0":"post-86947","1":"product","2":"type-product","3":"status-publish","4":"has-post-thumbnail","6":"product_cat-routers-inalambricos","7":"product_tag-redes-wifi","8":"product_tag-routers-inalambricos","9":"product_tag-ruijie","11":"first","12":"outofstock","13":"sale","14":"shipping-taxable","15":"purchasable","16":"product-type-simple"},"_links":{"self":[{"href":"https:\/\/soydeaqui.ddns.net\/pachuca\/index.php\/wp-json\/wp\/v2\/product\/86947","targetHints":{"allow":["GET"]}}],"collection":[{"href":"https:\/\/soydeaqui.ddns.net\/pachuca\/index.php\/wp-json\/wp\/v2\/product"}],"about":[{"href":"https:\/\/soydeaqui.ddns.net\/pachuca\/index.php\/wp-json\/wp\/v2\/types\/product"}],"replies":[{"embeddable":true,"href":"https:\/\/soydeaqui.ddns.net\/pachuca\/index.php\/wp-json\/wp\/v2\/comments?post=86947"}],"wp:featuredmedia":[{"embeddable":true,"href":"https:\/\/soydeaqui.ddns.net\/pachuca\/index.php\/wp-json\/wp\/v2\/media\/86946"}],"wp:attachment":[{"href":"https:\/\/soydeaqui.ddns.net\/pachuca\/index.php\/wp-json\/wp\/v2\/media?parent=86947"}],"wp:term":[{"taxonomy":"product_brand","embeddable":true,"href":"https:\/\/soydeaqui.ddns.net\/pachuca\/index.php\/wp-json\/wp\/v2\/product_brand?post=86947"},{"taxonomy":"product_cat","embeddable":true,"href":"https:\/\/soydeaqui.ddns.net\/pachuca\/index.php\/wp-json\/wp\/v2\/product_cat?post=86947"},{"taxonomy":"product_tag","embeddable":true,"href":"https:\/\/soydeaqui.ddns.net\/pachuca\/index.php\/wp-json\/wp\/v2\/product_tag?post=86947"}],"curies":[{"name":"wp","href":"https:\/\/api.w.org\/{rel}","templated":true}]}}