{"id":86884,"date":"2026-03-19T22:42:12","date_gmt":"2026-03-19T22:42:12","guid":{"rendered":"https:\/\/soydeaqui.ddns.net\/pachuca\/index.php\/producto\/punto-de-acceso-mesh-wi-fi-6-exterior-ip68-omnidireccional-puerto-gigabit-poe-in-y-sfp-uplink-mu-mimo-2x2-hasta-512-clientes\/"},"modified":"2026-03-19T22:42:18","modified_gmt":"2026-03-19T22:42:18","slug":"punto-de-acceso-mesh-wi-fi-6-exterior-ip68-omnidireccional-puerto-gigabit-poe-in-y-sfp-uplink-mu-mimo-2x2-hasta-512-clientes","status":"publish","type":"product","link":"https:\/\/soydeaqui.ddns.net\/pachuca\/index.php\/producto\/punto-de-acceso-mesh-wi-fi-6-exterior-ip68-omnidireccional-puerto-gigabit-poe-in-y-sfp-uplink-mu-mimo-2x2-hasta-512-clientes\/","title":{"rendered":"Punto de Acceso Mesh Wi-Fi 6 Exterior IP68 Omnidireccional,  Puerto Gigabit PoE In y SFP Uplink MU-MIMO 2&#215;2, hasta 512 clientes"},"content":{"rendered":"<div style='width: 100%; max-width: 1200px; margin: 0 auto; font-family: sans-serif; line-height: 1.6; color: inherit; background-color: transparent;'>\n<div style='width: 100%; margin-bottom: 30px;'> <img style='width: 100%; height: auto; border: 1px solid rgba(150&comma;150&comma;150&comma;0.3); border-radius: 8px;' src='https:\/\/ftp3.syscom.mx\/usuarios\/fotos\/RGRAP2260(G)\/203964-output.png' alt=''> <\/div>\n<div style='margin-bottom: 30px;'>\n<h2 style='font-size: 24px; border-bottom: 2px solid currentColor; padding-bottom: 5px; margin-top: 0; color: inherit; opacity: 0.8;'>Access Point Reyee modelo: RG-RAP6262<\/h2>\n<p style='font-size: 16px; color: inherit;'>El punto de acceso RG-RAP6262 se administra sin costo en la robusta nube de Ruijie&comma; no requiere un controlador local para ser administrado. Desde la nube&comma; puede descargar reportes de consumo por usuario&comma; aplicaci\u00f3n o equipo de fechas determinadas&comma; sin contar que podr\u00e1 recibir alertas automatizadas de forma remota para mantener la red siempre operando.<\/p>\n<\/p><\/div>\n<div style='display: flex; flex-wrap: wrap; gap: 30px; margin-bottom: 30px;'>\n<div style='flex: 1 1 300px; min-width: 280px;'>\n<h3 style='font-size: 22px; border-bottom: 2px solid currentColor; padding-bottom: 5px; margin-top: 0; color: inherit; opacity: 0.8;'>Caracter\u00edsticas Generales<\/h3>\n<ul style='padding-left: 20px; font-size: 15px; color: inherit;'>\n<li style='margin-bottom: 5px;'><strong>Est\u00e1ndar:<\/strong> 802.11ax (Wi-Fi 6). Soporta conexi\u00f3n de dispositivos de est\u00e1ndares anteriores<\/li>\n<li style='margin-bottom: 5px;'><strong>Bandas de operaci\u00f3n:<\/strong> 2.4 GHz (2&#215;2) \/ 5 GHz (2&#215;2)<\/li>\n<li style='margin-bottom: 5px;'><strong>Modos de operaci\u00f3n:<\/strong> Access Point&comma; Mesh o repetidor universal<\/li>\n<li style='margin-bottom: 5px;'><strong>Configuraci\u00f3n a trav\u00e9s de:<\/strong> Interfaz web (red local)&comma; aplicaci\u00f3n m\u00f3vil (remoto o en red local)&comma; plataforma cloud (remoto)<\/li>\n<li style='margin-bottom: 5px;'><strong>Puertos:<\/strong> 1 puerto Gigabit PoE In&comma; 1 puerto SFP Gigabit WAN (UPLINK)<\/li>\n<li style='margin-bottom: 5px;'><strong>Garant\u00eda:<\/strong> 3 a\u00f1os<\/li>\n<\/ul><\/div>\n<div style='flex: 1 1 300px; min-width: 280px;'> <img style='width: 100%; height: auto; border: 1px solid rgba(150&comma;150&comma;150&comma;0.3); border-radius: 16px;' src='https:\/\/ftp3.syscom.mx\/usuarios\/vtarango\/Ruijie\/Documentos\/RG-RAP6262\/RG-RAP6262%20Imagen%20Cuerpo%2003.png' alt=''> <\/div>\n<\/p><\/div>\n<div style='display: flex; flex-wrap: wrap; gap: 20px; margin-bottom: 30px;'>\n<div style='flex: 1 1 250px; border: 1px solid rgba(150&comma; 150&comma; 150&comma; 0.4); border-radius: 8px; overflow: hidden; display: flex; flex-direction: column;'>\n<div style='padding: 15px; border-bottom: 1px solid rgba(150&comma; 150&comma; 150&comma; 0.2); font-weight: bold; font-size: 18px; color: inherit;'>Caracter\u00edsticas RF<\/div>\n<div style='padding: 15px; color: inherit;'>\n<ul style='padding-left: 20px; margin: 0; font-size: 14px; list-style-type: disc;'>\n<li style='margin-bottom: 5px;'><strong>Ancho de banda:<\/strong> 2.4 GHz \/ 574 Mbps; 5 GHz \/ 2400 Mbps<\/li>\n<li style='margin-bottom: 5px;'><strong>Ganancia de las Antenas:<\/strong> 2.4 GHz \/ 3 dBi; 5 GHz \/ 4 dBi<\/li>\n<li style='margin-bottom: 5px;'><strong>Potencia de transmisi\u00f3n:<\/strong> 2.4 GHz \/ 32 dBm (1&comma;584.8 mW); 5 GHz \/ 34 dBm (2&comma;511.8 mW)<\/li>\n<li style='margin-bottom: 5px;'><strong>Clientes Soportados:<\/strong> Hasta 512<\/li>\n<li style='margin-bottom: 5px;'><strong>Cobertura 2.4Ghz:<\/strong> 148m &#8211; 166m<\/li>\n<li style='margin-bottom: 5px;'><strong>Cobertura 5Ghz:<\/strong> 138m &#8211; 154m<\/li>\n<\/ul>\n<p style='margin-top: 15px; font-size: 14px; color: inherit;'><strong style='background-color: #facc15; padding: 3px 6px; border-radius: 4px;'>Nota:<\/strong> Considere que las distancias de cobertura mencionadas son en \u00e1rea libre y sin interferencias en un rango de <u style='text-decoration: underline;'>-45 dBm a -65 dBm<\/u>&comma; estas tendr\u00e1n variaci\u00f3n dependiendo del ambiente&comma; la instalaci\u00f3n y capacidad de recepci\u00f3n en los dispositivos clientes (celular \/ Laptop \/ etc).<\/p>\n<\/p><\/div>\n<\/p><\/div>\n<div style='flex: 1 1 250px; border: 1px solid rgba(150&comma; 150&comma; 150&comma; 0.4); border-radius: 8px; overflow: hidden; display: flex; flex-direction: column;'>\n<div style='padding: 15px; border-bottom: 1px solid rgba(150&comma; 150&comma; 150&comma; 0.2); font-weight: bold; font-size: 18px; color: inherit;'>Caracter\u00edsticas F\u00edsicas y El\u00e9ctricas<\/div>\n<div style='padding: 15px; color: inherit;'>\n<ul style='padding-left: 20px; margin: 0; font-size: 14px; list-style-type: disc;'>\n<li style='margin-bottom: 5px;'><strong>Alimentaci\u00f3n:<\/strong> PoE est\u00e1ndar 802.3at o 12v &#8211; 2A)&comma; consumo Max 24 Watts<\/li>\n<li style='margin-bottom: 5px;'><strong>Dimensiones:<\/strong> 230 mm x 230 mm x 195 mm<\/li>\n<li style='margin-bottom: 5px;'><strong>Peso:<\/strong> 1 kg<\/li>\n<li style='margin-bottom: 5px;'><strong>Temperatura en Operaci\u00f3n:<\/strong> -30\u00b0C a 65\u00b0C<\/li>\n<li style='margin-bottom: 5px;'><strong>Grado de protecci\u00f3n:<\/strong> IP68<\/li>\n<\/ul><\/div>\n<\/p><\/div>\n<div style='flex: 1 1 250px; border: 1px solid rgba(150&comma; 150&comma; 150&comma; 0.4); border-radius: 8px; overflow: hidden; display: flex; flex-direction: column;'>\n<div style='padding: 15px; border-bottom: 1px solid rgba(150&comma; 150&comma; 150&comma; 0.2); font-weight: bold; font-size: 18px; color: inherit;'>Contenido del Paquete<\/div>\n<div style='padding: 15px; color: inherit;'>\n<ul style='padding-left: 20px; margin: 0; font-size: 14px; list-style-type: disc;'>\n<li style='margin-bottom: 5px;'>1 pieza: Access Point modelo RG-RAP6262<\/li>\n<li style='margin-bottom: 5px;'>Montaje para Pared o M\u00e1stil<\/li>\n<li style='margin-bottom: 5px;'>Gu\u00eda r\u00e1pida de instalaci\u00f3n<\/li>\n<\/ul>\n<div style='margin-top: 15px;'> <img style='width: 100%; height: auto; border: 1px solid rgba(150&comma;150&comma;150&comma;0.3); border-radius: 16px;' src='http:\/\/ftp3.syscom.mx\/usuarios\/ftp\/2025\/08\/27\/2251\/1756330090754.png_froala_68af786d75fd9' alt=''> <\/div>\n<\/p><\/div>\n<\/p><\/div>\n<\/p><\/div>\n<div style='display: flex; flex-wrap: wrap; gap: 20px; margin-bottom: 30px;'>\n<div style='flex: 1 1 250px; border: 1px solid rgba(150&comma; 150&comma; 150&comma; 0.4); border-radius: 8px; overflow: hidden; display: flex; flex-direction: column;'>\n<div style='padding: 15px; border-bottom: 1px solid rgba(150&comma; 150&comma; 150&comma; 0.2); font-weight: bold; font-size: 18px; color: inherit;'>Documentaci\u00f3n y Firmware<\/div>\n<div style='padding: 15px; color: inherit;'>\n<ul style='padding-left: 20px; margin: 0; font-size: 14px; list-style-type: disc;'>\n<li style='margin-bottom: 5px;'><a href='https:\/\/ftp3.syscom.mx\/usuarios\/vtarango\/Ruijie\/Documentos\/RG-RAP6262\/Hoja%20de%20Espesificaciones%20RG-RAP6262.pdf?_gl=1*1i94b97*_gcl_au*ODEzMDE0NzY1LjE3NTYyNDUzODk.' style='color: inherit; text-decoration: underline;' target='_blank' rel='noopener noreferrer'>Hoja de Especificaciones<\/a><\/li>\n<li style='margin-bottom: 5px;'><a href='https:\/\/ftp3.syscom.mx\/usuarios\/vtarango\/Ruijie\/Documentos\/RG-RAP6262\/Guia%20de%20Instalacion%20RG-RAP6262.pdf?_gl=1*1i94b97*_gcl_au*ODEzMDE0NzY1LjE3NTYyNDUzODk.' style='color: inherit; text-decoration: underline;' target='_blank' rel='noopener noreferrer'>Especificaciones de Hardware<\/a><\/li>\n<li style='margin-bottom: 5px;'><a href='https:\/\/reyee.ruijie.com\/en-global\/support\/' style='color: inherit; text-decoration: underline;' target='_blank' rel='noopener noreferrer'>Firmware<\/a><\/li>\n<\/ul><\/div>\n<\/p><\/div>\n<div style='flex: 1 1 250px; border: 1px solid rgba(150&comma; 150&comma; 150&comma; 0.4); border-radius: 8px; overflow: hidden; display: flex; flex-direction: column;'>\n<div style='padding: 15px; border-bottom: 1px solid rgba(150&comma; 150&comma; 150&comma; 0.2); font-weight: bold; font-size: 18px; color: inherit;'>Accesorios Sugeridos<\/div>\n<div style='padding: 15px; color: inherit;'>\n<ul style='padding-left: 20px; margin: 0; font-size: 14px; list-style-type: disc;'>\n<li style='margin-bottom: 5px;'>Inyector PoE est\u00e1ndar modelo: <a href='https:\/\/www.syscom.mx\/producto\/RG-E-130(GE)-RUIJIE-205955.html' style='color: inherit; text-decoration: underline;' target='_blank' rel='noopener noreferrer'>RG-E-130(GE)<\/a><\/li>\n<\/ul><\/div>\n<\/p><\/div>\n<div style='flex: 1 1 250px; border: 1px solid rgba(150&comma; 150&comma; 150&comma; 0.4); border-radius: 8px; overflow: hidden; display: flex; flex-direction: column;'>\n<div style='padding: 15px; border-bottom: 1px solid rgba(150&comma; 150&comma; 150&comma; 0.2); font-weight: bold; font-size: 18px; color: inherit;'>Enlaces \u00datiles<\/div>\n<div style='padding: 15px; color: inherit;'>\n<ul style='padding-left: 20px; margin: 0; font-size: 14px; list-style-type: disc;'>\n<li style='margin-bottom: 5px;'><a href='https:\/\/cloud-la.ruijie-networks.com\/' style='color: inherit; text-decoration: underline;' target='_blank' rel='noopener noreferrer'>Ruijie Cloud<\/a><\/li>\n<li style='margin-bottom: 5px;'><strong>Ruijie APP:<\/strong> <a href='https:\/\/play.google.com\/store\/apps\/details?id=cn.com.ruijie.cloudapp&#038;hl=es_MX&#038;pli=1' style='color: inherit; text-decoration: underline;' target='_blank' rel='noopener noreferrer'>Android<\/a> \/ <a href='https:\/\/apps.apple.com\/us\/app\/ruijie-reyee\/id1423429270' style='color: inherit; text-decoration: underline;' target='_blank' rel='noopener noreferrer'>iOS<\/a><\/li>\n<li style='margin-bottom: 5px;'><a href='https:\/\/soporte.syscom.mx\/es\/collections\/3797236-ruijie-networks' style='color: inherit; text-decoration: underline;' target='_blank' rel='noopener noreferrer'>Manuales y Gu\u00edas R\u00e1pidas<\/a><\/li>\n<\/ul><\/div>\n<\/p><\/div>\n<\/p><\/div>\n<hr style='border: 0; border-top: 1px solid rgba(150&comma; 150&comma; 150&comma; 0.3); margin: 30px 0;'>\n<div style='width: 100%; margin-bottom: 30px;'> <img style='width: 100%; height: auto; border: 1px solid rgba(150&comma;150&comma;150&comma;0.3); border-radius: 16px;' src='https:\/\/ftp3.syscom.mx\/usuarios\/fotos\/RGRAP6262\/218880-2024-07-25_16_26_21-rg-rap6262_reyee_ax3000_high-performance_outdoor_omni-directional_access_point_-.jpg' alt=''> <\/div>\n<div style='width: 100%; margin-bottom: 30px;'> <img style='width: 100%; height: auto; border: 1px solid rgba(150&comma;150&comma;150&comma;0.3); border-radius: 16px;' src='https:\/\/ftp3.syscom.mx\/usuarios\/fotos\/RGRAP6262\/218880-2024-07-25_16_26_38-rg-rap6262_reyee_ax3000_high-performance_outdoor_omni-directional_access_point_-.jpg' alt=''> <\/div>\n<\/p><\/div>\n","protected":false},"excerpt":{"rendered":"<p>Punto de Acceso Mesh Wi-Fi 6 Exterior IP68 Omnidireccional,  Puerto Gigabit PoE In y SFP Uplink MU-MIMO 2&#215;2, hasta 512 clientes<\/p>\n","protected":false},"featured_media":86883,"comment_status":"open","ping_status":"closed","template":"","meta":[],"product_brand":[],"product_cat":[1794],"product_tag":[1795,1479,2123],"class_list":{"0":"post-86884","1":"product","2":"type-product","3":"status-publish","4":"has-post-thumbnail","6":"product_cat-puntos-de-acceso","7":"product_tag-puntos-de-acceso","8":"product_tag-redes-wifi","9":"product_tag-ruijie","11":"first","12":"instock","13":"sale","14":"shipping-taxable","15":"purchasable","16":"product-type-simple"},"_links":{"self":[{"href":"https:\/\/soydeaqui.ddns.net\/pachuca\/index.php\/wp-json\/wp\/v2\/product\/86884","targetHints":{"allow":["GET"]}}],"collection":[{"href":"https:\/\/soydeaqui.ddns.net\/pachuca\/index.php\/wp-json\/wp\/v2\/product"}],"about":[{"href":"https:\/\/soydeaqui.ddns.net\/pachuca\/index.php\/wp-json\/wp\/v2\/types\/product"}],"replies":[{"embeddable":true,"href":"https:\/\/soydeaqui.ddns.net\/pachuca\/index.php\/wp-json\/wp\/v2\/comments?post=86884"}],"wp:featuredmedia":[{"embeddable":true,"href":"https:\/\/soydeaqui.ddns.net\/pachuca\/index.php\/wp-json\/wp\/v2\/media\/86883"}],"wp:attachment":[{"href":"https:\/\/soydeaqui.ddns.net\/pachuca\/index.php\/wp-json\/wp\/v2\/media?parent=86884"}],"wp:term":[{"taxonomy":"product_brand","embeddable":true,"href":"https:\/\/soydeaqui.ddns.net\/pachuca\/index.php\/wp-json\/wp\/v2\/product_brand?post=86884"},{"taxonomy":"product_cat","embeddable":true,"href":"https:\/\/soydeaqui.ddns.net\/pachuca\/index.php\/wp-json\/wp\/v2\/product_cat?post=86884"},{"taxonomy":"product_tag","embeddable":true,"href":"https:\/\/soydeaqui.ddns.net\/pachuca\/index.php\/wp-json\/wp\/v2\/product_tag?post=86884"}],"curies":[{"name":"wp","href":"https:\/\/api.w.org\/{rel}","templated":true}]}}