{"id":86869,"date":"2026-03-19T22:41:33","date_gmt":"2026-03-19T22:41:33","guid":{"rendered":"https:\/\/soydeaqui.ddns.net\/pachuca\/index.php\/producto\/mezcladora-de-audio-16-canales-10-entradas-de-microfono-entradas-de-linea-efectos-mg16x\/"},"modified":"2026-03-19T22:41:51","modified_gmt":"2026-03-19T22:41:51","slug":"mezcladora-de-audio-16-canales-10-entradas-de-microfono-entradas-de-linea-efectos-mg16x","status":"publish","type":"product","link":"https:\/\/soydeaqui.ddns.net\/pachuca\/index.php\/producto\/mezcladora-de-audio-16-canales-10-entradas-de-microfono-entradas-de-linea-efectos-mg16x\/","title":{"rendered":"Mezcladora de Audio | 16 Canales | 10 Entradas de Micr\u00f3fono | Entradas de L\u00ednea | Efectos | (MG16X)"},"content":{"rendered":"<div style='width: 100%; max-width: 1200px; margin: 0 auto; font-family: sans-serif; line-height: 1.6; color: inherit; background-color: transparent;'> <!-- Imagen 1 --> <\/p>\n<div style='margin-bottom: 30px;'> <img style='width: 100%; height: auto; border: 1px solid rgba(150&comma;150&comma;150&comma;0.3); border-radius: 8px;' src='https:\/\/ftp3.syscom.mx\/usuarios\/luis.vargas\/YAMAHA\/MGSeries\/MGS-1.png' alt=''> <\/div>\n<p> <!-- T\u00edtulo --> <\/p>\n<h2 style='font-size: 24px; text-align: center; margin: 0 0 30px 0; color: inherit; opacity: 0.8; font-weight: 500; line-height: 1.2;'> Los mejores de su clase <\/h2>\n<p> <!-- Secci\u00f3n con imagen y texto --> <\/p>\n<div style='display: flex; flex-wrap: wrap; gap: 30px; margin-bottom: 30px;'>\n<div style='flex: 1 1 300px; min-width: 280px;'> <img style='width: 85%; height: auto; border: 1px solid rgba(150&comma;150&comma;150&comma;0.3); border-radius: 8px; display: block; margin: 0 auto;' src='https:\/\/ftp3.syscom.mx\/usuarios\/cesar.garcia\/Yamaha\/Mixers\/MG10XU\/MGINS2.png' alt=''> <\/div>\n<div style='flex: 1 1 300px; min-width: 280px;'>\n<div style='margin-bottom: 15px; font-size: 16px; color: inherit; opacity: 0.8; font-weight: bold; text-align: center;'> MG Series <\/div>\n<p style='font-size: 15px; color: inherit; margin-bottom: 15px; text-align: justify;'> Yamaha siempre se ha esforzado para que los ingenieros de sonido puedan trabajar con la se\u00f1al m\u00e1s limpia posible&comma; en lugar de procesarla o colorearla para conseguir un sonido &#8216;con se\u00f1ales de identidad de marca&#8217;&comma; y la serie MG no es una excepci\u00f3n. <\/p>\n<p style='font-size: 15px; color: inherit; margin-bottom: 15px; text-align: justify;'> La serie MG abarca diez modelos en cinco tama\u00f1os para adaptarse a una amplia gama de aplicaciones. <\/p>\n<p style='font-size: 15px; color: inherit; margin-bottom: 0; text-align: justify;'> Estos condensan la funcionalidad y los controles en el paquete m\u00e1s compacto posible&comma; con un dise\u00f1o unificado que se adapta a todos los modelos de la serie. <\/p>\n<\/p><\/div>\n<\/p><\/div>\n<p> <!-- Secci\u00f3n con imagen y texto 2 --> <\/p>\n<div style='display: flex; flex-wrap: wrap; gap: 30px; margin-bottom: 30px;'>\n<div style='flex: 1 1 300px; min-width: 280px;'>\n<p style='font-size: 15px; color: inherit; margin-bottom: 15px; text-align: justify;'> Para configuraciones instaladas&comma; de grabaci\u00f3n o de m\u00fasica en vivo&comma; la construcci\u00f3n s\u00f3lida y el dise\u00f1o flexible de estas consolas le permiten dar forma a su sonido con confianza&comma; brindando continuamente el m\u00e1ximo rendimiento y un nivel de calidad de sonido y confiabilidad sin igual en su clase. <\/p>\n<p style='font-size: 15px; color: inherit; margin-bottom: 15px; text-align: justify;'> Tanto para las aplicaciones musicales como para las que no son musicales&comma; el procesamiento de efectos a\u00f1ade brillo y profesionalidad a la mezcla. <\/p>\n<p style='font-size: 15px; color: inherit; margin-bottom: 0; text-align: justify;'> Los modelos MGX \/ XU cuentan con el aclamado procesador digital Multi-efectos SPX de Yamaha&comma; que brinda una suite completa de 24 efectos digitales editables perfectos para mejorar tu mezcla&comma; a\u00f1aden profundidad a eventos con oradores o incorporan nuevo color y ambiente en una actuaci\u00f3n de una banda en vivo. <\/p>\n<\/p><\/div>\n<div style='flex: 1 1 300px; min-width: 280px;'> <img style='width: 90%; height: auto; border: 1px solid rgba(150&comma;150&comma;150&comma;0.3); border-radius: 8px; display: block; margin: 0 auto;' src='https:\/\/ftp3.syscom.mx\/usuarios\/luis.vargas\/YAMAHA\/MGSeries\/MGS-6.png' alt=''> <\/div>\n<\/p><\/div>\n<p> <!-- Imagen 4 --> <\/p>\n<div style='margin-bottom: 30px;'> <img style='width: 100%; height: auto; border: 1px solid rgba(150&comma;150&comma;150&comma;0.3); border-radius: 8px;' src='https:\/\/ftp3.syscom.mx\/usuarios\/cesar.garcia\/Yamaha\/Mixers\/MG10XU\/Banner-2MG.png' alt=''> <\/div>\n<p> <!-- Caracter\u00edsticas --> <\/p>\n<div style='display: flex; flex-wrap: wrap; gap: 30px; margin-bottom: 30px;'>\n<div style='flex: 1 1 300px; min-width: 280px;'>\n<h3 style='font-size: 20px; border-bottom: 2px solid currentColor; padding-bottom: 5px; margin-top: 0; color: inherit; opacity: 0.8;'>Caracter\u00edsticas Generales<\/h3>\n<ul style='padding-left: 20px; font-size: 15px; color: inherit; list-style: disc;'>\n<li style='margin-bottom: 5px;'>Mesa de mezclas de 16 canales<\/li>\n<li style='margin-bottom: 5px;'>Hasta un m\u00e1ximo de 10 entradas de micro\/16 de l\u00ednea (8 mono + 4 est\u00e9reo)<\/li>\n<li style='margin-bottom: 5px;'>1 bus est\u00e9reo<\/li>\n<li style='margin-bottom: 5px;'>4 env\u00edo AUX<\/li>\n<li style='margin-bottom: 5px;'>Preamplificadores de micro &#8216;D-PRE&#8217; con circuito Darlington invertido<\/li>\n<li style='margin-bottom: 5px;'>Compresores de mando \u00fanico<\/li>\n<\/ul><\/div>\n<div style='flex: 1 1 300px; min-width: 280px;'>\n<h3 style='font-size: 20px; border-bottom: 2px solid currentColor; padding-bottom: 5px; margin-top: 0; color: inherit; opacity: 0.8;'>Caracter\u00edsticas Adicionales<\/h3>\n<ul style='padding-left: 20px; font-size: 15px; color: inherit; list-style: disc;'>\n<li style='margin-bottom: 5px;'>Efectos integrados<\/li>\n<li style='margin-bottom: 5px;'>Interruptor de atenuaci\u00f3n (PAD) en las entradas mono<\/li>\n<li style='margin-bottom: 5px;'>Alimentaci\u00f3n phantom +48 V<\/li>\n<li style='margin-bottom: 5px;'>Salidas XLR balanceadas<\/li>\n<li style='margin-bottom: 5px;'>Chasis met\u00e1lico<\/li>\n<li style='margin-bottom: 5px;'>Dimensiones (ancho x alto x profundo): 444 mm \u00d7 130 mm \u00d7 500 mm<\/li>\n<li style='margin-bottom: 5px;'>Peso neto: 6.8 kg<\/li>\n<\/ul><\/div>\n<\/p><\/div>\n<p> <!-- Separador --> <\/p>\n<hr style='border: 0; border-top: 1px solid rgba(150&comma; 150&comma; 150&comma; 0.3); margin: 30px 0;'> <!-- T\u00edtulo de videos --> <\/p>\n<h2 style='font-size: 18px; margin-bottom: 20px; color: inherit; opacity: 0.8; font-weight: 500; line-height: 1.2;'> VIDEOS <\/h2>\n<p> <!-- Videos --> <\/p>\n<div style='display: flex; flex-wrap: wrap; gap: 20px; margin-bottom: 30px;'>\n<div style='flex: 1 1 280px; min-width: 280px;'>\n<div style='position: relative; padding-bottom: 56.25%; height: 0; overflow: hidden;'>   <\/div>\n<\/p><\/div>\n<div style='flex: 1 1 280px; min-width: 280px;'>\n<div style='position: relative; padding-bottom: 56.25%; height: 0; overflow: hidden;'>   <\/div>\n<\/p><\/div>\n<div style='flex: 1 1 280px; min-width: 280px;'>\n<div style='position: relative; padding-bottom: 56.25%; height: 0; overflow: hidden;'>   <\/div>\n<\/p><\/div>\n<\/p><\/div>\n<\/p><\/div>\n","protected":false},"excerpt":{"rendered":"<p>Mezcladora de Audio | 16 Canales | 10 Entradas de Micr\u00f3fono | Entradas de L\u00ednea | Efectos | (MG16X)<\/p>\n","protected":false},"featured_media":86868,"comment_status":"open","ping_status":"closed","template":"","meta":[],"product_brand":[],"product_cat":[2146],"product_tag":[2126,2147,2128],"class_list":{"0":"post-86869","1":"product","2":"type-product","3":"status-publish","4":"has-post-thumbnail","6":"product_cat-consolas","7":"product_tag-audio-profesional","8":"product_tag-consolas","9":"product_tag-yamaha","11":"first","12":"instock","13":"sale","14":"shipping-taxable","15":"purchasable","16":"product-type-simple"},"_links":{"self":[{"href":"https:\/\/soydeaqui.ddns.net\/pachuca\/index.php\/wp-json\/wp\/v2\/product\/86869","targetHints":{"allow":["GET"]}}],"collection":[{"href":"https:\/\/soydeaqui.ddns.net\/pachuca\/index.php\/wp-json\/wp\/v2\/product"}],"about":[{"href":"https:\/\/soydeaqui.ddns.net\/pachuca\/index.php\/wp-json\/wp\/v2\/types\/product"}],"replies":[{"embeddable":true,"href":"https:\/\/soydeaqui.ddns.net\/pachuca\/index.php\/wp-json\/wp\/v2\/comments?post=86869"}],"wp:featuredmedia":[{"embeddable":true,"href":"https:\/\/soydeaqui.ddns.net\/pachuca\/index.php\/wp-json\/wp\/v2\/media\/86868"}],"wp:attachment":[{"href":"https:\/\/soydeaqui.ddns.net\/pachuca\/index.php\/wp-json\/wp\/v2\/media?parent=86869"}],"wp:term":[{"taxonomy":"product_brand","embeddable":true,"href":"https:\/\/soydeaqui.ddns.net\/pachuca\/index.php\/wp-json\/wp\/v2\/product_brand?post=86869"},{"taxonomy":"product_cat","embeddable":true,"href":"https:\/\/soydeaqui.ddns.net\/pachuca\/index.php\/wp-json\/wp\/v2\/product_cat?post=86869"},{"taxonomy":"product_tag","embeddable":true,"href":"https:\/\/soydeaqui.ddns.net\/pachuca\/index.php\/wp-json\/wp\/v2\/product_tag?post=86869"}],"curies":[{"name":"wp","href":"https:\/\/api.w.org\/{rel}","templated":true}]}}