{"id":86858,"date":"2026-03-19T22:41:05","date_gmt":"2026-03-19T22:41:05","guid":{"rendered":"https:\/\/soydeaqui.ddns.net\/pachuca\/index.php\/producto\/amplificador-powerspace-4x300w-alta-y-baja-impedancia-interfaz-amplink-salidas-i-share\/"},"modified":"2026-03-19T22:41:12","modified_gmt":"2026-03-19T22:41:12","slug":"amplificador-powerspace-4x300w-alta-y-baja-impedancia-interfaz-amplink-salidas-i-share","status":"publish","type":"product","link":"https:\/\/soydeaqui.ddns.net\/pachuca\/index.php\/producto\/amplificador-powerspace-4x300w-alta-y-baja-impedancia-interfaz-amplink-salidas-i-share\/","title":{"rendered":"Amplificador Powerspace | 4x300w | Alta y Baja Impedancia | Interfaz Amplink | Salidas I-Share"},"content":{"rendered":"<div style='width: 100%; max-width: 1200px; margin: 0 auto; font-family: sans-serif; line-height: 1.6; color: inherit; background-color: transparent;'> <!-- Imagen principal --> <\/p>\n<div style='width: 100%; margin-bottom: 30px;'> <img style='width: 100%; height: auto; border: 1px solid rgba(150&comma;150&comma;150&comma;0.3); border-radius: 8px;' src='https:\/\/ftp3.syscom.mx\/usuarios\/sortiz\/AUDIO\/BOSE\/P21000A\/BosePro.PNG' alt='Amplificador Powerspace P4300A'> <\/div>\n<p> <!-- Contenido principal --> <\/p>\n<div style='display: flex; flex-wrap: wrap; gap: 30px; margin-bottom: 30px;'>\n<div style='flex: 1 1 300px; min-width: 280px;'> <img style='width: 100%; height: auto; border: 1px solid rgba(150&comma;150&comma;150&comma;0.3); border-radius: 8px;' src='https:\/\/ftp3.syscom.mx\/usuarios\/cesar.garcia\/Bose\/Amplificadores\/PS4300A\/P4300Aweb.png' alt='Panel frontal del amplificador'> <\/div>\n<div style='flex: 1 1 300px; min-width: 280px;'>\n<h3 style='font-size: 22px; border-bottom: 2px solid currentColor; padding-bottom: 5px; margin-top: 0; color: inherit; opacity: 0.8;'>Descripci\u00f3n<\/h3>\n<p style='font-size: 15px; color: inherit;'>Los amplificadores Bose Professional PowerSpace son ideales para aplicaciones de expansi\u00f3n de zona y mejoran cualquier instalaci\u00f3n de sonido comercial de primer nivel gracias a su potencia confiable y conectividad digital. Una entrada Bose Professional AmpLink permite tener varios canales de audio digital sin compresi\u00f3n y de baja latencia a partir de los DSP de Bose Professional con un solo cable CAT 5<\/p>\n<\/p><\/div>\n<\/p><\/div>\n<p> <!-- Secci\u00f3n de caracter\u00edsticas --> <\/p>\n<div style='display: flex; flex-wrap: wrap; gap: 20px; margin-bottom: 30px;'>\n<div style='flex: 1 1 250px; border: 1px solid rgba(150&comma; 150&comma; 150&comma; 0.4); border-radius: 8px; overflow: hidden; display: flex; flex-direction: column;'>\n<div style='padding: 15px; border-bottom: 1px solid rgba(150&comma; 150&comma; 150&comma; 0.2); font-weight: bold; font-size: 18px; color: inherit;'>Caracter\u00edsticas de Potencia<\/div>\n<div style='padding: 15px; color: inherit;'>\n<ul style='padding-left: 20px; margin: 0; font-size: 14px; list-style-type: disc;'>\n<li style='margin-bottom: 5px;'>Potencia del amplificador: 4 salidas de 300 W (THD+N < 0.04%&comma; 1 kHz&comma; 4\u20138 \u03a9&comma; 70\/100V)<\/li>\n<li style='margin-bottom: 5px;'>Potencia en modo I-Share: 2 salidas de 600 W (2\u20134 \u03a9&comma; 70\/100V)<\/li>\n<li style='margin-bottom: 5px;'>Ganancia (modo de baja impedancia): 32 dB<\/li>\n<li style='margin-bottom: 5px;'>Ganancia (modo de 70V): 35 dB<\/li>\n<li style='margin-bottom: 5px;'>Ganancia (modo de 100V): 38 dB<\/li>\n<\/ul><\/div>\n<\/p><\/div>\n<div style='flex: 1 1 250px; border: 1px solid rgba(150&comma; 150&comma; 150&comma; 0.4); border-radius: 8px; overflow: hidden; display: flex; flex-direction: column;'>\n<div style='padding: 15px; border-bottom: 1px solid rgba(150&comma; 150&comma; 150&comma; 0.2); font-weight: bold; font-size: 18px; color: inherit;'>Entradas de Audio<\/div>\n<div style='padding: 15px; color: inherit;'>\n<ul style='padding-left: 20px; margin: 0; font-size: 14px; list-style-type: disc;'>\n<li style='margin-bottom: 5px;'>Canales de entrada: 4 balanceados&comma; 8 digitales<\/li>\n<li style='margin-bottom: 5px;'>Conectores: Euroblock de 6 pines RJ-45 (entrada)<\/li>\n<li style='margin-bottom: 5px;'>Impedancia de entrada: 10 k\u03a9<\/li>\n<li style='margin-bottom: 5px;'>Nivel m\u00e1ximo de entrada: 22 dBu (con ajuste de sensibilidad de 14 dBu)<\/li>\n<li style='margin-bottom: 5px;'>Sensibilidad: -10 dBV \/ 4 dBu \/ 14 dBu<\/li>\n<\/ul><\/div>\n<\/p><\/div>\n<div style='flex: 1 1 250px; border: 1px solid rgba(150&comma; 150&comma; 150&comma; 0.4); border-radius: 8px; overflow: hidden; display: flex; flex-direction: column;'>\n<div style='padding: 15px; border-bottom: 1px solid rgba(150&comma; 150&comma; 150&comma; 0.2); font-weight: bold; font-size: 18px; color: inherit;'>Salidas de Audio<\/div>\n<div style='padding: 15px; color: inherit;'>\n<ul style='padding-left: 20px; margin: 0; font-size: 14px; list-style-type: disc;'>\n<li style='margin-bottom: 5px;'>Salidas: 4&comma; 8 digitales<\/li>\n<li style='margin-bottom: 5px;'>Conectores: Bloque de 4 terminales RJ-45 (interconexi\u00f3n)<\/li>\n<\/ul><\/div>\n<\/p><\/div>\n<div style='flex: 1 1 250px; border: 1px solid rgba(150&comma; 150&comma; 150&comma; 0.4); border-radius: 8px; overflow: hidden; display: flex; flex-direction: column;'>\n<div style='padding: 15px; border-bottom: 1px solid rgba(150&comma; 150&comma; 150&comma; 0.2); font-weight: bold; font-size: 18px; color: inherit;'>Especificaciones El\u00e9ctricas<\/div>\n<div style='padding: 15px; color: inherit;'>\n<ul style='padding-left: 20px; margin: 0; font-size: 14px; list-style-type: disc;'>\n<li style='margin-bottom: 5px;'>Voltaje de red: 100 VCA &#8211; 240 VCA (\u00b110%&comma; 50\/60 Hz)<\/li>\n<li style='margin-bottom: 5px;'>Consumo de energ\u00eda de CA: 120 VCA \/ 230 VCA&comma; 25 W (modo standby autom\u00e1tico)&comma; 570 W (m\u00e1x.)<\/li>\n<li style='margin-bottom: 5px;'>Conector de red: IEC est\u00e1ndar (C14)<\/li>\n<li style='margin-bottom: 5px;'>Protecciones: Limitadores VPeak\/VRMS&comma; alta temperatura&comma; cortocircuito de salida&comma; frecuencia muy alta (EHF)&comma; voltaje de l\u00ednea de CA excesivamente bajo o alto<\/li>\n<\/ul><\/div>\n<\/p><\/div>\n<div style='flex: 1 1 250px; border: 1px solid rgba(150&comma; 150&comma; 150&comma; 0.4); border-radius: 8px; overflow: hidden; display: flex; flex-direction: column;'>\n<div style='padding: 15px; border-bottom: 1px solid rgba(150&comma; 150&comma; 150&comma; 0.2); font-weight: bold; font-size: 18px; color: inherit;'>Especificaciones F\u00edsicas<\/div>\n<div style='padding: 15px; color: inherit;'>\n<ul style='padding-left: 20px; margin: 0; font-size: 14px; list-style-type: disc;'>\n<li style='margin-bottom: 5px;'>Rango de temperatura de funcionamiento: 0 \u00b0C a 40 \u00b0C (32 \u00b0F a 104 \u00b0F)<\/li>\n<li style='margin-bottom: 5px;'>Rango de temperatura de almacenamiento: -40 \u00b0C a 70 \u00b0C (-40 \u00b0F a 158 \u00b0F)<\/li>\n<li style='margin-bottom: 5px;'>Dimensiones (Al. \u00d7 An. \u00d7 Pr.): 44 mm \u00d7 483 mm \u00d7 420 mm (1.7 pulg. \u00d7 19.0 pulg. \u00d7 16.5 pulg.)<\/li>\n<li style='margin-bottom: 5px;'>Peso neto: 6.6 kg (13.7 lb)<\/li>\n<li style='margin-bottom: 5px;'>Peso de env\u00edo: 8.6 kg (18.1 lb)<\/li>\n<li style='margin-bottom: 5px;'>Sistema de refrigeraci\u00f3n: Ventiladores de velocidad variable controlados por microprocesador&comma; flujo de aire desde hacia adelante hacia atr\u00e1s<\/li>\n<\/ul><\/div>\n<\/p><\/div>\n<\/p><\/div>\n<p> <!-- Nota importante --> <\/p>\n<div style='margin: 30px 0; padding: 20px; border-left: 4px solid #0078D4; background-color: rgba(0&comma; 120&comma; 212&comma; 0.1); color: inherit;'>\n<p style='margin: 0; font-weight: bold; font-size: 15px;'>NOTA: Es necesario el uso de procesadores de audio para la configuraci\u00f3n de la se\u00f1al de audio&comma; ya que el amplificador NO cuenta con DSP integrado.<\/p>\n<p style='margin: 10px 0 0 0; font-size: 15px;'>Modelos Recomendados: CSP428&comma; CSP1248&comma; ESP880A.<\/p>\n<\/p><\/div>\n<p> <!-- Imagen secundaria --> <\/p>\n<div style='width: 100%; margin: 30px 0;'> <img style='width: 100%; height: auto; border: 1px solid rgba(150&comma;150&comma;150&comma;0.3); border-radius: 8px;' src='https:\/\/ftp3.syscom.mx\/usuarios\/sortiz\/AUDIO\/BOSE\/P21000A\/P41000A_SIDESTACK.PNG' alt='Instalaci\u00f3n del amplificador'> <\/div>\n<p> <!-- Separador final --> <\/p>\n<hr style='border: 0; border-top: 1px solid rgba(150&comma; 150&comma; 150&comma; 0.3); margin: 30px 0;'> <\/div>\n","protected":false},"excerpt":{"rendered":"<p>Amplificador Powerspace | 4x300w | Alta y Baja Impedancia | Interfaz Amplink | Salidas I-Share<\/p>\n","protected":false},"featured_media":86857,"comment_status":"open","ping_status":"closed","template":"","meta":[],"product_brand":[],"product_cat":[2125],"product_tag":[2127,2126,2177],"class_list":{"0":"post-86858","1":"product","2":"type-product","3":"status-publish","4":"has-post-thumbnail","6":"product_cat-amplificadores","7":"product_tag-amplificadores","8":"product_tag-audio-profesional","9":"product_tag-bose-professional","11":"first","12":"outofstock","13":"sale","14":"shipping-taxable","15":"purchasable","16":"product-type-simple"},"_links":{"self":[{"href":"https:\/\/soydeaqui.ddns.net\/pachuca\/index.php\/wp-json\/wp\/v2\/product\/86858","targetHints":{"allow":["GET"]}}],"collection":[{"href":"https:\/\/soydeaqui.ddns.net\/pachuca\/index.php\/wp-json\/wp\/v2\/product"}],"about":[{"href":"https:\/\/soydeaqui.ddns.net\/pachuca\/index.php\/wp-json\/wp\/v2\/types\/product"}],"replies":[{"embeddable":true,"href":"https:\/\/soydeaqui.ddns.net\/pachuca\/index.php\/wp-json\/wp\/v2\/comments?post=86858"}],"wp:featuredmedia":[{"embeddable":true,"href":"https:\/\/soydeaqui.ddns.net\/pachuca\/index.php\/wp-json\/wp\/v2\/media\/86857"}],"wp:attachment":[{"href":"https:\/\/soydeaqui.ddns.net\/pachuca\/index.php\/wp-json\/wp\/v2\/media?parent=86858"}],"wp:term":[{"taxonomy":"product_brand","embeddable":true,"href":"https:\/\/soydeaqui.ddns.net\/pachuca\/index.php\/wp-json\/wp\/v2\/product_brand?post=86858"},{"taxonomy":"product_cat","embeddable":true,"href":"https:\/\/soydeaqui.ddns.net\/pachuca\/index.php\/wp-json\/wp\/v2\/product_cat?post=86858"},{"taxonomy":"product_tag","embeddable":true,"href":"https:\/\/soydeaqui.ddns.net\/pachuca\/index.php\/wp-json\/wp\/v2\/product_tag?post=86858"}],"curies":[{"name":"wp","href":"https:\/\/api.w.org\/{rel}","templated":true}]}}