{"id":86847,"date":"2026-03-19T22:40:37","date_gmt":"2026-03-19T22:40:37","guid":{"rendered":"https:\/\/soydeaqui.ddns.net\/pachuca\/index.php\/producto\/router-inalambrico-2-4ghz-ax-8-puertos-gigabit-1-sfp-2-5gbps-soporta-contenedores\/"},"modified":"2026-03-19T22:40:46","modified_gmt":"2026-03-19T22:40:46","slug":"router-inalambrico-2-4ghz-ax-8-puertos-gigabit-1-sfp-2-5gbps-soporta-contenedores","status":"publish","type":"product","link":"https:\/\/soydeaqui.ddns.net\/pachuca\/index.php\/producto\/router-inalambrico-2-4ghz-ax-8-puertos-gigabit-1-sfp-2-5gbps-soporta-contenedores\/","title":{"rendered":"Router inal\u00e1mbrico  2.4GHz AX \/ 8 puertos Gigabit \/  1 SFP 2.5Gbps\/ Soporta contenedores"},"content":{"rendered":"<div style='width: 100%; max-width: 1200px; margin: 0 auto; font-family: sans-serif; line-height: 1.6; color: inherit; background-color: transparent;'> <!-- Descripci\u00f3n principal --> <\/p>\n<div style='margin-bottom: 30px;'>\n<p style='font-size: 15px; margin: 0 0 15px; color: inherit;'>La legendaria l\u00ednea de productos RB2011 ha proporcionado una conectividad asequible&comma; flexible y robusta durante m\u00e1s de una d\u00e9cada. De hecho&comma; fue nuestro primer router con SFP. Por \u00faltimo&comma; es hora de una actualizaci\u00f3n. Pero no te preocupes: hemos mantenido y mejorado todos los elementos y caracter\u00edsticas clave del querido RB2011. \u00a1Incluso la combinaci\u00f3n de colores rojos y el precio atractivo!<\/p>\n<p style='font-size: 15px; margin: 0 0 15px; color: inherit;'>Hay tres razones principales para elegir el L009: mejor rendimiento&comma; m\u00e1s caracter\u00edsticas y algunas mejoras interesantes en la calidad de vida. Comencemos con la potencia bruta y las mejoras de rendimiento.<\/p>\n<p style='font-size: 15px; margin: 0 0 15px; color: inherit;'>L009 cuenta con una <span style='font-weight: bold; color: inherit;'>potente CPU ARM de doble n\u00facleo<\/span>. Ofrece mejoras significativas cuando se trata de enrutamiento y filtrado&comma; reglas de firewall complejas&comma; cifrado de hardware IPsec y varias caracter\u00edsticas avanzadas de RouterOS. La arquitectura de la CPU ARM proporciona ventajas significativas sobre los dispositivos m\u00e1s antiguos basados en MIPS. Como usar todas las \u00faltimas caracter\u00edsticas del kernel de Linux. O implementar sus propios proyectos de contenedores. <span style='font-weight: bold; color: inherit;'>La combinaci\u00f3n de una CPU ARM moderna y un puerto USB de tama\u00f1o completo es perfecta para ejecutar proyectos de contenedores personalizados.<\/span> Podr\u00edas ejecutar un bloque de anuncios Pi-hole en este router&comma; por ejemplo. O podr\u00edas usar el USB para a\u00f1adir un m\u00f3dem LTE de tu elecci\u00f3n. La imaginaci\u00f3n es el verdadero l\u00edmite aqu\u00ed.<\/p>\n<p style='font-size: 15px; margin: 0 0 15px; color: inherit; font-weight: bold;'>L009 es hasta 4 veces m\u00e1s r\u00e1pido que RB2011 en la mayor\u00eda de los casos y configuraciones&comma; desde un simple enrutamiento r\u00e1pido hasta filtros de puente complejos.<\/p>\n<p style='font-size: 15px; margin: 0 0 15px; color: inherit;'>Todos los puertos son ahora puertos Gigabit Ethernet. Hay entrada PoE en el primer puerto. Puedes usarlo en lugar del conector de CC para alimentar la unidad. Y hay una salida PoE* en el \u00faltimo puerto&comma; para alimentar otros dispositivos. Otra adici\u00f3n \u00fatil es una <span style='font-weight: bold; color: inherit;'>jaula SFP que admite conectividad Gigabit y 2.5 Gigabit<\/span>. Hemos probado una variedad de m\u00f3dulos y cables MikroTik SFP que admiten velocidades m\u00e1s altas: la capacidad de 2.5G hace que la vida de un administrador de sistemas sea mucho m\u00e1s f\u00e1cil: \u00a1<span style='font-weight: bold; color: inherit;'>hay un puerto de consola para una configuraci\u00f3n r\u00e1pida de acceso directo!<\/span><\/p>\n<p style='font-size: 15px; margin: 0 0 15px; color: inherit;'>En el coraz\u00f3n de todo&comma; tenemos un r\u00e1pido chip de conmutaci\u00f3n Marvell Peridot que ofrece una impresionante conexi\u00f3n d\u00faplex completo de 2&comma;5 Gigabit a la CPU a todos los puertos&comma; excepto Ether1. El primer puerto tiene su propia l\u00ednea Gigabit d\u00faplex completo a la CPU. Eso significa: \u00a1n\u00e1rtables configuraciones sin cuellos de botella!<\/p>\n<p style='font-size: 15px; margin: 0 0 15px; color: inherit;'>La conectividad inal\u00e1mbrica de doble cadena de 2&comma;4 GHz tambi\u00e9n es mucho m\u00e1s fuerte ahora. \u00a1La generaci\u00f3n 6 o la red inal\u00e1mbrica est\u00e1ndar de hacha ofrece hasta un <span style='font-weight: bold; color: inherit;'>90 % m\u00e1s de velocidad en el espectro de 2&comma;4 GHz<\/span>! Sin mencionar la estabilidad general de la se\u00f1al. Puede atender a m\u00e1s clientes con una mejor capacidad de respuesta.<\/p>\n<p style='font-size: 15px; margin: 0 0 15px; color: inherit;'>El nuevo recinto es una innovaci\u00f3n espectacular por s\u00ed solo. Es el mismo factor de forma que podr\u00edas haber visto con nuestros codiciados dispositivos RB5009. Tiene varias propiedades extremadamente \u00fatiles. En primer lugar&comma; <span style='font-weight: bold; color: inherit;'>el estuche act\u00faa como un enorme disipador de calor<\/span>&comma; protegiendo sus configuraciones del sobrecalentamiento. Pero aqu\u00ed est\u00e1 la parte divertida: con un simple conjunto de accesorios&comma; puedes colocar hasta cuatro de estos routers en un solo espacio de montaje en rack de 1U.<\/p>\n<p style='font-size: 15px; margin: 0 0 15px; color: inherit;'>Aqu\u00ed en MikroTik&comma; somos los campeones mundiales de tetris de sala de servidores. As\u00ed que aqu\u00ed est\u00e1 nuestro \u00faltimo salvavidas para las salas de servidores m\u00e1s eficientes: coge un RB5009 con puertos de salida PoE. Y m\u00f3ntalo junto con siete routers L009 en solo dos espacios de montaje en rack de 1U. Te convertir\u00e1s en una leyenda viva entre los administradores de sistemas&comma; estableciendo un nuevo ejemplo de gesti\u00f3n eficiente del espacio y alimentaci\u00f3n simple y fiable. Y si no necesita la capacidad inal\u00e1mbrica&comma; puede reducir los costos a\u00fan m\u00e1s y probar la otra versi\u00f3n de este router: el L009UiGS-RM. Tiene todas las mismas caracter\u00edsticas&comma; excepto la conexi\u00f3n inal\u00e1mbrica de 2&comma;4 GHz. Y viene con todos los accesorios de montaje necesarios.<\/p>\n<p style='font-size: 15px; margin: 0 0 15px; color: inherit;'>El RB2011 siempre seguir\u00e1 siendo una leyenda de las redes&comma; pero es hora de llevarlo a un nivel superior. <span style='font-weight: bold; color: inherit;'>\u00a1Y la l\u00ednea de productos L009 es la actualizaci\u00f3n perfecta que te ayudar\u00e1 a ahorrar tiempo&comma; dinero y espacio en la sala de servidores como nunca antes!<\/span><\/p>\n<\/p><\/div>\n<p> <!-- Video de YouTube --> <\/p>\n<div style='position: relative; padding-bottom: 56.25%; height: 0; overflow: hidden; margin-bottom: 30px;'>   <\/div>\n<p> <!-- Especificaciones principales --> <\/p>\n<div style='display: flex; flex-wrap: wrap; gap: 30px; margin-bottom: 30px;'>\n<div style='flex: 1 1 300px; min-width: 280px;'>\n<h3 style='font-size: 22px; border-bottom: 2px solid currentColor; padding-bottom: 5px; margin-top: 0; color: inherit; opacity: 0.8;'>Especificaciones principales<\/h3>\n<ul style='padding-left: 20px; font-size: 15px; color: inherit;'>\n<li style='margin-bottom: 5px;'><strong>C\u00f3digo de producto:<\/strong> L009UiGS-2HaxD-IN<\/li>\n<li style='margin-bottom: 5px;'><strong>Arquitectura:<\/strong> ARM 64 bits<\/li>\n<li style='margin-bottom: 5px;'><strong>CPU:<\/strong> IPQ-5018<\/li>\n<li style='margin-bottom: 5px;'><strong>N\u00facleos de CPU:<\/strong> 2<\/li>\n<li style='margin-bottom: 5px;'><strong>Frecuencia CPU:<\/strong> 800 MHz<\/li>\n<li style='margin-bottom: 5px;'><strong>Memoria RAM:<\/strong> 512 MB<\/li>\n<li style='margin-bottom: 5px;'><strong>Almacenamiento:<\/strong> 128 MB NAND<\/li>\n<li style='margin-bottom: 5px;'><strong>Temperatura operativa:<\/strong> -40 \u00b0C a 70 \u00b0C<\/li>\n<\/ul><\/div>\n<div style='flex: 1 1 300px; min-width: 280px;'>\n<h3 style='font-size: 22px; border-bottom: 2px solid currentColor; padding-bottom: 5px; margin-top: 0; color: inherit; opacity: 0.8;'>Conectividad<\/h3>\n<ul style='padding-left: 20px; font-size: 15px; color: inherit;'>\n<li style='margin-bottom: 5px;'><strong>Red inal\u00e1mbrica:<\/strong> 2.4GHz 802.11b\/g\/n\/ax (Wi-Fi 6)<\/li>\n<li style='margin-bottom: 5px;'><strong>Velocidad inal\u00e1mbrica:<\/strong> Hasta 574 Mbit\/s<\/li>\n<li style='margin-bottom: 5px;'><strong>Puertos Gigabit:<\/strong> 8<\/li>\n<li style='margin-bottom: 5px;'><strong>Puerto SFP:<\/strong> 1 (soporta 2.5Gbps)<\/li>\n<li style='margin-bottom: 5px;'><strong>Puerto USB:<\/strong> 1x USB 3.0 tipo A<\/li>\n<li style='margin-bottom: 5px;'><strong>Puerto de consola:<\/strong> 1x RJ45<\/li>\n<li style='margin-bottom: 5px;'><strong>Alimentaci\u00f3n:<\/strong> 24-56 V (PoE-IN o jack DC)<\/li>\n<\/ul><\/div>\n<div style='flex: 1 1 300px; min-width: 280px;'>\n<h3 style='font-size: 22px; border-bottom: 2px solid currentColor; padding-bottom: 5px; margin-top: 0; color: inherit; opacity: 0.8;'>Caracter\u00edsticas avanzadas<\/h3>\n<ul style='padding-left: 20px; font-size: 15px; color: inherit;'>\n<li style='margin-bottom: 5px;'><strong>Soporte para contenedores<\/strong><\/li>\n<li style='margin-bottom: 5px;'><strong>Soporte para m\u00f3dem LTE<\/strong><\/li>\n<li style='margin-bottom: 5px;'><strong>Disipador de calor integrado<\/strong><\/li>\n<li style='margin-bottom: 5px;'><strong>Capacidad de montaje en rack<\/strong><\/li>\n<li style='margin-bottom: 5px;'><strong>Soporte para PoE pasivo<\/strong><\/li>\n<li style='margin-bottom: 5px;'><strong>Refrigeraci\u00f3n pasiva<\/strong><\/li>\n<li style='margin-bottom: 5px;'><strong>Certificaciones:<\/strong> CE&comma; FCC&comma; IC&comma; EAC&comma; ROHS<\/li>\n<\/ul><\/div>\n<\/p><\/div>\n<p> <!-- Secci\u00f3n de especificaciones detalladas --> <\/p>\n<div style='display: flex; flex-wrap: wrap; gap: 20px; margin-bottom: 30px;'>\n<div style='flex: 1 1 250px; border: 1px solid rgba(150&comma; 150&comma; 150&comma; 0.4); border-radius: 8px; overflow: hidden; display: flex; flex-direction: column;'>\n<div style='padding: 15px; border-bottom: 1px solid rgba(150&comma; 150&comma; 150&comma; 0.2); font-weight: bold; font-size: 18px; color: inherit;'>Capacidades inal\u00e1mbricas<\/div>\n<div style='padding: 15px; color: inherit;'>\n<ul style='padding-left: 20px; margin: 0; font-size: 14px; list-style-type: disc;'>\n<li style='margin-bottom: 5px;'><strong>Velocidad WiFi:<\/strong> AX600<\/li>\n<li style='margin-bottom: 5px;'><strong>Est\u00e1ndar:<\/strong> 802.11b\/g\/n\/ax<\/li>\n<li style='margin-bottom: 5px;'><strong>Generaci\u00f3n:<\/strong> Wi-Fi 6<\/li>\n<li style='margin-bottom: 5px;'><strong>Cadena:<\/strong> 2&#215;2<\/li>\n<li style='margin-bottom: 5px;'><strong>Ganancia:<\/strong> 4 dBi<\/li>\n<\/ul><\/div>\n<\/p><\/div>\n<div style='flex: 1 1 250px; border: 1px solid rgba(150&comma; 150&comma; 150&comma; 0.4); border-radius: 8px; overflow: hidden; display: flex; flex-direction: column;'>\n<div style='padding: 15px; border-bottom: 1px solid rgba(150&comma; 150&comma; 150&comma; 0.2); font-weight: bold; font-size: 18px; color: inherit;'>Ethernet<\/div>\n<div style='padding: 15px; color: inherit;'>\n<ul style='padding-left: 20px; margin: 0; font-size: 14px; list-style-type: disc;'>\n<li style='margin-bottom: 5px;'><strong>Puertos:<\/strong> 8x Gigabit Ethernet<\/li>\n<li style='margin-bottom: 5px;'><strong>PoE:<\/strong> 1 puerto con salida PoE<\/li>\n<li style='margin-bottom: 5px;'><strong>Conmutaci\u00f3n:<\/strong> Chip Marvell Peridot<\/li>\n<li style='margin-bottom: 5px;'><strong>Velocidad de conmutaci\u00f3n:<\/strong> 2.5Gbps<\/li>\n<\/ul><\/div>\n<\/p><\/div>\n<div style='flex: 1 1 250px; border: 1px solid rgba(150&comma; 150&comma; 150&comma; 0.4); border-radius: 8px; overflow: hidden; display: flex; flex-direction: column;'>\n<div style='padding: 15px; border-bottom: 1px solid rgba(150&comma; 150&comma; 150&comma; 0.2); font-weight: bold; font-size: 18px; color: inherit;'>Alimentaci\u00f3n<\/div>\n<div style='padding: 15px; color: inherit;'>\n<ul style='padding-left: 20px; margin: 0; font-size: 14px; list-style-type: disc;'>\n<li style='margin-bottom: 5px;'><strong>Entrada:<\/strong> 24-56 V<\/li>\n<li style='margin-bottom: 5px;'><strong>Consumo m\u00e1ximo:<\/strong> 45 W<\/li>\n<li style='margin-bottom: 5px;'><strong>Consumo sin accesorios:<\/strong> 12 W<\/li>\n<li style='margin-bottom: 5px;'><strong>Refrigeraci\u00f3n:<\/strong> Pasiva<\/li>\n<li style='margin-bottom: 5px;'><strong>PoE:<\/strong> 802.3af\/at<\/li>\n<\/ul><\/div>\n<\/p><\/div>\n<div style='flex: 1 1 250px; border: 1px solid rgba(150&comma; 150&comma; 150&comma; 0.4); border-radius: 8px; overflow: hidden; display: flex; flex-direction: column;'>\n<div style='padding: 15px; border-bottom: 1px solid rgba(150&comma; 150&comma; 150&comma; 0.2); font-weight: bold; font-size: 18px; color: inherit;'>Perif\u00e9ricos<\/div>\n<div style='padding: 15px; color: inherit;'>\n<ul style='padding-left: 20px; margin: 0; font-size: 14px; list-style-type: disc;'>\n<li style='margin-bottom: 5px;'><strong>USB:<\/strong> 1x 3.0 tipo A (1.5A m\u00e1x.)<\/li>\n<li style='margin-bottom: 5px;'><strong>Bot\u00f3n de modo:<\/strong> S\u00ed<\/li>\n<li style='margin-bottom: 5px;'><strong>Puerto de consola:<\/strong> S\u00ed<\/li>\n<li style='margin-bottom: 5px;'><strong>Restablecimiento USB:<\/strong> S\u00ed<\/li>\n<\/ul><\/div>\n<\/p><\/div>\n<div style='flex: 1 1 250px; border: 1px solid rgba(150&comma; 150&comma; 150&comma; 0.4); border-radius: 8px; overflow: hidden; display: flex; flex-direction: column;'>\n<div style='padding: 15px; border-bottom: 1px solid rgba(150&comma; 150&comma; 150&comma; 0.2); font-weight: bold; font-size: 18px; color: inherit;'>Caracter\u00edsticas f\u00edsicas<\/div>\n<div style='padding: 15px; color: inherit;'>\n<ul style='padding-left: 20px; margin: 0; font-size: 14px; list-style-type: disc;'>\n<li style='margin-bottom: 5px;'><strong>Factor de forma:<\/strong> Montaje en rack 1U<\/li>\n<li style='margin-bottom: 5px;'><strong>Disipador:<\/strong> Integrado<\/li>\n<li style='margin-bottom: 5px;'><strong>IP:<\/strong> IP20<\/li>\n<li style='margin-bottom: 5px;'><strong>Dimensiones:<\/strong> 445 x 132 x 44 mm<\/li>\n<\/ul><\/div>\n<\/p><\/div>\n<\/p><\/div>\n<p> <!-- Separador --> <\/p>\n<hr style='border: 0; border-top: 1px solid rgba(150&comma; 150&comma; 150&comma; 0.3); margin: 30px 0;'> <!-- Piezas incluidas --> <\/p>\n<div style='margin-bottom: 30px;'>\n<h3 style='font-size: 22px; border-bottom: 2px solid currentColor; padding-bottom: 5px; margin-top: 0; color: inherit; opacity: 0.8;'>Piezas incluidas<\/h3>\n<div style='display: flex; flex-wrap: wrap; gap: 20px; margin-top: 15px;'>\n<div style='flex: 1 1 150px; min-width: 130px;'> <img style='width: 100%; height: auto; border: 1px solid rgba(150&comma;150&comma;150&comma;0.3); border-radius: 8px;' src='https:\/\/i.mt.lv\/cdn\/rb_images\/part681502957925s.jpg' alt='Adaptador de corriente'> <\/p>\n<p style='text-align: center; margin-top: 8px; font-size: 14px; color: inherit;'>Adaptador de corriente de 24 V y 1&comma;5 A<\/p>\n<\/p><\/div>\n<div style='flex: 1 1 150px; min-width: 130px;'> <img style='width: 100%; height: auto; border: 1px solid rgba(150&comma;150&comma;150&comma;0.3); border-radius: 8px;' src='https:\/\/i.mt.lv\/cdn\/rb_images\/part1161600759292s.jpg' alt='Kit de antena'> <\/p>\n<p style='text-align: center; margin-top: 8px; font-size: 14px; color: inherit;'>Kit de antena de interior HGO<\/p>\n<\/p><\/div>\n<div style='flex: 1 1 150px; min-width: 130px;'> <img style='width: 100%; height: auto; border: 1px solid rgba(150&comma;150&comma;150&comma;0.3); border-radius: 8px;' src='https:\/\/i.mt.lv\/cdn\/rb_images\/part691604583471s.jpg' alt='Juego de sujeci\u00f3n'> <\/p>\n<p style='text-align: center; margin-top: 8px; font-size: 14px; color: inherit;'>Juego de sujeci\u00f3n K-52<\/p>\n<\/p><\/div>\n<\/p><\/div>\n<\/p><\/div>\n<p> <!-- Nota final --> <\/p>\n<div style='background: rgba(150&comma;150&comma;150&comma;0.05); border-left: 4px solid rgba(150&comma;150&comma;150&comma;0.3); padding: 15px; border-radius: 4px; margin-top: 20px;'>\n<p style='font-size: 15px; margin: 0; color: inherit;'><em>El dispositivo tiene un sistema operativo preinstalado y con licencia. No es necesaria una compra por separado y el producto est\u00e1 listo para usar. El dispositivo incluye actualizaciones de software gratuitas durante la vida \u00fatil del producto o un m\u00ednimo de 5 a\u00f1os a partir de la fecha de compra.<\/em><\/p>\n<\/p><\/div>\n<\/p><\/div>\n","protected":false},"excerpt":{"rendered":"<p>Router inal\u00e1mbrico  2.4GHz AX \/ 8 puertos Gigabit \/  1 SFP 2.5Gbps\/ Soporta contenedores<\/p>\n","protected":false},"featured_media":86846,"comment_status":"open","ping_status":"closed","template":"","meta":[],"product_brand":[],"product_cat":[2036,2035,2034],"product_tag":[2039,2038,643,664,2037],"class_list":{"0":"post-86847","1":"product","2":"type-product","3":"status-publish","4":"has-post-thumbnail","6":"product_cat-balanceadores","7":"product_cat-firewalls","8":"product_cat-routers","9":"product_tag-balanceadores","10":"product_tag-firewalls","11":"product_tag-mikrotik","12":"product_tag-networking","13":"product_tag-routers","15":"first","16":"instock","17":"sale","18":"shipping-taxable","19":"purchasable","20":"product-type-simple"},"_links":{"self":[{"href":"https:\/\/soydeaqui.ddns.net\/pachuca\/index.php\/wp-json\/wp\/v2\/product\/86847","targetHints":{"allow":["GET"]}}],"collection":[{"href":"https:\/\/soydeaqui.ddns.net\/pachuca\/index.php\/wp-json\/wp\/v2\/product"}],"about":[{"href":"https:\/\/soydeaqui.ddns.net\/pachuca\/index.php\/wp-json\/wp\/v2\/types\/product"}],"replies":[{"embeddable":true,"href":"https:\/\/soydeaqui.ddns.net\/pachuca\/index.php\/wp-json\/wp\/v2\/comments?post=86847"}],"wp:featuredmedia":[{"embeddable":true,"href":"https:\/\/soydeaqui.ddns.net\/pachuca\/index.php\/wp-json\/wp\/v2\/media\/86846"}],"wp:attachment":[{"href":"https:\/\/soydeaqui.ddns.net\/pachuca\/index.php\/wp-json\/wp\/v2\/media?parent=86847"}],"wp:term":[{"taxonomy":"product_brand","embeddable":true,"href":"https:\/\/soydeaqui.ddns.net\/pachuca\/index.php\/wp-json\/wp\/v2\/product_brand?post=86847"},{"taxonomy":"product_cat","embeddable":true,"href":"https:\/\/soydeaqui.ddns.net\/pachuca\/index.php\/wp-json\/wp\/v2\/product_cat?post=86847"},{"taxonomy":"product_tag","embeddable":true,"href":"https:\/\/soydeaqui.ddns.net\/pachuca\/index.php\/wp-json\/wp\/v2\/product_tag?post=86847"}],"curies":[{"name":"wp","href":"https:\/\/api.w.org\/{rel}","templated":true}]}}