{"id":86842,"date":"2026-03-19T22:40:24","date_gmt":"2026-03-19T22:40:24","guid":{"rendered":"https:\/\/soydeaqui.ddns.net\/pachuca\/index.php\/producto\/router-con-cpu-arm-8-puertos-ge-sfp-2-5g-montaje-1u\/"},"modified":"2026-03-19T22:40:33","modified_gmt":"2026-03-19T22:40:33","slug":"router-con-cpu-arm-8-puertos-ge-sfp-2-5g-montaje-1u","status":"publish","type":"product","link":"https:\/\/soydeaqui.ddns.net\/pachuca\/index.php\/producto\/router-con-cpu-arm-8-puertos-ge-sfp-2-5g-montaje-1u\/","title":{"rendered":"Router con CPU ARM \/ 8 Puertos GE \/ SFP 2.5G \/ montaje 1U"},"content":{"rendered":"<div style='width: 100%; max-width: 1200px; margin: 0 auto; font-family: sans-serif; line-height: 1.6; color: inherit; background-color: transparent;'>\n<div style='display: flex; flex-direction: column; gap: 25px;'>\n<p style='font-size: 15px; margin: 0; color: inherit; line-height: 1.8;'> La legendaria l\u00ednea de productos RB2011 ha proporcionado una conectividad asequible&comma; flexible y robusta durante m\u00e1s de una d\u00e9cada. De hecho&comma; fue nuestro primer router con SFP. Por \u00faltimo&comma; es hora de una actualizaci\u00f3n. Pero no te preocupes: hemos mantenido y mejorado todos los elementos y caracter\u00edsticas clave del querido RB2011. \u00a1Incluso la combinaci\u00f3n de colores rojos y el precio atractivo! <\/p>\n<p style='font-size: 15px; margin: 0; color: inherit; line-height: 1.8;'> Hay tres razones principales para elegir el L009: mejor rendimiento&comma; m\u00e1s caracter\u00edsticas y algunas mejoras interesantes en la calidad de vida. Comencemos con la potencia bruta y las mejoras de rendimiento. <\/p>\n<p style='font-size: 15px; margin: 0; color: inherit; line-height: 1.8;'> L009 cuenta con una <span style='font-weight: bold;'>potente CPU ARM de doble n\u00facleo<\/span>. Ofrece mejoras significativas cuando se trata de enrutamiento y filtrado&comma; reglas de firewall complejas&comma; cifrado de hardware IPsec y varias caracter\u00edsticas avanzadas de RouterOS. La arquitectura de la CPU ARM proporciona ventajas significativas sobre los dispositivos m\u00e1s antiguos basados en MIPS. Como usar todas las \u00faltimas caracter\u00edsticas del kernel de Linux. O implementar sus propios proyectos de contenedores. <span style='font-weight: bold;'>La combinaci\u00f3n de una CPU ARM moderna y un puerto USB de tama\u00f1o completo es perfecta para ejecutar proyectos de contenedores personalizados.<\/span> Podr\u00edas ejecutar un bloque de anuncios Pi-hole en este router&comma; por ejemplo. O podr\u00edas usar el USB para a\u00f1adir un m\u00f3dem LTE de tu elecci\u00f3n. La imaginaci\u00f3n es el verdadero l\u00edmite aqu\u00ed. <\/p>\n<p style='font-size: 15px; margin: 0; color: inherit; line-height: 1.8;'> <span style='font-weight: bold;'>L009 es hasta 4 veces m\u00e1s r\u00e1pido que RB2011 en la mayor\u00eda de los casos y configuraciones&comma; desde un simple enrutamiento r\u00e1pido hasta filtros de puente complejos.<\/span> <\/p>\n<p style='font-size: 15px; margin: 0; color: inherit; line-height: 1.8;'> Todos los puertos son ahora puertos Gigabit Ethernet. Hay entrada PoE en el primer puerto. Puedes usarlo en lugar del conector de CC para alimentar la unidad. Y hay una salida PoE* en el \u00faltimo puerto&comma; para alimentar otros dispositivos. Otra adici\u00f3n \u00fatil es una <span style='font-weight: bold;'>jaula SFP que admite conectividad Gigabit y 2.5 Gigabit<\/span>. Hemos probado una variedad de m\u00f3dulos y cables MikroTik SFP que admiten velocidades m\u00e1s altas: la capacidad de 2.5G hace que la vida de un administrador de sistemas sea mucho m\u00e1s f\u00e1cil: <span style='font-weight: bold;'>hay un puerto de consola para una configuraci\u00f3n r\u00e1pida de acceso directo!<\/span> <\/p>\n<p style='font-size: 15px; margin: 0; color: inherit; line-height: 1.8;'> En el coraz\u00f3n de todo&comma; tenemos un r\u00e1pido chip de conmutaci\u00f3n Marvell Peridot que ofrece una impresionante conexi\u00f3n d\u00faplex completo de 2&comma;5 Gigabit a la CPU a todos los puertos&comma; excepto Ether1. El primer puerto tiene su propia l\u00ednea Gigabit d\u00faplex completo a la CPU. Eso significa: \u00a1n\u00e1rtables configuraciones sin cuellos de botella! <\/p>\n<p style='font-size: 15px; margin: 0; color: inherit; line-height: 1.8;'> El nuevo recinto es una innovaci\u00f3n espectacular por s\u00ed solo. Es el mismo factor de forma que podr\u00edas haber visto con nuestros codiciados dispositivos RB5009. Tiene varias propiedades extremadamente \u00fatiles. En primer lugar&comma; <span style='font-weight: bold;'>el estuche act\u00faa como un enorme disipador de calor<\/span>&comma; protegiendo sus configuraciones del sobrecalentamiento. Pero aqu\u00ed est\u00e1 la parte divertida: <span style='font-weight: bold;'>viene con todo lo que necesitas para colocar hasta cuatro de estos routers en un solo espacio de montaje en rack de 1U.<\/span> <\/p>\n<p style='font-size: 15px; margin: 0; color: inherit; line-height: 1.8;'> Aqu\u00ed en MikroTik&comma; somos los campeones mundiales de tetris de sala de servidores. As\u00ed que aqu\u00ed est\u00e1 nuestro \u00faltimo salvavidas para las salas de servidores m\u00e1s eficientes: coge un RB5009 con puertos de salida PoE. Y m\u00f3ntalo junto con siete routers L009 en solo dos espacios de montaje en rack de 1U. Te convertir\u00e1s en una leyenda viva entre los administradores de sistemas&comma; estableciendo un nuevo ejemplo de gesti\u00f3n eficiente del espacio y alimentaci\u00f3n simple y fiable. Esta versi\u00f3n RM de L009 es casi la misma que la versi\u00f3n IN&comma; excepto la inal\u00e1mbrica de 2&comma;4 GHz. Viene con todos los accesorios de montaje necesarios y le permite reducir los costos a\u00fan m\u00e1s. <\/p>\n<p style='font-size: 15px; margin: 0; color: inherit; line-height: 1.8;'> El RB2011 siempre seguir\u00e1 siendo una leyenda de las redes&comma; pero es hora de llevarlo a un nivel superior. <span style='font-weight: bold;'>\u00a1Y la l\u00ednea de productos L009 es la actualizaci\u00f3n perfecta que te ayudar\u00e1 a ahorrar tiempo&comma; dinero y espacio en la sala de servidores como nunca antes!<\/span> <\/p>\n<div style='width: 100%; display: flex; justify-content: center;'>\n<div style='position: relative; padding-bottom: 56.25%; height: 0; overflow: hidden; width: 100%; max-width: 700px;'>   <\/div>\n<\/p><\/div>\n<div style='display: grid; grid-template-columns: repeat(auto-fill&comma; minmax(250px&comma; 1fr)); gap: 20px;'>\n<div style='border: 1px solid rgba(150&comma; 150&comma; 150&comma; 0.4); border-radius: 8px; overflow: hidden; display: flex; flex-direction: column;'>\n<div style='padding: 15px; border-bottom: 1px solid rgba(150&comma; 150&comma; 150&comma; 0.2); font-weight: bold; font-size: 18px; color: inherit;'>Especificaciones<\/div>\n<div style='padding: 15px; color: inherit;'>\n<ul style='padding-left: 20px; margin: 0; font-size: 14px; list-style-type: disc;'>\n<li style='margin-bottom: 5px;'><strong>C\u00f3digo de producto:<\/strong> L009UiGS-RM<\/li>\n<li style='margin-bottom: 5px;'><strong>Arquitectura:<\/strong> ARM 64 bits<\/li>\n<li style='margin-bottom: 5px;'><strong>CPU:<\/strong> IPQ-5018<\/li>\n<li style='margin-bottom: 5px;'><strong>Recuento de n\u00facleos de CPU:<\/strong> 2<\/li>\n<li style='margin-bottom: 5px;'><strong>Frecuencia nominal de la CPU:<\/strong> 800 MHz<\/li>\n<li style='margin-bottom: 5px;'><strong>Modelo de chip de cambio:<\/strong> 88E6190<\/li>\n<li style='margin-bottom: 5px;'><strong>Licencia de RouterOS:<\/strong> 5<\/li>\n<li style='margin-bottom: 5px;'><strong>Sistema operativo:<\/strong> RouterOS v7<\/li>\n<li style='margin-bottom: 5px;'><strong>Tama\u00f1o de la memoria RAM:<\/strong> 512 MB<\/li>\n<li style='margin-bottom: 5px;'><strong>Tama\u00f1o del almacenamiento:<\/strong> 128 MB<\/li>\n<li style='margin-bottom: 5px;'><strong>Tipo de almacenamiento:<\/strong> NAND<\/li>\n<li style='margin-bottom: 5px;'><strong>Temperatura ambiente probada:<\/strong> -40 \u00b0C a 70 \u00b0C<\/li>\n<\/ul><\/div>\n<\/p><\/div>\n<div style='border: 1px solid rgba(150&comma; 150&comma; 150&comma; 0.4); border-radius: 8px; overflow: hidden; display: flex; flex-direction: column;'>\n<div style='padding: 15px; border-bottom: 1px solid rgba(150&comma; 150&comma; 150&comma; 0.2); font-weight: bold; font-size: 18px; color: inherit;'>Alimentando<\/div>\n<div style='padding: 15px; color: inherit;'>\n<ul style='padding-left: 20px; margin: 0; font-size: 14px; list-style-type: disc;'>\n<li style='margin-bottom: 5px;'><strong>N\u00famero de entradas de CC:<\/strong> 2 (jack DC&comma; PoE-IN)<\/li>\n<li style='margin-bottom: 5px;'><strong>Voltaje de entrada del conector de CC:<\/strong> 24-56 V<\/li>\n<li style='margin-bottom: 5px;'><strong>Consumo m\u00e1ximo de energ\u00eda:<\/strong> 37 W<\/li>\n<li style='margin-bottom: 5px;'><strong>Consumo m\u00e1ximo de energ\u00eda sin accesorios:<\/strong> 8 W<\/li>\n<li style='margin-bottom: 5px;'><strong>Tipo de refrigeraci\u00f3n:<\/strong> Pasivo<\/li>\n<li style='margin-bottom: 5px;'><strong>PoE en:<\/strong> 802.3af\/at<\/li>\n<li style='margin-bottom: 5px;'><strong>PoE en voltaje de entrada:<\/strong> 24-56 V<\/li>\n<\/ul><\/div>\n<\/p><\/div>\n<div style='border: 1px solid rgba(150&comma; 150&comma; 150&comma; 0.4); border-radius: 8px; overflow: hidden; display: flex; flex-direction: column;'>\n<div style='padding: 15px; border-bottom: 1px solid rgba(150&comma; 150&comma; 150&comma; 0.2); font-weight: bold; font-size: 18px; color: inherit;'>Salida PoE<\/div>\n<div style='padding: 15px; color: inherit;'>\n<ul style='padding-left: 20px; margin: 0; font-size: 14px; list-style-type: disc;'>\n<li style='margin-bottom: 5px;'><strong>Puertos de salida PoE:<\/strong> Ether8<\/li>\n<li style='margin-bottom: 5px;'><strong>PoE:<\/strong> PoE pasivo<\/li>\n<li style='margin-bottom: 5px;'><strong>Salida m\u00e1xima por salida de puerto (entrada 18-30 V):<\/strong> 1 A<\/li>\n<li style='margin-bottom: 5px;'><strong>Salida m\u00e1xima por salida de puerto (entrada 30-57 V):<\/strong> 450 mA<\/li>\n<li style='margin-bottom: 5px;'><strong>Total m\u00e1ximo fuera (A):<\/strong> 1 A<\/li>\n<\/ul><\/div>\n<\/p><\/div>\n<div style='border: 1px solid rgba(150&comma; 150&comma; 150&comma; 0.4); border-radius: 8px; overflow: hidden; display: flex; flex-direction: column;'>\n<div style='padding: 15px; border-bottom: 1px solid rgba(150&comma; 150&comma; 150&comma; 0.2); font-weight: bold; font-size: 18px; color: inherit;'>Ethernet<\/div>\n<div style='padding: 15px; color: inherit;'>\n<ul style='padding-left: 20px; margin: 0; font-size: 14px; list-style-type: disc;'>\n<li style='margin-bottom: 5px;'><strong>Puertos Ethernet 10\/100\/1000:<\/strong> 8<\/li>\n<li style='margin-bottom: 5px;'><strong>N\u00famero de puertos Ethernet 1G con salida PoE:<\/strong> 1<\/li>\n<\/ul><\/div>\n<\/p><\/div>\n<div style='border: 1px solid rgba(150&comma; 150&comma; 150&comma; 0.4); border-radius: 8px; overflow: hidden; display: flex; flex-direction: column;'>\n<div style='padding: 15px; border-bottom: 1px solid rgba(150&comma; 150&comma; 150&comma; 0.2); font-weight: bold; font-size: 18px; color: inherit;'>Fibra<\/div>\n<div style='padding: 15px; color: inherit;'>\n<ul style='padding-left: 20px; margin: 0; font-size: 14px; list-style-type: disc;'>\n<li style='margin-bottom: 5px;'><strong>Puertos SFP:<\/strong> 1 (2&comma;5 G compatibles)<\/li>\n<\/ul><\/div>\n<\/p><\/div>\n<div style='border: 1px solid rgba(150&comma; 150&comma; 150&comma; 0.4); border-radius: 8px; overflow: hidden; display: flex; flex-direction: column;'>\n<div style='padding: 15px; border-bottom: 1px solid rgba(150&comma; 150&comma; 150&comma; 0.2); font-weight: bold; font-size: 18px; color: inherit;'>Perif\u00e9ricos<\/div>\n<div style='padding: 15px; color: inherit;'>\n<ul style='padding-left: 20px; margin: 0; font-size: 14px; list-style-type: disc;'>\n<li style='margin-bottom: 5px;'><strong>Puerto de consola serie:<\/strong> RJ45<\/li>\n<li style='margin-bottom: 5px;'><strong>N\u00famero de puertos USB:<\/strong> 1<\/li>\n<li style='margin-bottom: 5px;'><strong>Restablecimiento de energ\u00eda USB:<\/strong> S\u00cd<\/li>\n<li style='margin-bottom: 5px;'><strong>Tipo de ranura USB:<\/strong> USB 3.0 tipo A<\/li>\n<li style='margin-bottom: 5px;'><strong>Corriente m\u00e1xima USB (A):<\/strong> 1<\/li>\n<\/ul><\/div>\n<\/p><\/div>\n<div style='border: 1px solid rgba(150&comma; 150&comma; 150&comma; 0.4); border-radius: 8px; overflow: hidden; display: flex; flex-direction: column;'>\n<div style='padding: 15px; border-bottom: 1px solid rgba(150&comma; 150&comma; 150&comma; 0.2); font-weight: bold; font-size: 18px; color: inherit;'>Otros<\/div>\n<div style='padding: 15px; color: inherit;'>\n<ul style='padding-left: 20px; margin: 0; font-size: 14px; list-style-type: disc;'>\n<li style='margin-bottom: 5px;'><strong>Bot\u00f3n de modo:<\/strong> S\u00cd<\/li>\n<\/ul><\/div>\n<\/p><\/div>\n<div style='border: 1px solid rgba(150&comma; 150&comma; 150&comma; 0.4); border-radius: 8px; overflow: hidden; display: flex; flex-direction: column;'>\n<div style='padding: 15px; border-bottom: 1px solid rgba(150&comma; 150&comma; 150&comma; 0.2); font-weight: bold; font-size: 18px; color: inherit;'>Certificaci\u00f3n y aprobaciones<\/div>\n<div style='padding: 15px; color: inherit;'>\n<ul style='padding-left: 20px; margin: 0; font-size: 14px; list-style-type: disc;'>\n<li style='margin-bottom: 5px;'><strong>Certificaci\u00f3n:<\/strong> CE&comma; EAC&comma; ROHS<\/li>\n<li style='margin-bottom: 5px;'><strong>IP:<\/strong> 20<\/li>\n<\/ul><\/div>\n<\/p><\/div>\n<div style='border: 1px solid rgba(150&comma; 150&comma; 150&comma; 0.4); border-radius: 8px; overflow: hidden; display: flex; flex-direction: column;'>\n<div style='padding: 15px; border-bottom: 1px solid rgba(150&comma; 150&comma; 150&comma; 0.2); font-weight: bold; font-size: 18px; color: inherit;'>Piezas incluidas<\/div>\n<div style='padding: 15px; color: inherit;'>\n<div style='display: grid; grid-template-columns: repeat(auto-fill&comma; minmax(130px&comma; 1fr)); gap: 15px;'>\n<div style='display: flex; flex-direction: column; align-items: center;'> <a href='https:\/\/i.mt.lv\/cdn\/rb_images\/part681502957925m.jpg' style='text-decoration: none; color: inherit;'> <img style='width: 100%; height: auto; border: 1px solid rgba(150&comma;150&comma;150&comma;0.3); border-radius: 8px;' src='https:\/\/i.mt.lv\/cdn\/rb_images\/part681502957925s.jpg' alt='Adaptador de corriente de 24 V y 1&comma;5 A'> <span style='display: block; margin-top: 8px; font-size: 14px; text-align: center; color: inherit;'>Adaptador de corriente de 24 V y 1&comma;5 A<\/span> <\/a> <\/div>\n<div style='display: flex; flex-direction: column; align-items: center;'> <a href='https:\/\/i.mt.lv\/cdn\/rb_images\/part691604583471m.jpg' style='text-decoration: none; color: inherit;'> <img style='width: 100%; height: auto; border: 1px solid rgba(150&comma;150&comma;150&comma;0.3); border-radius: 8px;' src='https:\/\/i.mt.lv\/cdn\/rb_images\/part691604583471s.jpg' alt='Juego de sujeci\u00f3n K-52'> <span style='display: block; margin-top: 8px; font-size: 14px; text-align: center; color: inherit;'>Juego de sujeci\u00f3n K-52<\/span> <\/a> <\/div>\n<div style='display: flex; flex-direction: column; align-items: center;'> <a href='https:\/\/i.mt.lv\/cdn\/rb_images\/part1651683628297m.jpg' style='text-decoration: none; color: inherit;'> <img style='width: 100%; height: auto; border: 1px solid rgba(150&comma;150&comma;150&comma;0.3); border-radius: 8px;' src='https:\/\/i.mt.lv\/cdn\/rb_images\/part1651683628297s.jpg' alt='Kit de montaje en rack K-79'> <span style='display: block; margin-top: 8px; font-size: 14px; text-align: center; color: inherit;'>Kit de montaje en rack K-79<\/span> <\/a> <\/div>\n<\/p><\/div>\n<\/p><\/div>\n<\/p><\/div>\n<\/p><\/div>\n<p style='font-size: 15px; margin: 0; color: inherit; line-height: 1.8;'> <em style='color: inherit; opacity: 0.8;'>El dispositivo tiene un sistema operativo preinstalado y con licencia. No es necesaria una compra por separado y el producto est\u00e1 listo para usar. El dispositivo incluye actualizaciones de software gratuitas durante la vida \u00fatil del producto o un m\u00ednimo de 5 a\u00f1os a partir de la fecha de compra.<\/em> <\/p>\n<\/p><\/div>\n<\/p><\/div>\n","protected":false},"excerpt":{"rendered":"<p>Router con CPU ARM \/ 8 Puertos GE \/ SFP 2.5G \/ montaje 1U<\/p>\n","protected":false},"featured_media":86841,"comment_status":"open","ping_status":"closed","template":"","meta":[],"product_brand":[],"product_cat":[2036,2035,2034],"product_tag":[2039,2038,643,664,2037],"class_list":{"0":"post-86842","1":"product","2":"type-product","3":"status-publish","4":"has-post-thumbnail","6":"product_cat-balanceadores","7":"product_cat-firewalls","8":"product_cat-routers","9":"product_tag-balanceadores","10":"product_tag-firewalls","11":"product_tag-mikrotik","12":"product_tag-networking","13":"product_tag-routers","15":"first","16":"instock","17":"sale","18":"shipping-taxable","19":"purchasable","20":"product-type-simple"},"_links":{"self":[{"href":"https:\/\/soydeaqui.ddns.net\/pachuca\/index.php\/wp-json\/wp\/v2\/product\/86842","targetHints":{"allow":["GET"]}}],"collection":[{"href":"https:\/\/soydeaqui.ddns.net\/pachuca\/index.php\/wp-json\/wp\/v2\/product"}],"about":[{"href":"https:\/\/soydeaqui.ddns.net\/pachuca\/index.php\/wp-json\/wp\/v2\/types\/product"}],"replies":[{"embeddable":true,"href":"https:\/\/soydeaqui.ddns.net\/pachuca\/index.php\/wp-json\/wp\/v2\/comments?post=86842"}],"wp:featuredmedia":[{"embeddable":true,"href":"https:\/\/soydeaqui.ddns.net\/pachuca\/index.php\/wp-json\/wp\/v2\/media\/86841"}],"wp:attachment":[{"href":"https:\/\/soydeaqui.ddns.net\/pachuca\/index.php\/wp-json\/wp\/v2\/media?parent=86842"}],"wp:term":[{"taxonomy":"product_brand","embeddable":true,"href":"https:\/\/soydeaqui.ddns.net\/pachuca\/index.php\/wp-json\/wp\/v2\/product_brand?post=86842"},{"taxonomy":"product_cat","embeddable":true,"href":"https:\/\/soydeaqui.ddns.net\/pachuca\/index.php\/wp-json\/wp\/v2\/product_cat?post=86842"},{"taxonomy":"product_tag","embeddable":true,"href":"https:\/\/soydeaqui.ddns.net\/pachuca\/index.php\/wp-json\/wp\/v2\/product_tag?post=86842"}],"curies":[{"name":"wp","href":"https:\/\/api.w.org\/{rel}","templated":true}]}}