{"id":86840,"date":"2026-03-19T22:40:19","date_gmt":"2026-03-19T22:40:19","guid":{"rendered":"https:\/\/soydeaqui.ddns.net\/pachuca\/index.php\/producto\/licencia-amf-sec-at-ar4050s-and-ar4050s-5g-por-1-ano\/"},"modified":"2026-03-19T22:40:21","modified_gmt":"2026-03-19T22:40:21","slug":"licencia-amf-sec-at-ar4050s-and-ar4050s-5g-por-1-ano","status":"publish","type":"product","link":"https:\/\/soydeaqui.ddns.net\/pachuca\/index.php\/producto\/licencia-amf-sec-at-ar4050s-and-ar4050s-5g-por-1-ano\/","title":{"rendered":"Licencia AMF-Sec AT-AR4050S and AR4050S-5G por 1 a\u00f1o"},"content":{"rendered":"<div style='width: 100%; max-width: 1200px; margin: 0 auto; font-family: sans-serif; line-height: 1.6; color: inherit; background-color: transparent;'>\n<div style='display: flex; flex-wrap: wrap; gap: 30px; margin-bottom: 30px;'>\n<div style='flex: 1 1 300px; min-width: 280px;'>\n<h3 style='font-size: 22px; border-bottom: 2px solid currentColor; padding-bottom: 5px; margin-top: 0; color: inherit; opacity: 0.8;'>Controlador de seguridad<\/h3>\n<p style='font-size: 15px; color: inherit; margin-bottom: 15px;'>La seguridad de los datos es primordial en el desafiante entorno actual. El personal necesita acceder a los recursos en l\u00ednea desde cualquier lugar y en cualquier momento&comma; pero los activos digitales necesitan protecci\u00f3n.<\/p>\n<p style='font-size: 15px; color: inherit; margin-bottom: 15px;'>Proteja su negocio y disfrute de la protecci\u00f3n automatizada contra las ciberamenazas con nuestro innovador controlador de seguridad.<\/p>\n<\/p><\/div>\n<\/p><\/div>\n<div style='display: flex; flex-wrap: wrap; gap: 30px; margin-bottom: 30px;'>\n<div style='flex: 1 1 300px; min-width: 280px;'>\n<h3 style='font-size: 22px; border-bottom: 2px solid currentColor; padding-bottom: 5px; margin-top: 0; color: inherit; opacity: 0.8;'>Protecci\u00f3n de red automatizada<\/h3>\n<p style='font-size: 15px; color: inherit; margin-bottom: 15px;'>Autonomous Management Framework\u2122 (AMF) simplifica y automatiza la gesti\u00f3n de la red. AMF-Sec agrega un poderoso componente de seguridad que funciona con su firewall para responder instant\u00e1neamente al malware y bloquear el movimiento lateral de amenazas dentro de una red cableada o inal\u00e1mbrica.<\/p>\n<ul style='padding-left: 20px; font-size: 15px; color: inherit;'>\n<li style='margin-bottom: 5px;'>Nuestro controlador de seguridad AMF:<\/li>\n<li style='margin-bottom: 5px;'>Automatiza la seguridad de la red interna<\/li>\n<li style='margin-bottom: 5px;'>Maximiza la disponibilidad de la aplicaci\u00f3n<\/li>\n<li style='margin-bottom: 5px;'>Mejora la experiencia del usuario final<\/li>\n<li style='margin-bottom: 5px;'>Reduce los costes de gesti\u00f3n<\/li>\n<\/ul><\/div>\n<\/p><\/div>\n<div style='display: flex; flex-wrap: wrap; gap: 30px; margin-bottom: 30px;'>\n<div style='flex: 1 1 300px; min-width: 280px;'>\n<h3 style='font-size: 22px; border-bottom: 2px solid currentColor; padding-bottom: 5px; margin-top: 0; color: inherit; opacity: 0.8;'>Seguridad perimetral f\u00e1cil e inmediata<\/h3>\n<p style='font-size: 15px; color: inherit; margin-bottom: 15px;'>La seguridad de red tradicional utiliza un firewall para defenderse de las amenazas externas de Internet&comma; pero AMF-Sec tambi\u00e9n responde de inmediato a las amenazas planteadas por los usuarios internos y los dispositivos conectados. Disfrute de una protecci\u00f3n aut\u00f3noma que bloquea el malware en cualquier lugar del per\u00edmetro de la red.<\/p>\n<p style='font-size: 15px; color: inherit; margin-bottom: 15px;'>El controlador de seguridad AMF:<\/p>\n<ul style='padding-left: 20px; font-size: 15px; color: inherit;'>\n<li style='margin-bottom: 5px;'>Automatiza la detecci\u00f3n y el aislamiento de amenazas de malware<\/li>\n<li style='margin-bottom: 5px;'>Pone en cuarentena los dispositivos de los usuarios sospechosos<\/li>\n<li style='margin-bottom: 5px;'>Simplifica el control de acceso a la red<\/li>\n<li style='margin-bottom: 5px;'>Funciona con cualquier dispositivo cliente y no requiere software de agente<\/li>\n<li style='margin-bottom: 5px;'>Se integra con su firewall existente&comma; por lo que no es necesario reemplazarlo<\/li>\n<\/ul><\/div>\n<\/p><\/div>\n<\/p><\/div>\n","protected":false},"excerpt":{"rendered":"<p>Licencia AMF-Sec AT-AR4050S and AR4050S-5G por 1 a\u00f1o<\/p>\n","protected":false},"featured_media":86839,"comment_status":"open","ping_status":"closed","template":"","meta":[],"product_brand":[],"product_cat":[1996],"product_tag":[1995,1997,664],"class_list":{"0":"post-86840","1":"product","2":"type-product","3":"status-publish","4":"has-post-thumbnail","6":"product_cat-licencias-suscripciones","7":"product_tag-allied-telesis","8":"product_tag-licencias-suscripciones","9":"product_tag-networking","11":"first","12":"outofstock","13":"sale","14":"shipping-taxable","15":"purchasable","16":"product-type-simple"},"_links":{"self":[{"href":"https:\/\/soydeaqui.ddns.net\/pachuca\/index.php\/wp-json\/wp\/v2\/product\/86840","targetHints":{"allow":["GET"]}}],"collection":[{"href":"https:\/\/soydeaqui.ddns.net\/pachuca\/index.php\/wp-json\/wp\/v2\/product"}],"about":[{"href":"https:\/\/soydeaqui.ddns.net\/pachuca\/index.php\/wp-json\/wp\/v2\/types\/product"}],"replies":[{"embeddable":true,"href":"https:\/\/soydeaqui.ddns.net\/pachuca\/index.php\/wp-json\/wp\/v2\/comments?post=86840"}],"wp:featuredmedia":[{"embeddable":true,"href":"https:\/\/soydeaqui.ddns.net\/pachuca\/index.php\/wp-json\/wp\/v2\/media\/86839"}],"wp:attachment":[{"href":"https:\/\/soydeaqui.ddns.net\/pachuca\/index.php\/wp-json\/wp\/v2\/media?parent=86840"}],"wp:term":[{"taxonomy":"product_brand","embeddable":true,"href":"https:\/\/soydeaqui.ddns.net\/pachuca\/index.php\/wp-json\/wp\/v2\/product_brand?post=86840"},{"taxonomy":"product_cat","embeddable":true,"href":"https:\/\/soydeaqui.ddns.net\/pachuca\/index.php\/wp-json\/wp\/v2\/product_cat?post=86840"},{"taxonomy":"product_tag","embeddable":true,"href":"https:\/\/soydeaqui.ddns.net\/pachuca\/index.php\/wp-json\/wp\/v2\/product_tag?post=86840"}],"curies":[{"name":"wp","href":"https:\/\/api.w.org\/{rel}","templated":true}]}}