{"id":86836,"date":"2026-03-19T22:40:10","date_gmt":"2026-03-19T22:40:10","guid":{"rendered":"https:\/\/soydeaqui.ddns.net\/pachuca\/index.php\/producto\/licencia-de-seguridad-utm-advanced-threat-protection-para-at-ar4000-por-1-ano\/"},"modified":"2026-03-19T22:40:12","modified_gmt":"2026-03-19T22:40:12","slug":"licencia-de-seguridad-utm-advanced-threat-protection-para-at-ar4000-por-1-ano","status":"publish","type":"product","link":"https:\/\/soydeaqui.ddns.net\/pachuca\/index.php\/producto\/licencia-de-seguridad-utm-advanced-threat-protection-para-at-ar4000-por-1-ano\/","title":{"rendered":"Licencia de Seguridad UTM Advanced Threat Protection para AT-AR4000, Por 1 a\u00f1o"},"content":{"rendered":"<div style='width: 100%; max-width: 1200px; margin: 0 auto; font-family: sans-serif; line-height: 1.6; color: inherit; background-color: transparent;'> <!-- Secci\u00f3n de nota importante --> <\/p>\n<div style='margin-bottom: 30px;'>\n<h3 style='font-size: 22px; border-bottom: 2px solid currentColor; padding-bottom: 5px; margin-top: 0; color: inherit; opacity: 0.8;'>Nota Importante<\/h3>\n<ol style='padding-left: 20px; font-size: 15px; color: inherit;'>\n<li style='margin-bottom: 5px;'>Tener el n\u00famero de serie del equipo al que se le aplicar\u00e1 la licencia<\/li>\n<li style='margin-bottom: 5px;'>Registrarse en el portal Atenci\u00f3n a Clientes de Allied Telesis: <br \/><a href='https:\/\/alliedtelesis.my.site.com\/Support\/CustomerCommunitySelfReg' style='color: #e74c3c; text-decoration: none; font-weight: bold;'>https:\/\/alliedtelesis.my.site.com\/Support\/CustomerCommunitySelfReg<\/a><\/li>\n<li style='margin-bottom: 5px;'>Crear un Ticket solicitando acceso al: &#8216;Allied Telesis Download Center&#8217;<\/li>\n<\/ol><\/div>\n<p> <!-- Secci\u00f3n de caracter\u00edsticas con flex --> <\/p>\n<div style='display: flex; flex-wrap: wrap; gap: 30px; margin-bottom: 30px;'>\n<div style='flex: 1 1 300px; min-width: 280px;'>\n<h3 style='font-size: 22px; border-bottom: 2px solid currentColor; padding-bottom: 5px; margin-top: 0; color: inherit; opacity: 0.8;'>Caracter\u00edsticas Principales<\/h3>\n<ul style='padding-left: 20px; font-size: 15px; color: inherit;'>\n<li style='margin-bottom: 5px;'>Licencia UTM incorporada en la serie AT-AR4000<\/li>\n<li style='margin-bottom: 5px;'>Protecci\u00f3n avanzada de amenazas en firewall virtual<\/li>\n<li style='margin-bottom: 5px;'>Incluye IPS avanzado y reputaci\u00f3n IP<\/li>\n<li style='margin-bottom: 5px;'>Suscripci\u00f3n v\u00e1lida por 1 a\u00f1o<\/li>\n<li style='margin-bottom: 5px;'>Requiere software AW+ versi\u00f3n 5.5.2-2.1<\/li>\n<\/ul><\/div>\n<div style='flex: 1 1 300px; min-width: 280px;'>\n<h3 style='font-size: 22px; border-bottom: 2px solid currentColor; padding-bottom: 5px; margin-top: 0; color: inherit; opacity: 0.8;'>Detalles de la Licencia<\/h3>\n<ul style='padding-left: 20px; font-size: 15px; color: inherit;'>\n<li style='margin-bottom: 5px;'><strong>Nivel de Licencia:<\/strong> Advanced Threat Protection<\/li>\n<li style='margin-bottom: 5px;'><strong>Incluye:<\/strong> Advanced IPS&comma; IP Reputation<\/li>\n<li style='margin-bottom: 5px;'><strong>Suscripci\u00f3n:<\/strong> 1 A\u00f1o<\/li>\n<li style='margin-bottom: 5px;'><strong>Requiere:<\/strong> AW+ 5.5.2-2.1<\/li>\n<\/ul><\/div>\n<\/p><\/div>\n<p> <!-- Separador --> <\/p>\n<hr style='border: 0; border-top: 1px solid rgba(150&comma; 150&comma; 150&comma; 0.3); margin: 30px 0;'> <\/div>\n","protected":false},"excerpt":{"rendered":"<p>Licencia de Seguridad UTM Advanced Threat Protection para AT-AR4000, Por 1 a\u00f1o<\/p>\n","protected":false},"featured_media":32,"comment_status":"open","ping_status":"closed","template":"","meta":[],"product_brand":[],"product_cat":[1996],"product_tag":[1995,1997,664],"class_list":{"0":"post-86836","1":"product","2":"type-product","3":"status-publish","4":"has-post-thumbnail","6":"product_cat-licencias-suscripciones","7":"product_tag-allied-telesis","8":"product_tag-licencias-suscripciones","9":"product_tag-networking","11":"first","12":"outofstock","13":"sale","14":"shipping-taxable","15":"purchasable","16":"product-type-simple"},"_links":{"self":[{"href":"https:\/\/soydeaqui.ddns.net\/pachuca\/index.php\/wp-json\/wp\/v2\/product\/86836","targetHints":{"allow":["GET"]}}],"collection":[{"href":"https:\/\/soydeaqui.ddns.net\/pachuca\/index.php\/wp-json\/wp\/v2\/product"}],"about":[{"href":"https:\/\/soydeaqui.ddns.net\/pachuca\/index.php\/wp-json\/wp\/v2\/types\/product"}],"replies":[{"embeddable":true,"href":"https:\/\/soydeaqui.ddns.net\/pachuca\/index.php\/wp-json\/wp\/v2\/comments?post=86836"}],"wp:featuredmedia":[{"embeddable":true,"href":"https:\/\/soydeaqui.ddns.net\/pachuca\/index.php\/wp-json\/wp\/v2\/media\/32"}],"wp:attachment":[{"href":"https:\/\/soydeaqui.ddns.net\/pachuca\/index.php\/wp-json\/wp\/v2\/media?parent=86836"}],"wp:term":[{"taxonomy":"product_brand","embeddable":true,"href":"https:\/\/soydeaqui.ddns.net\/pachuca\/index.php\/wp-json\/wp\/v2\/product_brand?post=86836"},{"taxonomy":"product_cat","embeddable":true,"href":"https:\/\/soydeaqui.ddns.net\/pachuca\/index.php\/wp-json\/wp\/v2\/product_cat?post=86836"},{"taxonomy":"product_tag","embeddable":true,"href":"https:\/\/soydeaqui.ddns.net\/pachuca\/index.php\/wp-json\/wp\/v2\/product_tag?post=86836"}],"curies":[{"name":"wp","href":"https:\/\/api.w.org\/{rel}","templated":true}]}}