{"id":86816,"date":"2026-03-19T22:39:11","date_gmt":"2026-03-19T22:39:11","guid":{"rendered":"https:\/\/soydeaqui.ddns.net\/pachuca\/index.php\/producto\/licencia-acumulativa-amf-plus-master-para-5-nodes-5-anos-para-ar4050s-and-ar4050s-5g\/"},"modified":"2026-03-19T22:39:13","modified_gmt":"2026-03-19T22:39:13","slug":"licencia-acumulativa-amf-plus-master-para-5-nodes-5-anos-para-ar4050s-and-ar4050s-5g","status":"publish","type":"product","link":"https:\/\/soydeaqui.ddns.net\/pachuca\/index.php\/producto\/licencia-acumulativa-amf-plus-master-para-5-nodes-5-anos-para-ar4050s-and-ar4050s-5g\/","title":{"rendered":"Licencia Acumulativa AMF Plus Master para 5 nodes, 5-a\u00f1os para AR4050S and AR4050S-5G"},"content":{"rendered":"<div style='width: 100%; max-width: 1200px; margin: 0 auto; font-family: sans-serif; line-height: 1.6; color: inherit; background-color: transparent;'>\n<p style='margin: 0 0 15px 0; font-size: 15px; color: inherit;'>Requiere AW+ 5.5.2-2.1<\/p>\n<p style='margin: 0 0 30px 0; font-size: 15px; color: inherit;'>Una licencia para un router<\/p>\n<div style='margin-bottom: 30px;'>\n<h2 style='font-size: 24px; border-bottom: 2px solid currentColor; padding-bottom: 5px; margin: 0 0 15px 0; color: inherit; opacity: 0.8;'>Aumente la visibilidad y el control de la red con una gesti\u00f3n centralizada<\/h2>\n<p style='margin: 0 0 15px 0; font-size: 15px; color: inherit;'>AMF Plus es una herramienta de automatizaci\u00f3n de redes que brinda valor real e inmediato a las empresas al resolver una de las necesidades m\u00e1s apremiantes de TI. Proporciona una infraestructura convergente que se puede administrar como una sola entidad&comma; lo que aumenta la visibilidad y reduce la complejidad y el TCO&comma; lo que permite hacer m\u00e1s con menos.<\/p>\n<h3 style='font-size: 20px; border-bottom: 2px solid currentColor; padding-bottom: 5px; margin: 20px 0 15px 0; color: inherit; opacity: 0.8;'>Una soluci\u00f3n para la gesti\u00f3n de redes<\/h3>\n<p style='margin: 0 0 15px 0; font-size: 15px; color: inherit;'>AMF Plus es un conjunto sofisticado de herramientas de administraci\u00f3n que proporciona un enfoque automatizado y simplificado para la administraci\u00f3n de redes. Las potentes funciones&comma; como la administraci\u00f3n centralizada&comma; la copia de seguridad autom\u00e1tica&comma; la actualizaci\u00f3n autom\u00e1tica&comma; el aprovisionamiento autom\u00e1tico y la recuperaci\u00f3n autom\u00e1tica&comma; permiten la conexi\u00f3n en red plug-and-play y la administraci\u00f3n sin contacto.<\/p>\n<h4 style='font-size: 18px; border-bottom: 1px solid rgba(150&comma;150&comma;150&comma;0.3); padding-bottom: 5px; margin: 20px 0 15px 0; color: inherit;'>Gesti\u00f3n centralizada<\/h4>\n<p style='margin: 0 0 15px 0; font-size: 15px; color: inherit;'>La administraci\u00f3n centralizada permite que los comandos CLI se ejecuten en varios dispositivos simult\u00e1neamente. Los comandos se emiten solo una vez y AMF Plus garantiza que cada dispositivo los reciba y los procese. Esto ahorra tiempo y reduce la posibilidad de errores cuando es necesario realizar cambios de configuraci\u00f3n en varios dispositivos. Cualquier cambio de configuraci\u00f3n&comma; solicitud de monitoreo o depuraci\u00f3n de la red se puede realizar a uno&comma; muchos o todos los dispositivos con un solo comando.<\/p>\n<h4 style='font-size: 18px; border-bottom: 1px solid rgba(150&comma;150&comma;150&comma;0.3); padding-bottom: 5px; margin: 20px 0 15px 0; color: inherit;'>Copia de seguridad autom\u00e1tica<\/h4>\n<p style='margin: 0 0 15px 0; font-size: 15px; color: inherit;'>La copia de seguridad autom\u00e1tica de AMF Plus reduce el esfuerzo y el riesgo de errores al administrar autom\u00e1ticamente las configuraciones para todos los dispositivos en la red. Todos los d\u00edas&comma; AMF Plus realiza una copia de seguridad autom\u00e1tica de las configuraciones y el firmware de toda la red en una biblioteca central&comma; que se puede ubicar localmente en el dispositivo maestro&comma; en un servidor o completamente en l\u00ednea con AMF Plus Cloud. Las copias de seguridad tambi\u00e9n se pueden crear manualmente despu\u00e9s de los cambios de configuraci\u00f3n. La informaci\u00f3n de configuraci\u00f3n y firmware actualizada est\u00e1 siempre disponible para todos los dispositivos.<\/p>\n<h4 style='font-size: 18px; border-bottom: 1px solid rgba(150&comma;150&comma;150&comma;0.3); padding-bottom: 5px; margin: 20px 0 15px 0; color: inherit;'>Actualizaci\u00f3n autom\u00e1tica<\/h4>\n<p style='margin: 0 0 15px 0; font-size: 15px; color: inherit;'>Las actualizaciones de firmware se pueden implementar en grupos de dispositivos o en toda la red AMF Plus de forma r\u00e1pida y sencilla con la actualizaci\u00f3n autom\u00e1tica. El usuario simplemente selecciona el grupo de dispositivos a actualizar&comma; luego emite los comandos CLI para cargar la nueva versi\u00f3n de firmware. Cada dispositivo del grupo descargar\u00e1 los archivos en preparaci\u00f3n para un reinicio.<\/p>\n<p style='margin: 0 0 15px 0; font-size: 15px; color: inherit;'>En lugar de tener que reiniciar todos los dispositivos del grupo al mismo tiempo&comma; AMF Plus puede usar un reinicio continuo. AMF Plus garantiza que solo un dispositivo se reinicie a la vez&comma; por lo que se conserva la m\u00e1xima conectividad de red durante todo el proceso de actualizaci\u00f3n del firmware.<\/p>\n<h4 style='font-size: 18px; border-bottom: 1px solid rgba(150&comma;150&comma;150&comma;0.3); padding-bottom: 5px; margin: 20px 0 15px 0; color: inherit;'>Aprovisionamiento autom\u00e1tico<\/h4>\n<p style='margin: 0 0 15px 0; font-size: 15px; color: inherit;'>El aprovisionamiento autom\u00e1tico permite agregar dispositivos no configurados directamente a la red porque AMF Plus puede preaprovisionar el dispositivo antes de que est\u00e9 presente. Esto permite la expansi\u00f3n de la red sin intervenci\u00f3n&comma; ya que los dispositivos se pueden agregar f\u00e1cilmente y AMF Plus selecciona autom\u00e1ticamente la configuraci\u00f3n correcta. Supongamos que no se ha aprovisionado previamente un nuevo dispositivo. En ese caso&comma; AMF Plus a\u00edsla el dispositivo hasta que se haya configurado correctamente&comma; lo que puede ser administrado autom\u00e1ticamente por AMF Plus o manualmente por el usuario.<\/p>\n<h4 style='font-size: 18px; border-bottom: 1px solid rgba(150&comma;150&comma;150&comma;0.3); padding-bottom: 5px; margin: 20px 0 15px 0; color: inherit;'>Recuperaci\u00f3n autom\u00e1tica<\/h4>\n<p style='margin: 0 0 15px 0; font-size: 15px; color: inherit;'>Reemplazar un dispositivo defectuoso es realmente un toque cero con recuperaci\u00f3n autom\u00e1tica. El dispositivo de reemplazo no necesita m\u00e1s configuraci\u00f3n que una conexi\u00f3n f\u00edsica a la red. Tan pronto como se enciende el dispositivo&comma; AMF Plus lo reconfigura autom\u00e1ticamente utilizando la \u00faltima copia de seguridad de su firmware y configuraci\u00f3n.<\/p>\n<p style='margin: 0 0 15px 0; font-size: 15px; color: inherit;'>Para facilitar el proceso de actualizaci\u00f3n de la red&comma; una mejora reciente de recuperaci\u00f3n autom\u00e1tica permite reemplazar un dispositivo antiguo que ya no se puede comprar por un equivalente nuevo. Esto permite que los modelos al final de la venta se actualicen r\u00e1pidamente a modelos m\u00e1s nuevos sin ninguna configuraci\u00f3n previa para facilitar el reemplazo de dispositivos y la expansi\u00f3n de la red.<\/p>\n<\/p><\/div>\n<\/p><\/div>\n","protected":false},"excerpt":{"rendered":"<p>Licencia Acumulativa AMF Plus Master para 5 nodes, 5-a\u00f1os para AR4050S and AR4050S-5G<\/p>\n","protected":false},"featured_media":86815,"comment_status":"open","ping_status":"closed","template":"","meta":[],"product_brand":[],"product_cat":[1996],"product_tag":[1995,1997,664],"class_list":{"0":"post-86816","1":"product","2":"type-product","3":"status-publish","4":"has-post-thumbnail","6":"product_cat-licencias-suscripciones","7":"product_tag-allied-telesis","8":"product_tag-licencias-suscripciones","9":"product_tag-networking","11":"first","12":"outofstock","13":"sale","14":"shipping-taxable","15":"purchasable","16":"product-type-simple"},"_links":{"self":[{"href":"https:\/\/soydeaqui.ddns.net\/pachuca\/index.php\/wp-json\/wp\/v2\/product\/86816","targetHints":{"allow":["GET"]}}],"collection":[{"href":"https:\/\/soydeaqui.ddns.net\/pachuca\/index.php\/wp-json\/wp\/v2\/product"}],"about":[{"href":"https:\/\/soydeaqui.ddns.net\/pachuca\/index.php\/wp-json\/wp\/v2\/types\/product"}],"replies":[{"embeddable":true,"href":"https:\/\/soydeaqui.ddns.net\/pachuca\/index.php\/wp-json\/wp\/v2\/comments?post=86816"}],"wp:featuredmedia":[{"embeddable":true,"href":"https:\/\/soydeaqui.ddns.net\/pachuca\/index.php\/wp-json\/wp\/v2\/media\/86815"}],"wp:attachment":[{"href":"https:\/\/soydeaqui.ddns.net\/pachuca\/index.php\/wp-json\/wp\/v2\/media?parent=86816"}],"wp:term":[{"taxonomy":"product_brand","embeddable":true,"href":"https:\/\/soydeaqui.ddns.net\/pachuca\/index.php\/wp-json\/wp\/v2\/product_brand?post=86816"},{"taxonomy":"product_cat","embeddable":true,"href":"https:\/\/soydeaqui.ddns.net\/pachuca\/index.php\/wp-json\/wp\/v2\/product_cat?post=86816"},{"taxonomy":"product_tag","embeddable":true,"href":"https:\/\/soydeaqui.ddns.net\/pachuca\/index.php\/wp-json\/wp\/v2\/product_tag?post=86816"}],"curies":[{"name":"wp","href":"https:\/\/api.w.org\/{rel}","templated":true}]}}