{"id":86804,"date":"2026-03-19T22:38:34","date_gmt":"2026-03-19T22:38:34","guid":{"rendered":"https:\/\/soydeaqui.ddns.net\/pachuca\/index.php\/producto\/router-inalambrico-ac-1200-wifi-5-doble-banda-1-puerto-wan-gigabit-y-2-puertos-lan-gigabit\/"},"modified":"2026-03-19T22:38:43","modified_gmt":"2026-03-19T22:38:43","slug":"router-inalambrico-ac-1200-wifi-5-doble-banda-1-puerto-wan-gigabit-y-2-puertos-lan-gigabit","status":"publish","type":"product","link":"https:\/\/soydeaqui.ddns.net\/pachuca\/index.php\/producto\/router-inalambrico-ac-1200-wifi-5-doble-banda-1-puerto-wan-gigabit-y-2-puertos-lan-gigabit\/","title":{"rendered":"Router Inal\u00e1mbrico AC 1200 WiFi 5 (doble banda), 1 puerto WAN Gigabit y 2 puertos LAN Gigabit"},"content":{"rendered":"<div style='width: 100%; max-width: 1200px; margin: 0 auto; font-family: sans-serif; line-height: 1.6; color: inherit; background-color: transparent;'> <!-- Logo --> <\/p>\n<div style='text-align: center; margin-bottom: 30px;'> <img style='width: 100%; max-width: 450px; height: auto; border: 1px solid rgba(150&comma;150&comma;150&comma;0.3); border-radius: 8px;' src='https:\/\/ftp3.syscom.mx\/usuarios\/orobles\/FiberHome\/GPON\/fiberhome_logo.png' alt='Logo FiberHome'> <\/div>\n<p> <!-- Secci\u00f3n de caracter\u00edsticas --> <\/p>\n<div style='display: flex; flex-wrap: wrap; gap: 30px; margin-bottom: 30px;'>\n<div style='flex: 1 1 300px; min-width: 280px;'>\n<h3 style='font-size: 22px; border-bottom: 2px solid currentColor; padding-bottom: 5px; margin-top: 0; color: inherit; opacity: 0.8;'>Caracter\u00edsticas<\/h3>\n<ul style='padding-left: 20px; font-size: 15px; color: inherit;'>\n<li style='margin-bottom: 5px;'>867 Mbps en 5GHz y 300 Mbps en 2.4GHz<\/li>\n<li style='margin-bottom: 5px;'>1 puerto WAN Gigabit y 2 puertos LAN Gigabit<\/li>\n<li style='margin-bottom: 5px;'>Soporta WiFi Mesh y protocolos 802.11k\/v\/r<\/li>\n<li style='margin-bottom: 5px;'>Soporta IPv4 e IPv6 Dual Stack<\/li>\n<li style='margin-bottom: 5px;'>Seguridad avanzada con WPA3&comma; protecci\u00f3n contra ataques de fuerza bruta que mantiene seguro el WiFi de su hogar<\/li>\n<li style='margin-bottom: 5px;'>Administraci\u00f3n a trav\u00e9s de m\u00faltiples m\u00e9todos: Interfaz web&comma; TR069&comma; FiberHome App<\/li>\n<li style='margin-bottom: 5px;'>Conexi\u00f3n en Mesh con bot\u00f3n Fi.<\/li>\n<li style='margin-bottom: 5px;'>Tama\u00f1o: 106mm x 106mm x 82.4 mm (LxWxH)<\/li>\n<li style='margin-bottom: 5px;'>Peso: 300g<\/li>\n<li style='margin-bottom: 5px;'>Fuente de Alimentaci\u00f3n:<\/li>\n<\/ul><\/div>\n<\/p><\/div>\n<p> <!-- Separador --> <\/p>\n<hr style='border: 0; border-top: 1px solid rgba(150&comma; 150&comma; 150&comma; 0.3); margin: 30px 0;'> <!-- Secci\u00f3n de especificaciones t\u00e9cnicas --> <\/p>\n<div style='display: flex; flex-wrap: wrap; gap: 20px; margin-bottom: 30px;'>\n<div style='flex: 1 1 250px; border: 1px solid rgba(150&comma; 150&comma; 150&comma; 0.4); border-radius: 8px; overflow: hidden; display: flex; flex-direction: column;'>\n<div style='padding: 15px; border-bottom: 1px solid rgba(150&comma; 150&comma; 150&comma; 0.2); font-weight: bold; font-size: 18px; color: inherit;'>Especificaciones T\u00e9cnicas<\/div>\n<div style='padding: 15px; color: inherit;'>\n<ul style='padding-left: 20px; margin: 0; font-size: 14px; list-style-type: disc;'>\n<li style='margin-bottom: 5px;'>CPU 1600DMIPS&comma; 1 n\u00facleo&comma; 1 GHz<\/li>\n<li style='margin-bottom: 5px;'>5G WLAN 802.11a\/n\/ac 2&#215;2<\/li>\n<li style='margin-bottom: 5px;'>2.4G WLAN 802.11b\/g\/n 2&#215;2<\/li>\n<li style='margin-bottom: 5px;'>Memoria Flash 128 MB&comma; DDR 128 MB<\/li>\n<li style='margin-bottom: 5px;'>4 antenas internas de 3 dBi<\/li>\n<li style='margin-bottom: 5px;'>Potencia de transmisi\u00f3n de los radios&comma; 2.4GHz: 20dBm&comma; 5GHz: 22dBm<\/li>\n<\/ul><\/div>\n<\/p><\/div>\n<\/p><\/div>\n<\/p><\/div>\n","protected":false},"excerpt":{"rendered":"<p>Router Inal\u00e1mbrico AC 1200 WiFi 5 (doble banda), 1 puerto WAN Gigabit y 2 puertos LAN Gigabit<\/p>\n","protected":false},"featured_media":86803,"comment_status":"open","ping_status":"closed","template":"","meta":[],"product_brand":[],"product_cat":[2036,2035,2034],"product_tag":[2039,639,2038,664,2037],"class_list":{"0":"post-86804","1":"product","2":"type-product","3":"status-publish","4":"has-post-thumbnail","6":"product_cat-balanceadores","7":"product_cat-firewalls","8":"product_cat-routers","9":"product_tag-balanceadores","10":"product_tag-fiberhome","11":"product_tag-firewalls","12":"product_tag-networking","13":"product_tag-routers","15":"first","16":"instock","17":"sale","18":"shipping-taxable","19":"purchasable","20":"product-type-simple"},"_links":{"self":[{"href":"https:\/\/soydeaqui.ddns.net\/pachuca\/index.php\/wp-json\/wp\/v2\/product\/86804","targetHints":{"allow":["GET"]}}],"collection":[{"href":"https:\/\/soydeaqui.ddns.net\/pachuca\/index.php\/wp-json\/wp\/v2\/product"}],"about":[{"href":"https:\/\/soydeaqui.ddns.net\/pachuca\/index.php\/wp-json\/wp\/v2\/types\/product"}],"replies":[{"embeddable":true,"href":"https:\/\/soydeaqui.ddns.net\/pachuca\/index.php\/wp-json\/wp\/v2\/comments?post=86804"}],"wp:featuredmedia":[{"embeddable":true,"href":"https:\/\/soydeaqui.ddns.net\/pachuca\/index.php\/wp-json\/wp\/v2\/media\/86803"}],"wp:attachment":[{"href":"https:\/\/soydeaqui.ddns.net\/pachuca\/index.php\/wp-json\/wp\/v2\/media?parent=86804"}],"wp:term":[{"taxonomy":"product_brand","embeddable":true,"href":"https:\/\/soydeaqui.ddns.net\/pachuca\/index.php\/wp-json\/wp\/v2\/product_brand?post=86804"},{"taxonomy":"product_cat","embeddable":true,"href":"https:\/\/soydeaqui.ddns.net\/pachuca\/index.php\/wp-json\/wp\/v2\/product_cat?post=86804"},{"taxonomy":"product_tag","embeddable":true,"href":"https:\/\/soydeaqui.ddns.net\/pachuca\/index.php\/wp-json\/wp\/v2\/product_tag?post=86804"}],"curies":[{"name":"wp","href":"https:\/\/api.w.org\/{rel}","templated":true}]}}