{"id":86800,"date":"2026-03-19T22:38:24","date_gmt":"2026-03-19T22:38:24","guid":{"rendered":"https:\/\/soydeaqui.ddns.net\/pachuca\/index.php\/producto\/switch-stackeable-capa-3-24-x-sfp-10g-4-x-40g-100g-qsfp-qsfp28-taa-version\/"},"modified":"2026-03-19T22:38:27","modified_gmt":"2026-03-19T22:38:27","slug":"switch-stackeable-capa-3-24-x-sfp-10g-4-x-40g-100g-qsfp-qsfp28-taa-version","status":"publish","type":"product","link":"https:\/\/soydeaqui.ddns.net\/pachuca\/index.php\/producto\/switch-stackeable-capa-3-24-x-sfp-10g-4-x-40g-100g-qsfp-qsfp28-taa-version\/","title":{"rendered":"Switch Stackeable Capa 3, 24 x SFP+ 10G, 4 x 40G\/100G QSFP+\/QSFP28 (TAA Version)"},"content":{"rendered":"<div style='width: 100%; max-width: 1200px; margin: 0 auto; font-family: sans-serif; line-height: 1.6; color: inherit; background-color: transparent;'>\n<div style='display: flex; flex-wrap: wrap; gap: 30px; margin-bottom: 30px;'>\n<div style='flex: 1 1 300px; min-width: 280px;'>\n<h3 style='font-size: 22px; border-bottom: 2px solid currentColor; padding-bottom: 5px; margin-top: 0; color: inherit; opacity: 0.8;'>Caracter\u00edsticas clave<\/h3>\n<ul style='padding-left: 20px; font-size: 15px; color: inherit;'>\n<li style='margin-bottom: 5px;'>24 puertos 1\/10G SFP+&comma; 4 puertos de enlace ascendente 40G\/100G y 1 bah\u00eda de expansi\u00f3n<\/li>\n<li style='margin-bottom: 5px;'>Grandes tablas de conmutaci\u00f3n y enrutamiento admiten m\u00faltiples servicios y dispositivos conectados<\/li>\n<li style='margin-bottom: 5px;'>VCStack\u2122 hasta 8 unidades localmente o a distancia para un n\u00facleo de red resistente<\/li>\n<li style='margin-bottom: 5px;'>Autonomous Management Framework\u2122 (AMF) para la automatizaci\u00f3n de redes<\/li>\n<li style='margin-bottom: 5px;'>SDN l\u00edder en el mercado con OpenFlow v1.3 certificado por la industria<\/li>\n<\/ul><\/div>\n<\/p><\/div>\n<div style='display: flex; flex-wrap: wrap; gap: 20px; margin-bottom: 30px;'>\n<div style='flex: 1 1 250px; border: 1px solid rgba(150&comma; 150&comma; 150&comma; 0.4); border-radius: 8px; overflow: hidden; display: flex; flex-direction: column;'>\n<div style='padding: 15px; border-bottom: 1px solid rgba(150&comma; 150&comma; 150&comma; 0.2); font-weight: bold; font-size: 18px; color: inherit;'>Especificaciones<\/div>\n<div style='padding: 15px; color: inherit;'>\n<ul style='padding-left: 20px; margin: 0; font-size: 14px; list-style-type: disc;'>\n<li style='margin-bottom: 5px;'><strong>Puertos SFP+ de 1\/10 Gigabit:<\/strong> 24<\/li>\n<li style='margin-bottom: 5px;'><strong>Puertos 40G\/100G QSFP+\/QSFP28:<\/strong> 4* (tambi\u00e9n puede admitir hasta 16 puertos 10G utilizando 4 cables de ruptura 10G)<\/li>\n<li style='margin-bottom: 5px;'><strong>Bah\u00eda XEM:<\/strong> 1<\/li>\n<li style='margin-bottom: 5px;'><strong>Tejido de conmutaci\u00f3n:<\/strong> 1&comma;92 Tbps<\/li>\n<li style='margin-bottom: 5px;'><strong>Tasa de reenv\u00edo:<\/strong> 1190Mpps<\/li>\n<\/ul><\/div>\n<\/p><\/div>\n<div style='flex: 1 1 250px; border: 1px solid rgba(150&comma; 150&comma; 150&comma; 0.4); border-radius: 8px; overflow: hidden; display: flex; flex-direction: column;'>\n<div style='padding: 15px; border-bottom: 1px solid rgba(150&comma; 150&comma; 150&comma; 0.2); font-weight: bold; font-size: 18px; color: inherit;'>Caracter\u00edsticas f\u00edsicas<\/div>\n<div style='padding: 15px; color: inherit;'>\n<ul style='padding-left: 20px; margin: 0; font-size: 14px; list-style-type: disc;'>\n<li style='margin-bottom: 5px;'><strong>Dimensiones:<\/strong> 440 x 445 x 44 mm (17&comma;32 x 17&comma;52 x 1&comma;73 pulgadas)<\/li>\n<li style='margin-bottom: 5px;'><strong>Montaje:<\/strong> Rack 1 RU<\/li>\n<li style='margin-bottom: 5px;'><strong>Peso sin embalar:<\/strong> 7&comma;26 kg (16&comma;01 libras)<\/li>\n<li style='margin-bottom: 5px;'><strong>Peso empaquetado:<\/strong> 10&comma;76 kg (23&comma;72 libras)<\/li>\n<\/ul><\/div>\n<\/p><\/div>\n<div style='flex: 1 1 250px; border: 1px solid rgba(150&comma; 150&comma; 150&comma; 0.4); border-radius: 8px; overflow: hidden; display: flex; flex-direction: column;'>\n<div style='padding: 15px; border-bottom: 1px solid rgba(150&comma; 150&comma; 150&comma; 0.2); font-weight: bold; font-size: 18px; color: inherit;'>Alimentaci\u00f3n y disipaci\u00f3n<\/div>\n<div style='padding: 15px; color: inherit;'>\n<ul style='padding-left: 20px; margin: 0; font-size: 14px; list-style-type: disc;'>\n<li style='margin-bottom: 5px;'><strong>Consumo m\u00e1ximo de energ\u00eda:<\/strong> 231&comma;2 W<\/li>\n<li style='margin-bottom: 5px;'><strong>Disipaci\u00f3n m\u00e1xima de calor:<\/strong> 789&comma;0 BTU\/h<\/li>\n<li style='margin-bottom: 5px;'><strong>Ruido:<\/strong> 63&comma;4 dBA<\/li>\n<\/ul><\/div>\n<\/p><\/div>\n<\/p><\/div>\n<div style='margin-bottom: 30px;'>\n<div style='margin-bottom: 15px; padding: 15px; background-color: #fff3cd; border: 1px solid rgba(255&comma; 193&comma; 7&comma; 0.3); border-left: 4px solid #ffc107; border-radius: 4px; color: #856404;'> Tenga en cuenta que los ventiladores est\u00e1n incluidos pero NO se env\u00edan fuentes de alimentaci\u00f3n con el chasis base&comma; se deben pedir por separado. <\/div>\n<div style='margin-bottom: 15px; padding: 15px; background-color: #fff3cd; border: 1px solid rgba(255&comma; 193&comma; 7&comma; 0.3); border-left: 4px solid #ffc107; border-radius: 4px; color: #856404;'> M\u00f3dulo de puertos RJ45 se vende por separado. <\/div>\n<\/p><\/div>\n<hr style='border: 0; border-top: 1px solid rgba(150&comma; 150&comma; 150&comma; 0.3); margin: 30px 0;'> <\/div>\n","protected":false},"excerpt":{"rendered":"<p>Switch Stackeable Capa 3, 24 x SFP+ 10G, 4 x 40G\/100G QSFP+\/QSFP28 (TAA Version)<\/p>\n","protected":false},"featured_media":86799,"comment_status":"open","ping_status":"closed","template":"","meta":[],"product_brand":[],"product_cat":[1970],"product_tag":[1995,664,1971],"class_list":{"0":"post-86800","1":"product","2":"type-product","3":"status-publish","4":"has-post-thumbnail","6":"product_cat-switches","7":"product_tag-allied-telesis","8":"product_tag-networking","9":"product_tag-switches","11":"first","12":"outofstock","13":"sale","14":"shipping-taxable","15":"purchasable","16":"product-type-simple"},"_links":{"self":[{"href":"https:\/\/soydeaqui.ddns.net\/pachuca\/index.php\/wp-json\/wp\/v2\/product\/86800","targetHints":{"allow":["GET"]}}],"collection":[{"href":"https:\/\/soydeaqui.ddns.net\/pachuca\/index.php\/wp-json\/wp\/v2\/product"}],"about":[{"href":"https:\/\/soydeaqui.ddns.net\/pachuca\/index.php\/wp-json\/wp\/v2\/types\/product"}],"replies":[{"embeddable":true,"href":"https:\/\/soydeaqui.ddns.net\/pachuca\/index.php\/wp-json\/wp\/v2\/comments?post=86800"}],"wp:featuredmedia":[{"embeddable":true,"href":"https:\/\/soydeaqui.ddns.net\/pachuca\/index.php\/wp-json\/wp\/v2\/media\/86799"}],"wp:attachment":[{"href":"https:\/\/soydeaqui.ddns.net\/pachuca\/index.php\/wp-json\/wp\/v2\/media?parent=86800"}],"wp:term":[{"taxonomy":"product_brand","embeddable":true,"href":"https:\/\/soydeaqui.ddns.net\/pachuca\/index.php\/wp-json\/wp\/v2\/product_brand?post=86800"},{"taxonomy":"product_cat","embeddable":true,"href":"https:\/\/soydeaqui.ddns.net\/pachuca\/index.php\/wp-json\/wp\/v2\/product_cat?post=86800"},{"taxonomy":"product_tag","embeddable":true,"href":"https:\/\/soydeaqui.ddns.net\/pachuca\/index.php\/wp-json\/wp\/v2\/product_tag?post=86800"}],"curies":[{"name":"wp","href":"https:\/\/api.w.org\/{rel}","templated":true}]}}