{"id":86790,"date":"2026-03-19T22:37:58","date_gmt":"2026-03-19T22:37:58","guid":{"rendered":"https:\/\/soydeaqui.ddns.net\/pachuca\/index.php\/producto\/onu-dual-gpon-epon-wi-fi-doble-banda-2-4-y-5-ghz-soporta-mesh-2-puertos-gigabit-1-puerto-pon-sc-apc-1-puerto-catv-hasta-1200-mbps-via-wi-fi\/"},"modified":"2026-03-19T22:38:09","modified_gmt":"2026-03-19T22:38:09","slug":"onu-dual-gpon-epon-wi-fi-doble-banda-2-4-y-5-ghz-soporta-mesh-2-puertos-gigabit-1-puerto-pon-sc-apc-1-puerto-catv-hasta-1200-mbps-via-wi-fi","status":"publish","type":"product","link":"https:\/\/soydeaqui.ddns.net\/pachuca\/index.php\/producto\/onu-dual-gpon-epon-wi-fi-doble-banda-2-4-y-5-ghz-soporta-mesh-2-puertos-gigabit-1-puerto-pon-sc-apc-1-puerto-catv-hasta-1200-mbps-via-wi-fi\/","title":{"rendered":"ONU Dual GPON\/EPON \/ Wi-Fi Doble Banda 2.4 y 5 GHz \/ Soporta MESH \/ 2 Puertos Gigabit \/ 1 Puerto PON SC\/APC \/ 1 puerto CATV \/ Hasta 1200 Mbps v\u00eda Wi-Fi"},"content":{"rendered":"<div style='width: 100%; max-width: 1200px; margin: 0 auto; font-family: sans-serif; line-height: 1.6; color: inherit; background-color: transparent;'> <!-- T\u00edtulos centrales --> <\/p>\n<h2 style='font-size: 28px; margin: 20px 0; text-align: center; color: inherit; font-weight: bold; border-bottom: 2px solid rgba(150&comma;150&comma;150&comma;0.3); padding-bottom: 10px;'> ONU Dual GPON\/EPON Wi-Fi Doble Banda 2.4 y 5 GHz con Puerto para CATV <\/h2>\n<h2 style='font-size: 28px; margin: 20px 0; text-align: center; color: inherit; font-weight: bold; border-bottom: 2px solid rgba(150&comma;150&comma;150&comma;0.3); padding-bottom: 10px;'> EasyMesh: WiFi dom\u00e9stico inteligente con cobertura ampliada <\/h2>\n<p> <!-- Im\u00e1genes --> <\/p>\n<div style='margin: 30px 0;'> <img style='width: 100%; height: auto; border: 1px solid rgba(150&comma;150&comma;150&comma;0.3); border-radius: 8px; margin-bottom: 15px;' src='https:\/\/es.vsolcn.com\/wp-content\/uploads\/2023\/03\/V2802ACT-DetailPage_EN-1-1.jpg' alt=''> <img style='width: 100%; height: auto; border: 1px solid rgba(150&comma;150&comma;150&comma;0.3); border-radius: 8px; margin-bottom: 15px;' src='https:\/\/es.vsolcn.com\/wp-content\/uploads\/2023\/03\/V2802ACT-DetailPage_EN-2-1.jpg' alt=''> <\/div>\n<h2 style='font-size: 28px; margin: 20px 0; text-align: center; color: inherit; font-weight: bold; border-bottom: 2px solid rgba(150&comma;150&comma;150&comma;0.3); padding-bottom: 10px;'> Interfaces Gigabit duales AC1200 para aplicaciones de acceso de banda ancha Gigabit <\/h2>\n<div style='margin: 30px 0;'> <img style='width: 100%; height: auto; border: 1px solid rgba(150&comma;150&comma;150&comma;0.3); border-radius: 8px; margin-bottom: 15px;' src='https:\/\/es.vsolcn.com\/wp-content\/uploads\/2023\/03\/V2802ACT-DetailPage_EN-4-1.jpg' alt=''> <\/div>\n<h2 style='font-size: 28px; margin: 20px 0; text-align: center; color: inherit; font-weight: bold; border-bottom: 2px solid rgba(150&comma;150&comma;150&comma;0.3); padding-bottom: 10px;'> CATV con AGC <\/h2>\n<p style='text-align: center; margin: 15px 0; color: inherit; font-size: 16px;'> Mando a distancia CATV On\/Off <\/p>\n<div style='margin: 30px 0;'> <img style='width: 100%; height: auto; border: 1px solid rgba(150&comma;150&comma;150&comma;0.3); border-radius: 8px; margin-bottom: 15px;' src='https:\/\/es.vsolcn.com\/wp-content\/uploads\/2023\/03\/V2802ACT-DetailPage_EN-6-1.jpg' alt=''> <\/div>\n<p> <!-- Secci\u00f3n de caracter\u00edsticas --> <\/p>\n<div style='display: flex; flex-wrap: wrap; gap: 30px; margin-top: 40px;'>\n<div style='flex: 1 1 300px; min-width: 280px;'>\n<h3 style='font-size: 22px; border-bottom: 2px solid currentColor; padding-bottom: 5px; margin-top: 0; color: inherit; opacity: 0.8; font-weight: bold;'> Caracter\u00edsticas principales <\/h3>\n<ul style='padding-left: 20px; font-size: 15px; color: inherit; list-style-type: disc;'>\n<li style='margin-bottom: 5px;'>Dimensiones: 178* 120* 30mm (largo \u00d7 ancho \u00d7 alto).<\/li>\n<li style='margin-bottom: 5px;'>Aplicaciones Triple Play: Datos y CATV.<\/li>\n<li style='margin-bottom: 5px;'>Gesti\u00f3n y Monitoreo en l\u00ednea desde la OLT V-SOL.<\/li>\n<li style='margin-bottom: 5px;'>Gesti\u00f3n amigable desde: EMS \/ Web \/ Telnet \/ CLI.<\/li>\n<\/ul><\/div>\n<div style='flex: 1 1 300px; min-width: 280px;'>\n<h3 style='font-size: 22px; border-bottom: 2px solid currentColor; padding-bottom: 5px; margin-top: 0; color: inherit; opacity: 0.8; font-weight: bold;'> Caracter\u00edsticas F\u00edsicas y El\u00e9ctricas <\/h3>\n<ul style='padding-left: 20px; font-size: 15px; color: inherit; list-style-type: disc;'>\n<li style='margin-bottom: 5px;'>Alimentaci\u00f3n: 12V 1A (Fuente Incluida)<\/li>\n<li style='margin-bottom: 5px;'>Consumo m\u00e1ximo: 12W.<\/li>\n<li style='margin-bottom: 5px;'>Peso: 0.28 Kg.<\/li>\n<li style='margin-bottom: 5px;'>Temperatura de operaci\u00f3n: -10 a 55\u00b0 C.<\/li>\n<\/ul><\/div>\n<div style='flex: 1 1 300px; min-width: 280px;'>\n<h3 style='font-size: 22px; border-bottom: 2px solid currentColor; padding-bottom: 5px; margin-top: 0; color: inherit; opacity: 0.8; font-weight: bold;'> Caracter\u00edsticas de Red <\/h3>\n<ul style='padding-left: 20px; font-size: 15px; color: inherit; list-style-type: disc;'>\n<li style='margin-bottom: 5px;'>2 Puertos 1Gbps RJ45.<\/li>\n<li style='margin-bottom: 5px;'>1 Puerto EPON\/GPON SC\/APC<\/li>\n<li style='margin-bottom: 5px;'>Wi-Fi Doble Banda (2.4 y 5 GHz).<\/li>\n<li style='margin-bottom: 5px;'>1 Puerto CATV.<\/li>\n<\/ul><\/div>\n<\/p><\/div>\n<p> <!-- Separador --> <\/p>\n<hr style='border: 0; border-top: 1px solid rgba(150&comma; 150&comma; 150&comma; 0.3); margin: 30px 0;'> <\/div>\n","protected":false},"excerpt":{"rendered":"<p>ONU Dual GPON\/EPON \/ Wi-Fi Doble Banda 2.4 y 5 GHz \/ Soporta MESH \/ 2 Puertos Gigabit \/ 1 Puerto PON SC\/APC \/ 1 puerto CATV \/ Hasta 1200 Mbps v\u00eda Wi-Fi<\/p>\n","protected":false},"featured_media":86789,"comment_status":"open","ping_status":"closed","template":"","meta":[],"product_brand":[],"product_cat":[2010],"product_tag":[2012,2011,2013],"class_list":{"0":"post-86790","1":"product","2":"type-product","3":"status-publish","4":"has-post-thumbnail","6":"product_cat-onus-onts","7":"product_tag-onus-onts","8":"product_tag-redes-ftth-pon","9":"product_tag-v-sol","11":"first","12":"instock","13":"sale","14":"shipping-taxable","15":"purchasable","16":"product-type-simple"},"_links":{"self":[{"href":"https:\/\/soydeaqui.ddns.net\/pachuca\/index.php\/wp-json\/wp\/v2\/product\/86790","targetHints":{"allow":["GET"]}}],"collection":[{"href":"https:\/\/soydeaqui.ddns.net\/pachuca\/index.php\/wp-json\/wp\/v2\/product"}],"about":[{"href":"https:\/\/soydeaqui.ddns.net\/pachuca\/index.php\/wp-json\/wp\/v2\/types\/product"}],"replies":[{"embeddable":true,"href":"https:\/\/soydeaqui.ddns.net\/pachuca\/index.php\/wp-json\/wp\/v2\/comments?post=86790"}],"wp:featuredmedia":[{"embeddable":true,"href":"https:\/\/soydeaqui.ddns.net\/pachuca\/index.php\/wp-json\/wp\/v2\/media\/86789"}],"wp:attachment":[{"href":"https:\/\/soydeaqui.ddns.net\/pachuca\/index.php\/wp-json\/wp\/v2\/media?parent=86790"}],"wp:term":[{"taxonomy":"product_brand","embeddable":true,"href":"https:\/\/soydeaqui.ddns.net\/pachuca\/index.php\/wp-json\/wp\/v2\/product_brand?post=86790"},{"taxonomy":"product_cat","embeddable":true,"href":"https:\/\/soydeaqui.ddns.net\/pachuca\/index.php\/wp-json\/wp\/v2\/product_cat?post=86790"},{"taxonomy":"product_tag","embeddable":true,"href":"https:\/\/soydeaqui.ddns.net\/pachuca\/index.php\/wp-json\/wp\/v2\/product_tag?post=86790"}],"curies":[{"name":"wp","href":"https:\/\/api.w.org\/{rel}","templated":true}]}}