{"id":86776,"date":"2026-03-19T22:37:24","date_gmt":"2026-03-19T22:37:24","guid":{"rendered":"https:\/\/soydeaqui.ddns.net\/pachuca\/index.php\/producto\/antena-direccional-de-3-ft-5-9-a-7-1-ghz-ganancia-34-dbi-conectores-rp-sma-hembra-polarizacion-doble-incluye-montaje-para-torre-o-mastil\/"},"modified":"2026-03-19T22:37:28","modified_gmt":"2026-03-19T22:37:28","slug":"antena-direccional-de-3-ft-5-9-a-7-1-ghz-ganancia-34-dbi-conectores-rp-sma-hembra-polarizacion-doble-incluye-montaje-para-torre-o-mastil","status":"publish","type":"product","link":"https:\/\/soydeaqui.ddns.net\/pachuca\/index.php\/producto\/antena-direccional-de-3-ft-5-9-a-7-1-ghz-ganancia-34-dbi-conectores-rp-sma-hembra-polarizacion-doble-incluye-montaje-para-torre-o-mastil\/","title":{"rendered":"Antena direccional de 3 ft, 5.9 a 7.1 GHz, Ganancia 34 dBi, Conectores RP-SMA Hembra, Polarizaci\u00f3n doble, incluye montaje para torre o m\u00e1stil"},"content":{"rendered":"<div style='width: 100%; max-width: 1200px; margin: 0 auto; font-family: sans-serif; line-height: 1.6; color: inherit; background-color: transparent;'>\n<div style='display: flex; flex-wrap: wrap; gap: 30px; margin-bottom: 30px;'>\n<div style='flex: 1 1 300px; min-width: 280px;'>\n<h3 style='font-size: 22px; border-bottom: 2px solid currentColor; padding-bottom: 5px; margin-top: 0; color: inherit; opacity: 0.8;'>Caracter\u00edsticas principales:<\/h3>\n<ul style='padding-left: 20px; font-size: 15px; color: inherit;'>\n<li style='margin-bottom: 5px;'>Rango de frecuencia <strong>5.9 a 7 GHz<\/strong><\/li>\n<li style='margin-bottom: 5px;'>Ganancia: <strong>34 dBi<\/strong><\/li>\n<li style='margin-bottom: 5px;'>Polarizaci\u00f3n: <strong>doble (V\/H)<\/strong><\/li>\n<li style='margin-bottom: 5px;'>Apertura de haz vertical: <strong>3.5\u00b0<\/strong><\/li>\n<li style='margin-bottom: 5px;'>Apertura de haz horizontal: <strong>3.5\u00b0<\/strong><\/li>\n<li style='margin-bottom: 5px;'>Impedancia: <strong>50 \u03a9<\/strong><\/li>\n<li style='margin-bottom: 5px;'>F\/B Radio <strong>> 40 dB<\/strong><\/li>\n<li style='margin-bottom: 5px;'>2 Conectores: <strong>RP-SMA<\/strong><\/li>\n<li style='margin-bottom: 5px;'>Rango de temperatura: <strong>-40\u00b0C a +70\u00b0C (-32\u00b0F a +158\u00b0F)<\/strong><\/li>\n<li style='margin-bottom: 5px;'>Resistencia al viento: <strong>120 Km\/hr<\/strong><\/li>\n<li style='margin-bottom: 5px;'>Peso: <strong>10 kg<\/strong><\/li>\n<li style='margin-bottom: 5px;'>Nota: <strong>no incluye jumpers<\/strong><\/li>\n<\/ul><\/div>\n<\/p><\/div>\n<div style='display: flex; flex-wrap: wrap; gap: 30px; margin-bottom: 30px;'>\n<div style='flex: 1 1 300px; min-width: 280px;'> <img style='width: 100%; height: auto; border: 1px solid rgba(150&comma;150&comma;150&comma;0.3); border-radius: 8px;' src='https:\/\/ftp3.syscom.mx\/usuarios\/fotos\/TXP7GD30\/216812-captura_de_pantalla_2024-10-15_a_la(s)_12.14.08%E2%80%AFp.m..png' alt=''> <\/div>\n<div style='flex: 1 1 300px; min-width: 280px;'>\n<h3 style='font-size: 22px; border-bottom: 2px solid currentColor; padding-bottom: 5px; margin-top: 0; color: inherit; opacity: 0.8;'>Flexibilidad excepcional<\/h3>\n<p>El plato TXP7GD30 se destaca por ser un equipo que trabaja dentro de las frecuencias de 5.1 a 7 GHz&comma; siendo una soluci\u00f3n de backhaul para radios que operan en esta frecuencia&comma; capaz de ofrecer una alta demanda de Gbps (IP). Con un \u00e1ngulo de apertura de 3.5\u00ba&comma; es una antena 100% direccional&comma; ofrece una flexibilidad y un rendimiento incomparables para enlaces de torre de mediano y largo alcance.<\/p>\n<\/p><\/div>\n<\/p><\/div>\n<div style='display: flex; flex-wrap: wrap; gap: 30px; margin-bottom: 30px;'>\n<div style='flex: 1 1 300px; min-width: 280px;'> <img style='width: 100%; height: auto; border: 1px solid rgba(150&comma;150&comma;150&comma;0.3); border-radius: 8px;' src='https:\/\/ftp3.syscom.mx\/usuarios\/fotos\/TXP7GD30\/216812-captura_de_pantalla_2024-10-15_a_la(s)_12.14.21%E2%80%AFp.m..png' alt=''> <\/div>\n<div style='flex: 1 1 300px; min-width: 280px;'>\n<h3 style='font-size: 22px; border-bottom: 2px solid currentColor; padding-bottom: 5px; margin-top: 0; color: inherit; opacity: 0.8;'>Eficas en todo sentido<\/h3>\n<p>Capaz de soportar rafagas de viento superiores a las 120 km\/hr&comma; la hace una antena altamente resistente a cualquier tipo de ambiente. Tomando en cuenta el peso volum\u00e9trico de 10 kg es una antena f\u00e1cil de instalar y de montar en \u00e1rea de torre o m\u00e1stil&comma; simplificando el tiempo de instalaci\u00f3n y alineaci\u00f3n de esta.<\/p>\n<\/p><\/div>\n<\/p><\/div>\n<div style='display: flex; flex-wrap: wrap; gap: 30px; margin-bottom: 30px;'>\n<div style='flex: 1 1 300px; min-width: 280px;'> <img style='width: 100%; height: auto; border: 1px solid rgba(150&comma;150&comma;150&comma;0.3); border-radius: 8px;' src='https:\/\/ftp3.syscom.mx\/usuarios\/fotos\/TXP7GD30\/216812-captura_de_pantalla_2024-04-16_a_la(s)_2.48.08%E2%80%AFp.m..png' alt=''> <\/div>\n<\/p><\/div>\n<\/p><\/div>\n","protected":false},"excerpt":{"rendered":"<p>Antena direccional de 3 ft, 5.9 a 7.1 GHz, Ganancia 34 dBi, Conectores RP-SMA Hembra, Polarizaci\u00f3n doble, incluye montaje para torre o m\u00e1stil<\/p>\n","protected":false},"featured_media":86775,"comment_status":"open","ping_status":"closed","template":"","meta":[],"product_brand":[],"product_cat":[1918],"product_tag":[1404,1919,560],"class_list":{"0":"post-86776","1":"product","2":"type-product","3":"status-publish","4":"has-post-thumbnail","6":"product_cat-direccionales","7":"product_tag-antenas","8":"product_tag-direccionales","9":"product_tag-txpro","11":"first","12":"instock","13":"sale","14":"shipping-taxable","15":"purchasable","16":"product-type-simple"},"_links":{"self":[{"href":"https:\/\/soydeaqui.ddns.net\/pachuca\/index.php\/wp-json\/wp\/v2\/product\/86776","targetHints":{"allow":["GET"]}}],"collection":[{"href":"https:\/\/soydeaqui.ddns.net\/pachuca\/index.php\/wp-json\/wp\/v2\/product"}],"about":[{"href":"https:\/\/soydeaqui.ddns.net\/pachuca\/index.php\/wp-json\/wp\/v2\/types\/product"}],"replies":[{"embeddable":true,"href":"https:\/\/soydeaqui.ddns.net\/pachuca\/index.php\/wp-json\/wp\/v2\/comments?post=86776"}],"wp:featuredmedia":[{"embeddable":true,"href":"https:\/\/soydeaqui.ddns.net\/pachuca\/index.php\/wp-json\/wp\/v2\/media\/86775"}],"wp:attachment":[{"href":"https:\/\/soydeaqui.ddns.net\/pachuca\/index.php\/wp-json\/wp\/v2\/media?parent=86776"}],"wp:term":[{"taxonomy":"product_brand","embeddable":true,"href":"https:\/\/soydeaqui.ddns.net\/pachuca\/index.php\/wp-json\/wp\/v2\/product_brand?post=86776"},{"taxonomy":"product_cat","embeddable":true,"href":"https:\/\/soydeaqui.ddns.net\/pachuca\/index.php\/wp-json\/wp\/v2\/product_cat?post=86776"},{"taxonomy":"product_tag","embeddable":true,"href":"https:\/\/soydeaqui.ddns.net\/pachuca\/index.php\/wp-json\/wp\/v2\/product_tag?post=86776"}],"curies":[{"name":"wp","href":"https:\/\/api.w.org\/{rel}","templated":true}]}}