{"id":86751,"date":"2026-03-19T22:36:16","date_gmt":"2026-03-19T22:36:16","guid":{"rendered":"https:\/\/soydeaqui.ddns.net\/pachuca\/index.php\/producto\/carrete-de-4-km-de-fibra-ptica-area-mini-adss-asu-g-652d-monomodo-de-12-hilos-exterior-span-120-loose-tube\/"},"modified":"2026-03-19T22:36:19","modified_gmt":"2026-03-19T22:36:19","slug":"carrete-de-4-km-de-fibra-ptica-area-mini-adss-asu-g-652d-monomodo-de-12-hilos-exterior-span-120-loose-tube","status":"publish","type":"product","link":"https:\/\/soydeaqui.ddns.net\/pachuca\/index.php\/producto\/carrete-de-4-km-de-fibra-ptica-area-mini-adss-asu-g-652d-monomodo-de-12-hilos-exterior-span-120-loose-tube\/","title":{"rendered":"Carrete de 4 km de Fibra ?ptica A?rea Mini ADSS (ASU) G.652D, Monomodo de 12 Hilos, Exterior, Span 120, Loose Tube"},"content":{"rendered":"<div style='width: 100%; max-width: 1200px; margin: 0 auto; font-family: sans-serif; line-height: 1.6; color: inherit; background-color: transparent;'> <!-- Logo --> <\/p>\n<div style='width: 100%; margin: 20px 0;'> <img style='width: 100%; max-width: 450px; height: auto; border: 1px solid rgba(150&comma;150&comma;150&comma;0.3); border-radius: 8px;' src='https:\/\/ftp3.syscom.mx\/usuarios\/orobles\/FiberHome\/linkedpro_by_fiberhome_logo2.png' alt=''> <\/div>\n<p> <!-- Descripci\u00f3n principal --> <\/p>\n<div style='margin-bottom: 30px; font-size: 16px;'>\n<p style='margin: 0 0 15px; color: inherit; opacity: 0.9;'> El cable de fibra \u00f3ptica Mini ADSS (All Dielectric Self Supported&comma; completamente diel\u00e9ctrico y autosoportado) est\u00e1 dise\u00f1ado para instalaciones a\u00e9reas entre postes. <\/p>\n<p style='margin: 0 0 15px; color: inherit; opacity: 0.9;'> Los cables Mini ADSS resisten la tracci\u00f3n necesaria gracias a sus elementos de refuerzo&comma; no contiene elementos met\u00e1licos. <\/p>\n<\/p><\/div>\n<p> <!-- Especificaciones T\u00e9cnicas --> <\/p>\n<div style='display: flex; flex-wrap: wrap; gap: 20px; margin-bottom: 30px;'>\n<div style='flex: 1 1 300px; border: 1px solid rgba(150&comma; 150&comma; 150&comma; 0.4); border-radius: 8px; overflow: hidden; display: flex; flex-direction: column;'>\n<div style='padding: 15px; border-bottom: 1px solid rgba(150&comma; 150&comma; 150&comma; 0.2); font-weight: bold; font-size: 18px; color: inherit;'> Especificaciones T\u00e9cnicas <\/div>\n<div style='padding: 15px; color: inherit;'>\n<ul style='padding-left: 20px; margin: 0; font-size: 14px; list-style-type: disc;'>\n<li style='margin-bottom: 8px; color: inherit;'><strong>Fibra \u00d3ptica:<\/strong> Mini ADSS G.652D Monomodo Loose Tube<\/li>\n<li style='margin-bottom: 8px; color: inherit;'><strong>Cubierta Exterior:<\/strong> MDPE (Polietileno de Media Densidad)<\/li>\n<li style='margin-bottom: 8px; color: inherit;'><strong>Maxima tensi\u00f3n en operaci\u00f3n:<\/strong> 900N<\/li>\n<li style='margin-bottom: 8px; color: inherit;'><strong>Maxima tensi\u00f3n en instalaci\u00f3n:<\/strong> 1200N<\/li>\n<li style='margin-bottom: 8px; color: inherit;'><strong>Temperatura de operaci\u00f3n:<\/strong> -20\u00baC ~ +65\u00baC<\/li>\n<li style='margin-bottom: 8px; color: inherit;'><strong>Span (Distancia entre Postes):<\/strong> 120 metros<\/li>\n<li style='margin-bottom: 8px; color: inherit;'><strong>Protecci\u00f3n:<\/strong> Rayos UV y humedad<\/li>\n<li style='margin-bottom: 8px; color: inherit;'><strong>Diametro nominal (D):<\/strong> 7 \u00b1 0.5 mm<\/li>\n<li style='margin-bottom: 8px; color: inherit;'><strong>Radio m\u00ednimo de curvatura:<\/strong> Instalaci\u00f3n 25D&comma; Operaci\u00f3n 12.5D<\/li>\n<li style='margin-bottom: 8px; color: inherit;'><strong>Resistencia al aplastamiento:<\/strong> 1000N\/10cm<\/li>\n<li style='margin-bottom: 8px; color: inherit;'><strong>Peso nominal:<\/strong> 46 \u00b1 10 kg\/km<\/li>\n<li style='margin-bottom: 8px; color: inherit;'><strong>Hilos:<\/strong> 12<\/li>\n<li style='margin-bottom: 8px; color: inherit;'><strong>Color:<\/strong> Forro Negro<\/li>\n<li style='margin-bottom: 8px; color: inherit;'><strong>Dimensiones:<\/strong> 950 x 950 x 554 mm<\/li>\n<li style='margin-bottom: 8px; color: inherit;'><strong>Peso Bruto del Carrete (4 km):<\/strong> 180 kg<\/li>\n<\/ul><\/div>\n<\/p><\/div>\n<\/p><\/div>\n<p> <!-- Imagen de performance --> <\/p>\n<div style='width: 100%; margin: 30px 0;'> <img style='width: 100%; height: auto; border: 1px solid rgba(150&comma;150&comma;150&comma;0.3); border-radius: 8px;' src='https:\/\/ftp3.syscom.mx\/usuarios\/fotos\/MINIADSS12CS120\/4KM\/217222-cable_perfomance_span_120.png' alt='Cable performance MINIADSS Span 120'> <\/div>\n<p> <!-- Preformados compatibles --> <\/p>\n<div style='margin-bottom: 30px;'>\n<h3 style='font-size: 20px; border-bottom: 2px solid currentColor; padding-bottom: 5px; margin-top: 0; color: inherit; opacity: 0.8; margin-bottom: 15px;'> Preformados compatibles <\/h3>\n<div style='display: flex; flex-wrap: wrap; gap: 15px;'>\n<div style='flex: 1 1 200px; min-width: 150px;'> <a href='https:\/\/www.syscom.mx\/principal\/searchcont?route=GDE-ADS-060-PLP-191447&#038;autodetect=GDE-ADS-060' style='color: inherit; text-decoration: underline; font-weight: bold; display: block; padding: 10px; border: 1px solid rgba(150&comma;150&comma;150&comma;0.3); border-radius: 6px;'> GDE-ADS-060 <\/a> <\/div>\n<div style='flex: 1 1 200px; min-width: 150px;'> <a href='https:\/\/www.syscom.mx\/principal\/searchcont?route=LP-RP0607-LINKEDPRO-BY-EPCOM-221792&#038;autodetect=LP-RP0607' target='_blank' rel='noopener' style='color: inherit; text-decoration: underline; font-weight: bold; display: block; padding: 10px; border: 1px solid rgba(150&comma;150&comma;150&comma;0.3); border-radius: 6px;'> LP-RP0607 <\/a> <\/div>\n<\/p><\/div>\n<\/p><\/div>\n<p> <!-- Separador final --> <\/p>\n<hr style='border: 0; border-top: 1px solid rgba(150&comma; 150&comma; 150&comma; 0.3); margin: 30px 0;'> <\/div>\n","protected":false},"excerpt":{"rendered":"<p>Carrete de 4 km de Fibra ?ptica A?rea Mini ADSS (ASU) G.652D, Monomodo de 12 Hilos, Exterior, Span 120, Loose Tube<\/p>\n","protected":false},"featured_media":86750,"comment_status":"open","ping_status":"closed","template":"","meta":[],"product_brand":[],"product_cat":[610],"product_tag":[612,611,673],"class_list":{"0":"post-86751","1":"product","2":"type-product","3":"status-publish","4":"has-post-thumbnail","6":"product_cat-cable","7":"product_tag-cable","8":"product_tag-fibra-optica","9":"product_tag-linkedpro-by-fiberhome","11":"first","12":"instock","13":"sale","14":"shipping-taxable","15":"purchasable","16":"product-type-simple"},"_links":{"self":[{"href":"https:\/\/soydeaqui.ddns.net\/pachuca\/index.php\/wp-json\/wp\/v2\/product\/86751","targetHints":{"allow":["GET"]}}],"collection":[{"href":"https:\/\/soydeaqui.ddns.net\/pachuca\/index.php\/wp-json\/wp\/v2\/product"}],"about":[{"href":"https:\/\/soydeaqui.ddns.net\/pachuca\/index.php\/wp-json\/wp\/v2\/types\/product"}],"replies":[{"embeddable":true,"href":"https:\/\/soydeaqui.ddns.net\/pachuca\/index.php\/wp-json\/wp\/v2\/comments?post=86751"}],"wp:featuredmedia":[{"embeddable":true,"href":"https:\/\/soydeaqui.ddns.net\/pachuca\/index.php\/wp-json\/wp\/v2\/media\/86750"}],"wp:attachment":[{"href":"https:\/\/soydeaqui.ddns.net\/pachuca\/index.php\/wp-json\/wp\/v2\/media?parent=86751"}],"wp:term":[{"taxonomy":"product_brand","embeddable":true,"href":"https:\/\/soydeaqui.ddns.net\/pachuca\/index.php\/wp-json\/wp\/v2\/product_brand?post=86751"},{"taxonomy":"product_cat","embeddable":true,"href":"https:\/\/soydeaqui.ddns.net\/pachuca\/index.php\/wp-json\/wp\/v2\/product_cat?post=86751"},{"taxonomy":"product_tag","embeddable":true,"href":"https:\/\/soydeaqui.ddns.net\/pachuca\/index.php\/wp-json\/wp\/v2\/product_tag?post=86751"}],"curies":[{"name":"wp","href":"https:\/\/api.w.org\/{rel}","templated":true}]}}