{"id":86743,"date":"2026-03-19T22:35:59","date_gmt":"2026-03-19T22:35:59","guid":{"rendered":"https:\/\/soydeaqui.ddns.net\/pachuca\/index.php\/producto\/cap-ax-punto-de-acceso-802-3ax-wifi6-antena-de-6-dbi\/"},"modified":"2026-03-19T22:36:00","modified_gmt":"2026-03-19T22:36:00","slug":"cap-ax-punto-de-acceso-802-3ax-wifi6-antena-de-6-dbi","status":"publish","type":"product","link":"https:\/\/soydeaqui.ddns.net\/pachuca\/index.php\/producto\/cap-ax-punto-de-acceso-802-3ax-wifi6-antena-de-6-dbi\/","title":{"rendered":"(cAP ax) Punto de Acceso 802.3ax WiFi6, Antena de 6 dBi"},"content":{"rendered":"<div style='width: 100%; max-width: 1200px; margin: 0 auto; font-family: sans-serif; line-height: 1.6; color: inherit; background-color: transparent;'> <!-- Secci\u00f3n de descripci\u00f3n --> <\/p>\n<div style='margin-bottom: 30px;'>\n<p style='font-size: 15px; color: inherit; margin: 0 0 15px; text-align: justify; line-height: 1.5;'> Cuando se trata de redes inal\u00e1mbricas en la oficina&comma; no puedes permitirte recortar y arriesgarte a inhibir el rendimiento de tu equipo. Necesitas una excelente cobertura en todas las instalaciones. Necesitas un dispositivo que pueda manejar un gran n\u00famero de clientes. Necesitas una soluci\u00f3n fiable&comma; flexible y rentable: \u00a1el cAP ax! <\/p>\n<p style='font-size: 15px; color: inherit; margin: 0 0 15px; text-align: justify; line-height: 1.5;'> Tanto los dise\u00f1os de oficinas abiertas como los de cub\u00edculos generalmente se encuentran con una variedad de problemas de red: la se\u00f1al se absorbe&comma; se refleja y se vuelve inestable. Espejos&comma; vidrio tintado&comma; televisores&comma; archivadores de metal: todo tipo de cosas pueden interponer el camino. Nuestra soluci\u00f3n es simple&comma; efectiva y elegante: \u00a1dejen que su punto de acceso se eleve por encima de todos los obst\u00e1culos! En otras palabras&comma; un punto de acceso al techo es una excelente manera de evitar la p\u00e9rdida de se\u00f1al en \u00e1reas grandes y concurridas con muchos obst\u00e1culos. <\/p>\n<p style='font-size: 15px; color: inherit; margin: 0 0 15px; text-align: justify; line-height: 1.5;'> Hay otro beneficio en este factor de forma: el hacha cAP permanece oculta a plena vista&comma; atrayendo menos atenci\u00f3n no deseada que un sensor de humo. Tus clientes&comma; invitados o colegas ni siquiera se dar\u00e1n cuenta. \u00a1Pero definitivamente notar\u00e1n la conexi\u00f3n inal\u00e1mbrica ultrarr\u00e1pida! <\/p>\n<p style='font-size: 15px; color: inherit; margin: 0 0 15px; text-align: justify; line-height: 1.5;'> Con el est\u00e1ndar inal\u00e1mbrico Generation6 802.11ax&comma; estamos buscando una velocidad hasta un 40 % m\u00e1s alta en los 5 GHz y hasta un 90 % m\u00e1s de velocidad en el espectro de 2&comma;4 GHz&comma; \u00a1si lo comparamos con las generaciones anteriores! Pero lo que es m\u00e1s importante que la velocidad es la estabilidad. Nuestros \u00faltimos dispositivos AX pueden soportar y navegar incluso los escenarios de interferencia inal\u00e1mbrica m\u00e1s dif\u00edciles&comma; \u00a1ofreciendo la se\u00f1al m\u00e1s estable e ininterrumpida hasta la fecha! <\/p>\n<p style='font-size: 15px; color: inherit; margin: 0 0 15px; text-align: justify; line-height: 1.5;'> cAP ax cuenta con una moderna CPU de cuatro n\u00facleos que funciona a 1&comma;8 GHz&comma; almacenamiento NAND y un gigabyte de RAM. Suficiente para aprovechar todo el potencial del software de red m\u00e1s potente del mercado: \u00a1RouterOS v7! Reglas complejas de firewall&comma; cifrado de hardware IPsec&comma; Wireguard&comma; BGP&comma; enrutamiento avanzado o m\u00faltiples t\u00faneles VPN de trabajo remoto: \u00a1cAP ax puede hacerlo todo! <\/p>\n<p style='font-size: 15px; color: inherit; margin: 0 0 15px; text-align: justify; line-height: 1.5;'> En comparaci\u00f3n con la generaci\u00f3n anterior&comma; cAP ax ofrece m\u00faltiples tipos de autenticaci\u00f3n mejorada: OWE&comma; WPA3-PSK&comma; WPA3-EAP y 802.11r roaming. <\/p>\n<p style='font-size: 15px; color: inherit; margin: 0 0 15px; text-align: justify; line-height: 1.5;'> cAP ax tambi\u00e9n es una excelente manera de hacer que la instalaci\u00f3n y el mantenimiento de la red de su oficina sean mucho m\u00e1s f\u00e1ciles&comma; ya que cuenta con entrada y salida PoE. As\u00ed es: \u00a1puedes usar el cAP ax para alimentar otros dispositivos&comma; como conmutadores de red&comma; c\u00e1maras de circuito cerrado de televisi\u00f3n o incluso otro cAP ax! Y&comma; hablando de redes de oficina f\u00e1ciles&#8230; Solo unos pocos clics en nuestro \u00faltimo sistema de gesti\u00f3n central wifiwave2 CAPsMAN&comma; \u00a1y habr\u00e1s terminado de configurar cientos de dispositivos de hacha cAP! Puedes usar todo tipo de dispositivos MikroTik para ejecutar CAPsMAN sin esfuerzo&comma; por ejemplo&comma; tu puerta de enlace principal. <\/p>\n<\/p><\/div>\n<p> <!-- Secci\u00f3n de especificaciones --> <\/p>\n<div style='display: flex; flex-wrap: wrap; gap: 20px; margin-bottom: 30px;'>\n<div style='flex: 1 1 250px; border: 1px solid rgba(150&comma; 150&comma; 150&comma; 0.4); border-radius: 8px; overflow: hidden; display: flex; flex-direction: column;'>\n<div style='padding: 15px; border-bottom: 1px solid rgba(150&comma; 150&comma; 150&comma; 0.2); font-weight: bold; font-size: 18px; color: inherit;'>Caracter\u00edsticas Principales<\/div>\n<div style='padding: 15px; color: inherit;'>\n<ul style='padding-left: 20px; margin: 0; font-size: 14px; list-style-type: disc; color: inherit;'>\n<li style='margin-bottom: 5px;'><strong>Estandar WiFi:<\/strong> 802.11ax (WiFi6)<\/li>\n<li style='margin-bottom: 5px;'><strong>Antena:<\/strong> 6 dBi<\/li>\n<li style='margin-bottom: 5px;'><strong>CPU:<\/strong> 4 n\u00facleos a 1.8GHz<\/li>\n<li style='margin-bottom: 5px;'><strong>RAM:<\/strong> 1GB<\/li>\n<li style='margin-bottom: 5px;'><strong>Almacenamiento:<\/strong> NAND<\/li>\n<li style='margin-bottom: 5px;'><strong>Autenticaci\u00f3n:<\/strong> OWE&comma; WPA3-PSK&comma; WPA3-EAP&comma; 802.11r roaming<\/li>\n<li style='margin-bottom: 5px;'><strong>PoE:<\/strong> Entrada y salida PoE<\/li>\n<li style='margin-bottom: 5px;'><strong>Software:<\/strong> RouterOS v7<\/li>\n<li style='margin-bottom: 5px;'><strong>Funcionalidades:<\/strong> Firewall avanzado&comma; IPsec&comma; Wireguard&comma; BGP&comma; t\u00faneles VPN<\/li>\n<\/ul><\/div>\n<\/p><\/div>\n<div style='flex: 1 1 250px; border: 1px solid rgba(150&comma; 150&comma; 150&comma; 0.4); border-radius: 8px; overflow: hidden; display: flex; flex-direction: column;'>\n<div style='padding: 15px; border-bottom: 1px solid rgba(150&comma; 150&comma; 150&comma; 0.2); font-weight: bold; font-size: 18px; color: inherit;'>Beneficios<\/div>\n<div style='padding: 15px; color: inherit;'>\n<ul style='padding-left: 20px; margin: 0; font-size: 14px; list-style-type: disc; color: inherit;'>\n<li style='margin-bottom: 5px;'>Mayor velocidad (40% en 5GHz y 90% en 2.4GHz vs generaci\u00f3n anterior)<\/li>\n<li style='margin-bottom: 5px;'>Mejor estabilidad en ambientes con interferencia<\/li>\n<li style='margin-bottom: 5px;'>Dise\u00f1o discreto para instalaci\u00f3n en techo<\/li>\n<li style='margin-bottom: 5px;'>Soporte para gesti\u00f3n centralizada con CAPsMAN<\/li>\n<li style='margin-bottom: 5px;'>Capacidad para alimentar otros dispositivos PoE<\/li>\n<li style='margin-bottom: 5px;'>Soporta m\u00faltiples tipos de autenticaci\u00f3n mejorada<\/li>\n<\/ul><\/div>\n<\/p><\/div>\n<\/p><\/div>\n<p> <!-- Separador --> <\/p>\n<hr style='border: 0; border-top: 1px solid rgba(150&comma; 150&comma; 150&comma; 0.3); margin: 30px 0;'> <\/div>\n","protected":false},"excerpt":{"rendered":"<p>(cAP ax) Punto de Acceso 802.3ax WiFi6, Antena de 6 dBi<\/p>\n","protected":false},"featured_media":86742,"comment_status":"open","ping_status":"closed","template":"","meta":[],"product_brand":[],"product_cat":[1794],"product_tag":[643,1795,1479],"class_list":{"0":"post-86743","1":"product","2":"type-product","3":"status-publish","4":"has-post-thumbnail","6":"product_cat-puntos-de-acceso","7":"product_tag-mikrotik","8":"product_tag-puntos-de-acceso","9":"product_tag-redes-wifi","11":"first","12":"instock","13":"sale","14":"shipping-taxable","15":"purchasable","16":"product-type-simple"},"_links":{"self":[{"href":"https:\/\/soydeaqui.ddns.net\/pachuca\/index.php\/wp-json\/wp\/v2\/product\/86743","targetHints":{"allow":["GET"]}}],"collection":[{"href":"https:\/\/soydeaqui.ddns.net\/pachuca\/index.php\/wp-json\/wp\/v2\/product"}],"about":[{"href":"https:\/\/soydeaqui.ddns.net\/pachuca\/index.php\/wp-json\/wp\/v2\/types\/product"}],"replies":[{"embeddable":true,"href":"https:\/\/soydeaqui.ddns.net\/pachuca\/index.php\/wp-json\/wp\/v2\/comments?post=86743"}],"wp:featuredmedia":[{"embeddable":true,"href":"https:\/\/soydeaqui.ddns.net\/pachuca\/index.php\/wp-json\/wp\/v2\/media\/86742"}],"wp:attachment":[{"href":"https:\/\/soydeaqui.ddns.net\/pachuca\/index.php\/wp-json\/wp\/v2\/media?parent=86743"}],"wp:term":[{"taxonomy":"product_brand","embeddable":true,"href":"https:\/\/soydeaqui.ddns.net\/pachuca\/index.php\/wp-json\/wp\/v2\/product_brand?post=86743"},{"taxonomy":"product_cat","embeddable":true,"href":"https:\/\/soydeaqui.ddns.net\/pachuca\/index.php\/wp-json\/wp\/v2\/product_cat?post=86743"},{"taxonomy":"product_tag","embeddable":true,"href":"https:\/\/soydeaqui.ddns.net\/pachuca\/index.php\/wp-json\/wp\/v2\/product_tag?post=86743"}],"curies":[{"name":"wp","href":"https:\/\/api.w.org\/{rel}","templated":true}]}}