{"id":86740,"date":"2026-03-19T22:35:51","date_gmt":"2026-03-19T22:35:51","guid":{"rendered":"https:\/\/soydeaqui.ddns.net\/pachuca\/index.php\/producto\/kit-amplificador-de-senal-celular-4g-lte-3g-y-voz-con-antena-direccional-especial-para-cubrir-areas-de-hasta-1600-metros-cuadrados-por-ser-de-grado-comercial-e-industrial-soporta-multiples-operador\/"},"modified":"2026-03-19T22:35:54","modified_gmt":"2026-03-19T22:35:54","slug":"kit-amplificador-de-senal-celular-4g-lte-3g-y-voz-con-antena-direccional-especial-para-cubrir-areas-de-hasta-1600-metros-cuadrados-por-ser-de-grado-comercial-e-industrial-soporta-multiples-operador","status":"publish","type":"product","link":"https:\/\/soydeaqui.ddns.net\/pachuca\/index.php\/producto\/kit-amplificador-de-senal-celular-4g-lte-3g-y-voz-con-antena-direccional-especial-para-cubrir-areas-de-hasta-1600-metros-cuadrados-por-ser-de-grado-comercial-e-industrial-soporta-multiples-operador\/","title":{"rendered":"KIT Amplificador de se\u00f1al celular 4G LTE, 3G y VOZ con antena direccional. Especial para cubrir \u00e1reas de hasta 1600 Metros Cuadrados por ser de grado comercial e industrial. Soporta m\u00faltiples operadores, tecnolog\u00edas y usuarios."},"content":{"rendered":"<div style=\"width: 100%; max-width: 1200px; margin: 0 auto; font-family: sans-serif; line-height: 1.6; color: inherit; background-color: transparent;\">\n<div style=\"text-align: center; margin-bottom: 30px;\">\n<h1 style=\"font-size: 24px; margin: 0 0 10px 0; color: inherit;\"><strong style=\"color: inherit; font-size: 18pt;\">Kit de Amplificador de Se&ntilde;al Celular Office 200 con <em style=\"color: inherit;\">Antena Direccional<\/em><\/strong><\/h1>\n<p style=\"margin: 0 0 10px 0; font-size: 14px; color: inherit;\"><strong style=\"color: inherit;\">&iexcl;Kit Amplificador de se&ntilde;al celular tipo comercial industrial que soporta m&uacute;ltiples operadores&comma; tecnolog&iacute;as y usuarios!<\/strong><\/p>\n<\/p><\/div>\n<div style=\"display: flex; flex-wrap: wrap; gap: 30px; margin-bottom: 30px;\">\n<div style=\"flex: 1 1 300px; min-width: 280px;\">\n<h3 style=\"font-size: 22px; border-bottom: 2px solid currentColor; padding-bottom: 5px; margin-top: 0; color: inherit; opacity: 0.8;\">Descripci&oacute;n<\/h3>\n<p style=\"font-size: 15px; color: inherit; margin-bottom: 15px; text-align: justify;\">El Office 200 con antena exterior direccional de weBoost amplifica las se&ntilde;ales d&eacute;biles de celular para proporcionar una cobertura confiable de voz y datos&comma; incluyendo 4G&comma; dentro de los hogares y otros edificios donde las se&ntilde;ales exteriores no llegan al interior. El Office 200 cuenta con un microprocesador de optimizaci&oacute;n autom&aacute;tica y con un medidor de se&ntilde;al gr&aacute;fico incorporado. La pantalla con indicador de nivel de se&ntilde;al Uplink y Downlink hace que sea f&aacute;cil para el integrador o instalador determinar la direcci&oacute;n de la torre celular y la se&ntilde;al m&aacute;s fuerte disponible&comma; lo que reduce considerablemente el tiempo de instalaci&oacute;n.<\/p>\n<p style=\"font-size: 15px; color: inherit; margin-bottom: 15px; text-align: justify;\">Al igual que todos los Repetidores Amplificadores de Wilson&comma; el Office 200 cuenta con protecciones al sitio celular que evitan cualquier posibilidad de interferencia con torres de celulares.<\/p>\n<\/p><\/div>\n<\/p><\/div>\n<div style=\"display: flex; flex-wrap: wrap; gap: 20px; margin-bottom: 30px;\">\n<div style=\"flex: 1 1 250px; border: 1px solid rgba(150&comma; 150&comma; 150&comma; 0.4); border-radius: 8px; overflow: hidden; display: flex; flex-direction: column;\">\n<div style=\"padding: 15px; border-bottom: 1px solid rgba(150&comma; 150&comma; 150&comma; 0.2); font-weight: bold; font-size: 18px; color: inherit;\">Caracter&iacute;sticas<\/div>\n<div style=\"padding: 15px; color: inherit;\">\n<ul style=\"padding-left: 20px; margin: 0; font-size: 14px; list-style-type: disc; color: inherit;\">\n<li style=\"margin-bottom: 5px; color: inherit;\">Con antena exterior direccional para captar la se&ntilde;al celular de una direcci&oacute;n. Especial para rural o para las orillas de la ciudad.<\/li>\n<li style=\"margin-bottom: 5px; color: inherit;\">Sistema amplificador ideal para peque&ntilde;as y medianas empresas<\/li>\n<li style=\"margin-bottom: 5px; color: inherit;\">Cubre hasta 4.300 metros cuadrados*<\/li>\n<li style=\"margin-bottom: 5px; color: inherit;\">Viene con pantalla t&aacute;ctil LCD para mayor facilidad de uso<\/li>\n<li style=\"margin-bottom: 5px; color: inherit;\">Permite el control manual de bandas de frecuencia<\/li>\n<li style=\"margin-bottom: 5px; color: inherit;\">Funciona en las redes de operadores<\/li>\n<\/ul><\/div>\n<\/p><\/div>\n<div style=\"flex: 1 1 250px; border: 1px solid rgba(150&comma; 150&comma; 150&comma; 0.4); border-radius: 8px; overflow: hidden; display: flex; flex-direction: column;\">\n<div style=\"padding: 15px; border-bottom: 1px solid rgba(150&comma; 150&comma; 150&comma; 0.2); font-weight: bold; font-size: 18px; color: inherit;\">Especificaciones<\/div>\n<div style=\"padding: 15px; color: inherit;\">\n<ul style=\"padding-left: 20px; margin: 0; font-size: 14px; list-style-type: disc; color: inherit;\">\n<li style=\"margin-bottom: 5px; color: inherit;\"><strong style=\"color: inherit;\">Ganancia m&aacute;xima:<\/strong> 74 dB<\/li>\n<li style=\"margin-bottom: 5px; color: inherit;\"><strong style=\"color: inherit;\">Potencia m&aacute;xima:<\/strong> 22 dBm<\/li>\n<li style=\"margin-bottom: 5px; color: inherit;\"><strong style=\"color: inherit;\">Impedancia:<\/strong> 50 Ohm<\/li>\n<li style=\"margin-bottom: 5px; color: inherit;\"><strong style=\"color: inherit;\">Alimentaci&oacute;n requerida:<\/strong> 12 Vcc&comma; 3 A.<\/li>\n<li style=\"margin-bottom: 5px; color: inherit;\"><strong style=\"color: inherit;\">Conectores para RF:<\/strong> N hembra<\/li>\n<li style=\"margin-bottom: 5px; color: inherit;\"><strong style=\"color: inherit;\">Dimensiones del amplificador:<\/strong> 27.30 x 36.19 x 5.71 cm<\/li>\n<li style=\"margin-bottom: 5px; color: inherit;\"><strong style=\"color: inherit;\">Peso del amplificador:<\/strong> 3.49 kg<\/li>\n<\/ul><\/div>\n<\/p><\/div>\n<\/p><\/div>\n<div style=\"margin-bottom: 30px;\">\n<h3 style=\"font-size: 22px; border-bottom: 2px solid currentColor; padding-bottom: 5px; margin-top: 0; color: inherit; opacity: 0.8;\">Notas importantes<\/h3>\n<p style=\"font-size: 15px; color: inherit; margin-bottom: 10px;\"><strong style=\"color: inherit;\">*Puede variar por diferentes factores:<\/strong><\/p>\n<ul style=\"padding-left: 20px; font-size: 14px; color: inherit; margin-bottom: 15px;\">\n<li style=\"margin-bottom: 5px; color: inherit;\">Por la tecnolog&iacute;a; 2G&comma; 3G&comma; 4G<\/li>\n<li style=\"margin-bottom: 5px; color: inherit;\">Intensidad de se&ntilde;al que llega al exterior del edificio.<\/li>\n<li style=\"margin-bottom: 5px; color: inherit;\">Por muros&comma; losas y obstrucciones que haya al interior del edificio.<\/li>\n<li style=\"margin-bottom: 5px; color: inherit;\">Por el tipo y longitud de cables coaxiales que se usen.<\/li>\n<li style=\"margin-bottom: 5px; color: inherit;\">Por accesorios adicionales como divisores y separadores.<\/li>\n<\/ul><\/div>\n<div style=\"margin-bottom: 30px;\">\n<h3 style=\"font-size: 22px; border-bottom: 2px solid currentColor; padding-bottom: 5px; margin-top: 0; color: inherit; opacity: 0.8;\">Contenido del Kit<\/h3>\n<ul style=\"padding-left: 20px; font-size: 14px; color: inherit; margin-bottom: 15px;\">\n<li style=\"margin-bottom: 5px; color: inherit;\">Amplificador de se&ntilde;al celular Triple banda.<\/li>\n<li style=\"margin-bottom: 5px; color: inherit;\">Fuente de alimentaci&oacute;n.<\/li>\n<li style=\"margin-bottom: 5px; color: inherit;\">Antena donadora direccional. Para exterior.<\/li>\n<li style=\"margin-bottom: 5px; color: inherit;\">Antena de servicio omnidireccional de bajo perfil. Para interior.<\/li>\n<li style=\"margin-bottom: 5px; color: inherit;\">Protector coaxial.<\/li>\n<li style=\"margin-bottom: 5px; color: inherit;\">Jumper coaxial tipo LMR400 de 22.86 m con conectores N macho.<\/li>\n<li style=\"margin-bottom: 5px; color: inherit;\">Jumper coaxial tipo LMR400 de 18.29 m con conectores N macho.<\/li>\n<li style=\"margin-bottom: 5px; color: inherit;\">Jumper coaxial tipo LMR400 de 60 cm con conectores N macho.<\/li>\n<\/ul><\/div>\n<div style=\"margin-bottom: 30px;\">\n<h3 style=\"font-size: 22px; border-bottom: 2px solid currentColor; padding-bottom: 5px; margin-top: 0; color: inherit; opacity: 0.8;\">Notas de Instalaci&oacute;n<\/h3>\n<ul style=\"padding-left: 20px; font-size: 14px; color: inherit; margin-bottom: 15px;\">\n<li style=\"margin-bottom: 5px; color: inherit;\">Instale el kit amplificador de acuerdo al manual de usuario o gu&iacute;a de instalaci&oacute;n.<\/li>\n<li style=\"margin-bottom: 5px; color: inherit;\">Use el kit amplificador para lo que est&aacute; dise&ntilde;ado.<\/li>\n<li style=\"margin-bottom: 5px; color: inherit;\">Si tiene dudas contacte nuestro departamento de Ingenier&iacute;a Radiocomunicaci&oacute;n.<\/li>\n<li style=\"margin-bottom: 5px; color: inherit;\">Una mala instalaci&oacute;n o mal uso de este sistema puede provocar interferencia.<\/li>\n<\/ul><\/div>\n<div style=\"margin-bottom: 30px;\">\n<h3 style=\"font-size: 22px; border-bottom: 2px solid currentColor; padding-bottom: 5px; margin-top: 0; color: inherit; opacity: 0.8;\">Diagrama de Cobertura<\/h3>\n<div style=\"margin-top: 15px;\"><img decoding=\"async\" style=\"width: 100%; height: auto; border: 1px solid rgba(150&comma;150&comma;150&comma;0.3); border-radius: 8px;\" src=\"https:\/\/ftp3.syscom.mx\/usuarios\/amarquez\/AdSC\/Fotos%20y%20diagramas%20para%20AdSC\/Tabla%20para%20determinar%20cobertura%20estimada..png\" alt=\"Tabla de cobertura estimada\" \/><\/div>\n<\/p><\/div>\n<hr style=\"border: 0; border-top: 1px solid rgba(150&comma; 150&comma; 150&comma; 0.3); margin: 30px 0;\" \/><\/div>\n","protected":false},"excerpt":{"rendered":"<p>KIT Amplificador de se\u00f1al celular 4G LTE, 3G y VOZ con antena direccional. Especial para cubrir \u00e1reas de hasta 1600 Metros Cuadrados por ser de grado comercial e industrial. Soporta m\u00faltiples operadores, tecnolog\u00edas y usuarios.<\/p>\n","protected":false},"featured_media":86739,"comment_status":"open","ping_status":"closed","template":"","meta":[],"product_brand":[],"product_cat":[1570,1552],"product_tag":[1535,1571,1553,1525],"class_list":{"0":"post-86740","1":"product","2":"type-product","3":"status-publish","4":"has-post-thumbnail","6":"product_cat-amplificadores-de-senal-celular-adsc","7":"product_cat-cobertura-para-celular-4g-lte","8":"product_tag-3g-y-voz","9":"product_tag-amplificadores-de-senal-celular-adsc","10":"product_tag-cobertura-para-celular-4g-lte","11":"product_tag-wilsonpro-weboost","13":"first","14":"instock","15":"sale","16":"shipping-taxable","17":"purchasable","18":"product-type-simple"},"_links":{"self":[{"href":"https:\/\/soydeaqui.ddns.net\/pachuca\/index.php\/wp-json\/wp\/v2\/product\/86740","targetHints":{"allow":["GET"]}}],"collection":[{"href":"https:\/\/soydeaqui.ddns.net\/pachuca\/index.php\/wp-json\/wp\/v2\/product"}],"about":[{"href":"https:\/\/soydeaqui.ddns.net\/pachuca\/index.php\/wp-json\/wp\/v2\/types\/product"}],"replies":[{"embeddable":true,"href":"https:\/\/soydeaqui.ddns.net\/pachuca\/index.php\/wp-json\/wp\/v2\/comments?post=86740"}],"wp:featuredmedia":[{"embeddable":true,"href":"https:\/\/soydeaqui.ddns.net\/pachuca\/index.php\/wp-json\/wp\/v2\/media\/86739"}],"wp:attachment":[{"href":"https:\/\/soydeaqui.ddns.net\/pachuca\/index.php\/wp-json\/wp\/v2\/media?parent=86740"}],"wp:term":[{"taxonomy":"product_brand","embeddable":true,"href":"https:\/\/soydeaqui.ddns.net\/pachuca\/index.php\/wp-json\/wp\/v2\/product_brand?post=86740"},{"taxonomy":"product_cat","embeddable":true,"href":"https:\/\/soydeaqui.ddns.net\/pachuca\/index.php\/wp-json\/wp\/v2\/product_cat?post=86740"},{"taxonomy":"product_tag","embeddable":true,"href":"https:\/\/soydeaqui.ddns.net\/pachuca\/index.php\/wp-json\/wp\/v2\/product_tag?post=86740"}],"curies":[{"name":"wp","href":"https:\/\/api.w.org\/{rel}","templated":true}]}}