{"id":86724,"date":"2026-03-19T22:35:07","date_gmt":"2026-03-19T22:35:07","guid":{"rendered":"https:\/\/soydeaqui.ddns.net\/pachuca\/index.php\/producto\/unidad-terminal-terragraph-cobertura-90-grados-1-gbps-1-x-rj-45-ge-ip67\/"},"modified":"2026-03-19T22:35:08","modified_gmt":"2026-03-19T22:35:08","slug":"unidad-terminal-terragraph-cobertura-90-grados-1-gbps-1-x-rj-45-ge-ip67","status":"publish","type":"product","link":"https:\/\/soydeaqui.ddns.net\/pachuca\/index.php\/producto\/unidad-terminal-terragraph-cobertura-90-grados-1-gbps-1-x-rj-45-ge-ip67\/","title":{"rendered":"Unidad Terminal Terragraph, Cobertura 90 grados, 1 Gbps, 1 x RJ-45 GE, IP67"},"content":{"rendered":"<div style='width: 100%; max-width: 1200px; margin: 0 auto; font-family: sans-serif; line-height: 1.6; color: inherit; background-color: transparent;'> <!-- Imagen de marca --> <\/p>\n<div style='text-align: center; margin-bottom: 30px;'> <img style='width: 120px; height: auto; border: 1px solid rgba(150&comma;150&comma;150&comma;0.3); border-radius: 8px;' src='https:\/\/ftp3.syscom.mx\/usuarios\/hortega\/Siklu\/Siklu.png' alt='Logo Siklu'> <\/div>\n<p> <!-- Especificaciones t\u00e9cnicas en grid --> <\/p>\n<div style='display: grid; grid-template-columns: repeat(auto-fill&comma; minmax(120px&comma; 1fr)); gap: 15px; margin-bottom: 30px;'>\n<div style='border: 1px solid rgba(150&comma; 150&comma; 150&comma; 0.3); border-radius: 8px; padding: 15px; text-align: center;'>\n<div style='font-size: 17px; color: inherit; margin-bottom: 5px;'><strong>TDD\/TDMA<\/strong><\/div>\n<div style='font-size: 17px; color: inherit;'>57-66 GHz<\/div>\n<\/p><\/div>\n<div style='border: 1px solid rgba(150&comma; 150&comma; 150&comma; 0.3); border-radius: 8px; padding: 15px; text-align: center;'>\n<div style='font-size: 17px; color: inherit; margin-bottom: 5px;'><strong>1 Gbps<\/strong><\/div>\n<div style='font-size: 17px; color: inherit;'>Sim\u00e9trico<\/div>\n<\/p><\/div>\n<div style='border: 1px solid rgba(150&comma; 150&comma; 150&comma; 0.3); border-radius: 8px; padding: 15px; text-align: center;'>\n<div style='font-size: 17px; color: inherit; margin-bottom: 5px;'><strong>SIN<\/strong><\/div>\n<div style='font-size: 17px; color: inherit;'>Interferencia<\/div>\n<\/p><\/div>\n<\/p><\/div>\n<p> <!-- Secci\u00f3n principal --> <\/p>\n<div style='margin-bottom: 30px;'>\n<h2 style='font-size: 24px; border-bottom: 2px solid currentColor; padding-bottom: 8px; margin-top: 0; margin-bottom: 20px; color: inherit; opacity: 0.85;'>MultiHaul TG UNIDAD TERMINAL T260<\/h2>\n<p style='font-size: 15px; margin-bottom: 15px; color: inherit;'>El sistema MultiHaul\u2122 TG marca el lanzamiento de la tercera generaci\u00f3n de productos punto a multipunto de 60 GHz de Siklu&comma; este con certificaci\u00f3n Terragraph. La soluci\u00f3n de red TG consiste en Nodos que operan sobre ondas milim\u00e9tricas en una topolog\u00eda de malla redundante que tambi\u00e9n se conectan a Unidades Terminales (UT). El T260&comma; el mini TG TU de Siklu&comma; se comunica con el nodo de distribuci\u00f3n N36x TG utilizando el protocolo TG&comma; actuando como un punto final en una topolog\u00eda MH TG completamente en malla. El T260 es el tercer TG TU de Siklu e incorpora varias caracter\u00edsticas de sus predecesores. El T260 es una unidad terminal peque\u00f1a y est\u00e9tica para viviendas unifamiliares y otras aplicaciones que requieren un rendimiento gigabit en un factor de forma f\u00e1cil de instalar.<\/p>\n<\/p><\/div>\n<p> <!-- Aplicaciones --> <\/p>\n<div style='margin-bottom: 30px;'>\n<h3 style='font-size: 20px; border-bottom: 2px solid currentColor; padding-bottom: 5px; margin-top: 0; margin-bottom: 15px; color: inherit; opacity: 0.8;'>Una amplia gama de aplicaciones<\/h3>\n<ul style='padding-left: 20px; font-size: 15px; color: inherit;'>\n<li style='margin-bottom: 8px;'>Acceso Inal\u00e1mbrico 5G Fijo&comma; Gigabit al Hogar&comma; la MDU y la Empresa<\/li>\n<li style='margin-bottom: 8px;'>Red de retorno de punto de acceso Wi-Fi<\/li>\n<li style='margin-bottom: 8px;'>Seguridad \/ Redes de Ciudad Segura<\/li>\n<li style='margin-bottom: 8px;'>Servicios Empresariales Smart City&comma; Redes Municipales<\/li>\n<\/ul><\/div>\n<p> <!-- Caracter\u00edsticas --> <\/p>\n<div style='margin-bottom: 30px;'>\n<h3 style='font-size: 20px; border-bottom: 2px solid currentColor; padding-bottom: 5px; margin-top: 0; margin-bottom: 15px; color: inherit; opacity: 0.8;'>Peque\u00f1o y poderoso<\/h3>\n<p style='font-size: 15px; margin-bottom: 15px; color: inherit;'>No cabe duda de que cuanto m\u00e1s peque\u00f1a es la TU&comma; m\u00e1s opciones tienen los clientes para la implementaci\u00f3n. Por lo general&comma; en los sistemas inal\u00e1mbricos&comma; ir m\u00e1s peque\u00f1o significa sacrificar el rendimiento. Con el T260&comma; Siklu ha abierto nuevos caminos al ofrecer el Gigabit completo en un factor de forma que es dram\u00e1ticamente impresionante con su tama\u00f1o m\u00e1s peque\u00f1o.<\/p>\n<\/p><\/div>\n<p> <!-- Redes de misi\u00f3n cr\u00edtica --> <\/p>\n<div style='margin-bottom: 30px;'>\n<h3 style='font-size: 20px; border-bottom: 2px solid currentColor; padding-bottom: 5px; margin-top: 0; margin-bottom: 15px; color: inherit; opacity: 0.8;'>Redes de misi\u00f3n cr\u00edtica siempre activas<\/h3>\n<p style='font-size: 15px; margin-bottom: 15px; color: inherit;'>Cuando no puede darse el lujo de perder una transmisi\u00f3n de video&comma; datos cr\u00edticos de sensores de ciudades seguras o cualquier otro dato de misi\u00f3n cr\u00edtica&comma; necesita una red inal\u00e1mbrica que sea tan confiable y segura como la fibra. Con la m\u00e1xima inmunidad a las interferencias y enlaces a prueba de piratas inform\u00e1ticos con cifrado AES incorporado&comma; MultiHaul TG ofrece una red en la que puede confiar. Con la topolog\u00eda de malla&comma; se crean rutas redundantes para el tr\u00e1fico si se produce una interrupci\u00f3n en un enlace determinado.<\/p>\n<\/p><\/div>\n<p> <!-- Unidad terminal segura --> <\/p>\n<div style='margin-bottom: 30px;'>\n<h3 style='font-size: 20px; border-bottom: 2px solid currentColor; padding-bottom: 5px; margin-top: 0; margin-bottom: 15px; color: inherit; opacity: 0.8;'>Unidad terminal sencilla integrada segura para el futuro<\/h3>\n<p style='font-size: 15px; margin-bottom: 15px; color: inherit;'>La infraestructura inal\u00e1mbrica debe ser simple y preparada para el futuro. Las organizaciones desean implementar r\u00e1pidamente una sola caja en el vecindario de destino&comma; sabiendo que tienen opciones para cumplir con los requisitos de interfaz de cualquier aplicaci\u00f3n. Con un conmutador ethernet configurado por software incorporado&comma; la unidad terminal T260 puede abordar todas sus aplicaciones de factor de forma peque\u00f1o.<\/p>\n<\/p><\/div>\n<p> <!-- Calidad de fibra --> <\/p>\n<div style='margin-bottom: 30px;'>\n<h3 style='font-size: 20px; border-bottom: 2px solid currentColor; padding-bottom: 5px; margin-top: 0; margin-bottom: 15px; color: inherit; opacity: 0.8;'>Calidad de fibra con flexibilidad inal\u00e1mbrica<\/h3>\n<p style='font-size: 15px; margin-bottom: 15px; color: inherit;'>Las radios de onda milim\u00e9trica de Siklu combinan con \u00e9xito la capacidad de la fibra con la flexibilidad&comma; la velocidad de implementaci\u00f3n y el bajo costo total de propiedad de las redes inal\u00e1mbricas. Eso es lo que los convierte en los radios de ondas milim\u00e9tricas m\u00e1s vendidos del mundo cada a\u00f1o desde 2011. Brindan un rendimiento s\u00f3lido como una roca&comma; incluso en redes muy densas o bajo condiciones clim\u00e1ticas adversas&comma; en miles de redes en todo el mundo.<\/p>\n<\/p><\/div>\n<p> <!-- Seguridad f\u00edsica --> <\/p>\n<div style='margin-bottom: 30px;'>\n<h3 style='font-size: 20px; border-bottom: 2px solid currentColor; padding-bottom: 5px; margin-top: 0; margin-bottom: 15px; color: inherit; opacity: 0.8;'>Haces altamente seguros y f\u00edsicamente inmunes<\/h3>\n<p style='font-size: 15px; margin-bottom: 15px; color: inherit;'>El ancho de haz estrecho confiere varias ventajas&comma; incluida la inmunidad a la interferencia y la interferencia de la red. En contraste con los sistemas inal\u00e1mbricos de haz ancho que necesitan usar m\u00faltiples estrategias para funcionar en \u00e1reas densas. Se pueden conectar m\u00faltiples suscriptores y servicios con un aislamiento completo basado en el puerto f\u00edsico&comma; ID de VLAN y\/o una unidad terminal.<\/p>\n<\/p><\/div>\n<p> <!-- Instalaci\u00f3n r\u00e1pida --> <\/p>\n<div style='margin-bottom: 30px;'>\n<h3 style='font-size: 20px; border-bottom: 2px solid currentColor; padding-bottom: 5px; margin-top: 0; margin-bottom: 15px; color: inherit; opacity: 0.8;'>En sus marcas&comma; listos&comma; fuera<\/h3>\n<p style='font-size: 15px; margin-bottom: 15px; color: inherit;'>El TU plug and play est\u00e1 dise\u00f1ado para una f\u00e1cil instalaci\u00f3n por parte de una sola persona. Las antenas de escaneo con patente en tr\u00e1mite se alinean autom\u00e1ticamente con los nodos de servicio. Y con la conexi\u00f3n autom\u00e1tica sin necesidad de una computadora port\u00e1til o dispositivo m\u00f3vil&comma; el T260 permite la implementaci\u00f3n plug and play en muy poco tiempo.<\/p>\n<\/p><\/div>\n<p> <!-- Separador final --> <\/p>\n<hr style='border: 0; border-top: 1px solid rgba(150&comma; 150&comma; 150&comma; 0.3); margin: 30px 0;'> <\/div>\n","protected":false},"excerpt":{"rendered":"<p>Unidad Terminal Terragraph, Cobertura 90 grados, 1 Gbps, 1 x RJ-45 GE, IP67<\/p>\n","protected":false},"featured_media":86723,"comment_status":"open","ping_status":"closed","template":"","meta":[],"product_brand":[],"product_cat":[2006],"product_tag":[1980,2007,2008],"class_list":{"0":"post-86724","1":"product","2":"type-product","3":"status-publish","4":"has-post-thumbnail","6":"product_cat-otras-bandas","7":"product_tag-enlaces-ptp-y-ptmp","8":"product_tag-otras-bandas","9":"product_tag-siklu","11":"first","12":"instock","13":"sale","14":"shipping-taxable","15":"purchasable","16":"product-type-simple"},"_links":{"self":[{"href":"https:\/\/soydeaqui.ddns.net\/pachuca\/index.php\/wp-json\/wp\/v2\/product\/86724","targetHints":{"allow":["GET"]}}],"collection":[{"href":"https:\/\/soydeaqui.ddns.net\/pachuca\/index.php\/wp-json\/wp\/v2\/product"}],"about":[{"href":"https:\/\/soydeaqui.ddns.net\/pachuca\/index.php\/wp-json\/wp\/v2\/types\/product"}],"replies":[{"embeddable":true,"href":"https:\/\/soydeaqui.ddns.net\/pachuca\/index.php\/wp-json\/wp\/v2\/comments?post=86724"}],"wp:featuredmedia":[{"embeddable":true,"href":"https:\/\/soydeaqui.ddns.net\/pachuca\/index.php\/wp-json\/wp\/v2\/media\/86723"}],"wp:attachment":[{"href":"https:\/\/soydeaqui.ddns.net\/pachuca\/index.php\/wp-json\/wp\/v2\/media?parent=86724"}],"wp:term":[{"taxonomy":"product_brand","embeddable":true,"href":"https:\/\/soydeaqui.ddns.net\/pachuca\/index.php\/wp-json\/wp\/v2\/product_brand?post=86724"},{"taxonomy":"product_cat","embeddable":true,"href":"https:\/\/soydeaqui.ddns.net\/pachuca\/index.php\/wp-json\/wp\/v2\/product_cat?post=86724"},{"taxonomy":"product_tag","embeddable":true,"href":"https:\/\/soydeaqui.ddns.net\/pachuca\/index.php\/wp-json\/wp\/v2\/product_tag?post=86724"}],"curies":[{"name":"wp","href":"https:\/\/api.w.org\/{rel}","templated":true}]}}