{"id":86715,"date":"2026-03-19T22:34:46","date_gmt":"2026-03-19T22:34:46","guid":{"rendered":"https:\/\/soydeaqui.ddns.net\/pachuca\/index.php\/producto\/transceptor-optico-industrial-sfp-mini-gbic-monomodo-1310-nm-10-gbps-10gbase-conectores-lc-upc-duplex-ddm-hasta-3-km\/"},"modified":"2026-03-19T22:34:47","modified_gmt":"2026-03-19T22:34:47","slug":"transceptor-optico-industrial-sfp-mini-gbic-monomodo-1310-nm-10-gbps-10gbase-conectores-lc-upc-duplex-ddm-hasta-3-km","status":"publish","type":"product","link":"https:\/\/soydeaqui.ddns.net\/pachuca\/index.php\/producto\/transceptor-optico-industrial-sfp-mini-gbic-monomodo-1310-nm-10-gbps-10gbase-conectores-lc-upc-duplex-ddm-hasta-3-km\/","title":{"rendered":"Transceptor \u00d3ptico Industrial SFP+ (Mini-Gbic) \/ Monomodo 1310 nm \/ 10 Gbps \/ 10GBASE \/ Conectores LC\/UPC D\u00faplex \/ DDM \/ Hasta 3 km"},"content":{"rendered":"<div style='width: 100%; max-width: 1200px; margin: 0 auto; font-family: sans-serif; line-height: 1.6; color: inherit; background-color: transparent;'> <!-- Imagen principal --> <\/p>\n<div style='width: 100%; margin-bottom: 30px;'> <img style='width: 100%; height: auto; border: 1px solid rgba(150&comma;150&comma;150&comma;0.3); border-radius: 8px;' src='https:\/\/ftp3.syscom.mx\/usuarios\/fotos\/LPINDSFP1GSM3\/219387-banner_arriba_linkedpro.jpg' alt=''> <\/div>\n<p> <!-- Descripci\u00f3n general --> <\/p>\n<div style='display: flex; flex-wrap: wrap; gap: 30px; margin-bottom: 30px;'>\n<div style='flex: 1 1 300px; min-width: 280px;'>\n<h3 style='font-size: 22px; border-bottom: 2px solid currentColor; padding-bottom: 5px; margin-top: 0; color: inherit; opacity: 0.8;'>Descripci\u00f3n<\/h3>\n<p style='font-size: 15px; color: inherit; margin-bottom: 15px;'>Transceptores dise\u00f1ados para enlaces de alto desempe\u00f1o sobre fibra \u00f3ptica. La conexi\u00f3n en caliente (Hot-pluggable) ofrece una manera f\u00e1cil y r\u00e1pida de instalarse\/desinstalarse en puertos compatibles con SFP en cualquier momento sin interrumpir la operaci\u00f3n del equipo anfitri\u00f3n.<\/p>\n<p style='font-size: 15px; color: inherit; margin-bottom: 15px;'>Las distancias y capacidades de la transmisi\u00f3n de datos var\u00eda dependiendo del modelo del transceptor. La nueva l\u00ednea de transceptores Linkedpro fue creada con el prop\u00f3sito de optimizar la creciente demanda de la transmisi\u00f3n de datos&comma; as\u00ed c\u00f3mo mejorar el rendimiento de las soluciones de enlaces con fibra \u00f3ptica y buscando siempre la mejor compatibilidad con diferentes marcas para crear un ambiente amigable.<\/p>\n<\/p><\/div>\n<\/p><\/div>\n<p> <!-- Compatibilidad --> <\/p>\n<div style='display: flex; flex-wrap: wrap; gap: 30px; margin-bottom: 30px;'>\n<div style='flex: 1 1 300px; min-width: 280px;'>\n<h3 style='font-size: 22px; border-bottom: 2px solid currentColor; padding-bottom: 5px; margin-top: 0; color: inherit; opacity: 0.8;'>Compatibilidad<\/h3>\n<p style='font-size: 15px; color: inherit; margin-bottom: 15px;'>Nuestros Transceptores son compatibles con una amplia gama de marcas&comma; incluyendo:<\/p>\n<ul style='padding-left: 20px; font-size: 15px; color: inherit;'>\n<li style='margin-bottom: 5px;'>Ruijie<\/li>\n<li style='margin-bottom: 5px;'>Cisco<\/li>\n<li style='margin-bottom: 5px;'>MikroTik<\/li>\n<li style='margin-bottom: 5px;'>Ubiquiti<\/li>\n<li style='margin-bottom: 5px;'>TP-Link<\/li>\n<li style='margin-bottom: 5px;'>Planet<\/li>\n<li style='margin-bottom: 5px;'>Allied Telesis<\/li>\n<li style='margin-bottom: 5px;'>Ruckus<\/li>\n<li style='margin-bottom: 5px;'>Avaya<\/li>\n<li style='margin-bottom: 5px;'>Arista<\/li>\n<li style='margin-bottom: 5px;'>Extreme<\/li>\n<li style='margin-bottom: 5px;'>Fortinet<\/li>\n<li style='margin-bottom: 5px;'>Huawei<\/li>\n<li style='margin-bottom: 5px;'>Hikvision<\/li>\n<li style='margin-bottom: 5px;'>Juniper<\/li>\n<li style='margin-bottom: 5px;'>Alcatel-Lucent<\/li>\n<li style='margin-bottom: 5px;'>Brocade<\/li>\n<li style='margin-bottom: 5px;'>D-Link<\/li>\n<li style='margin-bottom: 5px;'>Dell<\/li>\n<li style='margin-bottom: 5px;'>Moxa<\/li>\n<li style='margin-bottom: 5px;'>SonicWall<\/li>\n<li style='margin-bottom: 5px;'>Netgear<\/li>\n<li style='margin-bottom: 5px;'>Lenovo<\/li>\n<li style='margin-bottom: 5px;'>Zyxel<\/li>\n<li style='margin-bottom: 5px;'>Calix<\/li>\n<li style='margin-bottom: 5px;'>Ciena<\/li>\n<li style='margin-bottom: 5px;'>IBM<\/li>\n<li style='margin-bottom: 5px;'>Infinera<\/li>\n<\/ul><\/div>\n<\/p><\/div>\n<p> <!-- Especificaciones t\u00e9cnicas --> <\/p>\n<div style='display: flex; flex-wrap: wrap; gap: 20px; margin-bottom: 30px;'>\n<div style='flex: 1 1 250px; border: 1px solid rgba(150&comma; 150&comma; 150&comma; 0.4); border-radius: 8px; overflow: hidden; display: flex; flex-direction: column;'>\n<div style='padding: 15px; border-bottom: 1px solid rgba(150&comma; 150&comma; 150&comma; 0.2); font-weight: bold; font-size: 18px; color: inherit;'>Caracter\u00edsticas T\u00e9cnicas<\/div>\n<div style='padding: 15px; color: inherit;'>\n<ul style='padding-left: 20px; margin: 0; font-size: 14px; list-style-type: disc;'>\n<li style='margin-bottom: 5px;'><strong>Transceptor Industrial SFP+<\/strong> para fibra \u00f3ptica Monomodo<\/li>\n<li style='margin-bottom: 5px;'><strong>Velocidad de transmisi\u00f3n:<\/strong> 10 Gbps<\/li>\n<li style='margin-bottom: 5px;'><strong>Longitud de onda:<\/strong> 1310 nm<\/li>\n<li style='margin-bottom: 5px;'><strong>Conectores:<\/strong> D\u00faplex LC<\/li>\n<li style='margin-bottom: 5px;'><strong>Hot-pluggable:<\/strong> S\u00ed<\/li>\n<li style='margin-bottom: 5px;'><strong>Tipo de carcasa:<\/strong> Metal (baja interferencia EMI)<\/li>\n<li style='margin-bottom: 5px;'><strong>Certificaci\u00f3n l\u00e1ser:<\/strong> Clase 1<\/li>\n<li style='margin-bottom: 5px;'><strong>RoHS:<\/strong> Cumple<\/li>\n<li style='margin-bottom: 5px;'><strong>DDM:<\/strong> Cumple<\/li>\n<li style='margin-bottom: 5px;'><strong>Distancia m\u00e1xima:<\/strong> Hasta 3 km<\/li>\n<li style='margin-bottom: 5px;'><strong>Temperatura de operaci\u00f3n:<\/strong> -40 a 85 \u00baC<\/li>\n<\/ul><\/div>\n<\/p><\/div>\n<\/p><\/div>\n<p> <!-- Im\u00e1genes adicionales --> <\/p>\n<div style='display: flex; flex-wrap: wrap; gap: 20px; margin-bottom: 30px;'>\n<div style='flex: 1 1 300px; min-width: 280px;'> <img style='width: 100%; height: auto; border: 1px solid rgba(150&comma;150&comma;150&comma;0.3); border-radius: 8px;' src='https:\/\/ftp3.syscom.mx\/usuarios\/fotos\/LPINDSFP1GSM3\/219387-industrial.jpg' alt=''> <\/div>\n<div style='flex: 1 1 300px; min-width: 280px;'> <img style='width: 100%; height: auto; border: 1px solid rgba(150&comma;150&comma;150&comma;0.3); border-radius: 8px;' src='https:\/\/ftp3.syscom.mx\/usuarios\/fotos\/LPINDSFP1GSM3\/219387-tipos_de_transceptores_bien.png' alt=''> <\/div>\n<\/p><\/div>\n<p> <!-- Imagen final --> <\/p>\n<div style='width: 100%; margin-bottom: 30px;'> <img style='width: 100%; height: auto; border: 1px solid rgba(150&comma;150&comma;150&comma;0.3); border-radius: 8px;' src='https:\/\/ftp3.syscom.mx\/usuarios\/fotos\/LPINDSFP1GSM3\/219387-banner_abajo_2_linkedpro.png' alt=''> <\/div>\n<p> <!-- Separador final --> <\/p>\n<hr style='border: 0; border-top: 1px solid rgba(150&comma; 150&comma; 150&comma; 0.3); margin: 30px 0;'> <\/div>\n","protected":false},"excerpt":{"rendered":"<p>Transceptor \u00d3ptico Industrial SFP+ (Mini-Gbic) \/ Monomodo 1310 nm \/ 10 Gbps \/ 10GBASE \/ Conectores LC\/UPC D\u00faplex \/ DDM \/ Hasta 3 km<\/p>\n","protected":false},"featured_media":86714,"comment_status":"open","ping_status":"closed","template":"","meta":[],"product_brand":[],"product_cat":[663],"product_tag":[435,664,665],"class_list":{"0":"post-86715","1":"product","2":"type-product","3":"status-publish","4":"has-post-thumbnail","6":"product_cat-transceptores-de-fibra","7":"product_tag-linkedpro-by-epcom","8":"product_tag-networking","9":"product_tag-transceptores-de-fibra","11":"first","12":"instock","13":"sale","14":"shipping-taxable","15":"purchasable","16":"product-type-simple"},"_links":{"self":[{"href":"https:\/\/soydeaqui.ddns.net\/pachuca\/index.php\/wp-json\/wp\/v2\/product\/86715","targetHints":{"allow":["GET"]}}],"collection":[{"href":"https:\/\/soydeaqui.ddns.net\/pachuca\/index.php\/wp-json\/wp\/v2\/product"}],"about":[{"href":"https:\/\/soydeaqui.ddns.net\/pachuca\/index.php\/wp-json\/wp\/v2\/types\/product"}],"replies":[{"embeddable":true,"href":"https:\/\/soydeaqui.ddns.net\/pachuca\/index.php\/wp-json\/wp\/v2\/comments?post=86715"}],"wp:featuredmedia":[{"embeddable":true,"href":"https:\/\/soydeaqui.ddns.net\/pachuca\/index.php\/wp-json\/wp\/v2\/media\/86714"}],"wp:attachment":[{"href":"https:\/\/soydeaqui.ddns.net\/pachuca\/index.php\/wp-json\/wp\/v2\/media?parent=86715"}],"wp:term":[{"taxonomy":"product_brand","embeddable":true,"href":"https:\/\/soydeaqui.ddns.net\/pachuca\/index.php\/wp-json\/wp\/v2\/product_brand?post=86715"},{"taxonomy":"product_cat","embeddable":true,"href":"https:\/\/soydeaqui.ddns.net\/pachuca\/index.php\/wp-json\/wp\/v2\/product_cat?post=86715"},{"taxonomy":"product_tag","embeddable":true,"href":"https:\/\/soydeaqui.ddns.net\/pachuca\/index.php\/wp-json\/wp\/v2\/product_tag?post=86715"}],"curies":[{"name":"wp","href":"https:\/\/api.w.org\/{rel}","templated":true}]}}