{"id":86701,"date":"2026-03-19T22:34:09","date_gmt":"2026-03-19T22:34:09","guid":{"rendered":"https:\/\/soydeaqui.ddns.net\/pachuca\/index.php\/producto\/transceptor-optico-industrial-sfp-mini-gbic-monomodo-1310-nm-1-25-gbps-1000base-conectores-lc-upc-duplex-ddm-hasta-3-km\/"},"modified":"2026-03-19T22:34:10","modified_gmt":"2026-03-19T22:34:10","slug":"transceptor-optico-industrial-sfp-mini-gbic-monomodo-1310-nm-1-25-gbps-1000base-conectores-lc-upc-duplex-ddm-hasta-3-km","status":"publish","type":"product","link":"https:\/\/soydeaqui.ddns.net\/pachuca\/index.php\/producto\/transceptor-optico-industrial-sfp-mini-gbic-monomodo-1310-nm-1-25-gbps-1000base-conectores-lc-upc-duplex-ddm-hasta-3-km\/","title":{"rendered":"Transceptor \u00d3ptico Industrial SFP (Mini-Gbic) \/ Monomodo 1310 nm \/ 1.25 Gbps \/ 1000BASE \/ Conectores LC\/UPC D\u00faplex \/ DDM \/ Hasta 3 km"},"content":{"rendered":"<div style='width: 100%; max-width: 1200px; margin: 0 auto; font-family: sans-serif; line-height: 1.6; color: inherit; background-color: transparent;'> <!-- Imagen banner superior --> <\/p>\n<div style='width: 100%; margin-bottom: 30px;'> <img style='width: 100%; height: auto; border: 1px solid rgba(150&comma;150&comma;150&comma;0.3); border-radius: 8px;' src='https:\/\/ftp3.syscom.mx\/usuarios\/fotos\/LPINDSFP1GSM3\/219387-banner_arriba_linkedpro.jpg' alt='Banner superior'> <\/div>\n<p> <!-- Descripci\u00f3n general --> <\/p>\n<div style='display: flex; flex-wrap: wrap; gap: 30px; margin-bottom: 30px;'>\n<div style='flex: 1 1 300px; min-width: 280px;'>\n<p style='font-size: 15px; color: inherit; margin-bottom: 15px;'>Transceptores dise\u00f1ados para enlaces de alto desempe\u00f1o sobre fibra \u00f3ptica. La conexi\u00f3n en caliente (Hot-pluggable) ofrece una manera f\u00e1cil y r\u00e1pida de instalarse\/desinstalarse en puertos compatibles con SFP en cualquier momento sin interrumpir la operaci\u00f3n del equipo anfitri\u00f3n.<\/p>\n<p style='font-size: 15px; color: inherit; margin-bottom: 15px;'>Las distancias y capacidades de la transmisi\u00f3n de datos var\u00eda dependiendo del modelo del transceptor. La nueva l\u00ednea de transceptores Linkedpro fue creada con el prop\u00f3sito de optimizar la creciente demanda de la transmisi\u00f3n de datos&comma; as\u00ed c\u00f3mo mejorar el rendimiento de las soluciones de enlaces con fibra \u00f3ptica y buscando siempre la mejor compatibilidad con diferentes marcas para crear un ambiente amigable.<\/p>\n<p style='font-size: 15px; color: inherit; margin-bottom: 15px;'>Nuestros Transceptores son compatibles con una amplia gama de marcas&comma; incluyendo <strong style='color: inherit;'>Ruijie&comma; Cisco&comma; MikroTik&comma; Ubiquiti&comma; TP-Link&comma; Planet&comma; Allied Telesis&comma; Ruckus&comma; Avaya&comma; Arista&comma; Extreme&comma; Fortinet&comma; Huawei&comma; Hikvision&comma; Juniper&comma; Alcatel-Lucent&comma; Brocade&comma; D-Link&comma; Dell&comma; Moxa&comma; SonicWall&comma; Netgear&comma; Lenovo&comma; Zyxel&comma; Calix&comma; Ciena&comma; IBM e Infinera.<\/strong><\/p>\n<\/p><\/div>\n<\/p><\/div>\n<p> <!-- Caracter\u00edsticas --> <\/p>\n<div style='display: flex; flex-wrap: wrap; gap: 30px; margin-bottom: 30px;'>\n<div style='flex: 1 1 300px; min-width: 280px;'>\n<h3 style='font-size: 22px; border-bottom: 2px solid currentColor; padding-bottom: 5px; margin-top: 0; color: inherit; opacity: 0.8;'>Caracter\u00edsticas<\/h3>\n<ul style='padding-left: 20px; font-size: 15px; color: inherit;'>\n<li style='margin-bottom: 5px;'>Transceptor Industrial SFP para fibra \u00f3ptica Monomodo<\/li>\n<li style='margin-bottom: 5px;'>Velocidad de transmisi\u00f3n de <strong style='color: inherit;'>1.25 Gbps<\/strong><\/li>\n<li style='margin-bottom: 5px;'>Longitud de onda <strong style='color: inherit;'>1310 nm<\/strong><\/li>\n<li style='margin-bottom: 5px;'>Conectores <strong style='color: inherit;'>D\u00faplex LC<\/strong><\/li>\n<li style='margin-bottom: 5px;'><strong style='color: inherit;'>Hot-pluggable<\/strong><\/li>\n<li style='margin-bottom: 5px;'>Fabricado de metal para una baja interferencia en ruido EMI<\/li>\n<li style='margin-bottom: 5px;'>Certificado internacional de seguridad para l\u00e1ser Clase 1<\/li>\n<li style='margin-bottom: 5px;'>Cumple con <strong style='color: inherit;'>RoHS<\/strong><\/li>\n<li style='margin-bottom: 5px;'>Cumple con <strong style='color: inherit;'>DDM<\/strong><\/li>\n<li style='margin-bottom: 5px;'>Logra una <strong style='color: inherit;'>distancia de hasta 3 km<\/strong><\/li>\n<li style='margin-bottom: 5px;'>Temperatura de operaci\u00f3n de <strong style='color: inherit;'>-40 a 85 \u00baC<\/strong><\/li>\n<\/ul><\/div>\n<\/p><\/div>\n<p> <!-- Im\u00e1genes adicionales --> <\/p>\n<div style='display: flex; flex-wrap: wrap; gap: 20px; margin-bottom: 30px;'>\n<div style='flex: 1 1 40%; min-width: 300px;'> <img style='width: 100%; height: auto; border: 1px solid rgba(150&comma;150&comma;150&comma;0.3); border-radius: 8px;' src='https:\/\/ftp3.syscom.mx\/usuarios\/fotos\/LPINDSFP1GSM3\/219387-industrial.jpg' alt='Transceptor industrial'> <\/div>\n<div style='flex: 1 1 40%; min-width: 300px;'> <img style='width: 100%; height: auto; border: 1px solid rgba(150&comma;150&comma;150&comma;0.3); border-radius: 8px;' src='https:\/\/ftp3.syscom.mx\/usuarios\/fotos\/LPINDSFP1GSM3\/219387-tipos_de_transceptores_bien.png' alt='Tipos de transceptores'> <\/div>\n<\/p><\/div>\n<p> <!-- Imagen banner inferior --> <\/p>\n<div style='width: 100%; margin-bottom: 30px;'> <img style='width: 100%; height: auto; border: 1px solid rgba(150&comma;150&comma;150&comma;0.3); border-radius: 8px;' src='https:\/\/ftp3.syscom.mx\/usuarios\/fotos\/LPINDSFP1GSM3\/219387-banner_abajo_2_linkedpro.png' alt='Banner inferior'> <\/div>\n<p> <!-- Separador final --> <\/p>\n<hr style='border: 0; border-top: 1px solid rgba(150&comma; 150&comma; 150&comma; 0.3); margin: 30px 0;'> <\/div>\n","protected":false},"excerpt":{"rendered":"<p>Transceptor \u00d3ptico Industrial SFP (Mini-Gbic) \/ Monomodo 1310 nm \/ 1.25 Gbps \/ 1000BASE \/ Conectores LC\/UPC D\u00faplex \/ DDM \/ Hasta 3 km<\/p>\n","protected":false},"featured_media":86700,"comment_status":"open","ping_status":"closed","template":"","meta":[],"product_brand":[],"product_cat":[663],"product_tag":[435,664,665],"class_list":{"0":"post-86701","1":"product","2":"type-product","3":"status-publish","4":"has-post-thumbnail","6":"product_cat-transceptores-de-fibra","7":"product_tag-linkedpro-by-epcom","8":"product_tag-networking","9":"product_tag-transceptores-de-fibra","11":"first","12":"instock","13":"sale","14":"shipping-taxable","15":"purchasable","16":"product-type-simple"},"_links":{"self":[{"href":"https:\/\/soydeaqui.ddns.net\/pachuca\/index.php\/wp-json\/wp\/v2\/product\/86701","targetHints":{"allow":["GET"]}}],"collection":[{"href":"https:\/\/soydeaqui.ddns.net\/pachuca\/index.php\/wp-json\/wp\/v2\/product"}],"about":[{"href":"https:\/\/soydeaqui.ddns.net\/pachuca\/index.php\/wp-json\/wp\/v2\/types\/product"}],"replies":[{"embeddable":true,"href":"https:\/\/soydeaqui.ddns.net\/pachuca\/index.php\/wp-json\/wp\/v2\/comments?post=86701"}],"wp:featuredmedia":[{"embeddable":true,"href":"https:\/\/soydeaqui.ddns.net\/pachuca\/index.php\/wp-json\/wp\/v2\/media\/86700"}],"wp:attachment":[{"href":"https:\/\/soydeaqui.ddns.net\/pachuca\/index.php\/wp-json\/wp\/v2\/media?parent=86701"}],"wp:term":[{"taxonomy":"product_brand","embeddable":true,"href":"https:\/\/soydeaqui.ddns.net\/pachuca\/index.php\/wp-json\/wp\/v2\/product_brand?post=86701"},{"taxonomy":"product_cat","embeddable":true,"href":"https:\/\/soydeaqui.ddns.net\/pachuca\/index.php\/wp-json\/wp\/v2\/product_cat?post=86701"},{"taxonomy":"product_tag","embeddable":true,"href":"https:\/\/soydeaqui.ddns.net\/pachuca\/index.php\/wp-json\/wp\/v2\/product_tag?post=86701"}],"curies":[{"name":"wp","href":"https:\/\/api.w.org\/{rel}","templated":true}]}}