{"id":86694,"date":"2026-03-19T22:33:51","date_gmt":"2026-03-19T22:33:51","guid":{"rendered":"https:\/\/soydeaqui.ddns.net\/pachuca\/index.php\/producto\/unidad-de-estado-solido-ssd-128-gb-2-5-sata-iii-alto-performance-para-gaming-y-pc-trabajo-pesado-460-mb-s-lectura-370-mb-s-escritura\/"},"modified":"2026-03-19T22:33:55","modified_gmt":"2026-03-19T22:33:55","slug":"unidad-de-estado-solido-ssd-128-gb-2-5-sata-iii-alto-performance-para-gaming-y-pc-trabajo-pesado-460-mb-s-lectura-370-mb-s-escritura","status":"publish","type":"product","link":"https:\/\/soydeaqui.ddns.net\/pachuca\/index.php\/producto\/unidad-de-estado-solido-ssd-128-gb-2-5-sata-iii-alto-performance-para-gaming-y-pc-trabajo-pesado-460-mb-s-lectura-370-mb-s-escritura\/","title":{"rendered":"Unidad de Estado Solido (SSD) 128 GB \/ 2.5&#8243; \/ SATA III \/ ALTO PERFORMANCE \/ Para Gaming y PC Trabajo Pesado \/ 460 MB\/s Lectura \/ 370 MB\/s Escritura"},"content":{"rendered":"<div style='width: 100%; max-width: 1200px; margin: 0 auto; font-family: sans-serif; line-height: 1.6; color: inherit;'> <!-- Banner --> <\/p>\n<div style='width: 100%; text-align: center; margin: 20px 0;'> <img style='width: 100%; height: auto; border: 1px solid rgba(150&comma;150&comma;150&comma;0.3); border-radius: 8px;' src='https:\/\/ftp3.syscom.mx\/usuarios\/gmagos\/HIK\/storage\/Vaners\/hiksemi.png' alt='HIKSEMI Banner'> <\/div>\n<p> <!-- Especificaciones --> <\/p>\n<div style='display: flex; flex-direction: column; align-items: center; margin: 30px 0;'>\n<div style='font-size: 24px; border-bottom: 2px solid currentColor; padding-bottom: 5px; margin-bottom: 20px; color: inherit; opacity: 0.8;'>Especificaciones<\/div>\n<div style='width: 100%; display: flex; flex-wrap: wrap; gap: 20px; justify-content: center;'>\n<div style='flex: 1 1 300px; min-width: 280px; border: 1px solid rgba(150&comma; 150&comma; 150&comma; 0.4); border-radius: 8px; overflow: hidden;'>\n<div style='padding: 15px; border-bottom: 1px solid rgba(150&comma; 150&comma; 150&comma; 0.2); font-weight: bold; font-size: 18px; color: inherit;'>Caracter\u00edsticas Principales:<\/div>\n<ul style='padding: 15px; margin: 0; font-size: 14px; list-style-type: disc; color: inherit;'>\n<li style='margin-bottom: 5px;'><strong>Capacidad:<\/strong> 128 GB<\/li>\n<li style='margin-bottom: 5px;'><strong>Vel. de Lectura:<\/strong> 460 MB\/s<\/li>\n<li style='margin-bottom: 5px;'><strong>Vel. de escritura:<\/strong> 370 MB\/s<\/li>\n<li style='margin-bottom: 5px;'><strong>Temperatura de operaci\u00f3n:<\/strong> 0\u00b0C a 70\u00b0C (32\u00b0F a 158\u00b0F)<\/li>\n<li style='margin-bottom: 5px;'><strong>Tama\u00f1o:<\/strong> 2.5&#8242;<\/li>\n<li style='margin-bottom: 5px;'><strong>Peso:<\/strong> \u2264 34.4g<\/li>\n<\/ul><\/div>\n<\/p><\/div>\n<\/p><\/div>\n<p> <!-- Videos --> <\/p>\n<div style='display: flex; flex-wrap: wrap; gap: 30px; margin: 30px 0;'>\n<div style='flex: 1 1 400px; min-width: 300px;'>\n<h3 style='font-size: 18px; text-align: center; margin: 0 0 15px; color: inherit; opacity: 0.8;'>\u00bfQui\u00e9n es HIKSEMI?<\/h3>\n<div style='position: relative; padding-bottom: 56.25%; height: 0; overflow: hidden; margin-bottom: 30px;'>   <\/div>\n<\/p><\/div>\n<div style='flex: 1 1 400px; min-width: 300px;'>\n<h3 style='font-size: 18px; text-align: center; margin: 0 0 15px; color: inherit; opacity: 0.8;'>Unidades de Estado S\u00f3lido<\/h3>\n<div style='position: relative; padding-bottom: 56.25%; height: 0; overflow: hidden; margin-bottom: 30px;'>   <\/div>\n<\/p><\/div>\n<\/p><\/div>\n<p> <!-- Imagen destacada con overlay --> <\/p>\n<div style='position: relative; width: 100%; height: auto; margin: 30px 0; overflow: hidden;'> <img style='width: 100%; height: auto; border: 1px solid rgba(150&comma;150&comma;150&comma;0.3); border-radius: 8px;' src='https:\/\/ftp3.syscom.mx\/usuarios\/gmagos\/HIK\/storage\/Pagina%20WEB\/SSD%20WAVE\/WAVE%28S%29_01.jpg' alt='SSD Wave 1'> <\/p>\n<div style='position: absolute; top: 50%; left: 50%; transform: translate(-50%&comma; -50%); padding: 30px; text-align: center; color: white;'>\n<h1 style='font-size: 35px; margin: 0 0 10px; color: inherit; font-weight: bold;'>SSD serie Wave de 2.5 pulgadas<\/h1>\n<h2 style='font-size: 20px; margin: 0; color: inherit;'>El fiel compa\u00f1ero de tu PC<\/h2>\n<\/p><\/div>\n<\/p><\/div>\n<p> <!-- Im\u00e1genes secundarias --> <\/p>\n<div style='display: flex; flex-wrap: wrap; gap: 20px; margin: 30px 0;'>\n<div style='flex: 1 1 300px; min-width: 280px;'> <img style='width: 100%; height: auto; border: 1px solid rgba(150&comma;150&comma;150&comma;0.3); border-radius: 8px;' src='https:\/\/ftp3.syscom.mx\/usuarios\/gmagos\/HIK\/storage\/Pagina%20WEB\/SSD%20WAVE\/WAVE%28S%29_02.jpg' alt='SSD Wave 2'> <\/div>\n<div style='flex: 1 1 300px; min-width: 280px;'> <img style='width: 100%; height: auto; border: 1px solid rgba(150&comma;150&comma;150&comma;0.3); border-radius: 8px;' src='https:\/\/ftp3.syscom.mx\/usuarios\/gmagos\/HIK\/storage\/Pagina%20WEB\/SSD%20WAVE\/WAVE%28S%29_03.jpg' alt='SSD Wave 3'> <\/div>\n<\/p><\/div>\n<p> <!-- Tarjetas con descripciones --> <\/p>\n<div style='display: flex; flex-wrap: wrap; gap: 20px; margin: 30px 0;'>\n<div style='flex: 1 1 400px; min-width: 280px; border: 1px solid rgba(150&comma; 150&comma; 150&comma; 0.4); border-radius: 8px; overflow: hidden;'>\n<div style='padding: 15px; border-bottom: 1px solid rgba(150&comma; 150&comma; 150&comma; 0.2); font-weight: bold; font-size: 18px; color: inherit;'>Transmisi\u00f3n estable<\/div>\n<div style='padding: 15px; color: inherit;'>\n<p style='margin: 0;'>Ofrecen una transmisi\u00f3n estable de datos debido a su calidad en los componentes&comma; tecnolog\u00edas avanzadas de control y correcci\u00f3n de errores&comma; y su capacidad para resistir condiciones adversas. Esta estabilidad en la transmisi\u00f3n de datos es esencial para asegurar el rendimiento y la confiabilidad del sistema en el que se utilicen&comma; ya sea en computadoras personales&comma; servidores&comma; sistemas de vigilancia&comma; o cualquier otra aplicaci\u00f3n que requiera almacenamiento de datos r\u00e1pido y seguro.<\/p>\n<\/p><\/div>\n<\/p><\/div>\n<div style='flex: 1 1 400px; min-width: 280px; border: 1px solid rgba(150&comma; 150&comma; 150&comma; 0.4); border-radius: 8px; overflow: hidden;'>\n<div style='padding: 15px; border-bottom: 1px solid rgba(150&comma; 150&comma; 150&comma; 0.2); font-weight: bold; font-size: 18px; color: inherit;'>Compatibilidad<\/div>\n<div style='padding: 15px; color: inherit;'>\n<p style='margin: 0;'>Con su amplia compatibilidad multiplataforma&comma; los SSD de Hikvision se erigen como una soluci\u00f3n altamente adaptable que se integra sin inconvenientes en una variedad de entornos computacionales. Esta caracter\u00edstica no solo asegura una performance \u00f3ptima en diferentes sistemas operativos&comma; sino que tambi\u00e9n brinda una mayor facilidad en el proceso de implementaci\u00f3n&comma; lo que se traduce en una optimizaci\u00f3n del tiempo y recursos dedicados a la actualizaci\u00f3n y mejora de sistemas inform\u00e1ticos.<\/p>\n<\/p><\/div>\n<\/p><\/div>\n<\/p><\/div>\n<p> <!-- Im\u00e1genes finales --> <\/p>\n<div style='display: flex; flex-wrap: wrap; gap: 20px; margin: 30px 0;'>\n<div style='flex: 1 1 100%;'> <img style='width: 100%; height: auto; border: 1px solid rgba(150&comma;150&comma;150&comma;0.3); border-radius: 8px;' src='https:\/\/ftp3.syscom.mx\/usuarios\/gmagos\/HIK\/storage\/Pagina%20WEB\/SSD%20WAVE\/WAVE%28S%29-1365x681_04.png' alt='SSD Wave Final'> <\/div>\n<div style='flex: 1 1 100%;'> <img style='width: 100%; height: auto; border: 1px solid rgba(150&comma;150&comma;150&comma;0.3); border-radius: 8px;' src='https:\/\/ftp3.syscom.mx\/usuarios\/gmagos\/HIK\/storage\/Vaners\/HIKSEMI-banner1.jpg' alt='Banner Final'> <\/div>\n<\/p><\/div>\n<p> <!-- Separador final --> <\/p>\n<hr style='border: 0; border-top: 1px solid rgba(150&comma; 150&comma; 150&comma; 0.3); margin: 30px 0;'> <\/div>\n","protected":false},"excerpt":{"rendered":"<p>Unidad de Estado Solido (SSD) 128 GB \/ 2.5&#8243; \/ SATA III \/ ALTO PERFORMANCE \/ Para Gaming y PC Trabajo Pesado \/ 460 MB\/s Lectura \/ 370 MB\/s Escritura<\/p>\n","protected":false},"featured_media":86693,"comment_status":"open","ping_status":"closed","template":"","meta":[],"product_brand":[],"product_cat":[2138],"product_tag":[1974,2129,2139],"class_list":{"0":"post-86694","1":"product","2":"type-product","3":"status-publish","4":"has-post-thumbnail","6":"product_cat-unidades-de-estado-solido-ssd","7":"product_tag-almacenamiento","8":"product_tag-hiksemi-by-hikvision","9":"product_tag-unidades-de-estado-solido-ssd","11":"first","12":"instock","13":"sale","14":"shipping-taxable","15":"purchasable","16":"product-type-simple"},"_links":{"self":[{"href":"https:\/\/soydeaqui.ddns.net\/pachuca\/index.php\/wp-json\/wp\/v2\/product\/86694","targetHints":{"allow":["GET"]}}],"collection":[{"href":"https:\/\/soydeaqui.ddns.net\/pachuca\/index.php\/wp-json\/wp\/v2\/product"}],"about":[{"href":"https:\/\/soydeaqui.ddns.net\/pachuca\/index.php\/wp-json\/wp\/v2\/types\/product"}],"replies":[{"embeddable":true,"href":"https:\/\/soydeaqui.ddns.net\/pachuca\/index.php\/wp-json\/wp\/v2\/comments?post=86694"}],"wp:featuredmedia":[{"embeddable":true,"href":"https:\/\/soydeaqui.ddns.net\/pachuca\/index.php\/wp-json\/wp\/v2\/media\/86693"}],"wp:attachment":[{"href":"https:\/\/soydeaqui.ddns.net\/pachuca\/index.php\/wp-json\/wp\/v2\/media?parent=86694"}],"wp:term":[{"taxonomy":"product_brand","embeddable":true,"href":"https:\/\/soydeaqui.ddns.net\/pachuca\/index.php\/wp-json\/wp\/v2\/product_brand?post=86694"},{"taxonomy":"product_cat","embeddable":true,"href":"https:\/\/soydeaqui.ddns.net\/pachuca\/index.php\/wp-json\/wp\/v2\/product_cat?post=86694"},{"taxonomy":"product_tag","embeddable":true,"href":"https:\/\/soydeaqui.ddns.net\/pachuca\/index.php\/wp-json\/wp\/v2\/product_tag?post=86694"}],"curies":[{"name":"wp","href":"https:\/\/api.w.org\/{rel}","templated":true}]}}