{"id":86684,"date":"2026-03-19T22:33:26","date_gmt":"2026-03-19T22:33:26","guid":{"rendered":"https:\/\/soydeaqui.ddns.net\/pachuca\/index.php\/producto\/unidad-de-estado-solido-ssd-512-gb-2-5-sata-iii-alto-performance-para-gaming-y-pc-trabajo-pesado-530-mb-s-lectura-450-mb-s-escritura\/"},"modified":"2026-03-19T22:33:40","modified_gmt":"2026-03-19T22:33:40","slug":"unidad-de-estado-solido-ssd-512-gb-2-5-sata-iii-alto-performance-para-gaming-y-pc-trabajo-pesado-530-mb-s-lectura-450-mb-s-escritura","status":"publish","type":"product","link":"https:\/\/soydeaqui.ddns.net\/pachuca\/index.php\/producto\/unidad-de-estado-solido-ssd-512-gb-2-5-sata-iii-alto-performance-para-gaming-y-pc-trabajo-pesado-530-mb-s-lectura-450-mb-s-escritura\/","title":{"rendered":"Unidad de Estado S\u00f3lido (SSD) 512 GB \/ 2.5&#8243; \/ SATA III \/ ALTO PERFORMANCE \/ Para Gaming y PC Trabajo Pesado \/ 530 MB\/s Lectura \/ 450 MB\/s Escritura"},"content":{"rendered":"<div style='width: 100%; max-width: 1200px; margin: 0 auto; font-family: sans-serif; line-height: 1.6; color: inherit; background-color: transparent;'> <!-- Banner --> <\/p>\n<div style='width: 100%; text-align: center; margin: 30px 0;'> <img style='width: 100%; height: auto; border: 1px solid rgba(150&comma;150&comma;150&comma;0.3); border-radius: 8px; max-width: 100%;' src='https:\/\/ftp3.syscom.mx\/usuarios\/gmagos\/HIK\/storage\/Vaners\/hiksemi.png' alt='HIKSEMI Banner'> <\/div>\n<p> <!-- Especificaciones --> <\/p>\n<div style='display: flex; flex-direction: column; align-items: center; margin-bottom: 30px;'>\n<div style='width: 100%; max-width: 1200px; text-align: center; margin-bottom: 20px;'>\n<h1 style='font-size: 24px; color: inherit; margin: 0; padding: 10px 0; border-bottom: 2px solid currentColor; display: inline-block;'>Especificaciones<\/h1>\n<\/p><\/div>\n<div style='width: 100%; max-width: 600px;'>\n<ul style='list-style: none; padding: 0; margin: 0; border: 1px solid rgba(150&comma;150&comma;150&comma;0.3); border-radius: 8px; overflow: hidden; background-color: rgba(255&comma;255&comma;255&comma;0.05);'>\n<li style='background-color: rgba(150&comma;150&comma;150&comma;0.1); padding: 12px 15px; font-weight: bold; border-bottom: 1px solid rgba(150&comma;150&comma;150&comma;0.2);'>Caracter\u00edsticas Principales:<\/li>\n<li style='padding: 10px 15px; border-bottom: 1px solid rgba(150&comma;150&comma;150&comma;0.1); font-size: 14px;'>Capacidad: 512 GB<\/li>\n<li style='padding: 10px 15px; border-bottom: 1px solid rgba(150&comma;150&comma;150&comma;0.1); font-size: 14px;'>Vel. de Lectura: 530 MB\/s<\/li>\n<li style='padding: 10px 15px; border-bottom: 1px solid rgba(150&comma;150&comma;150&comma;0.1); font-size: 14px;'>Vel. de escritura: 450MB\/s<\/li>\n<li style='padding: 10px 15px; border-bottom: 1px solid rgba(150&comma;150&comma;150&comma;0.1); font-size: 14px;'>Temperatura de operaci\u00f3n: 0\u00b0C a 70\u00b0C (32\u00b0F a 158\u00b0F)<\/li>\n<li style='padding: 10px 15px; border-bottom: 1px solid rgba(150&comma;150&comma;150&comma;0.1); font-size: 14px;'>Tama\u00f1o: 2.5&#8242;<\/li>\n<li style='padding: 10px 15px; font-size: 14px;'>Peso: \u2264 34.4g<\/li>\n<\/ul><\/div>\n<\/p><\/div>\n<p> <!-- Videos --> <\/p>\n<div style='display: flex; flex-wrap: wrap; gap: 30px; margin-bottom: 30px;'>\n<div style='flex: 1 1 400px; min-width: 300px;'>\n<h3 style='text-align: center; font-size: 18px; margin: 0 0 15px; color: inherit; opacity: 0.8;'>\u00bfQui\u00e9n es HIKSEMI?<\/h3>\n<div style='position: relative; padding-bottom: 56.25%; height: 0; overflow: hidden; margin-bottom: 30px;'>   <\/div>\n<\/p><\/div>\n<div style='flex: 1 1 400px; min-width: 300px;'>\n<h3 style='text-align: center; font-size: 18px; margin: 0 0 15px; color: inherit; opacity: 0.8;'>Unidades de Estado S\u00f3lido<\/h3>\n<div style='position: relative; padding-bottom: 56.25%; height: 0; overflow: hidden; margin-bottom: 30px;'>   <\/div>\n<\/p><\/div>\n<\/p><\/div>\n<p> <!-- Imagen 1 con overlay --> <\/p>\n<div style='position: relative; width: 100%; margin-bottom: 30px;'> <img style='width: 100%; height: auto; border: 1px solid rgba(150&comma;150&comma;150&comma;0.3); border-radius: 8px; display: block;' src='https:\/\/ftp3.syscom.mx\/usuarios\/gmagos\/HIK\/storage\/Pagina%20WEB\/SSD%20WAVE\/WAVE%28S%29_01.jpg' alt='Imagen de Fondo'> <\/p>\n<div style='position: absolute; top: 50%; left: 50%; transform: translate(-50%&comma; -50%); text-align: center; padding: 20px; width: 100%; max-width: 600px;'>\n<h1 style='font-size: 35px; color: white; margin: 0 0 10px; font-family: Verdana&comma; Geneva&comma; sans-serif; font-weight: bold;'>SSD serie Wave de 2.5 pulgadas<\/h1>\n<h2 style='font-size: 20px; color: white; margin: 0; font-family: Verdana&comma; Geneva&comma; sans-serif;'>El fiel compa\u00f1ero de tu PC<\/h2>\n<\/p><\/div>\n<\/p><\/div>\n<p> <!-- Imagenes 2 y 3 --> <\/p>\n<div style='display: flex; flex-wrap: wrap; gap: 30px; margin-bottom: 30px; justify-content: center;'>\n<div style='flex: 1 1 300px; min-width: 280px; text-align: center;'> <img style='width: 100%; height: auto; border: 1px solid rgba(150&comma;150&comma;150&comma;0.3); border-radius: 8px; margin-bottom: 15px;' src='https:\/\/ftp3.syscom.mx\/usuarios\/gmagos\/HIK\/storage\/Pagina%20WEB\/SSD%20WAVE\/WAVE%28S%29_02.jpg' alt='SSD Wave 2'> <\/div>\n<div style='flex: 1 1 300px; min-width: 280px; text-align: center;'> <img style='width: 100%; height: auto; border: 1px solid rgba(150&comma;150&comma;150&comma;0.3); border-radius: 8px; margin-bottom: 15px;' src='https:\/\/ftp3.syscom.mx\/usuarios\/gmagos\/HIK\/storage\/Pagina%20WEB\/SSD%20WAVE\/WAVE%28S%29_03.jpg' alt='SSD Wave 3'> <\/div>\n<\/p><\/div>\n<p> <!-- Cards de caracter\u00edsticas --> <\/p>\n<div style='display: flex; flex-wrap: wrap; gap: 20px; margin-bottom: 30px;'>\n<div style='flex: 1 1 300px; min-width: 280px; border: 1px solid rgba(150&comma; 150&comma; 150&comma; 0.4); border-radius: 8px; overflow: hidden; display: flex; flex-direction: column;'>\n<div style='padding: 15px; border-bottom: 1px solid rgba(150&comma; 150&comma; 150&comma; 0.2); font-weight: bold; font-size: 18px; color: inherit;'>Transmisi\u00f3n estable<\/div>\n<div style='padding: 15px; color: inherit; font-size: 14px;'>\n<p style='margin: 0;'>Ofrecen una transmisi\u00f3n estable de datos debido a su calidad en los componentes&comma; tecnolog\u00edas avanzadas de control y correcci\u00f3n de errores&comma; y su capacidad para resistir condiciones adversas. Esta estabilidad en la transmisi\u00f3n de datos es esencial para asegurar el rendimiento y la confiabilidad del sistema en el que se utilicen&comma; ya sea en computadoras personales&comma; servidores&comma; sistemas de vigilancia&comma; o cualquier otra aplicaci\u00f3n que requiera almacenamiento de datos r\u00e1pido y seguro.<\/p>\n<\/p><\/div>\n<\/p><\/div>\n<div style='flex: 1 1 300px; min-width: 280px; border: 1px solid rgba(150&comma; 150&comma; 150&comma; 0.4); border-radius: 8px; overflow: hidden; display: flex; flex-direction: column;'>\n<div style='padding: 15px; border-bottom: 1px solid rgba(150&comma; 150&comma; 150&comma; 0.2); font-weight: bold; font-size: 18px; color: inherit;'>Compatibilidad<\/div>\n<div style='padding: 15px; color: inherit; font-size: 14px;'>\n<p style='margin: 0;'>Con su amplia compatibilidad multiplataforma&comma; los SSD de Hikvision se erigen como una soluci\u00f3n altamente adaptable que se integra sin inconvenientes en una variedad de entornos computacionales. Esta caracter\u00edstica no solo asegura una performance \u00f3ptima en diferentes sistemas operativos&comma; sino que tambi\u00e9n brinda una mayor facilidad en el proceso de implementaci\u00f3n&comma; lo que se traduce en una optimizaci\u00f3n del tiempo y recursos dedicados a la actualizaci\u00f3n y mejora de sistemas inform\u00e1ticos.<\/p>\n<\/p><\/div>\n<\/p><\/div>\n<\/p><\/div>\n<p> <!-- Imagen final --> <\/p>\n<div style='width: 100%; text-align: center; margin-bottom: 30px;'> <img style='width: 100%; max-width: 800px; height: auto; border: 1px solid rgba(150&comma;150&comma;150&comma;0.3); border-radius: 8px; margin-bottom: 15px;' src='https:\/\/ftp3.syscom.mx\/usuarios\/gmagos\/HIK\/storage\/Pagina%20WEB\/SSD%20WAVE\/WAVE%28S%29-1365x681_04.png' alt='SSD Wave Final'> <\/div>\n<p> <!-- Banner final --> <\/p>\n<div style='width: 100%; text-align: center; margin-bottom: 30px;'> <img style='width: 100%; max-width: 800px; height: auto; border: 1px solid rgba(150&comma;150&comma;150&comma;0.3); border-radius: 8px;' src='https:\/\/ftp3.syscom.mx\/usuarios\/gmagos\/HIK\/storage\/Vaners\/HIKSEMI-banner1.jpg' alt='Banner Final'> <\/div>\n<\/p><\/div>\n","protected":false},"excerpt":{"rendered":"<p>Unidad de Estado S\u00f3lido (SSD) 512 GB \/ 2.5&#8243; \/ SATA III \/ ALTO PERFORMANCE \/ Para Gaming y PC Trabajo Pesado \/ 530 MB\/s Lectura \/ 450 MB\/s Escritura<\/p>\n","protected":false},"featured_media":86683,"comment_status":"open","ping_status":"closed","template":"","meta":[],"product_brand":[],"product_cat":[2138],"product_tag":[1974,2129,2139],"class_list":{"0":"post-86684","1":"product","2":"type-product","3":"status-publish","4":"has-post-thumbnail","6":"product_cat-unidades-de-estado-solido-ssd","7":"product_tag-almacenamiento","8":"product_tag-hiksemi-by-hikvision","9":"product_tag-unidades-de-estado-solido-ssd","11":"first","12":"instock","13":"sale","14":"shipping-taxable","15":"purchasable","16":"product-type-simple"},"_links":{"self":[{"href":"https:\/\/soydeaqui.ddns.net\/pachuca\/index.php\/wp-json\/wp\/v2\/product\/86684","targetHints":{"allow":["GET"]}}],"collection":[{"href":"https:\/\/soydeaqui.ddns.net\/pachuca\/index.php\/wp-json\/wp\/v2\/product"}],"about":[{"href":"https:\/\/soydeaqui.ddns.net\/pachuca\/index.php\/wp-json\/wp\/v2\/types\/product"}],"replies":[{"embeddable":true,"href":"https:\/\/soydeaqui.ddns.net\/pachuca\/index.php\/wp-json\/wp\/v2\/comments?post=86684"}],"wp:featuredmedia":[{"embeddable":true,"href":"https:\/\/soydeaqui.ddns.net\/pachuca\/index.php\/wp-json\/wp\/v2\/media\/86683"}],"wp:attachment":[{"href":"https:\/\/soydeaqui.ddns.net\/pachuca\/index.php\/wp-json\/wp\/v2\/media?parent=86684"}],"wp:term":[{"taxonomy":"product_brand","embeddable":true,"href":"https:\/\/soydeaqui.ddns.net\/pachuca\/index.php\/wp-json\/wp\/v2\/product_brand?post=86684"},{"taxonomy":"product_cat","embeddable":true,"href":"https:\/\/soydeaqui.ddns.net\/pachuca\/index.php\/wp-json\/wp\/v2\/product_cat?post=86684"},{"taxonomy":"product_tag","embeddable":true,"href":"https:\/\/soydeaqui.ddns.net\/pachuca\/index.php\/wp-json\/wp\/v2\/product_tag?post=86684"}],"curies":[{"name":"wp","href":"https:\/\/api.w.org\/{rel}","templated":true}]}}