{"id":86682,"date":"2026-03-19T22:33:21","date_gmt":"2026-03-19T22:33:21","guid":{"rendered":"https:\/\/soydeaqui.ddns.net\/pachuca\/index.php\/producto\/antena-direccional-alto-rendimiento-parabola-profunda-para-mayor-aislamiento-al-ruido-6-ft-4-9-a-6-4-ghz-ganancia-de-38-dbi-soporte-de-acero-inoxidable-polaridad-en-90-y-45\/"},"modified":"2026-03-19T22:33:23","modified_gmt":"2026-03-19T22:33:23","slug":"antena-direccional-alto-rendimiento-parabola-profunda-para-mayor-aislamiento-al-ruido-6-ft-4-9-a-6-4-ghz-ganancia-de-38-dbi-soporte-de-acero-inoxidable-polaridad-en-90-y-45","status":"publish","type":"product","link":"https:\/\/soydeaqui.ddns.net\/pachuca\/index.php\/producto\/antena-direccional-alto-rendimiento-parabola-profunda-para-mayor-aislamiento-al-ruido-6-ft-4-9-a-6-4-ghz-ganancia-de-38-dbi-soporte-de-acero-inoxidable-polaridad-en-90-y-45\/","title":{"rendered":"Antena direccional Alto Rendimiento \/ Par\u00e1bola profunda para mayor aislamiento al ruido \/6 ft \/ 4.9 a 6.4 GHz \/  \/ Ganancia de 38 dBi \/ Soporte de acero inoxidable \/ Polaridad en 90 \u00b0 y 45 \u00b0 \/ Incluye montaje."},"content":{"rendered":"<div style='width: 100%; max-width: 1200px; margin: 0 auto; font-family: sans-serif; line-height: 1.6; color: inherit; background-color: transparent;'>\n<div style='display: flex; flex-wrap: wrap; gap: 30px; margin-bottom: 30px;'>\n<div style='flex: 1 1 300px; min-width: 280px;'>\n<h3 style='font-size: 22px; border-bottom: 2px solid currentColor; padding-bottom: 5px; margin-top: 0; color: inherit; opacity: 0.8;'>Caracter\u00edsticas<\/h3>\n<p style='font-size: 15px; color: inherit; margin-top: 15px;'>La antena parab\u00f3lica de doble polarizaci\u00f3n JRC-38DD MIMO Precision est\u00e1 dise\u00f1ada para enlaces direccionales con modo MIMO en la banda de frecuencia de 5 GHz para distancias muy largas. Su dise\u00f1o de plato profundo aumenta el aislamiento entre antenas en un m\u00e1stil y la relaci\u00f3n entre antenas.<\/p>\n<\/p><\/div>\n<div style='flex: 1 1 300px; min-width: 280px;'> <img style='width: 100%; height: auto; border: 1px solid rgba(150&comma;150&comma;150&comma;0.3); border-radius: 8px;' src='https:\/\/ftp3.syscom.mx\/usuarios\/fotos\/BancoFotografiasSyscom\/JIROUS\/JRC38DDMIMO\/JRC38DDMIMO-l.PNG' alt='Antena direccional Alto Rendimiento JIROUS JRC38DDMIMO'> <\/div>\n<\/p><\/div>\n<div style='display: flex; flex-wrap: wrap; gap: 20px; margin-bottom: 30px;'>\n<div style='flex: 1 1 250px; border: 1px solid rgba(150&comma; 150&comma; 150&comma; 0.4); border-radius: 8px; overflow: hidden; display: flex; flex-direction: column;'> <img style='width: 100%; height: auto; border: none;' src='https:\/\/ftp3.syscom.mx\/usuarios\/fotos\/BancoFotografiasSyscom\/JIROUS\/JRC38DDMIMO\/JRC38DDMIMO-l.PNG' alt='Antena direccional Alto Rendimiento JIROUS JRC38DDMIMO'> <\/p>\n<div style='padding: 15px; border-top: 1px solid rgba(150&comma; 150&comma; 150&comma; 0.2); font-weight: bold; font-size: 18px; color: inherit;'>Caracter\u00edsticas<\/div>\n<div style='padding: 15px; color: inherit;'>\n<ul style='padding-left: 20px; margin: 0; font-size: 14px; list-style-type: disc;'>\n<li style='margin-bottom: 5px;'><strong>Dimensiones:<\/strong> 1945 x 770 x 2050 mm \/ 140 kg<\/li>\n<li style='margin-bottom: 5px;'><strong>Peso de antena:<\/strong> 82 kg (180 lbs)<\/li>\n<li style='margin-bottom: 5px;'><strong>Tipo de conector:<\/strong> N-hembra (2)<\/li>\n<li style='margin-bottom: 5px;'><strong>Rango de frecuencia:<\/strong> 4.9 &#8211; 6.4 GHz<\/li>\n<li style='margin-bottom: 5px;'><strong>Ganancia:<\/strong> 38 \u00b1 1 dBi<\/li>\n<li style='margin-bottom: 5px;'><strong>Front to Back Ratio (F\/B):<\/strong> \u2265 60 dB<\/li>\n<li style='margin-bottom: 5px;'><strong>Carga de viento en funcionamiento:<\/strong> 140 km \/ h (68 mph) sin juego de arriostramiento del viento<\/li>\n<li style='margin-bottom: 5px;'><strong>Otras:<\/strong> etc.<\/li>\n<\/ul><\/div>\n<\/p><\/div>\n<div style='flex: 1 1 250px; border: 1px solid rgba(150&comma; 150&comma; 150&comma; 0.4); border-radius: 8px; overflow: hidden; display: flex; flex-direction: column;'> <img style='width: 100%; height: auto; border: none;' src='https:\/\/ftp3.syscom.mx\/usuarios\/fotos\/JRC29DDMIMO\/176947-captura_de_pantalla_2023-07-28_a_la(s)_10.32.47.png' alt='Enlaces Punto a Punto'> <\/p>\n<div style='padding: 15px; border-top: 1px solid rgba(150&comma; 150&comma; 150&comma; 0.2); font-weight: bold; font-size: 18px; color: inherit;'>Enlaces Punto a Punto<\/div>\n<div style='padding: 15px; color: inherit;'>\n<ul style='padding-left: 20px; margin: 0; font-size: 14px; list-style-type: disc;'>\n<li style='margin-bottom: 5px;'>Enlaces Punto a Punto con ganancia en sus platos de 24&comma; 29&comma; 32 y 35 dBi para distancias desde 10 hasta 100 km&comma; en frecuencia de 4.9 hasta 6.4 GHz. Antenas PTP de plato hondo dise\u00f1adas para enlaces robustos de alta capacidad y para evitar la interferencia en el ambiente&comma; ideal para el paso de internet&comma; datos&comma; telefon\u00eda IP y video vigilancia en los ambientes m\u00e1s complicados<\/li>\n<\/ul><\/div>\n<\/p><\/div>\n<div style='flex: 1 1 250px; border: 1px solid rgba(150&comma; 150&comma; 150&comma; 0.4); border-radius: 8px; overflow: hidden; display: flex; flex-direction: column;'> <img style='width: 100%; height: auto; border: none;' src='https:\/\/ftp3.syscom.mx\/usuarios\/fotos\/JRC32DDDUPLEXPRE\/171569-captura_de_pantalla_2023-07-28_a_la(s)_10.18.35.png' alt='Antenas Backhaul de Alta Gama para Enlaces PTP'> <\/p>\n<div style='padding: 15px; border-top: 1px solid rgba(150&comma; 150&comma; 150&comma; 0.2); font-weight: bold; font-size: 18px; color: inherit;'>Antenas Backhaul de Alta Gama para Enlaces PTP<\/div>\n<div style='padding: 15px; color: inherit;'>\n<ul style='padding-left: 20px; margin: 0; font-size: 14px; list-style-type: disc;'>\n<li style='margin-bottom: 5px;'>Antenas de alta gama en backhaul&comma; dise\u00f1adas con material de s\u00faper alta calidad para trabajar en las condiciones m\u00e1s dif\u00edciles&comma; saturaci\u00f3n de ruido o ambiente salino. Dise\u00f1o de frecuencia extendida de 4.9 a 6.4 GHz.<\/li>\n<\/ul><\/div>\n<\/p><\/div>\n<\/p><\/div>\n<\/p><\/div>\n","protected":false},"excerpt":{"rendered":"<p>Antena direccional Alto Rendimiento \/ Par\u00e1bola profunda para mayor aislamiento al ruido \/6 ft \/ 4.9 a 6.4 GHz \/  \/ Ganancia de 38 dBi \/ Soporte de acero inoxidable \/ Polaridad en 90 \u00b0 y 45 \u00b0 \/ Incluye montaje.<\/p>\n","protected":false},"featured_media":86681,"comment_status":"open","ping_status":"closed","template":"","meta":[],"product_brand":[],"product_cat":[1998],"product_tag":[1999,1980,1936],"class_list":{"0":"post-86682","1":"product","2":"type-product","3":"status-publish","4":"has-post-thumbnail","6":"product_cat-5-y-6-ghz","7":"product_tag-5-y-6-ghz","8":"product_tag-enlaces-ptp-y-ptmp","9":"product_tag-jirous","11":"first","12":"outofstock","13":"sale","14":"shipping-taxable","15":"purchasable","16":"product-type-simple"},"_links":{"self":[{"href":"https:\/\/soydeaqui.ddns.net\/pachuca\/index.php\/wp-json\/wp\/v2\/product\/86682","targetHints":{"allow":["GET"]}}],"collection":[{"href":"https:\/\/soydeaqui.ddns.net\/pachuca\/index.php\/wp-json\/wp\/v2\/product"}],"about":[{"href":"https:\/\/soydeaqui.ddns.net\/pachuca\/index.php\/wp-json\/wp\/v2\/types\/product"}],"replies":[{"embeddable":true,"href":"https:\/\/soydeaqui.ddns.net\/pachuca\/index.php\/wp-json\/wp\/v2\/comments?post=86682"}],"wp:featuredmedia":[{"embeddable":true,"href":"https:\/\/soydeaqui.ddns.net\/pachuca\/index.php\/wp-json\/wp\/v2\/media\/86681"}],"wp:attachment":[{"href":"https:\/\/soydeaqui.ddns.net\/pachuca\/index.php\/wp-json\/wp\/v2\/media?parent=86682"}],"wp:term":[{"taxonomy":"product_brand","embeddable":true,"href":"https:\/\/soydeaqui.ddns.net\/pachuca\/index.php\/wp-json\/wp\/v2\/product_brand?post=86682"},{"taxonomy":"product_cat","embeddable":true,"href":"https:\/\/soydeaqui.ddns.net\/pachuca\/index.php\/wp-json\/wp\/v2\/product_cat?post=86682"},{"taxonomy":"product_tag","embeddable":true,"href":"https:\/\/soydeaqui.ddns.net\/pachuca\/index.php\/wp-json\/wp\/v2\/product_tag?post=86682"}],"curies":[{"name":"wp","href":"https:\/\/api.w.org\/{rel}","templated":true}]}}