{"id":8664,"date":"2026-03-18T07:12:16","date_gmt":"2026-03-18T07:12:16","guid":{"rendered":"https:\/\/soydeaqui.ddns.net\/pachuca\/index.php\/producto\/cable-de-parcheo-slim-utp-cat6-1-5-metros-4-92-pies-blanco-dimetro-reducido-28-awg\/"},"modified":"2026-03-18T07:12:19","modified_gmt":"2026-03-18T07:12:19","slug":"cable-de-parcheo-slim-utp-cat6-1-5-metros-4-92-pies-blanco-dimetro-reducido-28-awg","status":"publish","type":"product","link":"https:\/\/soydeaqui.ddns.net\/pachuca\/index.php\/producto\/cable-de-parcheo-slim-utp-cat6-1-5-metros-4-92-pies-blanco-dimetro-reducido-28-awg\/","title":{"rendered":"Cable de Parcheo Slim UTP Cat6 &#8211; 1.5 Metros (4.92 Pies) Blanco Di?metro Reducido (28 AWG)"},"content":{"rendered":"<div style='width: 100%; max-width: 1200px; margin: 0 auto; font-family: sans-serif; line-height: 1.6; color: inherit; background-color: transparent;'> <!-- Secci\u00f3n de descripci\u00f3n --> <\/p>\n<div style='margin-bottom: 30px;'>\n<p style='margin: 0 0 15px; color: inherit; font-size: 15px;'>El cable UTP LinkedPro CAT6 permite flexibilidad en instalaci\u00f3n&comma; capacidad de crecimiento y facilidad de administraci\u00f3n. Es un cable de alto rendimiento y completa toda la soluci\u00f3n de LinkedPro.<\/p>\n<\/p><\/div>\n<p> <!-- Secci\u00f3n de caracter\u00edsticas --> <\/p>\n<div style='display: flex; flex-wrap: wrap; gap: 30px; margin-bottom: 30px;'>\n<div style='flex: 1 1 300px; min-width: 280px;'>\n<h3 style='font-size: 22px; border-bottom: 2px solid currentColor; padding-bottom: 5px; margin-top: 0; color: inherit; opacity: 0.8;'>Cable par trenzado no apantallado (UTP&comma; Unshielded Twisted Pair)<\/h3>\n<p style='margin: 0 0 15px; color: inherit; font-size: 15px;'>Cable de pares trenzados m\u00e1s simple y empleado&comma; sin ning\u00fan tipo de pantalla adicional y con una impedancia caracter\u00edstica de 100 Ohms.<\/p>\n<\/p><\/div>\n<div style='flex: 1 1 300px; min-width: 280px;'>\n<h3 style='font-size: 22px; border-bottom: 2px solid currentColor; padding-bottom: 5px; margin-top: 0; color: inherit; opacity: 0.8;'>Cat6<\/h3>\n<p style='margin: 0 0 15px; color: inherit; font-size: 15px;'>Su objetivo es la interfaz f\u00edsica para conectar los puntos de la sala de Telecomunicaciones en el \u00e1rea de trabajo adecu\u00e1ndose para las especificaciones de la norma IEEE 802.3\/3u\/3ab en redes LAN con transmisi\u00f3n de datos 10\/100\/1000 BaseTx con un rendimiento que supera 1Gbps.<\/p>\n<\/p><\/div>\n<\/p><\/div>\n<p> <!-- Secci\u00f3n de especificaciones t\u00e9cnicas --> <\/p>\n<div style='display: flex; flex-wrap: wrap; gap: 20px; margin-bottom: 30px;'>\n<div style='flex: 1 1 250px; border: 1px solid rgba(150&comma; 150&comma; 150&comma; 0.4); border-radius: 8px; overflow: hidden; display: flex; flex-direction: column;'>\n<div style='padding: 15px; border-bottom: 1px solid rgba(150&comma; 150&comma; 150&comma; 0.2); font-weight: bold; font-size: 18px; color: inherit;'>Informaci\u00f3n t\u00e9cnica<\/div>\n<div style='padding: 15px; color: inherit;'>\n<ul style='padding-left: 20px; margin: 0; font-size: 14px; list-style-type: disc; color: inherit;'>\n<li style='margin-bottom: 5px; color: inherit;'><strong style='color: inherit;'>Tipo:<\/strong> Cable de parcheo de cobre<\/li>\n<li style='margin-bottom: 5px; color: inherit;'><strong style='color: inherit;'>Color:<\/strong> Blanco<\/li>\n<li style='margin-bottom: 5px; color: inherit;'><strong style='color: inherit;'>Nivel de rendimiento:<\/strong> Cat6\/Clase E<\/li>\n<li style='margin-bottom: 5px; color: inherit;'><strong style='color: inherit;'>Longitud:<\/strong> 1.5 m<\/li>\n<li style='margin-bottom: 5px; color: inherit;'><strong style='color: inherit;'>Tipo de conector:<\/strong> RJ45 8(8)<\/li>\n<li style='margin-bottom: 5px; color: inherit;'><strong style='color: inherit;'>Terminaci\u00f3n extremo 1:<\/strong> Plug modular<\/li>\n<li style='margin-bottom: 5px; color: inherit;'><strong style='color: inherit;'>Terminaci\u00f3n extremo 2:<\/strong> Plug modular<\/li>\n<li style='margin-bottom: 5px; color: inherit;'><strong style='color: inherit;'>Tipo de cable:<\/strong> Sin blindaje<\/li>\n<li style='margin-bottom: 5px; color: inherit;'><strong style='color: inherit;'>Calibre:<\/strong> 28 AWG<\/li>\n<\/ul><\/div>\n<\/p><\/div>\n<\/p><\/div>\n<p> <!-- Separador --> <\/p>\n<hr style='border: 0; border-top: 1px solid rgba(150&comma; 150&comma; 150&comma; 0.3); margin: 30px 0;'> <\/div>\n","protected":false},"excerpt":{"rendered":"<p>Cable de Parcheo Slim UTP Cat6 &#8211; 1.5 Metros (4.92 Pies) Blanco Di?metro Reducido (28 AWG)<\/p>\n","protected":false},"featured_media":8663,"comment_status":"open","ping_status":"closed","template":"","meta":[],"product_brand":[],"product_cat":[598],"product_tag":[586,435,599],"class_list":{"0":"post-8664","1":"product","2":"type-product","3":"status-publish","4":"has-post-thumbnail","6":"product_cat-patch-cords","7":"product_tag-cableado-de-cobre","8":"product_tag-linkedpro-by-epcom","9":"product_tag-patch-cords","11":"first","12":"instock","13":"sale","14":"shipping-taxable","15":"purchasable","16":"product-type-simple"},"_links":{"self":[{"href":"https:\/\/soydeaqui.ddns.net\/pachuca\/index.php\/wp-json\/wp\/v2\/product\/8664","targetHints":{"allow":["GET"]}}],"collection":[{"href":"https:\/\/soydeaqui.ddns.net\/pachuca\/index.php\/wp-json\/wp\/v2\/product"}],"about":[{"href":"https:\/\/soydeaqui.ddns.net\/pachuca\/index.php\/wp-json\/wp\/v2\/types\/product"}],"replies":[{"embeddable":true,"href":"https:\/\/soydeaqui.ddns.net\/pachuca\/index.php\/wp-json\/wp\/v2\/comments?post=8664"}],"wp:featuredmedia":[{"embeddable":true,"href":"https:\/\/soydeaqui.ddns.net\/pachuca\/index.php\/wp-json\/wp\/v2\/media\/8663"}],"wp:attachment":[{"href":"https:\/\/soydeaqui.ddns.net\/pachuca\/index.php\/wp-json\/wp\/v2\/media?parent=8664"}],"wp:term":[{"taxonomy":"product_brand","embeddable":true,"href":"https:\/\/soydeaqui.ddns.net\/pachuca\/index.php\/wp-json\/wp\/v2\/product_brand?post=8664"},{"taxonomy":"product_cat","embeddable":true,"href":"https:\/\/soydeaqui.ddns.net\/pachuca\/index.php\/wp-json\/wp\/v2\/product_cat?post=8664"},{"taxonomy":"product_tag","embeddable":true,"href":"https:\/\/soydeaqui.ddns.net\/pachuca\/index.php\/wp-json\/wp\/v2\/product_tag?post=8664"}],"curies":[{"name":"wp","href":"https:\/\/api.w.org\/{rel}","templated":true}]}}