{"id":86569,"date":"2026-03-19T22:28:30","date_gmt":"2026-03-19T22:28:30","guid":{"rendered":"https:\/\/soydeaqui.ddns.net\/pachuca\/index.php\/producto\/licencia-threat-protection-antivirus-ips-y-filtrado-por-web-aplicacion-para-firewall-usg6585e-por-1-ano\/"},"modified":"2026-03-19T22:28:32","modified_gmt":"2026-03-19T22:28:32","slug":"licencia-threat-protection-antivirus-ips-y-filtrado-por-web-aplicacion-para-firewall-usg6585e-por-1-ano","status":"publish","type":"product","link":"https:\/\/soydeaqui.ddns.net\/pachuca\/index.php\/producto\/licencia-threat-protection-antivirus-ips-y-filtrado-por-web-aplicacion-para-firewall-usg6585e-por-1-ano\/","title":{"rendered":"Licencia Threat Protection (Antivirus, IPS, y Filtrado por web\/aplicaci\u00f3n) para Firewall USG6585E por 1 a\u00f1o"},"content":{"rendered":"<div style='width: 100%; max-width: 1200px; margin: 0 auto; font-family: sans-serif; line-height: 1.6; color: inherit; background-color: transparent;'>\n<div style='display: flex; flex-wrap: wrap; gap: 30px; margin-bottom: 30px;'>\n<div style='flex: 1 1 300px; min-width: 280px;'>\n<h3 style='font-size: 22px; border-bottom: 2px solid currentColor; padding-bottom: 5px; margin-top: 0; color: inherit; opacity: 0.8;'>Threat Protection<\/h3>\n<p style='font-size: 15px; color: inherit; margin-bottom: 15px;'>Protege tu negocio contra las crecientes amenazas cibern\u00e9ticas con nuestra soluci\u00f3n de Threat Protection. Mant\u00e9n tus sistemas y datos a salvo de malware&comma; hackers y actividades maliciosas. Nuestra soluci\u00f3n de vanguardia utiliza tecnolog\u00edas avanzadas para detectar&comma; prevenir y neutralizar ataques en tiempo real. Con una defensa robusta y actualizaciones constantes&comma; puedes estar tranquilo sabiendo que tu organizaci\u00f3n est\u00e1 protegida contra las amenazas m\u00e1s sofisticadas en el mundo digital.<\/p>\n<\/p><\/div>\n<\/p><\/div>\n<div style='display: flex; flex-wrap: wrap; gap: 30px; margin-bottom: 30px;'>\n<div style='flex: 1 1 300px; min-width: 280px;'>\n<h3 style='font-size: 20px; border-bottom: 2px solid currentColor; padding-bottom: 5px; margin-top: 0; color: inherit; opacity: 0.8;'>Protecci\u00f3n contra amenazas<\/h3>\n<p style='font-size: 15px; color: inherit; margin-bottom: 15px;'>La protecci\u00f3n contra amenazas abarca una variedad de herramientas y t\u00e9cnicas como:<\/p>\n<\/p><\/div>\n<\/p><\/div>\n<div style='display: flex; flex-wrap: wrap; gap: 20px; margin-bottom: 30px;'>\n<div style='flex: 1 1 300px; border: 1px solid rgba(150&comma; 150&comma; 150&comma; 0.4); border-radius: 8px; overflow: hidden; display: flex; flex-direction: column;'>\n<div style='padding: 15px; border-bottom: 1px solid rgba(150&comma; 150&comma; 150&comma; 0.2); font-weight: bold; font-size: 18px; color: inherit;'>IPS: Sistema de Prevenci\u00f3n de Intrusiones<\/div>\n<div style='padding: 15px; color: inherit;'>\n<p style='margin: 0; font-size: 14px;'>Es una tecnolog\u00eda de seguridad que se utiliza en los firewalls y otros dispositivos de red. Su objetivo es detectar y prevenir ataques maliciosos y actividades no autorizadas en tiempo real. Examina el tr\u00e1fico de red en busca de comportamientos anormales y patrones de ataque&comma; y toma medidas para bloquear o mitigar las amenazas detectadas.<\/p>\n<\/p><\/div>\n<\/p><\/div>\n<div style='flex: 1 1 300px; border: 1px solid rgba(150&comma; 150&comma; 150&comma; 0.4); border-radius: 8px; overflow: hidden; display: flex; flex-direction: column;'>\n<div style='padding: 15px; border-bottom: 1px solid rgba(150&comma; 150&comma; 150&comma; 0.2); font-weight: bold; font-size: 18px; color: inherit;'>Antivirus<\/div>\n<div style='padding: 15px; color: inherit;'>\n<p style='margin: 0; font-size: 14px;'>La inclusi\u00f3n de un antivirus en la licencia de threat protection de Huawei proporciona una capa adicional de seguridad para los sistemas y dispositivos protegidos. Ayuda a mantenerlos libres de malware y a prevenir infecciones que podr\u00edan comprometer la seguridad y el rendimiento del dispositivo. Es importante asegurarse de mantener actualizado el antivirus con las \u00faltimas definiciones de amenazas para garantizar una protecci\u00f3n efectiva contra las \u00faltimas variantes de malware.<\/p>\n<\/p><\/div>\n<\/p><\/div>\n<div style='flex: 1 1 300px; border: 1px solid rgba(150&comma; 150&comma; 150&comma; 0.4); border-radius: 8px; overflow: hidden; display: flex; flex-direction: column;'>\n<div style='padding: 15px; border-bottom: 1px solid rgba(150&comma; 150&comma; 150&comma; 0.2); font-weight: bold; font-size: 18px; color: inherit;'>Filtrado de URL<\/div>\n<div style='padding: 15px; color: inherit;'>\n<p style='margin: 0; font-size: 14px;'>Se basa en una base de datos actualizada de categor\u00edas de sitios web que han sido clasificados previamente como seguros&comma; inapropiados&comma; maliciosos&comma; de redes sociales&comma; de compras&comma; entre otros. Cuando un usuario intenta acceder a un sitio web&comma; el sistema verifica la URL y la compara con la base de datos de categor\u00edas. Si la URL est\u00e1 clasificada como potencialmente peligrosa o inapropiada&comma; se puede bloquear el acceso al sitio web o se puede generar una advertencia para el usuario.<\/p>\n<\/p><\/div>\n<\/p><\/div>\n<\/p><\/div>\n<div style='display: flex; flex-wrap: wrap; gap: 30px; margin-bottom: 30px;'>\n<div style='flex: 1 1 300px; min-width: 280px;'>\n<div style='border: 1px solid rgba(150&comma; 150&comma; 150&comma; 0.4); border-radius: 8px; padding: 15px; background-color: rgba(255&comma; 243&comma; 205&comma; 0.1); color: inherit;'> <strong style='color: inherit;'>Nota:<\/strong> Al adquirir un Firewall de los modelos USG6510E&comma; USG6530E \u00f3 USG6585E&comma; no ser\u00e1 necesario adquirir estas licencias&comma; ya que al adquirir el equipo ya lo incluye por un a\u00f1o. <\/div>\n<\/p><\/div>\n<\/p><\/div>\n<\/p><\/div>\n","protected":false},"excerpt":{"rendered":"<p>Licencia Threat Protection (Antivirus, IPS, y Filtrado por web\/aplicaci\u00f3n) para Firewall USG6585E por 1 a\u00f1o<\/p>\n","protected":false},"featured_media":86568,"comment_status":"open","ping_status":"closed","template":"","meta":[],"product_brand":[],"product_cat":[1996],"product_tag":[718,1997,664],"class_list":{"0":"post-86569","1":"product","2":"type-product","3":"status-publish","4":"has-post-thumbnail","6":"product_cat-licencias-suscripciones","7":"product_tag-huawei","8":"product_tag-licencias-suscripciones","9":"product_tag-networking","11":"first","12":"outofstock","13":"sale","14":"shipping-taxable","15":"purchasable","16":"product-type-simple"},"_links":{"self":[{"href":"https:\/\/soydeaqui.ddns.net\/pachuca\/index.php\/wp-json\/wp\/v2\/product\/86569","targetHints":{"allow":["GET"]}}],"collection":[{"href":"https:\/\/soydeaqui.ddns.net\/pachuca\/index.php\/wp-json\/wp\/v2\/product"}],"about":[{"href":"https:\/\/soydeaqui.ddns.net\/pachuca\/index.php\/wp-json\/wp\/v2\/types\/product"}],"replies":[{"embeddable":true,"href":"https:\/\/soydeaqui.ddns.net\/pachuca\/index.php\/wp-json\/wp\/v2\/comments?post=86569"}],"wp:featuredmedia":[{"embeddable":true,"href":"https:\/\/soydeaqui.ddns.net\/pachuca\/index.php\/wp-json\/wp\/v2\/media\/86568"}],"wp:attachment":[{"href":"https:\/\/soydeaqui.ddns.net\/pachuca\/index.php\/wp-json\/wp\/v2\/media?parent=86569"}],"wp:term":[{"taxonomy":"product_brand","embeddable":true,"href":"https:\/\/soydeaqui.ddns.net\/pachuca\/index.php\/wp-json\/wp\/v2\/product_brand?post=86569"},{"taxonomy":"product_cat","embeddable":true,"href":"https:\/\/soydeaqui.ddns.net\/pachuca\/index.php\/wp-json\/wp\/v2\/product_cat?post=86569"},{"taxonomy":"product_tag","embeddable":true,"href":"https:\/\/soydeaqui.ddns.net\/pachuca\/index.php\/wp-json\/wp\/v2\/product_tag?post=86569"}],"curies":[{"name":"wp","href":"https:\/\/api.w.org\/{rel}","templated":true}]}}