{"id":86563,"date":"2026-03-19T22:28:14","date_gmt":"2026-03-19T22:28:14","guid":{"rendered":"https:\/\/soydeaqui.ddns.net\/pachuca\/index.php\/producto\/jabra-evolve2-85-auricular-stereo-version-ms-con-cancelacion-de-ruido-activa-dongle-usb-a-indicador-de-ocupado-busylight28599-999-999\/"},"modified":"2026-03-19T22:28:20","modified_gmt":"2026-03-19T22:28:20","slug":"jabra-evolve2-85-auricular-stereo-version-ms-con-cancelacion-de-ruido-activa-dongle-usb-a-indicador-de-ocupado-busylight28599-999-999","status":"publish","type":"product","link":"https:\/\/soydeaqui.ddns.net\/pachuca\/index.php\/producto\/jabra-evolve2-85-auricular-stereo-version-ms-con-cancelacion-de-ruido-activa-dongle-usb-a-indicador-de-ocupado-busylight28599-999-999\/","title":{"rendered":"Jabra Evolve2 85, Auricular stereo versi\u00f3n MS con cancelaci\u00f3n de ruido activa, dongle USB-A indicador de ocupado (Busylight)(28599-999-999)"},"content":{"rendered":"<div style='width: 100%; max-width: 1200px; margin: 0 auto; font-family: sans-serif; line-height: 1.6; color: inherit; background-color: transparent;'>\n<div style='display: flex; flex-direction: column; gap: 30px;'>\n<div style='display: flex; flex-direction: column; align-items: center; text-align: center;'>\n<h4 style='font-size: 22px; color: inherit; opacity: 0.8; margin: 0;'>CANCELACI\u00d3N DE RUIDO<\/h4>\n<h2 style='font-size: 2rem; margin: 10px 0; color: inherit;'>Escucha tus pensamientos.<\/h2>\n<hr style='border-top: 2px solid #f0f606; width: 40px; margin: 15px 0; border: none;'> <\/div>\n<div style='display: flex; flex-wrap: wrap; gap: 30px;'>\n<div style='flex: 1 1 300px; min-width: 280px;'>\n<h3 style='font-size: 1.5rem; color: inherit; margin-top: 0;'>Olv\u00eddate de esconderte cuando est\u00e1s trabajando.<\/h3>\n<p style='font-size: 15px; color: inherit; text-align: justify;'>La luz de ocupado Busylight ahora es visible desde cualquier direcci\u00f3n. La luz roja se activa autom\u00e1ticamente durante llamadas o reuniones&comma; o puedes activarla manualmente con un bot\u00f3n. Esta luz te protege contra interrupciones incluso en entornos ocupados.<\/p>\n<p style='font-size: 15px; color: inherit;'>Es como tener un guardia de seguridad integrado para tu concentraci\u00f3n.<\/p>\n<\/p><\/div>\n<div style='flex: 1 1 300px; min-width: 280px;'><\/div>\n<div style='flex: 1 1 300px; min-width: 280px;'>\n<div style='position: relative; padding-bottom: 56.25%; height: 0; overflow: hidden; margin-bottom: 30px;'>   <\/div>\n<\/p><\/div>\n<\/p><\/div>\n<div style='display: flex; flex-direction: column; align-items: center; text-align: center;'>\n<h2 style='font-size: 2rem; color: inherit; margin: 0;'>Llamadas mejoradas.<\/h2>\n<hr style='border-top: 2px solid #f0f606; width: 40px; margin: 15px 0; border: none;'> <\/div>\n<div style='display: flex; flex-wrap: wrap; gap: 30px;'>\n<div style='flex: 1 1 300px; min-width: 280px;'>\n<div style='width: 100%;'>\n<div style='position: relative; width: 100%; overflow: hidden;'>\n<div style='display: flex; flex-direction: column; width: 100%;'>\n<div style='width: 100%;'>\n<div style='width: 100%;'>\n<div style='width: 100%; display: flex; overflow-x: hidden;'>\n<div style='flex: 0 0 100%; display: flex; transition: transform 0.3s ease; transform: translateX(0);'> <img style='width: 100%; height: auto; border: 1px solid rgba(150&comma;150&comma;150&comma;0.3); border-radius: 8px;' src='https:\/\/ftp3.syscom.mx\/usuarios\/fotos\/EVOLVE285UCBKA\/187567-captura_de_pantalla_2021-04-12_a_la(s)_12.02.27.png' alt=''> <\/div>\n<div style='flex: 0 0 100%; display: flex; transition: transform 0.3s ease; transform: translateX(0);'> <img style='width: 100%; height: auto; border: 1px solid rgba(150&comma;150&comma;150&comma;0.3); border-radius: 8px;' src='https:\/\/ftp3.syscom.mx\/usuarios\/fotos\/EVOLVE285UCBKA\/187567-captura_de_pantalla_2021-04-12_a_la(s)_12.02.35.png' alt=''> <\/div>\n<div style='flex: 0 0 100%; display: flex; transition: transform 0.3s ease; transform: translateX(0);'> <img style='width: 100%; height: auto; border: 1px solid rgba(150&comma;150&comma;150&comma;0.3); border-radius: 8px;' src='https:\/\/ftp3.syscom.mx\/usuarios\/fotos\/EVOLVE285UCBKA\/187567-captura_de_pantalla_2021-04-12_a_la(s)_12.01.52.png' alt=''> <\/div>\n<\/p><\/div>\n<\/p><\/div>\n<\/p><\/div>\n<\/p><\/div>\n<\/p><\/div>\n<\/p><\/div>\n<\/p><\/div>\n<div style='flex: 1 1 300px; min-width: 280px;'>\n<p style='font-size: 15px; color: inherit; text-align: justify;'>Hemos optimizado el rendimiento de llamadas de la serie Evolve&comma; mejorando a\u00fan m\u00e1s con 10 micr\u00f3fonos (s\u00ed&comma; 10) gracias a nuestro chipset digital avanzado que ofrece una calidad de llamada extraordinaria.<\/p>\n<p style='font-size: 15px; color: inherit;'><strong>Porque la claridad lo es todo en las llamadas importantes.<\/strong><\/p>\n<p style='font-size: 15px; color: inherit;'><strong>\u00bfTienes una semana llena de actividades? Puedes contar con nosotros.<\/strong><\/p>\n<p style='font-size: 15px; color: inherit; text-align: justify;'>Nuestra tecnolog\u00eda avanzada de eficiencia de la bater\u00eda aprovecha hasta el \u00faltimo minuto de energ\u00eda&comma; ofreciendo 37 horas de duraci\u00f3n (impulsada por ese peque\u00f1o chipset poderoso).<\/p>\n<p style='font-size: 15px; color: inherit;'>Y&comma; como nos gusta estar prevenidos para cualquier situaci\u00f3n&comma; tambi\u00e9n te ofrecemos una pr\u00e1ctica base de carga&comma; por si acaso.<\/p>\n<p style='font-size: 15px; color: inherit;'>Puedes tener la seguridad de que los auriculares Evolve2 85 te acompa\u00f1ar\u00e1n durante toda la semana.<\/p>\n<p style='font-size: 15px; color: inherit;'><strong>Carga completa<\/strong><\/p>\n<p style='font-size: 15px; color: inherit;'>Consigue 37 horas de autonom\u00eda en 2&comma;5 horas<\/p>\n<p style='font-size: 15px; color: inherit;'><strong>Carga r\u00e1pida<\/strong><\/p>\n<p style='font-size: 15px; color: inherit;'>Consigue 8 horas de autonom\u00eda en 15 minutos.<\/p>\n<\/p><\/div>\n<\/p><\/div>\n<hr style='border: 0; border-top: 1px solid rgba(150&comma;150&comma;150&comma;0.3); margin: 30px 0;'>\n<h2 style='font-size: 2rem; color: inherit; margin-top: 0;'>Especificaciones t\u00e9cnicas<\/h2>\n<div style='display: flex; flex-wrap: wrap; gap: 20px; margin-top: 20px;'>\n<div style='flex: 1 1 250px; border: 1px solid rgba(150&comma;150&comma;150&comma;0.4); border-radius: 8px; overflow: hidden; display: flex; flex-direction: column;'>\n<div style='padding: 15px; border-bottom: 1px solid rgba(150&comma;150&comma;150&comma;0.2); font-weight: bold; font-size: 18px; color: inherit;'>Audio<\/div>\n<div style='padding: 15px; color: inherit;'>\n<ul style='padding-left: 20px; margin: 0; font-size: 14px; list-style: disc; color: inherit;'>\n<li style='margin-bottom: 5px;'><strong>Cancelaci\u00f3n activa de ruido:<\/strong> Digital e h\u00edbrida (ANC) con 4 micr\u00f3fonos<\/li>\n<li style='margin-bottom: 5px;'><strong>Tama\u00f1o de bocina:<\/strong> 40 mm \u00d8<\/li>\n<li style='margin-bottom: 5px;'><strong>Sensibilidad del altavoz:<\/strong> 117 dB @1 mW-1 kHz<\/li>\n<li style='margin-bottom: 5px;'><strong>Alimentaci\u00f3n m\u00e1xima del altavoz:<\/strong> 50 mW<\/li>\n<li style='margin-bottom: 5px;'><strong>Rango de frecuencia del altavoz:<\/strong> 20 Hz &#8211; 20 000 Hz<\/li>\n<li style='margin-bottom: 5px;'><strong>Ancho de banda del altavoz: modo m\u00fasica:<\/strong> 20 Hz &#8211; 20 000 Hz<\/li>\n<li style='margin-bottom: 5px;'><strong>Ancho de banda del altavoz&comma; modo Conversaci\u00f3n:<\/strong> 100 Hz &#8211; 8000 Hz<\/li>\n<li style='margin-bottom: 5px;'><strong>Tipo de micr\u00f3fono:<\/strong> 4 MEMS anal\u00f3gicos \/ 6 MEMS digitales<\/li>\n<li style='margin-bottom: 5px;'><strong>Sensibilidad del micr\u00f3fono:<\/strong> -35 dBv\/Pa (micr\u00f3fono anal\u00f3gico)\/-26 dBFS\/Pa (micr\u00f3fono digital)<\/li>\n<li style='margin-bottom: 5px;'><strong>Rango de frecuencia del micr\u00f3fono:<\/strong> 5-20 000 Hz para el micr\u00f3fono anal\u00f3gico\/100Hz &#8211; 8000Hz para el micr\u00f3fono digital<\/li>\n<li style='margin-bottom: 5px;'><strong>C\u00f3decs de audio admitidos:<\/strong> SBC&comma; AAC<\/li>\n<li style='margin-bottom: 5px;'><strong>Protecci\u00f3n ac\u00fastica para usuarios:<\/strong> Jabra SafeTone\u2122<\/li>\n<li style='margin-bottom: 5px;'><strong>Certificaciones:<\/strong> Principales proveedores de UC; cumplen con los requisitos de Microsoft Teams para oficinas abiertas*<\/li>\n<\/ul><\/div>\n<\/p><\/div>\n<div style='flex: 1 1 250px; border: 1px solid rgba(150&comma;150&comma;150&comma;0.4); border-radius: 8px; overflow: hidden; display: flex; flex-direction: column;'>\n<div style='padding: 15px; border-bottom: 1px solid rgba(150&comma;150&comma;150&comma;0.2); font-weight: bold; font-size: 18px; color: inherit;'>Ajuste y comodidad<\/div>\n<div style='padding: 15px; color: inherit;'>\n<ul style='padding-left: 20px; margin: 0; font-size: 14px; list-style: disc; color: inherit;'>\n<li style='margin-bottom: 5px;'><strong>Forma de los auriculares:<\/strong> Diadema y almohadillas sobre de la oreja<\/li>\n<\/ul><\/div>\n<\/p><\/div>\n<div style='flex: 1 1 250px; border: 1px solid rgba(150&comma;150&comma;150&comma;0.4); border-radius: 8px; overflow: hidden; display: flex; flex-direction: column;'>\n<div style='padding: 15px; border-bottom: 1px solid rgba(150&comma;150&comma;150&comma;0.2); font-weight: bold; font-size: 18px; color: inherit;'>Conectividad<\/div>\n<div style='padding: 15px; color: inherit;'>\n<ul style='padding-left: 20px; margin: 0; font-size: 14px; list-style: disc; color: inherit;'>\n<li style='margin-bottom: 5px;'><strong>Conexi\u00f3n (ordenador y dispositivos m\u00f3viles):<\/strong> Adaptador Bluetooth (USB-A)&comma; clavija de 3&comma;5 mm (con cable)&comma; Bluetooth<\/li>\n<li style='margin-bottom: 5px;'><strong>Dispositivo Bluetooth\u00ae:<\/strong> S\u00ed<\/li>\n<li style='margin-bottom: 5px;'><strong>Versi\u00f3n de Bluetooth:<\/strong> 5.0<\/li>\n<li style='margin-bottom: 5px;'><strong>Perfiles Bluetooth:<\/strong> HSP v1.2 &comma; HFP v1.7&comma; A2DP v1.3&comma; AVRCP v1.6&comma; PBAP v1.1&comma; SPP v1.2<\/li>\n<li style='margin-bottom: 5px;'><strong>Rango de operaci\u00f3n:<\/strong> Hasta 30 m\/100 pies<\/li>\n<li style='margin-bottom: 5px;'><strong>Lista de sincronizaci\u00f3n Bluetooth:<\/strong> Hasta 8 dispositivos<\/li>\n<li style='margin-bottom: 5px;'><strong>Conexiones Bluetooth simult\u00e1neas:<\/strong> 2<\/li>\n<\/ul><\/div>\n<\/p><\/div>\n<div style='flex: 1 1 250px; border: 1px solid rgba(150&comma;150&comma;150&comma;0.4); border-radius: 8px; overflow: hidden; display: flex; flex-direction: column;'>\n<div style='padding: 15px; border-bottom: 1px solid rgba(150&comma;150&comma;150&comma;0.2); font-weight: bold; font-size: 18px; color: inherit;'>Bater\u00eda<\/div>\n<div style='padding: 15px; color: inherit;'>\n<ul style='padding-left: 20px; margin: 0; font-size: 14px; list-style: disc; color: inherit;'>\n<li style='margin-bottom: 5px;'><strong>Tiempo en conversaci\u00f3n:<\/strong> Hasta 30 horas (sin ANC\/busylight)\/Hasta 20 horas (con ANC\/busylight)<\/li>\n<li style='margin-bottom: 5px;'><strong>Tiempo de m\u00fasica:<\/strong> Hasta 37 horas (sin ANC) y hasta 32 horas (con ANC)<\/li>\n<li style='margin-bottom: 5px;'><strong>Tiempo de carga:<\/strong> Hasta 140 min<\/li>\n<li style='margin-bottom: 5px;'><strong>Consumo de energ\u00eda:<\/strong> 5 V\/500 mA<\/li>\n<li style='margin-bottom: 5px;'><strong>Estado de la bater\u00eda en % tras 30 min\/60 min:<\/strong> 30% despu\u00e9s de 30 min y 60% despu\u00e9s de 60 min<\/li>\n<\/ul><\/div>\n<\/p><\/div>\n<div style='flex: 1 1 250px; border: 1px solid rgba(150&comma;150&comma;150&comma;0.4); border-radius: 8px; overflow: hidden; display: flex; flex-direction: column;'>\n<div style='padding: 15px; border-bottom: 1px solid rgba(150&comma;150&comma;150&comma;0.2); font-weight: bold; font-size: 18px; color: inherit;'>General<\/div>\n<div style='padding: 15px; color: inherit;'>\n<ul style='padding-left: 20px; margin: 0; font-size: 14px; list-style: disc; color: inherit;'>\n<li style='margin-bottom: 5px;'><strong>Contenido del embalaje:<\/strong> Auriculares&comma; adaptador Bluetooth Jabra Link 380a&comma; cable de audio con clavija de 3&comma;5 mm (1&comma;2 m\/3&comma;9 ft)&comma; adaptador para avi\u00f3n&comma; funda de transporte&comma; garant\u00eda y advertencias (folletos de seguridad)<\/li>\n<li style='margin-bottom: 5px;'><strong>Dimensiones del embalaje (l. \u00d7 an. \u00d7 al.):<\/strong> Sin lote completo: 22&comma;7 x 18&comma;85 x 7&comma;3 cm\/8&comma;94 x 7&comma;42 x 2&comma;87 in Con lote completo: 22&comma;7 x 18&comma;85 x 9&comma;2 cm\/8&comma;94 x 7&comma;42 x 3&comma;62 in<\/li>\n<li style='margin-bottom: 5px;'><strong>Dimensi\u00f3n de unidad principal:<\/strong> 198&comma;6 x 160 x 77&comma;3 mm\/7&comma;82 x 6&comma;30 x 3&comma;05 in<\/li>\n<li style='margin-bottom: 5px;'><strong>Peso (incluyendo estilo principal):<\/strong> 286 g\/10&comma;08 oz<\/li>\n<li style='margin-bottom: 5px;'><strong>Material usado:<\/strong> Diadema de espuma ultrasuave cubierta de polipiel a juego&comma; almohadillas de espuma suave cubiertas de polipiel a juego<\/li>\n<li style='margin-bottom: 5px;'><strong>Tipo de bater\u00eda:<\/strong> Bater\u00eda de iones de litio recargable<\/li>\n<li style='margin-bottom: 5px;'><strong>Garant\u00eda:<\/strong> 2 a\u00f1os<\/li>\n<li style='margin-bottom: 5px;'><strong>Jabra Direct\/Jabra Express:<\/strong> S\u00ed<\/li>\n<li style='margin-bottom: 5px;'><strong>Jabra Sound+:<\/strong> S\u00ed<\/li>\n<li style='margin-bottom: 5px;'><strong>Caracter\u00edsticas y funciones LED:<\/strong> Busylight&comma; llamada entrante<\/li>\n<\/ul><\/div>\n<\/p><\/div>\n<\/p><\/div>\n<hr style='border: 0; border-top: 1px solid rgba(150&comma;150&comma;150&comma;0.3); margin: 30px 0;'>\n<div style='display: flex; flex-direction: column; align-items: center; text-align: center;'>\n<h2 style='font-size: 2rem; color: inherit; margin: 0;'>Jabra Direct<\/h2>\n<p> <img style='width: 100%; height: auto; border: 1px solid rgba(150&comma;150&comma;150&comma;0.3); border-radius: 8px; margin-top: 15px;' src='https:\/\/ftp3.syscom.mx\/usuarios\/fotos\/EVOLVE285UCBKA\/187567-captura_de_pantalla_2021-04-12_a_la(s)_12.02.54.png' alt=''> <\/div>\n<\/p><\/div>\n<\/p><\/div>\n","protected":false},"excerpt":{"rendered":"<p>Jabra Evolve2 85, Auricular stereo versi\u00f3n MS con cancelaci\u00f3n de ruido activa, dongle USB-A indicador de ocupado (Busylight)(28599-999-999)<\/p>\n","protected":false},"featured_media":86562,"comment_status":"open","ping_status":"closed","template":"","meta":[],"product_brand":[],"product_cat":[2050],"product_tag":[2051,2052,2004],"class_list":{"0":"post-86563","1":"product","2":"type-product","3":"status-publish","4":"has-post-thumbnail","6":"product_cat-auriculares","7":"product_tag-auriculares","8":"product_tag-jabra","9":"product_tag-voip-telefonia-ip-videoconferencia","11":"first","12":"instock","13":"sale","14":"shipping-taxable","15":"purchasable","16":"product-type-simple"},"_links":{"self":[{"href":"https:\/\/soydeaqui.ddns.net\/pachuca\/index.php\/wp-json\/wp\/v2\/product\/86563","targetHints":{"allow":["GET"]}}],"collection":[{"href":"https:\/\/soydeaqui.ddns.net\/pachuca\/index.php\/wp-json\/wp\/v2\/product"}],"about":[{"href":"https:\/\/soydeaqui.ddns.net\/pachuca\/index.php\/wp-json\/wp\/v2\/types\/product"}],"replies":[{"embeddable":true,"href":"https:\/\/soydeaqui.ddns.net\/pachuca\/index.php\/wp-json\/wp\/v2\/comments?post=86563"}],"wp:featuredmedia":[{"embeddable":true,"href":"https:\/\/soydeaqui.ddns.net\/pachuca\/index.php\/wp-json\/wp\/v2\/media\/86562"}],"wp:attachment":[{"href":"https:\/\/soydeaqui.ddns.net\/pachuca\/index.php\/wp-json\/wp\/v2\/media?parent=86563"}],"wp:term":[{"taxonomy":"product_brand","embeddable":true,"href":"https:\/\/soydeaqui.ddns.net\/pachuca\/index.php\/wp-json\/wp\/v2\/product_brand?post=86563"},{"taxonomy":"product_cat","embeddable":true,"href":"https:\/\/soydeaqui.ddns.net\/pachuca\/index.php\/wp-json\/wp\/v2\/product_cat?post=86563"},{"taxonomy":"product_tag","embeddable":true,"href":"https:\/\/soydeaqui.ddns.net\/pachuca\/index.php\/wp-json\/wp\/v2\/product_tag?post=86563"}],"curies":[{"name":"wp","href":"https:\/\/api.w.org\/{rel}","templated":true}]}}