{"id":86554,"date":"2026-03-19T22:27:49","date_gmt":"2026-03-19T22:27:49","guid":{"rendered":"https:\/\/soydeaqui.ddns.net\/pachuca\/index.php\/producto\/memoria-microsd-para-celular-o-tablet-256-gb-multiproposito\/"},"modified":"2026-03-19T22:28:01","modified_gmt":"2026-03-19T22:28:01","slug":"memoria-microsd-para-celular-o-tablet-256-gb-multiproposito","status":"publish","type":"product","link":"https:\/\/soydeaqui.ddns.net\/pachuca\/index.php\/producto\/memoria-microsd-para-celular-o-tablet-256-gb-multiproposito\/","title":{"rendered":"Memoria microSD para Celular o Tablet \/ 256 GB \/ Multiprop\u00f3sito"},"content":{"rendered":"<div style='width: 100%; max-width: 1200px; margin: 0 auto; font-family: sans-serif; line-height: 1.6; color: inherit; background-color: transparent;'> <!-- Banner principal --> <\/p>\n<div style='width: 100%; margin: 20px 0;'> <img style='width: 100%; height: auto; border: 1px solid rgba(150&comma;150&comma;150&comma;0.3); border-radius: 8px;' src='https:\/\/ftp3.syscom.mx\/usuarios\/gmagos\/HIK\/storage\/Vaners\/hiksemi.png' alt='HIKSEMI Banner'> <\/div>\n<p> <!-- Caracter\u00edsticas principales --> <\/p>\n<div style='display: flex; flex-wrap: wrap; gap: 30px; margin: 30px 0;'>\n<div style='flex: 1 1 100%; text-align: center;'>\n<h2 style='font-size: 24px; border-bottom: 2px solid currentColor; padding-bottom: 5px; margin-top: 0; color: inherit; opacity: 0.8;'>Especificaciones<\/h2>\n<\/p><\/div>\n<div style='flex: 1 1 300px; min-width: 280px;'>\n<ul style='padding-left: 20px; font-size: 15px; color: inherit;'>\n<li style='margin-bottom: 5px;'><strong>Formato:<\/strong> Micro SDXC<\/li>\n<li style='margin-bottom: 5px;'><strong>Capacidad:<\/strong> 256 GB<\/li>\n<li style='margin-bottom: 5px;'><strong>Velocidad de Lectura:<\/strong> 92 MB\/s<\/li>\n<li style='margin-bottom: 5px;'><strong>Velocidad de Escritura:<\/strong> 50 MB\/s<\/li>\n<li style='margin-bottom: 5px;'><strong>Memoria flash NAND:<\/strong> TLC (Triple-Level Cell)<\/li>\n<li style='margin-bottom: 5px;'><strong>Dimensiones:<\/strong> 14.99 x 10.92 x 1.02 mm (0.59 x 0.43 x 0.04 in)<\/li>\n<li style='margin-bottom: 5px;'><strong>Temperatura de Operaci\u00f3n:<\/strong> 0 \u00b0C a 70 \u00b0C (32 \u00b0F to 158 \u00b0F)<\/li>\n<li style='margin-bottom: 5px;'><strong>Uso recomendado:<\/strong> Celulares&comma; tablets&comma; videojuegos (no recomendado para CCTV)<\/li>\n<\/ul><\/div>\n<\/p><\/div>\n<p> <!-- Videos --> <\/p>\n<div style='display: flex; flex-wrap: wrap; gap: 20px; margin: 30px 0;'>\n<div style='flex: 1 1 400px; min-width: 300px;'>\n<h3 style='font-size: 18px; text-align: center; margin-top: 0; color: inherit; opacity: 0.8;'><strong>\u00bfQui\u00e9n es HIKSEMI?<\/strong><\/h3>\n<div style='position: relative; padding-bottom: 56.25%; height: 0; overflow: hidden; margin-bottom: 30px;'>   <\/div>\n<\/p><\/div>\n<div style='flex: 1 1 400px; min-width: 300px;'>\n<h3 style='font-size: 18px; text-align: center; margin-top: 0; color: inherit; opacity: 0.8;'><strong>Unidades de Estado S\u00f3lido<\/strong><\/h3>\n<div style='position: relative; padding-bottom: 56.25%; height: 0; overflow: hidden; margin-bottom: 30px;'>   <\/div>\n<\/p><\/div>\n<\/p><\/div>\n<p> <!-- Imagen con overlay --> <\/p>\n<div style='width: 100%; position: relative; overflow: hidden; margin: 30px 0;'> <img style='width: 100%; height: auto; border: 1px solid rgba(150&comma;150&comma;150&comma;0.3); border-radius: 8px;' src='https:\/\/ftp3.syscom.mx\/usuarios\/gmagos\/HIK\/storage\/Pagina%20WEB\/C1\/1.jpg' alt='Imagen de Fondo'> <\/p>\n<div style='position: absolute; top: 50%; left: 50%; transform: translate(-50%&comma; -50%); padding: 30px; text-align: center; width: 100%; max-width: 600px;'>\n<h1 style='font-size: 35px; color: white; margin: 0 0 10px;'><strong>Altas Velocidades de Lectura y Escritura<\/strong><\/h1>\n<h2 style='font-size: 20px; color: white; margin: 0;'>Garantiza una Transferencia R\u00e1pida de Datos<\/h2>\n<\/p><\/div>\n<\/p><\/div>\n<p> <!-- Secci\u00f3n con imagen y texto --> <\/p>\n<div style='display: flex; flex-wrap: wrap; gap: 20px; margin: 30px 0;'>\n<div style='flex: 1 1 300px; min-width: 280px;'> <img style='width: 100%; height: auto; border: 1px solid rgba(150&comma;150&comma;150&comma;0.3); border-radius: 8px;' src='https:\/\/ftp3.syscom.mx\/usuarios\/gmagos\/HIK\/storage\/Pagina%20WEB\/C1\/2.jpg' alt='Capacidad y almacenamiento'> <\/div>\n<div style='flex: 2 1 400px; min-width: 280px;'>\n<h3 style='font-size: 20px; margin-top: 0; color: inherit; opacity: 0.8;'>Capacidad y almacenamiento<\/h3>\n<p style='font-size: 14px; color: inherit;'>Disponibles en diversas capacidades&comma; lo que permite elegir el tama\u00f1o m\u00e1s adecuado seg\u00fan las necesidades del usuario. Desde capacidades m\u00e1s peque\u00f1as para almacenar documentos y archivos&comma; hasta opciones m\u00e1s grandes para guardar una gran cantidad de fotos&comma; videos o aplicaciones.<\/p>\n<p style='font-size: 14px; color: inherit;'>P\u00e1rrafo 2<\/p>\n<\/p><\/div>\n<\/p><\/div>\n<p> <!-- Secci\u00f3n con imagen y texto invertida --> <\/p>\n<div style='display: flex; flex-wrap: wrap; gap: 20px; margin: 30px 0;'>\n<div style='flex: 2 1 400px; min-width: 280px;'>\n<h3 style='font-size: 20px; margin-top: 0; color: inherit; opacity: 0.8;'>Calidad y protecci\u00f3n<\/h3>\n<p style='font-size: 14px; color: inherit;'>Las tarjetas micro SD de Hik Semi cuentan con un controlador de alta calidad&comma; dise\u00f1ado para garantizar resistencia al agua&comma; golpes&comma; rayos X y con tecnolog\u00eda de memoria flash NAND. Estas caracter\u00edsticas ofrecen una protecci\u00f3n excepcional ante condiciones adversas y aseguran una mayor durabilidad y seguridad para tus datos.<\/p>\n<\/p><\/div>\n<div style='flex: 1 1 300px; min-width: 280px;'> <img style='width: 100%; height: auto; border: 1px solid rgba(150&comma;150&comma;150&comma;0.3); border-radius: 8px;' src='https:\/\/ftp3.syscom.mx\/usuarios\/gmagos\/HIK\/storage\/Pagina%20WEB\/C1\/3.jpg' alt='Calidad y protecci\u00f3n'> <\/div>\n<\/p><\/div>\n<p> <!-- Banner final --> <\/p>\n<div style='width: 100%; margin: 30px 0;'> <img style='width: 100%; height: auto; border: 1px solid rgba(150&comma;150&comma;150&comma;0.3); border-radius: 8px;' src='https:\/\/ftp3.syscom.mx\/usuarios\/gmagos\/HIK\/storage\/Vaners\/HIKSEMI-banner1.jpg' alt='Banner Final'> <\/div>\n<\/p><\/div>\n","protected":false},"excerpt":{"rendered":"<p>Memoria microSD para Celular o Tablet \/ 256 GB \/ Multiprop\u00f3sito<\/p>\n","protected":false},"featured_media":86553,"comment_status":"open","ping_status":"closed","template":"","meta":[],"product_brand":[],"product_cat":[2109],"product_tag":[1974,2129,2110],"class_list":{"0":"post-86554","1":"product","2":"type-product","3":"status-publish","4":"has-post-thumbnail","6":"product_cat-memorias-sd-microsd","7":"product_tag-almacenamiento","8":"product_tag-hiksemi-by-hikvision","9":"product_tag-memorias-sd-microsd","11":"first","12":"outofstock","13":"sale","14":"shipping-taxable","15":"purchasable","16":"product-type-simple"},"_links":{"self":[{"href":"https:\/\/soydeaqui.ddns.net\/pachuca\/index.php\/wp-json\/wp\/v2\/product\/86554","targetHints":{"allow":["GET"]}}],"collection":[{"href":"https:\/\/soydeaqui.ddns.net\/pachuca\/index.php\/wp-json\/wp\/v2\/product"}],"about":[{"href":"https:\/\/soydeaqui.ddns.net\/pachuca\/index.php\/wp-json\/wp\/v2\/types\/product"}],"replies":[{"embeddable":true,"href":"https:\/\/soydeaqui.ddns.net\/pachuca\/index.php\/wp-json\/wp\/v2\/comments?post=86554"}],"wp:featuredmedia":[{"embeddable":true,"href":"https:\/\/soydeaqui.ddns.net\/pachuca\/index.php\/wp-json\/wp\/v2\/media\/86553"}],"wp:attachment":[{"href":"https:\/\/soydeaqui.ddns.net\/pachuca\/index.php\/wp-json\/wp\/v2\/media?parent=86554"}],"wp:term":[{"taxonomy":"product_brand","embeddable":true,"href":"https:\/\/soydeaqui.ddns.net\/pachuca\/index.php\/wp-json\/wp\/v2\/product_brand?post=86554"},{"taxonomy":"product_cat","embeddable":true,"href":"https:\/\/soydeaqui.ddns.net\/pachuca\/index.php\/wp-json\/wp\/v2\/product_cat?post=86554"},{"taxonomy":"product_tag","embeddable":true,"href":"https:\/\/soydeaqui.ddns.net\/pachuca\/index.php\/wp-json\/wp\/v2\/product_tag?post=86554"}],"curies":[{"name":"wp","href":"https:\/\/api.w.org\/{rel}","templated":true}]}}