{"id":86523,"date":"2026-03-19T22:26:28","date_gmt":"2026-03-19T22:26:28","guid":{"rendered":"https:\/\/soydeaqui.ddns.net\/pachuca\/index.php\/producto\/memoria-usb-dual-de-128-gb-usb-c-y-usb-a-transferencia-de-alta-velocidad-metalica-compatible-con-dispositivos-moviles-windows-mac-y-linux\/"},"modified":"2026-03-19T22:26:34","modified_gmt":"2026-03-19T22:26:34","slug":"memoria-usb-dual-de-128-gb-usb-c-y-usb-a-transferencia-de-alta-velocidad-metalica-compatible-con-dispositivos-moviles-windows-mac-y-linux","status":"publish","type":"product","link":"https:\/\/soydeaqui.ddns.net\/pachuca\/index.php\/producto\/memoria-usb-dual-de-128-gb-usb-c-y-usb-a-transferencia-de-alta-velocidad-metalica-compatible-con-dispositivos-moviles-windows-mac-y-linux\/","title":{"rendered":"Memoria USB Dual de 128 GB \/ USB-C y USB-A \/ Transferencia de Alta Velocidad \/ Met\u00e1lica \/ Compatible con Dispositivos M\u00f3viles, Windows, Mac y Linux"},"content":{"rendered":"<div style='width: 100%; max-width: 1200px; margin: 0 auto; font-family: sans-serif; line-height: 1.6; color: inherit; background-color: transparent;'> <!-- Banner --> <\/p>\n<div style='text-align: center; margin: 1.5rem 0;'> <img style='width: 100%; height: auto; border: 1px solid rgba(150&comma;150&comma;150&comma;0.3); border-radius: 8px;' src='https:\/\/ftp3.syscom.mx\/usuarios\/gmagos\/HIK\/storage\/Vaners\/hiksemi.png' alt='HIKSEMI Banner'> <\/div>\n<p> <!-- Descripci\u00f3n --> <\/p>\n<div style='display: flex; flex-direction: column; align-items: center; margin-bottom: 30px;'>\n<div style='width: 100%; max-width: 1200px; text-align: center; margin-bottom: 20px;'>\n<h1 style='font-size: 24px; color: inherit; opacity: 0.8; margin: 0; font-weight: bold;'>Especificaciones<\/h1>\n<\/p><\/div>\n<div style='display: flex; flex-wrap: wrap; gap: 20px; justify-content: center;'>\n<div style='flex: 1 1 300px; min-width: 280px; border: 1px solid rgba(150&comma; 150&comma; 150&comma; 0.4); border-radius: 8px; overflow: hidden;'>\n<div style='padding: 15px; border-bottom: 1px solid rgba(150&comma; 150&comma; 150&comma; 0.2); font-weight: bold; font-size: 18px; color: inherit; background-color: rgba(150&comma; 150&comma; 150&comma; 0.2);'>Caracter\u00edsticas Principales:<\/div>\n<ul style='padding: 15px; margin: 0; font-size: 14px; list-style-type: disc; color: inherit;'>\n<li style='margin-bottom: 5px;'>Interfaz dual: USB 3.2 tipo C y tipo A<\/li>\n<li style='margin-bottom: 5px;'>Capacidad: 128 GB<\/li>\n<li style='margin-bottom: 5px;'>M\u00e1xima Velocidad de Lectura: 150 MB\/s<\/li>\n<li style='margin-bottom: 5px;'>M\u00e1xima Velocidad de Escritura: 45 MB\/s<\/li>\n<li style='margin-bottom: 5px;'>Material: Aleaci\u00f3n de Zinc<\/li>\n<li style='margin-bottom: 5px;'>Dimensiones: 67 mm x 16 mm x 10 mm<\/li>\n<li style='margin-bottom: 5px;'>Peso: 19.2 g<\/li>\n<li style='margin-bottom: 5px;'>Compatible con Android (m\u00f3viles y tablets)&comma; Windows&comma; Linux y MacOS<\/li>\n<\/ul><\/div>\n<\/p><\/div>\n<\/p><\/div>\n<p> <!-- Videos --> <\/p>\n<div style='display: flex; flex-wrap: wrap; gap: 20px; margin-bottom: 30px;'>\n<div style='flex: 1 1 400px; min-width: 300px;'>\n<h3 style='font-size: 18px; text-align: center; margin-top: 0; color: inherit;'><strong>\u00bfQui\u00e9n es HIKSEMI?<\/strong><\/h3>\n<div style='position: relative; padding-bottom: 56.25%; height: 0; overflow: hidden; margin-bottom: 30px;'>   <\/div>\n<\/p><\/div>\n<div style='flex: 1 1 400px; min-width: 300px;'>\n<h3 style='font-size: 18px; text-align: center; margin-top: 0; color: inherit;'><strong>Unidades de Estado S\u00f3lido<\/strong><\/h3>\n<div style='position: relative; padding-bottom: 56.25%; height: 0; overflow: hidden; margin-bottom: 30px;'>   <\/div>\n<\/p><\/div>\n<\/p><\/div>\n<p> <!-- Imagen 1 --> <\/p>\n<div style='position: relative; width: 100%; margin-bottom: 30px;'> <img style='width: 100%; height: auto; border: 1px solid rgba(150&comma;150&comma;150&comma;0.3); border-radius: 8px;' src='https:\/\/ftp3.syscom.mx\/usuarios\/gmagos\/HIK\/storage\/Pagina%20WEB\/Dual\/Dual%201.jpg' alt='Imagen de Fondo'> <\/p>\n<div style='position: absolute; top: 0; left: 0; right: 0; bottom: 0; display: flex; align-items: center; justify-content: center; flex-direction: column; padding: 30px;'>\n<h1 style='font-size: 35px; color: white; text-align: center; margin: 0; font-weight: bold;'><span style='font-family: verdana&comma; geneva&comma; sans-serif;'>USB Flash Doble<\/span><\/h1>\n<h2 style='font-size: 20px; color: white; text-align: center; margin-top: 10px;'><span style='font-family: verdana&comma; geneva&comma; sans-serif;'>Interfaz Dual&comma; Doble Conveniencia<\/span><\/h2>\n<\/p><\/div>\n<\/p><\/div>\n<p> <!-- Informaci\u00f3n 1 --> <\/p>\n<div style='display: flex; flex-wrap: wrap; gap: 20px; margin-bottom: 30px;'>\n<div style='flex: 1 1 300px; min-width: 280px;'> <img style='width: 100%; height: auto; border: 1px solid rgba(150&comma;150&comma;150&comma;0.3); border-radius: 8px;' src='https:\/\/ftp3.syscom.mx\/usuarios\/gmagos\/HIK\/storage\/Pagina%20WEB\/Dual\/dual%202.jpg' alt='Velocidad de transferencia r\u00e1pida'> <\/div>\n<div style='flex: 2 1 400px; min-width: 300px;'>\n<h2 style='font-size: 20px; margin-top: 0; margin-bottom: 15px; color: inherit;'><strong>Velocidad de transferencia r\u00e1pida<\/strong><\/h2>\n<p style='font-size: 14px; margin: 0; color: inherit; text-align: justify;'>Con tasas de lectura de hasta 150 MB\/s y tasas de escritura de hasta 45 MB\/s&comma; nuestras memorias USB dual est\u00e1n dise\u00f1adas para ofrecerte un rendimiento \u00f3ptimo en todo momento. Ya sea para transferir videos en alta definici\u00f3n&comma; im\u00e1genes de alta resoluci\u00f3n o archivos de trabajo pesados&comma; nuestras memorias USB aseguran una experiencia fluida y sin interrupciones.<\/p>\n<\/p><\/div>\n<\/p><\/div>\n<p> <!-- Informaci\u00f3n 2 --> <\/p>\n<div style='display: flex; flex-wrap: wrap; gap: 20px; margin-bottom: 30px; flex-direction: row-reverse;'>\n<div style='flex: 1 1 300px; min-width: 280px;'> <img style='width: 100%; height: auto; border: 1px solid rgba(150&comma;150&comma;150&comma;0.3); border-radius: 8px;' src='https:\/\/ftp3.syscom.mx\/usuarios\/gmagos\/HIK\/storage\/Pagina%20WEB\/Dual\/Dual%203.jpg' alt='Dise\u00f1o Mini para Llevar a Todos Lados'> <\/div>\n<div style='flex: 2 1 400px; min-width: 300px;'>\n<h2 style='font-size: 20px; margin-top: 0; margin-bottom: 15px; color: inherit;'><strong>Dise\u00f1o Mini para Llevar a Todos Lados<\/strong><\/h2>\n<p style='font-size: 14px; margin: 0; color: inherit; text-align: justify;'>El dise\u00f1o robusto y compacto de nuestras memorias USB dual garantiza una protecci\u00f3n duradera para tus datos. Adem\u00e1s&comma; su dise\u00f1o retr\u00e1ctil protege el conector USB cuando no est\u00e1 en uso&comma; evitando da\u00f1os accidentales y asegurando que tus archivos est\u00e9n siempre seguros.<\/p>\n<\/p><\/div>\n<\/p><\/div>\n<p> <!-- Imagen 2 --> <\/p>\n<div style='position: relative; width: 100%; margin-bottom: 30px;'> <img style='width: 100%; height: auto; border: 1px solid rgba(150&comma;150&comma;150&comma;0.3); border-radius: 8px;' src='https:\/\/ftp3.syscom.mx\/usuarios\/gmagos\/HIK\/storage\/Pagina%20WEB\/Dual\/Dual%204.jpg' alt='Imagen de Fondo'> <\/p>\n<div style='position: absolute; top: 50%; left: 50%; transform: translate(-50%&comma; -50%); text-align: center; padding: 30px;'>\n<h1 style='font-size: 24px; color: white; text-align: center; margin: 0; font-weight: bold;'><span style='font-family: verdana&comma; geneva&comma; sans-serif;'>Gran Capacidad con un Cuerpo Robusto y Delgado<\/span><\/h1>\n<h2 style='font-size: 14px; color: white; text-align: center; margin-top: 10px;'><span style='font-family: verdana&comma; geneva&comma; sans-serif;'>Carcasa Completamente Met\u00e1lica con Capacidad de Almacenamiento de 128 GB<\/span><\/h2>\n<\/p><\/div>\n<\/p><\/div>\n<p> <!-- Banner final --> <\/p>\n<div style='text-align: center; margin: 30px 0;'> <img style='width: 100%; height: auto; border: 1px solid rgba(150&comma;150&comma;150&comma;0.3); border-radius: 8px;' src='https:\/\/ftp3.syscom.mx\/usuarios\/gmagos\/HIK\/storage\/Vaners\/HIKSEMI-banner1.jpg' alt='Banner Final'> <\/div>\n<\/p><\/div>\n","protected":false},"excerpt":{"rendered":"<p>Memoria USB Dual de 128 GB \/ USB-C y USB-A \/ Transferencia de Alta Velocidad \/ Met\u00e1lica \/ Compatible con Dispositivos M\u00f3viles, Windows, Mac y Linux<\/p>\n","protected":false},"featured_media":86522,"comment_status":"open","ping_status":"closed","template":"","meta":[],"product_brand":[],"product_cat":[2054],"product_tag":[93,2055,2129],"class_list":{"0":"post-86523","1":"product","2":"type-product","3":"status-publish","4":"has-post-thumbnail","6":"product_cat-accesorios-equipo-de-computo","7":"product_tag-accesorios","8":"product_tag-equipo-de-computo","9":"product_tag-hiksemi-by-hikvision","11":"first","12":"instock","13":"sale","14":"shipping-taxable","15":"purchasable","16":"product-type-simple"},"_links":{"self":[{"href":"https:\/\/soydeaqui.ddns.net\/pachuca\/index.php\/wp-json\/wp\/v2\/product\/86523","targetHints":{"allow":["GET"]}}],"collection":[{"href":"https:\/\/soydeaqui.ddns.net\/pachuca\/index.php\/wp-json\/wp\/v2\/product"}],"about":[{"href":"https:\/\/soydeaqui.ddns.net\/pachuca\/index.php\/wp-json\/wp\/v2\/types\/product"}],"replies":[{"embeddable":true,"href":"https:\/\/soydeaqui.ddns.net\/pachuca\/index.php\/wp-json\/wp\/v2\/comments?post=86523"}],"wp:featuredmedia":[{"embeddable":true,"href":"https:\/\/soydeaqui.ddns.net\/pachuca\/index.php\/wp-json\/wp\/v2\/media\/86522"}],"wp:attachment":[{"href":"https:\/\/soydeaqui.ddns.net\/pachuca\/index.php\/wp-json\/wp\/v2\/media?parent=86523"}],"wp:term":[{"taxonomy":"product_brand","embeddable":true,"href":"https:\/\/soydeaqui.ddns.net\/pachuca\/index.php\/wp-json\/wp\/v2\/product_brand?post=86523"},{"taxonomy":"product_cat","embeddable":true,"href":"https:\/\/soydeaqui.ddns.net\/pachuca\/index.php\/wp-json\/wp\/v2\/product_cat?post=86523"},{"taxonomy":"product_tag","embeddable":true,"href":"https:\/\/soydeaqui.ddns.net\/pachuca\/index.php\/wp-json\/wp\/v2\/product_tag?post=86523"}],"curies":[{"name":"wp","href":"https:\/\/api.w.org\/{rel}","templated":true}]}}