{"id":86507,"date":"2026-03-19T22:25:44","date_gmt":"2026-03-19T22:25:44","guid":{"rendered":"https:\/\/soydeaqui.ddns.net\/pachuca\/index.php\/producto\/memoria-usb-de-128-gb-version-3-0-metalica-compatible-con-windows-mac-y-linux\/"},"modified":"2026-03-19T22:25:46","modified_gmt":"2026-03-19T22:25:46","slug":"memoria-usb-de-128-gb-version-3-0-metalica-compatible-con-windows-mac-y-linux","status":"publish","type":"product","link":"https:\/\/soydeaqui.ddns.net\/pachuca\/index.php\/producto\/memoria-usb-de-128-gb-version-3-0-metalica-compatible-con-windows-mac-y-linux\/","title":{"rendered":"Memoria USB de 128 GB \/ Versi\u00f3n 3.0 \/ Metalica \/ Compatible con Windows, Mac y Linux"},"content":{"rendered":"<div style='width: 100%; max-width: 1200px; margin: 0 auto; font-family: sans-serif; line-height: 1.6; color: inherit; background-color: transparent;'> <!-- Banner --> <\/p>\n<div style='width: 100%; text-align: center; margin: 20px 0;'> <img style='width: 100%; height: auto; border: 1px solid rgba(150&comma;150&comma;150&comma;0.3); border-radius: 8px; max-width: 600px;' src='https:\/\/ftp3.syscom.mx\/usuarios\/gmagos\/HIK\/storage\/Vaners\/hiksemi.png' alt='HIKSEMI Banner'> <\/div>\n<p> <!-- Informaci\u00f3n --> <\/p>\n<div style='display: flex; flex-direction: column; align-items: center; margin-bottom: 30px;'>\n<div style='width: 100%; max-width: 1200px; text-align: center; margin-bottom: 20px;'>\n<h1 style='font-size: 24px; color: inherit; opacity: 0.8; margin: 0; padding: 10px; border-bottom: 2px solid currentColor; display: inline-block;'>Especificaciones<\/h1>\n<\/p><\/div>\n<div style='width: 100%; max-width: 600px;'>\n<div style='border: 1px solid rgba(150&comma;150&comma;150&comma;0.4); border-radius: 8px; overflow: hidden;'>\n<div style='background-color: rgba(0&comma;0&comma;0&comma;0.05); padding: 15px; border-bottom: 1px solid rgba(150&comma;150&comma;150&comma;0.2); font-weight: bold; font-size: 18px; color: inherit;'>Caracter\u00edsticas Principales:<\/div>\n<ul style='padding: 15px 20px; margin: 0; list-style: none;'>\n<li style='margin-bottom: 8px; font-size: 15px; color: inherit;'><strong>Interfaz:<\/strong> USB 3.0 Tipo A<\/li>\n<li style='margin-bottom: 8px; font-size: 15px; color: inherit;'><strong>Capacidad:<\/strong> 128 GB<\/li>\n<li style='margin-bottom: 8px; font-size: 15px; color: inherit;'><strong>M\u00e1xima Velocidad de Lectura:<\/strong> 80 MB\/s<\/li>\n<li style='margin-bottom: 8px; font-size: 15px; color: inherit;'><strong>M\u00e1xima Velocidad de Escritura:<\/strong> 25 MB\/s<\/li>\n<li style='margin-bottom: 8px; font-size: 15px; color: inherit;'><strong>Material:<\/strong> Metal<\/li>\n<li style='margin-bottom: 8px; font-size: 15px; color: inherit;'><strong>Dimensiones:<\/strong> 38 mm x 12 mm x 4.5 mm<\/li>\n<li style='margin-bottom: 8px; font-size: 15px; color: inherit;'><strong>Peso:<\/strong> 5.2g<\/li>\n<li style='margin-bottom: 8px; font-size: 15px; color: inherit;'><strong>Compatible:<\/strong> Android&comma; Windows&comma; Linux y MacOS<\/li>\n<\/ul><\/div>\n<\/p><\/div>\n<\/p><\/div>\n<p> <!-- Videos --> <\/p>\n<div style='display: flex; flex-wrap: wrap; gap: 20px; margin-bottom: 30px;'>\n<div style='flex: 1 1 300px; min-width: 280px;'>\n<h3 style='font-size: 20px; text-align: center; margin: 0 0 15px; color: inherit; opacity: 0.8;'>\u00bfQui\u00e9n es HIKSEMI?<\/h3>\n<div style='position: relative; padding-bottom: 56.25%; height: 0; overflow: hidden;'>   <\/div>\n<\/p><\/div>\n<div style='flex: 1 1 300px; min-width: 280px;'>\n<h3 style='font-size: 20px; text-align: center; margin: 0 0 15px; color: inherit; opacity: 0.8;'>Unidades de Estado S\u00f3lido<\/h3>\n<div style='position: relative; padding-bottom: 56.25%; height: 0; overflow: hidden;'>   <\/div>\n<\/p><\/div>\n<\/p><\/div>\n<p> <!-- Imagen 1 con overlay --> <\/p>\n<div style='position: relative; width: 100%; margin: 30px 0;'> <img style='width: 100%; height: auto; border: 1px solid rgba(150&comma;150&comma;150&comma;0.3); border-radius: 8px;' src='https:\/\/ftp3.syscom.mx\/usuarios\/gmagos\/HIK\/storage\/Pagina%20WEB\/USB%20Cla\/USB.jpg' alt='Imagen de Fondo'> <\/p>\n<div style='position: absolute; top: 20px; left: 50%; transform: translateX(-50%); padding: 20px; text-align: center; width: 100%; max-width: 800px; background: rgba(0&comma;0&comma;0&comma;0.5); color: white;'>\n<h1 style='font-size: 28px; margin: 0 0 10px; color: inherit;'><strong>Peque\u00f1o en Tama\u00f1o&comma; Grande en Almacenamiento<\/strong><\/h1>\n<h2 style='font-size: 18px; margin: 0; color: inherit;'>Capacidad de Almacenamiento de hasta 128 GB&comma; Suficiente Espacio para Todas sus Necesidades<\/h2>\n<\/p><\/div>\n<\/p><\/div>\n<p> <!-- Informaci\u00f3n 1 --> <\/p>\n<div style='display: flex; flex-wrap: wrap; gap: 20px; margin-bottom: 30px; align-items: center;'>\n<div style='flex: 1 1 300px; min-width: 200px; text-align: center;'> <img style='width: 100%; max-width: 300px; height: auto; border: 1px solid rgba(150&comma;150&comma;150&comma;0.3); border-radius: 8px;' src='https:\/\/ftp3.syscom.mx\/usuarios\/gmagos\/HIK\/storage\/Pagina%20WEB\/USB%20Cla\/USB%201.jpg' alt='Velocidad de transferencia r\u00e1pida'> <\/div>\n<div style='flex: 2 1 400px;'>\n<h2 style='font-size: 20px; margin: 0 0 15px; color: inherit; opacity: 0.8;'>Velocidad de transferencia r\u00e1pida<\/h2>\n<p style='margin: 0; font-size: 15px; color: inherit;'>Con tasas de lectura de hasta 80 MB\/s y tasas de escritura de hasta 25 MB\/s&comma; nuestras memorias USB est\u00e1n dise\u00f1adas para ofrecerte un rendimiento \u00f3ptimo en todo momento. Ya sea para transferir videos en alta definici\u00f3n&comma; im\u00e1genes de alta resoluci\u00f3n o archivos de trabajo pesados&comma; nuestras memorias USB aseguran una experiencia fluida y sin interrupciones.<\/p>\n<\/p><\/div>\n<\/p><\/div>\n<p> <!-- Informaci\u00f3n 2 --> <\/p>\n<div style='display: flex; flex-wrap: wrap-reverse; gap: 20px; margin-bottom: 30px; align-items: center;'>\n<div style='flex: 2 1 400px;'>\n<h2 style='font-size: 20px; margin: 0 0 15px; color: inherit; opacity: 0.8;'>Compatibilidad Universal<\/h2>\n<p style='margin: 0; font-size: 15px; color: inherit;'>Son compatibles con una amplia variedad de dispositivos&comma; desde computadoras y laptops hasta tel\u00e9fonos inteligentes y tabletas. No importa qu\u00e9 dispositivo uses&comma; nuestras memorias te proporcionar\u00e1n una soluci\u00f3n de almacenamiento confiable y f\u00e1cil de usar.<\/p>\n<\/p><\/div>\n<div style='flex: 1 1 300px; min-width: 200px; text-align: center;'> <img style='width: 100%; max-width: 300px; height: auto; border: 1px solid rgba(150&comma;150&comma;150&comma;0.3); border-radius: 8px;' src='https:\/\/ftp3.syscom.mx\/usuarios\/gmagos\/HIK\/storage\/Pagina%20WEB\/USB%20Cla\/USB%202.png' alt='Compatibilidad Universal'> <\/div>\n<\/p><\/div>\n<p> <!-- Imagen 2 con overlay --> <\/p>\n<div style='position: relative; width: 100%; margin: 30px 0;'> <img style='width: 100%; height: auto; border: 1px solid rgba(150&comma;150&comma;150&comma;0.3); border-radius: 8px;' src='https:\/\/ftp3.syscom.mx\/usuarios\/gmagos\/HIK\/storage\/Pagina%20WEB\/USB%20Cla\/USB%203.jpg' alt='Imagen de Fondo'> <\/p>\n<div style='position: absolute; top: 50%; left: 50%; transform: translate(-50%&comma; -50%); padding: 20px; text-align: center; width: 100%; max-width: 600px; background: rgba(0&comma;0&comma;0&comma;0.5); color: white;'>\n<h1 style='font-size: 24px; margin: 0 0 10px; color: inherit;'><strong>Confiables y Seguras<\/strong><\/h1>\n<h2 style='font-size: 18px; margin: 0 0 8px; color: inherit;'>HIKSEMI ofrece un dise\u00f1o compacto y port\u00e1til con una<\/h2>\n<h3 style='font-size: 18px; margin: 0 0 8px; color: inherit;'>capacidad de almacenamiento de hasta 128 GB. Con una<\/h3>\n<h4 style='font-size: 18px; margin: 0 0 8px; color: inherit;'>velocidad de transferencia eficiente&comma; confiabilidad y compatibilidad<\/h4>\n<h5 style='font-size: 18px; margin: 0; color: inherit;'>universal&comma; estas memorias son la elecci\u00f3n ideal para tener todos tus datos importantes a tu alcance en cualquier momento y lugar.<\/h5>\n<\/p><\/div>\n<\/p><\/div>\n<p> <!-- Banner final --> <\/p>\n<div style='width: 100%; text-align: center; margin: 30px 0 20px;'> <img style='width: 100%; height: auto; border: 1px solid rgba(150&comma;150&comma;150&comma;0.3); border-radius: 8px; max-width: 800px;' src='https:\/\/ftp3.syscom.mx\/usuarios\/gmagos\/HIK\/storage\/Vaners\/HIKSEMI-banner1.jpg' alt='Banner Final'> <\/div>\n<p> <!-- Separador final --> <\/p>\n<hr style='border: 0; border-top: 1px solid rgba(150&comma;150&comma;150&comma;0.3); margin: 30px 0;'> <\/div>\n","protected":false},"excerpt":{"rendered":"<p>Memoria USB de 128 GB \/ Versi\u00f3n 3.0 \/ Metalica \/ Compatible con Windows, Mac y Linux<\/p>\n","protected":false},"featured_media":86506,"comment_status":"open","ping_status":"closed","template":"","meta":[],"product_brand":[],"product_cat":[2054],"product_tag":[93,2055,2129],"class_list":{"0":"post-86507","1":"product","2":"type-product","3":"status-publish","4":"has-post-thumbnail","6":"product_cat-accesorios-equipo-de-computo","7":"product_tag-accesorios","8":"product_tag-equipo-de-computo","9":"product_tag-hiksemi-by-hikvision","11":"first","12":"outofstock","13":"sale","14":"shipping-taxable","15":"purchasable","16":"product-type-simple"},"_links":{"self":[{"href":"https:\/\/soydeaqui.ddns.net\/pachuca\/index.php\/wp-json\/wp\/v2\/product\/86507","targetHints":{"allow":["GET"]}}],"collection":[{"href":"https:\/\/soydeaqui.ddns.net\/pachuca\/index.php\/wp-json\/wp\/v2\/product"}],"about":[{"href":"https:\/\/soydeaqui.ddns.net\/pachuca\/index.php\/wp-json\/wp\/v2\/types\/product"}],"replies":[{"embeddable":true,"href":"https:\/\/soydeaqui.ddns.net\/pachuca\/index.php\/wp-json\/wp\/v2\/comments?post=86507"}],"wp:featuredmedia":[{"embeddable":true,"href":"https:\/\/soydeaqui.ddns.net\/pachuca\/index.php\/wp-json\/wp\/v2\/media\/86506"}],"wp:attachment":[{"href":"https:\/\/soydeaqui.ddns.net\/pachuca\/index.php\/wp-json\/wp\/v2\/media?parent=86507"}],"wp:term":[{"taxonomy":"product_brand","embeddable":true,"href":"https:\/\/soydeaqui.ddns.net\/pachuca\/index.php\/wp-json\/wp\/v2\/product_brand?post=86507"},{"taxonomy":"product_cat","embeddable":true,"href":"https:\/\/soydeaqui.ddns.net\/pachuca\/index.php\/wp-json\/wp\/v2\/product_cat?post=86507"},{"taxonomy":"product_tag","embeddable":true,"href":"https:\/\/soydeaqui.ddns.net\/pachuca\/index.php\/wp-json\/wp\/v2\/product_tag?post=86507"}],"curies":[{"name":"wp","href":"https:\/\/api.w.org\/{rel}","templated":true}]}}