{"id":86490,"date":"2026-03-19T22:24:57","date_gmt":"2026-03-19T22:24:57","guid":{"rendered":"https:\/\/soydeaqui.ddns.net\/pachuca\/index.php\/producto\/firewall-huawei-hisecengine-de-4-gbps-para-empresas-pequenas-incluye-licencias-por-1-ano-de-threat-protection-av-ips-url\/"},"modified":"2026-03-19T22:25:07","modified_gmt":"2026-03-19T22:25:07","slug":"firewall-huawei-hisecengine-de-4-gbps-para-empresas-pequenas-incluye-licencias-por-1-ano-de-threat-protection-av-ips-url","status":"publish","type":"product","link":"https:\/\/soydeaqui.ddns.net\/pachuca\/index.php\/producto\/firewall-huawei-hisecengine-de-4-gbps-para-empresas-pequenas-incluye-licencias-por-1-ano-de-threat-protection-av-ips-url\/","title":{"rendered":"Firewall HUAWEI HiSecEngine de 4 Gbps para Empresas Peque\u00f1as. Incluye Licencias por 1 A\u00f1o de Threat Protection (AV, IPS, URL)"},"content":{"rendered":"<div style='width: 100%; max-width: 1200px; margin: 0 auto; font-family: sans-serif; line-height: 1.6; color: inherit; background-color: transparent;'>\n<header style='background-color: #cf0a2c; color: #fff; padding: 20px; text-align: center;'>\n<h1 style='margin: 0; font-size: 24px;'>Huawei HiSecEngine USG6530E<\/h1>\n<\/header>\n<div style='display: flex; flex-direction: column; gap: 30px; margin-top: 30px;'> <!-- Secci\u00f3n Visi\u00f3n General --> <\/p>\n<div style='width: 100%;'>\n<h2 style='color: #cf0a2c; border-bottom: 2px solid currentColor; padding-bottom: 5px; margin-top: 0; font-size: 20px;'>Visi\u00f3n General<\/h2>\n<p>El <strong>Huawei HiSecEngine USG6530E<\/strong> es un firewall de nueva generaci\u00f3n dise\u00f1ado para peque\u00f1as empresas&comma; sucursales industriales y organizaciones comerciales en cadena. Ofrece administraci\u00f3n tradicional y basada en la nube para configuraci\u00f3n automatizada y an\u00e1lisis de big data.<\/p>\n<ul style='padding-left: 20px; font-size: 15px; color: inherit;'>\n<li style='margin-bottom: 5px;'><strong>Alto Rendimiento:<\/strong> Permite la coincidencia de patrones y acelera el cifrado\/descifrado&comma; mejorando el rendimiento de procesamiento de servicios IPS&comma; antivirus e IPSec.<\/li>\n<\/ul>\n<p> <!-- Video --> <\/p>\n<div style='position: relative; padding-bottom: 56.25%; height: 0; overflow: hidden; margin-top: 20px;'> <video style='position: absolute; top: 0; left: 0; width: 100%; height: 100%;' poster='thumbnail.jpg' loop muted controls width='300' height='150'><source src='https:\/\/ftp3.syscom.mx\/usuarios\/mnunez\/Huawei\/(Video)%20HiSecEngine%20USG6000E%20Overview%20(Desktop%20Series).mp4' type='video\/mp4' \/>Your browser does not support the video tag.<\/video> <\/div>\n<\/p><\/div>\n<p> <!-- Secci\u00f3n Threat Protection --> <\/p>\n<div style='width: 100%;'>\n<h2 style='color: #cf0a2c; border-bottom: 2px solid currentColor; padding-bottom: 5px; margin-top: 0; font-size: 20px;'>Licencia de Threat Protection<\/h2>\n<p>La licencia de Threat Protection permite mantener activa y actualizada la base de firmas para detecci\u00f3n de antivirus&comma; bloqueo de tr\u00e1fico por aplicaci\u00f3n y filtrado de URL con una base de datos de m\u00e1s de 120 millones de URL en su motor de b\u00fasqueda en la nube. Adem\u00e1s&comma; ofrece servicio para prevenci\u00f3n de intrusiones (IPS) que vigila la red en busca de actividades maliciosas.<\/p>\n<\/p><\/div>\n<p> <!-- Secci\u00f3n Hi-Care --> <\/p>\n<div style='width: 100%;'>\n<h2 style='color: #cf0a2c; border-bottom: 2px solid currentColor; padding-bottom: 5px; margin-top: 0; font-size: 20px;'>Hi-Care Nivel Est\u00e1ndar<\/h2>\n<p>Hi-Care Standard Support es una soluci\u00f3n de servicio de mantenimiento que incluye servicios de garant\u00eda&comma; asistencia t\u00e9cnica (TAC)&comma; soporte y reemplazo avanzado de hardware dentro del tiempo m\u00e1s corto. Ayuda a mantener una red eficiente y estable y mejorar la productividad de la red.<\/p>\n<\/p><\/div>\n<p> <!-- Secci\u00f3n Renovaci\u00f3n de Licencias --> <\/p>\n<div style='width: 100%;'>\n<h2 style='color: #cf0a2c; border-bottom: 2px solid currentColor; padding-bottom: 5px; margin-top: 0; font-size: 20px;'>Renovaci\u00f3n de Licencias y Hi-Care<\/h2>\n<p>Si no se renuevan las licencias o Hi-Care&comma; se deshabilitar\u00e1n las operaciones&comma; configuraciones y beneficios que incluyen. Para renovar&comma; considere los siguientes modelos:<\/p>\n<ul style='padding-left: 20px; font-size: 15px; color: inherit;'>\n<li> <strong><a href='https:\/\/www.syscom.mx\/producto\/LIC-USG6530E-1Y-HUAWEI-219624.html' target='_blank' rel='noopener' style='color: #cf0a2c; text-decoration: underline;'>LIC-USG6530E-1Y<\/a><\/strong>: Incluye Threat protection (Antivirus&comma; IPS y Filtrado web y bloqueo de aplicaciones). <\/li>\n<li> <strong><a href='https:\/\/www.syscom.mx\/producto\/HC-ST-USG6530E-1Y-HUAWEI-220203.html' style='color: #cf0a2c; text-decoration: underline;'>HC-ST-USG6530E-1Y<\/a><\/strong>: Es el servicio Hi-Care por 1 a\u00f1o <strong>(Se vende por Separado)<\/strong> <\/li>\n<\/ul>\n<p><strong>Nota: Cuando se compra el equipo es necesario mandar un correo a <a href='mailto:licencias@syscom.mx' style='color: #cf0a2c; text-decoration: underline;'>licencias@syscom.mx<\/a> para entregar las licencias incluidas&comma; agregando n\u00famero de ser\u00ede fisico y factura.<\/strong><\/p>\n<\/p><\/div>\n<p> <!-- Secci\u00f3n VPN --> <\/p>\n<div style='width: 100%;'>\n<h2 style='color: #cf0a2c; border-bottom: 2px solid currentColor; padding-bottom: 5px; margin-top: 0; font-size: 20px;'>VPN y Software Cliente<\/h2>\n<p>Software Cliente Propio: S\u00ed&comma; Huawei tiene un cliente VPN que facilita el acceso seguro a trav\u00e9s de Internet.<\/p>\n<ul style='padding-left: 20px; font-size: 15px; color: inherit;'>\n<li> <strong>Licencias para VPN:<\/strong> Secoclient proporciona varios tipos de conexiones VPN&comma; como SSL VPN&comma; L2TP VPN y L2TP sobre IPSec VPN. El n\u00famero de t\u00faneles es limitado y depende del tipo de t\u00fanel.\n<ul style='padding-left: 25px; margin-top: 10px;'>\n<li><strong>L2TP\/L2TP con IPSec:<\/strong> 2000 LAN a LAN o Cliente a LAN.<\/li>\n<li><strong>SSL VPN:<\/strong> Por defecto&comma; admite 100 conexiones&comma; pero se pueden adquirir licencias adicionales para 400 usuarios m\u00e1s para un total de 500 usuarios en SSL VPN.<\/li>\n<\/ul>\n<\/li>\n<\/ul>\n<p style='color: #cf0a2c; margin-top: 15px;'><span style='color: #000;'><strong>Teniendo en cuenta la diversidad de roles de los usuarios&comma; El software es compatible en diferentes sistemas operativos como Windows&comma; MacOS&comma; Linux e incluso versiones m\u00f3viles para iOS y Android.<\/strong><\/span><\/p>\n<\/p><\/div>\n<p> <!-- Secci\u00f3n Caracter\u00edsticas especiales --> <\/p>\n<div style='width: 100%;'>\n<h2 style='color: #cf0a2c; border-bottom: 2px solid currentColor; padding-bottom: 5px; margin-top: 0; font-size: 20px;'>Caracter\u00edsticas especiales<\/h2>\n<div style='display: flex; justify-content: center; margin: 20px 0;'> <img style='width: 100%; max-width: 772px; height: auto; border: 1px solid rgba(150&comma;150&comma;150&comma;0.3); border-radius: 8px;' src='https:\/\/ftp3.syscom.mx\/usuarios\/fotos\/USG6530E\/219446-caracteristicas_f\u00edsicas.png' alt='Caracter\u00edsticas f\u00edsicas del USG6530E' width='772' height='845'> <\/div>\n<\/p><\/div>\n<\/p><\/div>\n<\/p><\/div>\n","protected":false},"excerpt":{"rendered":"<p>Firewall HUAWEI HiSecEngine de 4 Gbps para Empresas Peque\u00f1as. Incluye Licencias por 1 A\u00f1o de Threat Protection (AV, IPS, URL)<\/p>\n","protected":false},"featured_media":86489,"comment_status":"open","ping_status":"closed","template":"","meta":[],"product_brand":[],"product_cat":[2036,2035,2034],"product_tag":[2039,2038,718,664,2037],"class_list":{"0":"post-86490","1":"product","2":"type-product","3":"status-publish","4":"has-post-thumbnail","6":"product_cat-balanceadores","7":"product_cat-firewalls","8":"product_cat-routers","9":"product_tag-balanceadores","10":"product_tag-firewalls","11":"product_tag-huawei","12":"product_tag-networking","13":"product_tag-routers","15":"first","16":"outofstock","17":"sale","18":"shipping-taxable","19":"purchasable","20":"product-type-simple"},"_links":{"self":[{"href":"https:\/\/soydeaqui.ddns.net\/pachuca\/index.php\/wp-json\/wp\/v2\/product\/86490","targetHints":{"allow":["GET"]}}],"collection":[{"href":"https:\/\/soydeaqui.ddns.net\/pachuca\/index.php\/wp-json\/wp\/v2\/product"}],"about":[{"href":"https:\/\/soydeaqui.ddns.net\/pachuca\/index.php\/wp-json\/wp\/v2\/types\/product"}],"replies":[{"embeddable":true,"href":"https:\/\/soydeaqui.ddns.net\/pachuca\/index.php\/wp-json\/wp\/v2\/comments?post=86490"}],"wp:featuredmedia":[{"embeddable":true,"href":"https:\/\/soydeaqui.ddns.net\/pachuca\/index.php\/wp-json\/wp\/v2\/media\/86489"}],"wp:attachment":[{"href":"https:\/\/soydeaqui.ddns.net\/pachuca\/index.php\/wp-json\/wp\/v2\/media?parent=86490"}],"wp:term":[{"taxonomy":"product_brand","embeddable":true,"href":"https:\/\/soydeaqui.ddns.net\/pachuca\/index.php\/wp-json\/wp\/v2\/product_brand?post=86490"},{"taxonomy":"product_cat","embeddable":true,"href":"https:\/\/soydeaqui.ddns.net\/pachuca\/index.php\/wp-json\/wp\/v2\/product_cat?post=86490"},{"taxonomy":"product_tag","embeddable":true,"href":"https:\/\/soydeaqui.ddns.net\/pachuca\/index.php\/wp-json\/wp\/v2\/product_tag?post=86490"}],"curies":[{"name":"wp","href":"https:\/\/api.w.org\/{rel}","templated":true}]}}