{"id":86485,"date":"2026-03-19T22:24:45","date_gmt":"2026-03-19T22:24:45","guid":{"rendered":"https:\/\/soydeaqui.ddns.net\/pachuca\/index.php\/producto\/firewall-huawei-hisecengine-de-8-gbps-para-empresas-medianas-incluye-licencias-por-1-ano-de-threat-protection-av-ips-url\/"},"modified":"2026-03-19T22:24:54","modified_gmt":"2026-03-19T22:24:54","slug":"firewall-huawei-hisecengine-de-8-gbps-para-empresas-medianas-incluye-licencias-por-1-ano-de-threat-protection-av-ips-url","status":"publish","type":"product","link":"https:\/\/soydeaqui.ddns.net\/pachuca\/index.php\/producto\/firewall-huawei-hisecengine-de-8-gbps-para-empresas-medianas-incluye-licencias-por-1-ano-de-threat-protection-av-ips-url\/","title":{"rendered":"Firewall HUAWEI HiSecEngine de 8 Gbps para Empresas Medianas. Incluye Licencias por 1 A\u00f1o de Threat Protection (AV, IPS, URL)"},"content":{"rendered":"<div style='width: 100%; max-width: 1200px; margin: 0 auto; font-family: sans-serif; line-height: 1.6; color: inherit; background-color: transparent;'>\n<div style='display: flex; flex-wrap: wrap; gap: 30px; margin-bottom: 30px;'>\n<div style='flex: 1 1 300px; min-width: 280px;'>\n<h3 style='font-size: 22px; border-bottom: 2px solid currentColor; padding-bottom: 5px; margin-top: 0; color: inherit; opacity: 0.8;'>Visi\u00f3n General<\/h3>\n<ul style='padding-left: 20px; font-size: 15px; color: inherit;'>\n<li style='margin-bottom: 5px;'>El Huawei HiSecEngine USG6585E es un firewall de pr\u00f3xima generaci\u00f3n dise\u00f1ado para defenderse proactivamente contra amenazas de red y mejorar la detecci\u00f3n de bordes.<\/li>\n<li style='margin-bottom: 5px;'>Ofrece aceleraci\u00f3n de procesamiento de servicios de coincidencia de patrones y cifrado\/descifrado para mejorar la capacidad del firewall.<\/li>\n<\/ul><\/div>\n<div style='flex: 1 1 300px; min-width: 280px;'>\n<h3 style='font-size: 22px; border-bottom: 2px solid currentColor; padding-bottom: 5px; margin-top: 0; color: inherit; opacity: 0.8;'>Caracter\u00edsticas Destacadas<\/h3>\n<ul style='padding-left: 20px; font-size: 15px; color: inherit;'>\n<li style='margin-bottom: 5px;'><strong>Alto Rendimiento:<\/strong> Permite la coincidencia de patrones y acelera el cifrado\/descifrado&comma; mejorando el rendimiento de servicios IPS&comma; antivirus e IPSec.<\/li>\n<li style='margin-bottom: 5px;'><strong>Sandbox:<\/strong> Ofrece detecci\u00f3n efectiva de amenazas desconocidas y previene ataques zero-day.<\/li>\n<li style='margin-bottom: 5px;'><strong>Gesti\u00f3n de Ancho de Banda:<\/strong> Implementa una gesti\u00f3n refinada basada en aplicaciones y sitios web&comma; priorizando servicios clave y garantizando ancho de banda para ellos.<\/li>\n<\/ul><\/div>\n<\/p><\/div>\n<div style='display: flex; flex-wrap: wrap; gap: 30px; margin-bottom: 30px;'>\n<div style='flex: 1 1 300px; min-width: 280px;'>\n<h3 style='font-size: 22px; border-bottom: 2px solid currentColor; padding-bottom: 5px; margin-top: 0; color: inherit; opacity: 0.8;'>Licencia de Threat Protection<\/h3>\n<ul style='padding-left: 20px; font-size: 15px; color: inherit;'>\n<li style='margin-bottom: 5px;'>Permite mantener actualizada la base de firmas antivirus<\/li>\n<li style='margin-bottom: 5px;'>Proporciona bloqueo de tr\u00e1fico por aplicaci\u00f3n y filtrado de URL con una base de datos de m\u00e1s de 120 millones de URL en la nube<\/li>\n<li style='margin-bottom: 5px;'>Incluye servicio de prevenci\u00f3n de intrusiones (IPS) que vigila la red en busca de actividades maliciosas<\/li>\n<\/ul><\/div>\n<div style='flex: 1 1 300px; min-width: 280px;'>\n<h3 style='font-size: 22px; border-bottom: 2px solid currentColor; padding-bottom: 5px; margin-top: 0; color: inherit; opacity: 0.8;'>Hi-Care Nivel Est\u00e1ndar<\/h3>\n<ul style='padding-left: 20px; font-size: 15px; color: inherit;'>\n<li style='margin-bottom: 5px;'>Proporciona servicios de garant\u00eda&comma; asistencia t\u00e9cnica (TAC)&comma; soporte y reemplazo avanzado de hardware<\/li>\n<li style='margin-bottom: 5px;'>Soporte dentro del tiempo m\u00e1s corto<\/li>\n<li style='margin-bottom: 5px;'>Ayuda a mantener una red eficiente y estable&comma; mejorando la productividad<\/li>\n<\/ul><\/div>\n<\/p><\/div>\n<div style='display: flex; flex-wrap: wrap; gap: 30px; margin-bottom: 30px;'>\n<div style='flex: 1 1 300px; min-width: 280px;'>\n<h3 style='font-size: 22px; border-bottom: 2px solid currentColor; padding-bottom: 5px; margin-top: 0; color: inherit; opacity: 0.8;'>Renovaci\u00f3n de Licencias y Hi-Care<\/h3>\n<ul style='padding-left: 20px; font-size: 15px; color: inherit;'>\n<li style='margin-bottom: 5px;'>Si no se renuevan las licencias o Hi-Care&comma; se deshabilitar\u00e1n las operaciones&comma; configuraciones y beneficios que incluyen<\/li>\n<li style='margin-bottom: 5px;'><strong>LIC-USG6585E-1Y:<\/strong> Incluye Threat protection (Antivirus&comma; IPS y Filtrado web y bloqueo de aplicaciones) <a href='https:\/\/www.syscom.mx\/producto\/LIC-USG6585E-1Y-HUAWEI-219627.html' target='_blank' rel='noopener' style='color: inherit; text-decoration: underline;'>Ver producto<\/a><\/li>\n<li style='margin-bottom: 5px;'><strong>HC-ST-USG6585E-1Y:<\/strong> Es el servicio Hi-Care por 1 a\u00f1o (se vende por separado) <a href='https:\/\/www.syscom.mx\/producto\/HC-ST-USG6585E-1Y-HUAWEI-220204.html' target='_blank' rel='noopener' style='color: inherit; text-decoration: underline;'>Ver producto<\/a><\/li>\n<li style='margin-bottom: 5px;'><strong>Nota:<\/strong> Cuando se compra el equipo es necesario mandar un correo a <a href='mailto:licencias@syscom.mx' style='color: inherit; text-decoration: underline;'>licencias@syscom.mx<\/a> para entregar las licencias incluidas&comma; agregando n\u00famero de serie f\u00edsico y factura.<\/li>\n<\/ul><\/div>\n<div style='flex: 1 1 300px; min-width: 280px;'>\n<h3 style='font-size: 22px; border-bottom: 2px solid currentColor; padding-bottom: 5px; margin-top: 0; color: inherit; opacity: 0.8;'>VPN y Software Cliente<\/h3>\n<ul style='padding-left: 20px; font-size: 15px; color: inherit;'>\n<li style='margin-bottom: 5px;'><strong>Software Cliente Propio:<\/strong> S\u00ed&comma; Huawei tiene un cliente VPN que facilita el acceso seguro a trav\u00e9s de Internet.<\/li>\n<li style='margin-bottom: 5px;'><strong>Licencias para VPN:<\/strong> Secoclient proporciona varios tipos de conexiones VPN. El n\u00famero de t\u00faneles es limitado y depende del tipo de t\u00fanel.<\/li>\n<ul style='padding-left: 30px; margin-top: 5px; margin-bottom: 5px; color: inherit;'>\n<li style='margin-bottom: 5px;'>L2TP\/L2TP con IPSec: 4000 LAN a LAN o Cliente a LAN.<\/li>\n<li style='margin-bottom: 5px;'>SSL VPN: Por defecto&comma; admite 100 conexiones&comma; pero se pueden adquirir licencias adicionales para 100&comma; 200&comma; 500 o 1000 usuarios m\u00e1s.<\/li>\n<\/ul>\n<li style='margin-bottom: 5px;'><strong>Compatibilidad:<\/strong> El software es compatible con Windows&comma; MacOS&comma; Linux&comma; iOS y Android.<\/li>\n<\/ul><\/div>\n<\/p><\/div>\n<div style='display: flex; flex-wrap: wrap; gap: 30px; margin-bottom: 30px;'>\n<div style='flex: 1 1 300px; min-width: 280px;'>\n<h3 style='font-size: 22px; border-bottom: 2px solid currentColor; padding-bottom: 5px; margin-top: 0; color: inherit; opacity: 0.8;'>Caracter\u00edsticas F\u00edsicas<\/h3>\n<p style='margin: 20px 0;'> <img style='width: 100%; height: auto; border: 1px solid rgba(150&comma;150&comma;150&comma;0.3); border-radius: 8px; display: block; margin: 0 auto;' src='https:\/\/ftp3.syscom.mx\/usuarios\/fotos\/USG6585E\/219447-fisicas.png' alt='Caracter\u00edsticas F\u00edsicas del Huawei HiSecEngine USG6585E'> <\/p>\n<ul style='padding-left: 20px; font-size: 15px; color: inherit;'>\n<li style='margin-bottom: 5px;'>8 Puertos combo 1Gbps<\/li>\n<li style='margin-bottom: 5px;'>2 Puertos SFP+ 10Gbps<\/li>\n<li style='margin-bottom: 5px;'>2 Puertos WAN RJ45 1Gbps<\/li>\n<li style='margin-bottom: 5px;'>2 Puertos USB<\/li>\n<li style='margin-bottom: 5px;'>Puerto de Administraci\u00f3n<\/li>\n<li style='margin-bottom: 5px;'>Puerto de consola<\/li>\n<li style='margin-bottom: 5px;'>2 Slots de fuente de poder (Incluye 1 fuente de poder&comma; la segunda se vende por separado)<\/li>\n<li style='margin-bottom: 5px;'>Montable en Rack incluye sus accesorios<\/li>\n<\/ul><\/div>\n<\/p><\/div>\n<div style='display: flex; flex-wrap: wrap; gap: 30px; margin-bottom: 30px;'>\n<div style='flex: 1 1 300px; min-width: 280px;'>\n<h3 style='font-size: 22px; border-bottom: 2px solid currentColor; padding-bottom: 5px; margin-top: 0; color: inherit; opacity: 0.8;'>Especificaciones Adicionales<\/h3>\n<ul style='padding-left: 20px; font-size: 15px; color: inherit;'>\n<li style='margin-bottom: 5px;'><strong>Throughput:<\/strong> 8 Gbps<\/li>\n<li style='margin-bottom: 5px;'><strong>Conexiones SSL:<\/strong> 4000 LAN a LAN o Cliente a LAN<\/li>\n<li style='margin-bottom: 5px;'><strong>Usuarios SSL:<\/strong> 100 conexiones por defecto&comma; con posibilidad de ampliaci\u00f3n<\/li>\n<li style='margin-bottom: 5px;'><strong>Procesamiento:<\/strong> Aceleraci\u00f3n de cifrado\/descifrado y coincidencia de patrones<\/li>\n<li style='margin-bottom: 5px;'><strong>Protecci\u00f3n:<\/strong> Antivirus&comma; IPS&comma; Filtrado web y bloqueo de aplicaciones<\/li>\n<\/ul><\/div>\n<\/p><\/div>\n<\/p><\/div>\n","protected":false},"excerpt":{"rendered":"<p>Firewall HUAWEI HiSecEngine de 8 Gbps para Empresas Medianas. Incluye Licencias por 1 A\u00f1o de Threat Protection (AV, IPS, URL)<\/p>\n","protected":false},"featured_media":86484,"comment_status":"open","ping_status":"closed","template":"","meta":[],"product_brand":[],"product_cat":[2036,2035,2034],"product_tag":[2039,2038,718,664,2037],"class_list":{"0":"post-86485","1":"product","2":"type-product","3":"status-publish","4":"has-post-thumbnail","6":"product_cat-balanceadores","7":"product_cat-firewalls","8":"product_cat-routers","9":"product_tag-balanceadores","10":"product_tag-firewalls","11":"product_tag-huawei","12":"product_tag-networking","13":"product_tag-routers","15":"first","16":"instock","17":"sale","18":"shipping-taxable","19":"purchasable","20":"product-type-simple"},"_links":{"self":[{"href":"https:\/\/soydeaqui.ddns.net\/pachuca\/index.php\/wp-json\/wp\/v2\/product\/86485","targetHints":{"allow":["GET"]}}],"collection":[{"href":"https:\/\/soydeaqui.ddns.net\/pachuca\/index.php\/wp-json\/wp\/v2\/product"}],"about":[{"href":"https:\/\/soydeaqui.ddns.net\/pachuca\/index.php\/wp-json\/wp\/v2\/types\/product"}],"replies":[{"embeddable":true,"href":"https:\/\/soydeaqui.ddns.net\/pachuca\/index.php\/wp-json\/wp\/v2\/comments?post=86485"}],"wp:featuredmedia":[{"embeddable":true,"href":"https:\/\/soydeaqui.ddns.net\/pachuca\/index.php\/wp-json\/wp\/v2\/media\/86484"}],"wp:attachment":[{"href":"https:\/\/soydeaqui.ddns.net\/pachuca\/index.php\/wp-json\/wp\/v2\/media?parent=86485"}],"wp:term":[{"taxonomy":"product_brand","embeddable":true,"href":"https:\/\/soydeaqui.ddns.net\/pachuca\/index.php\/wp-json\/wp\/v2\/product_brand?post=86485"},{"taxonomy":"product_cat","embeddable":true,"href":"https:\/\/soydeaqui.ddns.net\/pachuca\/index.php\/wp-json\/wp\/v2\/product_cat?post=86485"},{"taxonomy":"product_tag","embeddable":true,"href":"https:\/\/soydeaqui.ddns.net\/pachuca\/index.php\/wp-json\/wp\/v2\/product_tag?post=86485"}],"curies":[{"name":"wp","href":"https:\/\/api.w.org\/{rel}","templated":true}]}}